{"id":3489,"date":"2017-09-09T19:48:36","date_gmt":"2017-09-09T18:48:36","guid":{"rendered":"http:\/\/188.120.214.195\/?page_id=3489"},"modified":"2017-09-09T19:48:36","modified_gmt":"2017-09-09T18:48:36","slug":"dovolena-2017","status":"publish","type":"page","link":"https:\/\/www.slim2009.cz\/wordpress\/bulvar\/dovolena-2017\/","title":{"rendered":"Dovolen\u00e1 2017"},"content":{"rendered":"<p>Dovolen\u00e1 2017, se uskute\u010dnila v\u00a0komorn\u00ed podob\u011b, a\u010dkoliv je\u0161t\u011b na za\u010d\u00e1tku roku, jsme se megalomansky rozmachovali. Listy katalog\u016f <a href=\"http:\/\/www.slim2009.cz\/wordpress\/wp-content\/uploads\/2017\/09\/IMG_5913-3.jpg\" target=\"_blank\" rel=\"noopener\"><img loading=\"lazy\" decoding=\"async\" class=\"alignright wp-image-3490\" src=\"http:\/\/www.slim2009.cz\/wordpress\/wp-content\/uploads\/2017\/09\/IMG_5913-3.jpg\" alt=\"IMG_5913\" width=\"288\" height=\"162\" \/><\/a>svi\u0161t\u011bly skrz na\u0161e pazoury. Pl\u00e1\u017ee, horstva, o\u00e1zy, polopenze se m\u00edhaly p\u0159ed o\u010dima. Jen\u017ee p\u00edsek na t\u011bch pl\u00e1\u017e\u00edch vypadal um\u011ble, horstva velice velice, o\u00e1zy opu\u0161t\u011bn\u00fd, a na\u010d m\u00edt polopenzy, kdy\u017e chci d\u016fchod celej. Pak ty podivnosti, jako t\u0159eba: V\u00a0Turecku \u2013 samej Turek, bez vokurek. Ve Francii \u2013 \u017e\u00e1dnej francouz, jenom al\u017e\u00ed\u0159ani ( asi na dovolen\u00fd ). V\u00a0N\u011bmecku \u2013 Turci, ale hafo. Chce\u0161 si d\u00e1t bratwurst, nebo eintopf a dostane\u0161 kebab. A tak je to v\u0161ude. Chce\u0161 si zajet odpo\u010dinou do\u00a0Chorvatska, ale ne\u017e tam dojede\u0161, mus\u00ed\u0161 se kv\u016fli z\u00e1cp\u00e1m oto\u010dit a jet zp\u00e1tky. Nav\u00edc v\u0161ude tam, je tolik \u010cech\u016f, \u017ee nen\u00ed t\u0159eba nikam jezdit. A tak jsme z\u016fstali doma. A taky proto, kdyby se stav\u011bl plot okolo hmyz\u00edho dome\u010dku v Medlov\u011b. Ani to nedopadlo, tak\u017ee nezbylo ne\u017e vytvo\u0159it n\u00e1hradn\u00ed program. Pond\u011bl\u00ed tr\u00e1v\u00edme \u00fa\u0159adov\u00e1n\u00edm, vyzved\u00e1v\u00e1me si \u0159idi\u010d\u00e1k a ob\u010danku. V\u00a0\u00fater\u00fd, jedeme p\u0159eci jenom do zahrani\u010d\u00ed. Nav\u0161t\u011bvujeme Polskou kapitalistickou republiku. \u00dazem\u00ed opou\u0161t\u00edme skrze Kr\u00e1lovec a r\u016fznejma zkratkama, m\u00ed\u0159\u00edme do Kowar d\u0159\u00edve Schmiedeberg im Riesengebirge. Tady nav\u0161t\u011bvujeme park miniatur, s\u00a0\u00fapln\u011b miniaturn\u00edma stavbama Slezska i \u010ceska. Na ob\u011bd u\u017e jsme zase v\u00a0\u010cR. Na pomezk\u00e1ch v\u00a0Trautenberku ob\u011bdujeme pivovarskej psul\u00e1\u0161 a sma\u017e\u00e1k. Lehk\u00e1 proch\u00e1zka po \u00d3 pro lep\u0161\u00ed \u00a0za\u017e\u00edv\u00e1n\u00ed a pak dom\u016f. Ve st\u0159edu jedeme p\u0159es Jarom\u011b\u0159 na Kun\u011btickou horu. Dvou <a href=\"http:\/\/www.slim2009.cz\/wordpress\/wp-content\/uploads\/2017\/09\/IMG_5928-3.jpg\" target=\"_blank\" rel=\"noopener\"><img loading=\"lazy\" decoding=\"async\" class=\"alignleft wp-image-3491\" src=\"http:\/\/www.slim2009.cz\/wordpress\/wp-content\/uploads\/2017\/09\/IMG_5928-3.jpg\" alt=\"IMG_5928\" width=\"184\" height=\"246\" \/><\/a>hodinovou zast\u00e1vku v\u00a0Jarom\u011b\u0159i, vyu\u017e\u00edv\u00e1me k\u00a0objedn\u00e1vce nov\u00fd seda\u010dky. Potom jedeme do Hradce poob\u011bdvat do rychl\u00e1\u010de v\u00a0Tesku. Najeden\u00fd vystupujeme na Ku\u0148ku. Za zaplacen\u00fd vstupn\u00fd si chod\u00edme, kde chceme. A\u017e to v\u0161echno okoukneme, jedem dom\u016f. Ve \u010dtvrtek vst\u00e1v\u00e1me velmi brzo. Nastupujeme do autobusu, sm\u011br Praha a v\u00a06hodin jedem. Po n\u011bkolika hodin\u00e1ch vystupujeme, v\u00a0buf\u00e1\u010di na \u010cer\u0148\u00e1ku sn\u00edd\u00e1me a hnedle potom, se krtkem p\u0159esunujeme do Hole\u0161ovic, abysme se autobusem dostali do ZOO. U vstupu, si v\u00a0kase zakupujeme lupeny, na\u010de\u017e vstupujeme mezi divou zv\u011b\u0159. Ta je na\u0161t\u011bst\u00ed za ploty a sklem. Proch\u00e1z\u00edme sem a tam, sledujeme rozj\u00e1san\u00fd \u017eelvy, ploutvono\u017ece, tu\u010dpt\u00e1ky a taky k\u00e1men, n\u016f\u017eky, pap\u00edr, tap\u00edr, spock. Fot\u00edme se s\u00a0kruhoocas\u00fdm. Kdy\u017e do\u0161la zv\u011b\u0159 d\u00f3le, vyj\u00ed\u017ed\u00edme lanovkou do horn\u00ed \u010d\u00e1sti, nejprve jdeme na ob\u011bd a po si d\u00e1v\u00e1me zmrzku. Proch\u00e1z\u00edme okolo sudo i lichokopytn\u00edk\u016f, paroh\u00e1\u010d\u016f, nosatc\u016f i chobotnatc\u016f. Sloni se zrovna i s\u00a0mah\u00fatama koupali. Je\u0161t\u011b jdeme \u017eirafy, ale \u010das odjezdu se p\u0159ibl\u00ed\u017eil. Na z\u00e1v\u011br nav\u0161t\u011bvujeme Indon\u00e9skou d\u017eungli. Pak u\u017e jedeme dom\u016f. V\u00a0p\u00e1tek jedeme do Teplick\u00fdch skal. Jedeme vlakem do stanice sk\u00e1ly. V\u00a0kase kupujeme lupeny a vyd\u00e1v\u00e1me se objevovat r\u016fzn\u011b tvarovan\u00fd sk\u00e1ly. Myslivec na \u010dekan\u00fd, Hlava kon\u011b, sekera, krakono\u0161ovy \u0161ortky, skaln\u00ed nev\u011bsta. Nev\u011bstu fot\u00edm se psem. U v\u00fdchodu ze skaln\u00edho m\u011bsta je i pes Filipes. Za skaln\u00ed korunou se na chr\u00e1mov\u00fdch skal\u00e1ch, n\u011bkolik horolezc\u016f pokou\u0161elo dostat na vr\u0161ky skal. Na konci prohl\u00eddkov\u00fdho okruhu, p\u0159ed sibi\u0159\u00ed, vid\u00edme skaln\u00ed velrybu. Je pozdn\u00ed l\u00e9to a sibi\u0159 nen\u00ed v\u016fbec studen\u00e1. Okruh tady kon\u010d\u00ed. <a href=\"http:\/\/www.slim2009.cz\/wordpress\/wp-content\/uploads\/2017\/09\/IMG_20170827_151719-3.jpg\" target=\"_blank\" rel=\"noopener\"><img loading=\"lazy\" decoding=\"async\" class=\"alignright wp-image-3496\" src=\"http:\/\/www.slim2009.cz\/wordpress\/wp-content\/uploads\/2017\/09\/IMG_20170827_151719-3.jpg\" alt=\"IMG_20170827_151719\" width=\"288\" height=\"162\" \/><\/a>Odch\u00e1z\u00edme zp\u00e1tky k vlakov\u00fd stanici. U vstupu do skal si d\u00e1v\u00e1me lango\u0161e a \u010dek\u00e1me na sv\u016fj vlak dom\u016f. V\u00a0sobotu si jdu vyzvednout kolo, ale jinak odpo\u010d\u00edv\u00e1me. To v\u00a0ned\u011bli, se vyd\u00e1v\u00e1me na cyklovejlet. Jedeme na pizzu do Pece pod Sn\u011b\u017ekou. Jedeme lesem p\u0159es Janskou horu na Zlatou vyhl\u00eddku a Hoffmannky. U Stezky korunami strom\u016f odpo\u010d\u00edv\u00e1me, p\u0159ed dal\u0161\u00edm stoup\u00e1n\u00edm. Po odpo\u010dinku jedeme k\u00a0Zrcadlov\u00fdm boud\u00e1m a kolem Vendlovky stoup\u00e1me d\u00e1l ke Kol\u00ednsk\u00fd boud\u011b. Kus za Vendlovkou, skl\u00edz\u00edme bor\u016fvky. Posiln\u011bn\u00fd jedeme a tla\u010d\u00edme a jedeme, a\u017e najednou\u2026.. zmije!!! Sko\u010dila Ren\u010de pod kolo, \u010d\u00edm\u017e vyvolala paniku. Takovej hluk, jakej vyvolala, to se jen tak nesly\u0161\u00ed. A\u010d je to tvor n\u011bmej, tak mocnej m\u00e1 hlas, a\u017e R\u00fdbrc\u00e1l zalez do Ob\u0159\u00e1ku. Kolem Kol\u00ednsk\u00fd jenom proj\u00ed\u017ed\u00edme. U Barunky d\u011bl\u00e1me self\u00ed\u010dko se Sn\u011b\u017ekou. Dole u Pizzd\u00e1rny, jsme za p\u00e1r minut. Objedn\u00e1v\u00e1me si a \u010dek\u00e1me. V\u00fdsledek st\u00e1l za to. Jako obvykle v\u00fdborn\u00e1 pici\u010dka. Po j\u00eddle se spou\u0161t\u00edme dom\u016f. Tak\u0159ka bez \u0161lap\u00e1n\u00ed kon\u010d\u00edme dovolenou. Zejtra zase do h\u00e1ku a makat!!! Tak zdarec.<\/p>\n<p>Fotky jsou <a href=\"http:\/\/www.slim2009.cz\/photo\/#\/shared_space\/folder\/40?_k=nimfru\" target=\"_blank\" rel=\"noopener\">tady.<\/a><\/p>\n<p>Video v\u00a0HD bude n\u011bkdy tady.<\/p>\n","protected":false},"excerpt":{"rendered":"<p>Dovolen\u00e1 2017, se uskute\u010dnila v\u00a0komorn\u00ed podob\u011b, a\u010dkoliv je\u0161t\u011b na za\u010d\u00e1tku roku, jsme se megalomansky rozmachovali. Listy katalog\u016f svi\u0161t\u011bly skrz na\u0161e pazoury. Pl\u00e1\u017ee, horstva, o\u00e1zy, polopenze se m\u00edhaly p\u0159ed o\u010dima. Jen\u017ee p\u00edsek na t\u011bch pl\u00e1\u017e\u00edch vypadal um\u011ble, horstva velice velice, o\u00e1zy &hellip; <a href=\"https:\/\/www.slim2009.cz\/wordpress\/bulvar\/dovolena-2017\/\">Cel\u00fd p\u0159\u00edsp\u011bvek <span class=\"meta-nav\">&rarr;<\/span><\/a><\/p>\n","protected":false},"author":1,"featured_media":0,"parent":2168,"menu_order":14,"comment_status":"closed","ping_status":"closed","template":"","meta":{"footnotes":""},"class_list":["post-3489","page","type-page","status-publish","hentry"],"_links":{"self":[{"href":"https:\/\/www.slim2009.cz\/wordpress\/wp-json\/wp\/v2\/pages\/3489","targetHints":{"allow":["GET"]}}],"collection":[{"href":"https:\/\/www.slim2009.cz\/wordpress\/wp-json\/wp\/v2\/pages"}],"about":[{"href":"https:\/\/www.slim2009.cz\/wordpress\/wp-json\/wp\/v2\/types\/page"}],"author":[{"embeddable":true,"href":"https:\/\/www.slim2009.cz\/wordpress\/wp-json\/wp\/v2\/users\/1"}],"replies":[{"embeddable":true,"href":"https:\/\/www.slim2009.cz\/wordpress\/wp-json\/wp\/v2\/comments?post=3489"}],"version-history":[{"count":0,"href":"https:\/\/www.slim2009.cz\/wordpress\/wp-json\/wp\/v2\/pages\/3489\/revisions"}],"up":[{"embeddable":true,"href":"https:\/\/www.slim2009.cz\/wordpress\/wp-json\/wp\/v2\/pages\/2168"}],"wp:attachment":[{"href":"https:\/\/www.slim2009.cz\/wordpress\/wp-json\/wp\/v2\/media?parent=3489"}],"curies":[{"name":"wp","href":"https:\/\/api.w.org\/{rel}","templated":true}]}}