{"id":3446,"date":"2017-08-05T21:33:39","date_gmt":"2017-08-05T20:33:39","guid":{"rendered":"http:\/\/188.120.214.195\/?page_id=3446"},"modified":"2025-10-28T09:32:09","modified_gmt":"2025-10-28T08:32:09","slug":"strela-2017","status":"publish","type":"page","link":"https:\/\/www.slim2009.cz\/wordpress\/archivalie\/archiv-vandry\/strela-2017\/","title":{"rendered":"St\u0159ela 2017"},"content":{"rendered":"<p>Po roce se vyd\u00e1v\u00e1me znova pod\u00e9l St\u0159ely. Za\u010d\u00edn\u00e1me tam, kde jsme vloni skon\u010dili. Des\u00e1t\u00fdho kv\u011btna n\u00e1s \u017eeleznej o\u0159 dovezl do \u017dihle, <img loading=\"lazy\" decoding=\"async\" class=\"alignright size-full wp-image-3460\" src=\"http:\/\/www.slim2009.cz\/wordpress\/wp-content\/uploads\/2017\/08\/IMG_8302-3.jpg\" alt=\"IMG_8302\" width=\"288\" height=\"192\" \/>odkud jdeme p\u0159es Nov\u00fd Dv\u016fr do Rab\u0161tejna nad St\u0159elou. V\u00a0Nov\u00fdm Dvo\u0159e, st\u00e1val z\u00e1me\u010dek, ve kter\u00fdm byli v\u011bzn\u011bni za druh\u00fd v\u00e1lky polsk\u00fd zajatci. Za jejich pobytu vyho\u0159el. Ode Dvora odch\u00e1z\u00edme polema k\u00a0Rab\u0161tejnu. Zastavujeme se na vyhl\u00eddce Hrab\u011bc\u00ed k\u0159\u00ed\u017e a hnedle po vyhl\u00eddnut\u00ed, sch\u00e1z\u00edme ke St\u0159ele, p\u0159ech\u00e1z\u00edme kamenej, 65m dlouhej most z\u00a0roku 1340. Za mostem se na siln\u011b sva\u017eit\u00fdm ter\u00e9nu, pod dv\u011bma hrady, rozkl\u00e1d\u00e1 m\u011bste\u010dko Rab\u0161tejn nad St\u0159elou. Nen\u00ed turistick\u00e1 sez\u00f3na, tak je v\u0161ude pusto a zav\u0159eno. Na n\u00e1m\u011bst\u00ed chvilku odpo\u010d\u00edv\u00e1me, zav\u0159enou hospodu nech\u00e1v\u00e1me za sebou a sestupujeme zp\u00e1tky ke St\u0159ele. U jednoho z\u00a0posledn\u00edch dom\u016f pros\u00edme o vodu a pln\u00edme v\u0161echny fla\u0161ky i \u010dutory. Ne\u017e sejdeme a\u017e \u00fapln\u011b ke St\u0159ele, prohl\u00ed\u017e\u00edme si zbytky \u017eidovsk\u00fdho h\u0159bitova. N\u011bkolik stovek metr\u016f jdeme je\u0161t\u011b po prav\u00fdm b\u0159ehu, pak \u0159eku p\u0159ech\u00e1z\u00edme po vyv\u00fd\u0161en\u00fd \u017eelezn\u00fd l\u00e1vce. \u00a0\u00a0Po projit\u00ed lu\u017en\u00edho les\u00edka, vych\u00e1z\u00edme na louku pobl\u00ed\u017e Horova mlejna, kde p\u0159ed i za mlejnem stoj\u00ed \u0159op\u00edky vz.37, kter\u00fd byly sou\u010d\u00e1st\u00ed Plze\u0148sk\u00fd \u010d\u00e1ry. Stezka pod\u00e9l St\u0159ely, n\u00e1s dovedla k\u00a0bejval\u00fdmu hamru. Ka\u017edej hamr byl poh\u00e1n\u011bnej vodou a m\u011bl n\u00e1hon. P\u0159\u00edchoz\u00ed stezka vede zanesen\u00fdm n\u00e1honem a v\u00a0jednom m\u00edst\u011b n\u00e1hon proch\u00e1z\u00ed n\u00edzk\u00fdm tunelem. <img loading=\"lazy\" decoding=\"async\" class=\"alignleft size-full wp-image-3461\" src=\"http:\/\/www.slim2009.cz\/wordpress\/wp-content\/uploads\/2017\/08\/IMG_8382-3.jpg\" alt=\"IMG_8382\" width=\"288\" height=\"192\" \/>Stezka ho obch\u00e1z\u00ed po skalce kolem. Neust\u00e1l\u00fdm p\u0159elejz\u00e1n\u00edm jsou kameny hladk\u00fd. Jak si tak filmuju, tak mi hned po prvn\u00edm kroku ujela kecka a proto\u017ee jsem se narodil jako mrz\u00e1k a m\u00e1m, ne\u017e dv\u011b ruce, ve kter\u00fdch dr\u017e\u00edm fo\u0165\u00e1k, tak mi chyb\u011bla ta t\u0159et\u00ed ruka, abych se mohl pevn\u011b n\u011b\u010deho chytit. P\u0159ita\u017elivost zemsk\u00e1 vykonala, co m\u011bla. \u0158ampnul jsem fo\u0165\u00e1kem a hlavou vo tu sk\u00e1lu, p\u0159i\u010dem\u017e se ozvaly r\u00e1ny a okam\u017eit\u011b vyl\u00edtly soci\u00e1ln\u00ed pracovnice do zadele. V kempu \u017delezn\u00fd hamr odpo\u010d\u00edv\u00e1me, j\u00e1 si kontroluju apar\u00e1t a urovn\u00e1v\u00e1m my\u0161l\u00e9nky. Na prot\u011bj\u0161\u00edm b\u0159ehu dob\u00edr\u00e1me u pramene vodu. Pak pokra\u010dujeme k\u00a0nedalek\u00fdmu Kozi\u010dkovu mlejnu. Je pozdn\u00ed odpoledne. Po p\u016fl kilometru, se dost\u00e1v\u00e1me na palouk u \u0159eky, kde je ohni\u0161t\u011b. Vodu m\u00e1me, tak\u017ee rozb\u00edj\u00edme le\u017een\u00ed, nos\u00edme d\u0159\u00edv\u00ed, zapalujeme ohe\u0148 a j\u00edme to, co se m\u016f\u017ee zkazit, nap\u0159\u00edklad \u0161pek\u00e1\u010dky. Po z\u00e1padu slunce se trochu ochlazuje. Jsme unaven\u00fd, tak zalejz\u00e1me do spac\u00e1k\u016f a sp\u00edme. R\u00e1no, je trochu kosa. Na spodn\u00ed stran\u011b p\u0159\u00edst\u0159e\u0161ku se srazila voda, kter\u00e1 \u010das od \u010dasu uk\u00e1pne na hlavu, ale v\u011bt\u0161\u00ed p\u0159ekv\u00e1pko se kon\u00e1 po vylezen\u00ed ze spac\u00e1ku. Ze spodu voda, ze shora led. Rozfouk\u00e1v\u00e1m ohe\u0148, p\u0159ikl\u00e1d\u00e1m klac\u00edky, pak si beru fo\u0165\u00e1k a v\u0161echnu tu kr\u00e1su fot\u00edm. Ze spac\u00e1ku vylejzaj\u00ed Sam s\u00a0N\u011bm\u00fdm, va\u0159\u00ed vodu na \u010daj a p\u0159ipravujou sn\u00eddan\u00ed. Kon\u010d\u00edm focen\u00ed a p\u0159id\u00e1v\u00e1m se k\u00a0nim. Zpoza kopc\u016f se vyloupnul slunec, <img loading=\"lazy\" decoding=\"async\" class=\"alignright size-full wp-image-3462\" src=\"http:\/\/www.slim2009.cz\/wordpress\/wp-content\/uploads\/2017\/08\/IMG_8494-3.jpg\" alt=\"IMG_8494\" width=\"288\" height=\"192\" \/>rozmrazuje to nest\u00e1l\u00fd um\u011bn\u00ed, zat\u00edm co my, si v poklidu sn\u00edd\u00e1me. Pak bal\u00edme saky, ale i paky, vlastn\u011b celty. Ty jsou pln\u00fd ledu, tak\u017ee jsou asi o kilo t\u011b\u017e\u0161\u00ed. Po zabalen\u00ed, odch\u00e1z\u00edme \u00fadol\u00edm St\u0159ely sm\u011brem na \u010cernou Ha\u0165. Kam je\u0161t\u011b nedorazilo slunce, tam je furt jinovatka. Ne\u017e vystoup\u00e1me do \u010cern\u00fd Hat\u011b, prohl\u00ed\u017e\u00edme si rozvalinu \u0159op\u00edku, kde se nat\u00e1\u010dela sc\u00e9na z\u00a0Vorlova filmu Cesta z\u00a0m\u011bsta. V\u00a0\u010cern\u00fd Hati \u017eebr\u00e1me zase o vodu. Dost\u00e1v\u00e1me ji od jednoho domorodce. Chvilku kec\u00e1me s\u00a0majitelem vodovodu, pak jdeme d\u00e1l k\u00a0\u010coubovu mlejnu, kudy od nepam\u011bti vedla zemsk\u00e1 stezka, zvan\u00e1 chebsk\u00e1. Betonovej most p\u0159es St\u0159elu, m\u011bl bejt sou\u010d\u00e1st\u00ed okresn\u00ed silnice \u0160tichovice \u2013 \u010cern\u00e1 Ha\u0165, ale okreska nebyla nikdy dostav\u011bn\u00e1. Pod Martinem odpo\u010d\u00edv\u00e1me na louce, p\u0159ed stoup\u00e1n\u00edm do Str\u00e1\u017ei\u0161t\u011b. Ve Str\u00e1\u017ei\u0161ti na zast\u00e1vce autobusu m\u00e1me nad\u011bji, \u017ee za \u010dtvrt hodiny pojede n\u011bco do Mladotic. Nad\u011bje zhasla po p\u016fl hodin\u011b, d\u00edky internetu a idosu. Pap\u00edr, teda j\u00edzdn\u00ed ne\u0159\u00e1d, snese hodn\u011b, jen\u017ee nuly a jedni\u010dky se rozhodn\u011b nemejlej. Jeden bus r\u00e1no, druhej ve\u010d\u00edr a nic mezi. Tak \u0161ups, zu fu\u00df do Mladotic. <img loading=\"lazy\" decoding=\"async\" class=\"alignleft size-full wp-image-3463\" src=\"http:\/\/www.slim2009.cz\/wordpress\/wp-content\/uploads\/2017\/08\/IMG_8629-3.jpg\" alt=\"IMG_8629\" width=\"288\" height=\"192\" \/>Operat\u00edvn\u011b m\u011bn\u00edme pl\u00e1n, a z\u00a0Mladotic p\u016fjdeme po kolej\u00edch. K 1. lednu 1997 provozovatel \u010cD zastavil ve\u0161kerou dopravu v \u00faseku \u010cist\u00e1 &#8211; Mladotice (21 km). \u00dasek nebyl zru\u0161enej, byla tady zavedena dlouhodob\u00e1 v\u00fdluka ,, za \u00fa\u010delem rekonstrukce trati\u201d. Rekonstrukce trati byla zah\u00e1jena a\u017e po p\u011bti letech, ale jenom na \u010d\u00e1sti \u010cist\u00e1 \u2013 Kralovice. Provoz na tomhle \u00faseku byl obnovenej 12. prosince 2001. Do Mladotic obnova nedorazila, zato my jo. V\u00a0Mladotic\u00edch na n\u00e1dra\u017e\u00ed pauz\u00edrujeme. Regionova s\u00a0obsluhou taky. Spole\u010dn\u011b se rozch\u00e1z\u00edme v\u00a0dobr\u00fdm, oni jedou na Plze\u0148, my jdeme po vylou\u010den\u00fd trati. Ta je pon\u011bkud zarostl\u00e1, nav\u00edc mostovka z\u00a0motu, je odnesen\u00e1. D\u00edky tomu Sam s\u00a0N\u011bm\u00fdm brod\u00ed, j\u00e1, p\u0159idr\u017euj\u00edc se z\u00e1bradl\u00ed, ru\u010dkuju na druhej b\u0159eh. Za mostem, se tra\u0165 no\u0159\u00ed do neproniknuteln\u00fdho ro\u0161t\u00ed. St\u011b\u017e\u00ed se prod\u00edr\u00e1me vp\u0159ed i tam, kde u\u017e rostou stromy, proto postupujeme velice zvolna. Tra\u0165 znateln\u011b stoup\u00e1 a tu hle, koleje odnesli indi\u00e1ni i s\u00a0pra\u017ecema. U n\u011bj\u00e1k\u00fdho bejval\u00fdho p\u0159ejezdu, d\u00e1v\u00e1me ob\u011bdn\u00ed pauzu. Celty p\u0159ehazujeme p\u0159es v\u011btve a prost\u00fdm odpa\u0159en\u00edm vody, citeln\u011b odleh\u010dujeme b\u00e1gly. Po j\u00eddle se chvilku poflakujeme, jen\u017ee mus\u00edme doj\u00edt do kl\u00e1\u0161tera. Tak teda konec odpo\u010dinku, zabalit a p\u00e1r set metr\u016f klop\u00fdtat po znovu se objeviv\u0161\u00edch pra\u017ec\u00edch, a\u017e k\u00a0p\u0159ejezdu. D\u00e1l se rad\u0161i p\u0159esunujeme po asfaltu, ze kter\u00fdho odbo\u010dujeme na poln\u00ed cestu. <img loading=\"lazy\" decoding=\"async\" class=\"alignright size-full wp-image-3464\" src=\"http:\/\/www.slim2009.cz\/wordpress\/wp-content\/uploads\/2017\/08\/IMG_8702_panorama-3.jpg\" alt=\"IMG_8702_panorama\" width=\"288\" height=\"135\" \/>Naposledy k\u0159i\u017eujeme bejvalou tra\u0165, pak se lesem i polema suneme 3 kil\u00e1ky do \u017debnice, kde odpo\u010d\u00edv\u00e1me na autobusov\u00fd zast\u00e1vce. Za \u017debnicej za\u010d\u00edn\u00e1me klesat. Do Plas\u016f se plas\u00edme z\u00a0posledn\u00edch sil. Drobn\u00fd ob\u010derstven\u00ed v\u00a0Kn\u00ed\u017eec\u00edm Pivovaru n\u00e1m teda p\u0159i\u0161lo vhod. S\u00a0nabranejma silama se plas\u00edme d\u00e1l, nejd\u0159\u00edv \u00e1lej\u00ed vzdech\u016f, pak p\u011b\u0161inou pod\u00e9l St\u0159ely. Na kraji Neb\u0159ezin sed\u00e1me na lavi\u010dku, odpo\u010d\u00edv\u00e1me. Z\u00a0lesa naproti n\u011bco vych\u00e1z\u00ed na louku. Z\u00a0d\u00e1lky to vypad\u00e1 jako koza. Fot\u00edm ten \u00fakaz a p\u0159ibl\u00ed\u017een\u00edm na displeji zji\u0161\u0165ujeme, \u017ee je to srnka, b\u00edl\u00e1 jako sn\u00edh. Pop\u00e1s\u00e1n\u00ed netrvalo dlouho, stejn\u011b jako na\u0161e odpo\u010d\u00edv\u00e1n\u00ed. Za\u010d\u00edn\u00e1 se smr\u00e1kat, mus\u00edme si naj\u00edt m\u00edsto pro p\u0159esp\u00e1n\u00ed. Proch\u00e1z\u00edme Neb\u0159eziny a za posledn\u00edm bar\u00e1kem hled\u00e1me dobr\u00fd m\u00edsto. Je\u0161t\u011b kousek popoch\u00e1z\u00edme, ale na lesn\u00ed k\u0159i\u017eovatce zahazujeme b\u00e1gly. Dneska nestav\u00edme ani p\u0159\u00edst\u0159e\u0161ek. Lehk\u00e1 ve\u010de\u0159e, \u010daj, p\u0159ipravit le\u017een\u00ed, \u0161ups do spac\u00e1ku. Pr\u00e1v\u011b v\u010das. Je skoro tma. V\u00a0noci nepr\u0161elo, ani rosa nepadla, od spoda bylo m\u011bkou\u010dko, to se n\u00e1m to buc\u00e1nkovalo. Po probuzen\u00ed sn\u00eddan\u011b, zabalit a vyrazit. Stoup\u00e1me po zelen\u00fd zna\u010dce kolem h\u00e1jovny Richardka k\u00a0osad\u011b \u010ce\u010d\u00edn. Z\u00a0lesa vych\u00e1z\u00edme ve chv\u00edli, kdy se spustil m\u00e1jovej de\u0161t\u00ed\u010dek. Na\u0161t\u011bst\u00ed se v\u00a0Doln\u00edm Hradi\u0161ti schov\u00e1v\u00e1me v\u00a0autobusov\u00fd zast\u00e1vce, dokud to nep\u0159ejde. P\u0159e\u0161lo. P\u016fvodn\u011b se m\u011bli na\u0161e kroky ub\u00edrat na skute\u010dn\u00fd hradi\u0161t\u011b, jen\u017ee mokr\u00e1 tr\u00e1va, n\u00e1m v\u00a0tom zabr\u00e1nila. Valy teda pozorujeme z\u00a0uctiv\u00fd vzd\u00e1lenosti. M\u00edj\u00edme hradi\u0161t\u011b za Hradi\u0161t\u011bm, slejz\u00e1me ke kralovick\u00fdmu potoku, <img loading=\"lazy\" decoding=\"async\" class=\"alignleft wp-image-3465\" src=\"http:\/\/www.slim2009.cz\/wordpress\/wp-content\/uploads\/2017\/08\/IMG_8867-3.jpg\" alt=\"IMG_8867\" width=\"288\" height=\"192\" \/>jenom\u017ee cesta se no\u0159\u00ed do toku a po mostu nebo l\u00e1vce, ni zbla. Hrdinn\u011b se prod\u00edr\u00e1me ml\u00e1z\u00edm nad meandrem. U druh\u00fd z\u00e1kruty chytily Samovi a N\u011bm\u00fdmu saze v\u00a0kanad\u00e1ch. R\u00e1ch a c\u00e1k, klopt i kruch, ladn\u00fdmi kroky pot\u00e1p\u011b\u010d\u016f, jsou na druh\u00fd stran\u011b. Ale co j\u00e1, j\u00e1 m\u00e1m boty samou membr\u00e1nu, kter\u00e1 umo\u017e\u0148uje prouden\u00ed vzduchu, t\u00edm p\u00e1dem i proud\u011bn\u00ed vody. P\u00e1r stovek metr\u016f lamentuju, kdy\u017e se najednou zjevuje z\u00fa\u017een\u00ed. Jsou to sotva t\u0159i metry \u0161\u00ed\u0159ky. To sko\u010d\u00edm! P\u0159ed\u00e1v\u00e1m Samovi fo\u0165\u00e1k a b\u00e1gl. Pak se rozeb\u00edh\u00e1m, na jedna, dva, t\u0159i, let\u00edm vzduchem, p\u0159i\u010dem\u017e m\u00e1m strach, abych neskon\u010dil v\u00a0mezihv\u011bzdn\u00fdm prostoru, pak tvrdej n\u00e1raz a \u0161plouch. Nedosko\u010dil jsem. Z\u0159ejm\u011b \u0161patnej v\u00fdpo\u010det trajektorie, p\u0159\u00edpadn\u011b nedostatek paliva. P\u0159\u00ed\u0161t\u011b si d\u00e1m ke sn\u00eddani fazole. Jedna bota such\u00e1, druh\u00e1, lehce \u00fapln\u011b pln\u00e1. Jsme ale na druh\u00fd stran\u011b, a to je d\u016fle\u017eit\u00fd. Jdeme zhruba kilometr, kdy\u017e se situace opakuje. Potok se za\u0159ez\u00e1v\u00e1 do svahu a t\u00edm n\u00e1m zahrazuje cestu. Je\u0161t\u011b jednou se pokou\u0161\u00edme obej\u00edt meandr. Kamzi\u010d\u00ed stezkou obch\u00e1z\u00edme vodu. Hah\u00e1\u00e1\u00e1, to jsme na t\u011b vyzr\u00e1li potoku, hah\u00e1\u00e1. Za meandrem se dost\u00e1v\u00e1me na pohodlnou cestu, kter\u00e1 se jako z\u00a0ud\u011bl\u00e1n\u00ed po p\u00e1rstech metrech zase brod\u00ed. Je\u0161t\u011b jeden kamz\u00edk a je po n\u00e1s. Nach\u00e1z\u00edme p\u0159ijateln\u011bj\u0161\u00ed vej\u0161ku hladiny a hrdinn\u011b, se brod\u00edme. Nav\u00edc, je \u010das ob\u011bda. Na hald\u011b nach\u00e1z\u00edme ohni\u0161t\u011b, sestavujeme puzzle ve tvaru ohn\u011b, tak si va\u0159\u00edme jidlo, \u010daj a odv\u00e1\u017en\u011bj\u0161\u00ed se sna\u017e\u00ed usu\u0161it fusky. Po j\u00eddle a drobn\u00fdm vysu\u0161en\u00ed, pokra\u010dujeme \u00fadol\u00edm. Zastavuje n\u00e1s znova brod. Tentokr\u00e1t p\u0159ekon\u00e1v\u00e1me vodovodn\u00ed tok, pomoc\u00ed klack\u016f a kmene, tak\u017ee se u\u017e nenamo\u010d\u00edme. Jdeme se kouknout k\u00a0\u010certovy hr\u00e1zi. P\u0159ed n\u00ed nech\u00e1v\u00e1me b\u00e1gly na hald\u011b b\u0159idlice. <a href=\"http:\/\/www.slim2009.cz\/Prilohy\/Strela2017\/Kocin.pdf\" target=\"_blank\" rel=\"noopener\">Haldy jsou poz\u016fstatkem po v\u00fdrob\u011b vitriolu v\u00a019ten\u00e1ct\u00fdm stolet\u00ed. Ve str\u00e1n\u00edch Ko\u010d\u00ednsk\u00fdho a Kralovick\u00fdho potoka je n\u011bkolik \u0161tol.<\/a> My na\u0161li jenom jednu pidi\u0161tolu, dv\u011b rozs\u00e1hl\u00fd n\u00e1m z\u016fstaly utajen\u00fd. Kopidelsk\u00fdm \u00fadol\u00edm stoup\u00e1me. Odpo\u010d\u00edv\u00e1me na dal\u0161\u00ed hald\u011b, doufaj\u00edc, \u017ee na \u0161toly p\u0159eci jen naraz\u00edme. Kdepak, nic takov\u00fdho. Na hald\u011b m\u00e1 n\u011bj\u00e1k\u00e1 osada ohni\u0161t\u011b a totem, ale po \u0161tol\u00e1ch ani pam\u00e1tka. Po odpo\u010dinku jdem pod\u00e9l potoka, jen\u017ee cesta se st\u00e1\u010d\u00ed doleva ke Ko\u010d\u00ednu. U k\u0159\u00ed\u017eku odpo\u010d\u00edv\u00e1me. Pr\u016fchod Ko\u010d\u00ednskou n\u00e1vs\u00ed prob\u011bhnul za \u00fapln\u00fdho klidu, p\u00e1\u010d nikde nen\u00ed ani \u017eiv\u00e1\u010dka. Na konci vesnice svitla nad\u011bje na mal\u00fd ob\u010derstven\u00ed, jen\u017ee jak to vypad\u00e1, u\u017e nen\u00ed pot\u0159eba ani hospod, nato\u017e \u0161kol. P\u00e1d\u00edme d\u00e1l do Kopidla. V\u00a0Kopidle to \u017eije, psi \u0161t\u011bkaj, domorodci se poflakujou kolem bar\u00e1k\u016f. Vyu\u017e\u00edv\u00e1me toho a \u017eebr\u00e1me o vodu. Dost\u00e1v\u00e1me ji, tak\u017ee je o jednu starost m\u00ed\u0148. Odch\u00e1z\u00edme skrze Kopidlo, ale do cesty se n\u00e1m postavila zcela v\u00fdj\u00edme\u010dn\u011b otev\u0159en\u00e1 &#8220; <a href=\"http:\/\/www.hospodapodspalenouhorou.cz\/\" target=\"_blank\" rel=\"noopener\">Hospoda pod sp\u00e1lenou horou<\/a> &#8222;. Do ve\u010dera daleko, slunce, hic, \u00fanava, to p\u0159\u00edjde jedno vhod. N\u011b\u017e se odpout\u00e1v\u00e1me, d\u00e1v\u00e1me dv\u011b a k\u00a0tomu f\u016fru slan\u00fdch ty\u010dek a bramb\u016frk\u016f. Po podpisov\u00fd akci miz\u00edme do lesa. V\u00a0prostoru Hol\u00fdho vrchu, opou\u0161t\u00edme modrou zna\u010dku a hled\u00e1me m\u00edsto pro span\u00ed. Chvilku to dalo, ale m\u00e1me flek, kde rozb\u00edj\u00edme, vlastn\u011b stav\u00edme le\u017een\u00ed. Za soumraku prov\u00e1d\u00edm \u00faplnou o\u010distu, koupu se v\u00a0jeden a p\u016fl litru vody, obl\u00edk\u00e1m \u010dist\u00fd pr\u00e1d\u00fdlko. S\u00a0posledn\u00edm sv\u011btlem uleh\u00e1me a sp\u00edme. R\u00e1no vst\u00e1v\u00e1me brzo. Bal\u00edme si, sn\u00edd\u00e1me a odch\u00e1z\u00edme do Kralovic <img loading=\"lazy\" decoding=\"async\" class=\"alignright size-full wp-image-3459\" src=\"http:\/\/www.slim2009.cz\/wordpress\/wp-content\/uploads\/2017\/08\/cape-3.gif\" alt=\"cape\" width=\"288\" height=\"192\" \/>na vlak. Vylejz\u00e1me z\u00a0lesa na silnici. Kdy\u017e se bl\u00ed\u017e\u00edme k\u00a0horizontu, zji\u0161\u0165ujeme, \u017ee kl\u00e1\u0161ter Mari\u00e1nsk\u00e1 T\u00fdnice, byl p\u0159est\u011bhovanej k\u00a0mysu Cannaveral. Fatamorg\u00e1na trvala jen chv\u00edli, za horizontem se objevily Kralovice. Zastavujeme se v\u00a0m\u00edstn\u00edm Penny. Kupujeme si nanuky, petky s\u00a0pit\u00edm, ale vlak na nikoho ne\u010dek\u00e1. Zrychlujeme krok, mast\u00edme k\u00a0n\u00e1dra\u017e\u00ed. Koleje od Mladotic obsadily hordy mravenc\u016f, na\u0161t\u011bst\u00ed sm\u011br k\u00a0Rakovn\u00edku, ovl\u00e1d\u00e1 furt \u010cD. B\u011bhem n\u011bkolika minut se p\u0159i\u0159\u00edtil \u201eHokajf\u00f3n\u201c a zval n\u00e1s, sv\u00fdm vrniv\u00fdm zvukem dovnit\u0159. P\u0159einvestovan\u00fd dr\u00e1hy, n\u00e1m umo\u017enily vychutnat nes\u010detn\u011b pomal\u00fdch j\u00edzd. V\u00a0Rakovn\u00edku p\u0159esed\u00e1me do rychl\u00fdho rychl\u00edku, tak\u017ee v\u00a0Praze jsme v\u00a0cuku letu. Tady se lou\u010d\u00edme. Sam a N\u011bmej svi\u0161t\u011bj na Ti\u0161nov, j\u00e1 se proplejt\u00e1m k\u00a0\u010cern\u00fdmu mostu na autobus. Ke stanovi\u0161ti \u010d\u00edslo jedna, p\u0159ij\u00ed\u017ed\u00ed zhruba 30tilet\u00e1 bedna. Nebylo zbyt\u00ed. Vkl\u00e1d\u00e1m sv\u016fj osud do rukou muzea dopravy a uma\u0161t\u011bn\u00fdho \u0159idi\u010de v tri\u010dku. Nic se za celou cestu z\u00a0autobusu Karosa C734 neodd\u011blilo a do Trau\u010de p\u0159ijel na \u010das. V\u00a0Hor\u0148\u00e1ku se spustil d\u00e9\u0161\u0165 a t\u00edm skon\u010dil vandr ke St\u0159ele.<\/p>\n<p>Fotky a videa jsou<a href=\"http:\/\/www.slim2009.cz\/photo\/#\/shared_space\/folder\/388?_k=sdbzrg\" target=\"_blank\" rel=\"noopener\"> zde.<\/a> \u00a0 ( N\u011bkter\u00e1 videa jsou vhodn\u00e1 pouze pro siln\u00e9 povahy a osoby star\u0161\u00ed 15ti let. )<\/p>\n<p>Kilometr\u00e1\u017e a vej\u0161kov\u00fd profily. \u00a0 \u00a0 \u00a0 \u00a0<a href=\"http:\/\/www.slim2009.cz\/Prilohy\/Strela2017\/Strela2017_all.pdf\" target=\"_blank\" rel=\"noopener\">Cel\u00fd vandr<\/a> \u00a0 \u00a0 \u00a0 \u00a0 <a href=\"http:\/\/www.slim2009.cz\/Prilohy\/Strela2017\/Strela2017_01.pdf\" target=\"_blank\" rel=\"noopener\">Den 01<\/a> \u00a0 \u00a0 \u00a0 \u00a0 <a href=\"http:\/\/www.slim2009.cz\/Prilohy\/Strela2017\/Strela2017_02.pdf\" target=\"_blank\" rel=\"noopener\">Den 02<\/a> \u00a0 \u00a0 \u00a0 \u00a0 \u00a0<a href=\"http:\/\/www.slim2009.cz\/Prilohy\/Strela2017\/Strela2017_03.pdf\" target=\"_blank\" rel=\"noopener\">Den 03<\/a> \u00a0 \u00a0 \u00a0 \u00a0 <a href=\"http:\/\/www.slim2009.cz\/Prilohy\/Strela2017\/Strela2017_04.pdf\" target=\"_blank\" rel=\"noopener\">Den 04<\/a><\/p>\n<p>Origin\u00e1ln\u00ed itiner\u00e1\u0159 <a href=\"http:\/\/www.slim2009.cz\/Prilohy\/Strela2017\/Strela2017_itinerar.pdf\" target=\"_blank\" rel=\"noopener\">tuhle.<\/a><\/p>\n<p>Informace k t\u011b\u017eb\u011b vitriolu u Ko\u010d\u00edna <a href=\"http:\/\/www.slim2009.cz\/Prilohy\/Strela2017\/Kocin.pdf\" target=\"_blank\" rel=\"noopener\">zde.<\/a><\/p>\n<p>Video ve FHD ke sta\u017een\u00ed <a href=\"http:\/\/www.slim2009.cz\/Prilohy\/Videa\/Strela2017.mp4\" target=\"_blank\" rel=\"noopener\">tady.<\/a><\/p>\n","protected":false},"excerpt":{"rendered":"<p>Po roce se vyd\u00e1v\u00e1me znova pod\u00e9l St\u0159ely. Za\u010d\u00edn\u00e1me tam, kde jsme vloni skon\u010dili. Des\u00e1t\u00fdho kv\u011btna n\u00e1s \u017eeleznej o\u0159 dovezl do \u017dihle, odkud jdeme p\u0159es Nov\u00fd Dv\u016fr do Rab\u0161tejna nad St\u0159elou. V\u00a0Nov\u00fdm Dvo\u0159e, st\u00e1val z\u00e1me\u010dek, ve kter\u00fdm byli v\u011bzn\u011bni za druh\u00fd &hellip; <a href=\"https:\/\/www.slim2009.cz\/wordpress\/archivalie\/archiv-vandry\/strela-2017\/\">Cel\u00fd p\u0159\u00edsp\u011bvek <span class=\"meta-nav\">&rarr;<\/span><\/a><\/p>\n","protected":false},"author":1,"featured_media":0,"parent":5048,"menu_order":20,"comment_status":"closed","ping_status":"closed","template":"","meta":{"footnotes":""},"class_list":["post-3446","page","type-page","status-publish","hentry"],"_links":{"self":[{"href":"https:\/\/www.slim2009.cz\/wordpress\/wp-json\/wp\/v2\/pages\/3446","targetHints":{"allow":["GET"]}}],"collection":[{"href":"https:\/\/www.slim2009.cz\/wordpress\/wp-json\/wp\/v2\/pages"}],"about":[{"href":"https:\/\/www.slim2009.cz\/wordpress\/wp-json\/wp\/v2\/types\/page"}],"author":[{"embeddable":true,"href":"https:\/\/www.slim2009.cz\/wordpress\/wp-json\/wp\/v2\/users\/1"}],"replies":[{"embeddable":true,"href":"https:\/\/www.slim2009.cz\/wordpress\/wp-json\/wp\/v2\/comments?post=3446"}],"version-history":[{"count":1,"href":"https:\/\/www.slim2009.cz\/wordpress\/wp-json\/wp\/v2\/pages\/3446\/revisions"}],"predecessor-version":[{"id":6349,"href":"https:\/\/www.slim2009.cz\/wordpress\/wp-json\/wp\/v2\/pages\/3446\/revisions\/6349"}],"up":[{"embeddable":true,"href":"https:\/\/www.slim2009.cz\/wordpress\/wp-json\/wp\/v2\/pages\/5048"}],"wp:attachment":[{"href":"https:\/\/www.slim2009.cz\/wordpress\/wp-json\/wp\/v2\/media?parent=3446"}],"curies":[{"name":"wp","href":"https:\/\/api.w.org\/{rel}","templated":true}]}}