{"id":3429,"date":"2017-05-01T20:10:01","date_gmt":"2017-05-01T19:10:01","guid":{"rendered":"http:\/\/188.120.214.195\/?page_id=3429"},"modified":"2017-05-01T20:10:01","modified_gmt":"2017-05-01T19:10:01","slug":"oprava-kolejiste","status":"publish","type":"page","link":"https:\/\/www.slim2009.cz\/wordpress\/bulvar\/oprava-kolejiste\/","title":{"rendered":"Oprava koleji\u0161t\u011b"},"content":{"rendered":"<p>Dev\u011btadvac\u00e1t\u00fdho dubna 2017, jsem se z\u00fa\u010dastnil brig\u00e1dy ve V\u00fdtopn\u011b Jarom\u011b\u0159. Prob\u00edhala tady oprava koleji\u0161t\u011b mezi to\u010dnou a top\u00edrnou. Na nov\u011b p\u0159ipraven\u00fd \u0161t\u011brkov\u00fd lo\u017ee, se pokl\u00e1daly pra\u017ece, p\u016fvodn\u00ed podkladnice a vracely o\u010di\u0161t\u011bn\u00fd kolejnice se srdcovkama.\u00a0J\u00e1 se z\u00fa\u010dastnil <a href=\"http:\/\/www.slim2009.cz\/wordpress\/wp-content\/uploads\/2017\/05\/IMG_8260-3.jpg\" target=\"_blank\" rel=\"noopener\"><img loading=\"lazy\" decoding=\"async\" class=\"alignleft wp-image-3430\" src=\"http:\/\/www.slim2009.cz\/wordpress\/wp-content\/uploads\/2017\/05\/IMG_8260-3.jpg\" alt=\"IMG_8260\" width=\"288\" height=\"192\" \/><\/a>pouze tento konkr\u00e9tn\u00ed den, ale pr\u00e1ce prob\u00edhaly 29,30.4. a 1.5.2017 a i v n\u00e1sleduj\u00edc\u00ed dny i v\u00edkendy. Pr\u00e1ce za\u010d\u00ednaj\u00ed od sv\u00edt\u00e1n\u00ed do soumraku. \u00da\u010dastn\u00edci p\u0159ich\u00e1zej\u00ed a odch\u00e1zej\u00ed, tak jak mohou pomoct. J\u00e1 p\u0159i\u0161el na osmou, o p\u016fl jedn\u00fd si d\u00e1v\u00e1me ob\u011bdovou pauzu a kolem p\u016fl osumn\u00e1ct\u00fd se pakuju dom\u016f. \u010cas mezi, vypl\u0148ujeme usilovnou prac\u00ed. Kdo zrovna usilovn\u011b nemak\u00e1, alespo\u0148 usilovn\u011b rad\u00ed, p\u0159\u00edpadn\u011b mudruje, tak aby byl v\u00fdsledek, co nejlep\u0161\u00ed. N\u011bkolik fotek a vide\u00ed, dokumentuje na\u0161i usilovnou \u010dinnost.<\/p>\n<p>Videa i fotky jsou <strong><span style=\"color: #ff0000;\"><a href=\"http:\/\/www.slim2009.cz\/photo\/#\/shared_space\/folder\/35?_k=yjc7vz\" target=\"_blank\" rel=\"noopener\"><span style=\"color: #ff0000;\">zde.<\/span><\/a><\/span><\/strong><\/p>\n<p>Fotky a videa ke sta\u017een\u00ed<strong><span style=\"color: #ff0000;\"> <a href=\"http:\/\/www.slim2009.cz\/Prilohy\/renovacekolejiste_VJ_2017.zip\" target=\"_blank\" rel=\"noopener\"><span style=\"color: #ff0000;\">tady.<\/span><\/a><\/span><\/strong><\/p>\n","protected":false},"excerpt":{"rendered":"<p>Dev\u011btadvac\u00e1t\u00fdho dubna 2017, jsem se z\u00fa\u010dastnil brig\u00e1dy ve V\u00fdtopn\u011b Jarom\u011b\u0159. Prob\u00edhala tady oprava koleji\u0161t\u011b mezi to\u010dnou a top\u00edrnou. Na nov\u011b p\u0159ipraven\u00fd \u0161t\u011brkov\u00fd lo\u017ee, se pokl\u00e1daly pra\u017ece, p\u016fvodn\u00ed podkladnice a vracely o\u010di\u0161t\u011bn\u00fd kolejnice se srdcovkama.\u00a0J\u00e1 se z\u00fa\u010dastnil pouze tento konkr\u00e9tn\u00ed den, &hellip; <a href=\"https:\/\/www.slim2009.cz\/wordpress\/bulvar\/oprava-kolejiste\/\">Cel\u00fd p\u0159\u00edsp\u011bvek <span class=\"meta-nav\">&rarr;<\/span><\/a><\/p>\n","protected":false},"author":1,"featured_media":0,"parent":2168,"menu_order":13,"comment_status":"closed","ping_status":"closed","template":"","meta":{"footnotes":""},"class_list":["post-3429","page","type-page","status-publish","hentry"],"_links":{"self":[{"href":"https:\/\/www.slim2009.cz\/wordpress\/wp-json\/wp\/v2\/pages\/3429","targetHints":{"allow":["GET"]}}],"collection":[{"href":"https:\/\/www.slim2009.cz\/wordpress\/wp-json\/wp\/v2\/pages"}],"about":[{"href":"https:\/\/www.slim2009.cz\/wordpress\/wp-json\/wp\/v2\/types\/page"}],"author":[{"embeddable":true,"href":"https:\/\/www.slim2009.cz\/wordpress\/wp-json\/wp\/v2\/users\/1"}],"replies":[{"embeddable":true,"href":"https:\/\/www.slim2009.cz\/wordpress\/wp-json\/wp\/v2\/comments?post=3429"}],"version-history":[{"count":0,"href":"https:\/\/www.slim2009.cz\/wordpress\/wp-json\/wp\/v2\/pages\/3429\/revisions"}],"up":[{"embeddable":true,"href":"https:\/\/www.slim2009.cz\/wordpress\/wp-json\/wp\/v2\/pages\/2168"}],"wp:attachment":[{"href":"https:\/\/www.slim2009.cz\/wordpress\/wp-json\/wp\/v2\/media?parent=3429"}],"curies":[{"name":"wp","href":"https:\/\/api.w.org\/{rel}","templated":true}]}}