{"id":3217,"date":"2016-10-28T20:50:03","date_gmt":"2016-10-28T19:50:03","guid":{"rendered":"http:\/\/188.120.214.195\/?page_id=3217"},"modified":"2025-10-28T09:30:51","modified_gmt":"2025-10-28T08:30:51","slug":"brdsky-kempy-2016","status":"publish","type":"page","link":"https:\/\/www.slim2009.cz\/wordpress\/archivalie\/archiv-vandry\/brdsky-kempy-2016\/","title":{"rendered":"Brdsk\u00fd kempy 2016"},"content":{"rendered":"<p>Z kv\u011btna odlo\u017een\u00fd brdsk\u00fd kempy, se v z\u00e1\u0159\u00ed opravdu uskute\u010dnily. Z\u00e1\u0159\u00ed bylo hodn\u011b bab\u00ed, teplo skoro jako na konci pr\u00e1zdnin. V sobotu 24.z\u00e1\u0159\u00ed r\u00e1no, popad\u00e1m zabalenej b\u00e1gl a jdu na zast\u00e1vku m\u00edstn\u00ed MHD, kter\u00e1 m\u011b p\u0159ibli\u017euje k d\u00e1lk\u00e1\u010di, aby ten m\u011b dovez do m\u011bsta v\u0161ech <a href=\"http:\/\/www.slim2009.cz\/wordpress\/wp-content\/uploads\/2016\/10\/IMG_7708-3.jpg\" target=\"_blank\" rel=\"noopener\"><img loading=\"lazy\" decoding=\"async\" class=\"alignright wp-image-3221\" src=\"http:\/\/www.slim2009.cz\/wordpress\/wp-content\/uploads\/2016\/10\/IMG_7708-3.jpg\" alt=\"IMG_7708\" width=\"288\" height=\"192\" \/><\/a>opravdov\u00fdch pra\u017e\u00e1k\u016f. \u017d\u00e1dn\u00fd neo\u010dek\u00e1van\u00fd komplikace se nekonaly, tak\u017ee osob\u00e1k do \u0158evnice se Samem a N\u011bm\u00fdm, odjel beze m\u011b, tak jak napl\u00e1noval IDOS :-). Na\u0161t\u011bst\u00ed jsme v jednadvac\u00e1t\u00fdm stolet\u00ed, stolet\u00ed tunel\u016f a odklon\u016f, tak\u017ee doprava jezd\u00ed ve 2\/4te\u010dn\u00edm taktu \u010d\u00edslo5, Cmoll. Osobn\u00ed vlak SupeChc\u00edpni, Ludwig Van BigBeet hoven, Pha \u2013 \u0158ev, jezd\u00ed co hodinu, tak\u017ee kluc\u00ed ne\u010dekali ani moc dlouho. Po uv\u00edtac\u00edm proslovu, nahazujeme b\u00e1gly a jdeme. Seznamuju je s novinkou v na\u0161\u00ed navigaci. Po mimo\u0159\u00e1dn\u011b dlouh\u00fd dob\u011b, se mi poda\u0159ilo nahr\u00e1t pl\u00e1novanou trasu do naviga\u010dky a d\u00edky tomu, bysme m\u011bli j\u00edt p\u0159esn\u011b. Co\u017e jim n\u00e1zorn\u011b ukazuju hned, po prohl\u00eddce zbytku C&amp;K decim\u00e1lky na ramp\u011b skladi\u0161t\u011b. Vedu je \u00fapln\u011b nen\u00e1padnou stezkou mezi ploty a vych\u00e1z\u00edme na n\u00e1m\u011bst\u00ed. Voca\u010f zcela neomyln\u011b naviguju skrz vilovou z\u00e1stavbu, do Kejn\u00fd rokle. Za posledn\u00edm bar\u00e1kem, vid\u00edme bl\u00ed\u017e\u00edc\u00edho se b\u011b\u017eka\u0159e. A nen\u00ed to b\u011b\u017eka\u0159, je to wall-king-nordickson a jde se mrknout na Challenge, kterej se pr\u00e1v\u011b dneska kon\u00e1 v \u0158evnici. Po pokec\u00e1n\u00ed, stoup\u00e1me kejnou rokl\u00ed vzh\u016fru. Potk\u00e1v\u00e1me houba\u0159e, potvrzuj\u00edc\u00ed, \u017ee je velk\u00fd sucho a nic neroste. To ostatn\u011b vid\u00edme v\u016fkol na vlasn\u00ed o\u010di. V potoce je vody prdlajs, co\u017e je vlasn\u011b \u0161t\u011bst\u00ed, proto\u017ee kdyby to bylo naopak, museli bysme brodit a to te\u010f nehroz\u00ed. Cesti\u010dka vystoupala po \u00fabo\u010d\u00ed vpravo k vrcholu, d\u00edky tomu jsme minuli vodop\u00e1d a prvn\u00ed osadu T.O. Strong Boys. Na vr\u0161ku \u0159\u00e1dil k\u016frovec s motorovkou a motorov\u00fdm kon\u011bm. Nech\u00e1v\u00e1me ho \u0159\u00e1dit a po odpo\u010dinku jdeme naj\u00edt t\u0159i stud\u00e1nky. J\u00e1 bych je minul, ale Sam p\u0159esn\u011b v\u011bd\u011bl co hledat. N\u011bmej nab\u00edr\u00e1 vodu a nad stud\u00e1nkama nach\u00e1z\u00edme Osadu D\u011bt\u00ed P\u0159\u00edrody, kde si d\u011bl\u00e1me ob\u011bd. Dneska m\u00e1me k ob\u011bdu \u0161pek\u00e1\u010dky, chleba, ukrajinskou ho\u0159tici a \u010daj. Bu\u0159ty sn\u00edme rad\u0161i d\u0159\u00edv, ne\u017e jim <a href=\"http:\/\/www.slim2009.cz\/wordpress\/wp-content\/uploads\/2016\/10\/IMG_7797-3.jpg\" target=\"_blank\" rel=\"noopener\"><img loading=\"lazy\" decoding=\"async\" class=\"alignleft wp-image-3222\" src=\"http:\/\/www.slim2009.cz\/wordpress\/wp-content\/uploads\/2016\/10\/IMG_7797-3.jpg\" alt=\"IMG_7797\" width=\"288\" height=\"157\" \/><\/a>narostou no\u017ei\u010dky :-). Po bu\u0159tobran\u00ed, stoup\u00e1me do D\u00e1nsk\u00fd zem\u011b, Jelen\u00edm v\u00fdskokem, co\u017e je skaln\u00ed h\u0159bet za\u010d\u00ednaj\u00edc\u00ed u Osady D\u011bt\u00ed Zem\u011b. H\u0159bet bejval\u00fdho lomu na dla\u017eebn\u00ed k\u00e1men je dlouhej n\u011bkolik stovek metr\u016f. Sk\u00e1ly tu padaj dol\u016f do su\u0165ov\u00fdch pol\u00ed a na nich rostou des\u00edtky pokroucen\u00fdch borovic, ost\u0159e kontrastuj\u00edc\u00ed s b\u00edl\u00fdm kamenem zdej\u0161\u00edch k\u0159emenc\u016f. Ve sm\u011bru ku \u0158evnic\u00edm je otev\u0159en\u00fd v\u00fdhled na \u010cesk\u00fd kras a p\u0159ekvapiv\u011b i Karl\u0161tejn. Jm\u00e9no m\u00edsta, je po star\u00fdm trampovi jm\u00e9nem D\u00e1n, kter\u00fd tu te\u010f m\u00e1 pomn\u00edk. Jeho srub byl prej \u00famysln\u011b zasyp\u00e1n i s jeho popelem. V okol\u00ed je spousta dal\u0161\u00edch t\u00e1bo\u0159i\u0161\u0165 a k\u0159\u00ed\u017ek\u016f. (+ jeden otev\u0159en\u00fd srub a v rokli pod sk\u00e1lou ukryt\u00fd srub T.O. D\u00e1nsko). Z D\u00e1nska se vyd\u00e1v\u00e1me po modr\u00fd zp\u00e1tky k \u0158evnic\u00edm, ale pak odbo\u010dujeme na Str\u00e1\u017en\u00fd vrch, kde pod n\u00edm sm\u011brem K Babce, nach\u00e1z\u00edme osadu \u017delva. Na Babku nen\u00ed p\u0159\u00edm\u00e1 cesta, proto\u017ee Str\u00e1\u017en\u00fd a Babku d\u011bl\u00ed hlubok\u00e1 str\u017e. Mus\u00edme sej\u00edt k silnici, po n\u00ed doj\u00edt vej\u0161 k zelen\u00fd zna\u010dce a zase se traverzem vr\u00e1tit na Babku. Ani v Babsk\u00fdm potoce, nen\u00ed voda k nabr\u00e1n\u00ed do \u010dutor. P\u0159eci jenom u\u017e je pozdn\u00ed odpoledne a p\u0159emej\u0161l\u00edme, kde zalehneme. Na Babce si d\u00e1v\u00e1me voraz a rad\u00edme se, kam a\u017e p\u016fjdem. Nezbejv\u00e1, ne\u017e j\u00edt a\u017e ke stud\u00e1nce Landovka a doufat, \u017ee tam voda bude. Rozhodn\u011b ale jdeme p\u0159es Pi\u0161\u0165\u00e1k, k\u0159emencov\u00fd bradlo, s a\u017e 100 metr\u016f vysok\u00fdma sr\u00e1zama, skaln\u00ed sut\u011b. Na h\u0159ebenu jsou stopy prehistorick\u00fdho hradi\u0161t\u011b vybudovan\u00fdho pravd\u011bpodobn\u011b v mlad\u0161\u00ed a\u017e pozdn\u00ed dob\u011b bronzov\u00fd, od severov\u00fdchodu opevn\u011bn\u00fdho dv\u011bma a\u017e t\u0159ema valama a p\u0159\u00edkopama. Ostroh os\u00eddlen snad i v pozdn\u00ed dob\u011b kamenn\u00e9 a ran\u00e9m st\u0159edov\u011bku. Drobn\u00e9 l\u016fmky i ve v\u00fdchodn\u00ed \u010d\u00e1sti h\u0159ebene bl\u00ed\u017ee Babce. V n\u011bkter\u00fdch ukryt\u00e9 historick\u00e9 trampsk\u00e9 osady v\u010detn\u011b symbolick\u00e9ho trampsk\u00e9ho h\u0159bitova &#8211; T.O. Otroci vzpom\u00ednek. Od Otrok\u016f prudce kles\u00e1me k Nezabudick\u00fdmu potoku, kde je stud\u00e1nka Landovka. Na m\u00edst\u011b zji\u0161\u0165ujeme, \u017ee byla. M\u00edsto stud\u00e1nky je rozje\u017ed\u011bnej p\u0159\u00edkop. Chv\u00edli se mot\u00e1me tu tam, tu tu, abysme popo\u0161li, kousek d\u00e1l. Je docela \u0161ero, tak\u017ee shazujeme b\u00e1gly, vrac\u00edme se zp\u00e1tky k Landovce, slejz\u00e1me k potoku a bereme vodu rovnou z potoka. Kdy\u017e do n\u00ed d\u00e1me pantocit a p\u0159eva\u0159\u00edme ji, mo\u017en\u00e1 mal\u00e1rii nebo lepru nechyt\u00edme :-). Vodu teda m\u00e1me, te\u010f je\u0161t\u011b najit plac na tabor\u00e1k a span\u00ed. Popolejz\u00e1me do kope\u010dka, kde se svah narovn\u00e1v\u00e1. Chv\u00edlema je cejtit kou\u0159. Vpravo pod zna\u010dkou, nach\u00e1z\u00edme rovnan\u00fd kamen\u00ed, za kter\u00fdm se pod horizontem pl\u00e1pol\u00e1 ohe\u0148. U n\u011bj sed\u00ed dva trampov\u00e9. Obch\u00e1z\u00edme val, pt\u00e1me se, jestli si m\u016f\u017eeme p\u0159isednout a <a href=\"http:\/\/www.slim2009.cz\/wordpress\/wp-content\/uploads\/2016\/10\/IMG_7871-3.jpg\" target=\"_blank\" rel=\"noopener\"><img loading=\"lazy\" decoding=\"async\" class=\"alignright wp-image-3224\" src=\"http:\/\/www.slim2009.cz\/wordpress\/wp-content\/uploads\/2016\/10\/IMG_7871-3.jpg\" alt=\"IMG_7871\" width=\"288\" height=\"192\" \/><\/a>p\u0159enocovat. Jak by ne, p\u0159isedn\u011bte k ohni. Sice do\u0161lo na p\u0159edstavov\u00e1n\u00ed, jen\u017ee: \u201eZ\u010dista jasna, vystartoval ze spac\u00e1ku trha\u010d a u\u017e n\u00e1s cht\u011bl vl\u00e1\u010det do pel\u00ed\u0161ku!\u201c Z toho \u0161oku, si pamatujeme jenom: \u201e Megino! To nen\u00ed divo\u010d\u00e1k, nebo bezdomovec, mazej na m\u00edsto! Nech p\u00e1ni\u010dky napokoji!\u201c Tak\u017ee si pamatujeme, \u017ee York\u0161\u00edrsk\u00fd teri\u00e9r je Megina a druhej tremp je Buk. Na p\u0159ezd\u00edvku majitele trha\u010de divo\u010d\u00e1k\u016f si n\u00e9 a n\u00e9 vzpomenout. Rozhodn\u011b je ze s Plzn\u011b. P\u0159ipravujeme si le\u017een\u00ed pod dubem a na ohni si v konvici va\u0159\u00edme \u010daj. Pak kl\u00e1bos\u00edme, Buk hraje na kytaru, Megina si co chv\u00edli odb\u011bhne, za neust\u00e1l\u00fdho \u0148af\u00e1n\u00ed, ulovit dal\u0161\u00edho divo\u010d\u00e1ka, nebo bezdomovce do lesa. P\u00e1n\u00ed\u010dek s Bukem pop\u00edjej\u00ed \u010derven\u00fd v\u00edno, p\u0159i\u010dem\u017e se co chv\u00edli ozve zvol\u00e1n\u00ed: \u201eRomantiko\u0161\u201c , kdy\u017e do\u0161lo v\u00edno, otev\u0159eli fla\u0161ku rumu CHE GUEVARA. Abysme neurazili, tak ochutn\u00e1v\u00e1me. A opravdu: Romantiko\u0161! Buk hraje Ryvolovky, pl\u00e1pol\u00e1k pl\u00e1pol\u00e1, \u0148af se mi usazuje na kl\u00edn\u011b. N\u011bkdy, kolem p\u016flnoci jdeme sp\u00e1t. Noc byla klidn\u00e1, jenom \u010das, od \u010dasu, spadnul z dubu \u017ealud, velkej jako p\u011bst. T\u00edm dostat do hlavy, byl by z toho ot\u0159esnej ot\u0159es.<br \/>\nVst\u00e1v\u00e1me kolem sedm\u00fd, rozd\u011bl\u00e1v\u00e1me ohe\u0148, va\u0159\u00edme \u010daj, sn\u00edd\u00e1me. Dobrou hodinu je\u0161t\u011b kec\u00e1me u ohn\u011b, pak se lou\u010d\u00edme a jdeme do kopce k jez\u00edrku. Do roku 1921 obecn\u00ed lom (majetek obce Lety). V roce 1921 se po odst\u0159elu sk\u00e1ly objevila voda a zatopila lom. Kolem roku 1923 toto m\u00edsto objevili t\u0159i osadn\u00edci z osady Westend \u2013 \u00dadol\u00ed hadr\u016f. Ti si zde pronajali starou boudu na n\u00e1\u0159ad\u00ed, kterou zde m\u011bli lama\u010di kamene. Kolem roku 1924 zde postavili prvn\u00ed boudu EL PASO. Postavili ji na jedin\u00e9m mo\u017en\u00e9m, trochu rovn\u00e9m a p\u0159\u00edstupn\u00e9m m\u00edst\u011b. Skl\u00e1dali kameny a ka\u017edou sobotu nosili v uhl\u00ed\u0159sk\u00fdch putn\u00e1ch z Haloun od hospody \u201eU zrzav\u00e9ho pavi\u00e1na\u201c hl\u00ednu <a href=\"http:\/\/www.slim2009.cz\/wordpress\/wp-content\/uploads\/2016\/10\/IMG_7931_panorama-3.jpg\" target=\"_blank\" rel=\"noopener\"><img loading=\"lazy\" decoding=\"async\" class=\"alignleft wp-image-3225\" src=\"http:\/\/www.slim2009.cz\/wordpress\/wp-content\/uploads\/2016\/10\/IMG_7931_panorama-3.jpg\" alt=\"IMG_7931_panorama\" width=\"480\" height=\"164\" \/><\/a>kterou jim zde hospodsk\u00fd p\u0159ipravil. Dnes je tu 8 chat. Po d\u016fkladn\u00fdm odpo\u010dinku sch\u00e1z\u00edme dol\u016f do Haloun, do hospody \u201eU Zrzav\u00fdho Pavi\u00e1na\u201c. Tady si d\u00e1v\u00e1me ob\u011bd, dv\u011b zrzav\u00fd vody, teda N\u011bmej \u0161p\u00ednu z trubek ( fofolu ). Napojen\u00ed, najeden\u00ed, odch\u00e1z\u00edme poln\u00ed cestou k Hat\u00edm. U Vrahova potoka v \u00dadol\u00ed hadr\u016f, se jdeme pod\u00edvat na zdej\u0161\u00ed osady. N\u011bkde by tady m\u011bl m\u00edt chatu Marko \u010cerm\u00e1k, jen\u017ee skoro u ka\u017ed\u00fd boudy stoj\u00ed gumokol, tak se pakujeme a jdeme proti proudu vzh\u016fru. N\u011bkolikr\u00e1t odpo\u010d\u00edv\u00e1me, ne\u017e se dostaneme pod osadu B\u00edl\u00e9 Sk\u00e1ly. I tady je \u017eivo, tak\u017ee pokra\u010dujeme a\u017e na asfaltku vedouc\u00ed do bejval\u00fd raketov\u00fd z\u00e1kladny Klondajk. P\u016fvodn\u011b jsme m\u011bli j\u00edt i tam, ale nakonec jsme ji minuli. Kolem Klondajku jsou dneska turistick\u00fd a koln\u00ed stezky. Proto\u017ee je hezky, hem\u017e\u00ed se to tady, t\u016fristama na kolech i bez nich. U B\u00edl\u00fd stud\u00e1nky nab\u00edr\u00e1me vodu a miz\u00edme z dosahu zna\u010den\u00fdch cest. Navigace n\u00e1s vede k trempsk\u00fdm kemp\u016fm, bohu\u017eel k jin\u00fdm ne\u017e napl\u00e1noval Sam. Vrac\u00edme se kousek zp\u00e1tky, pak se no\u0159\u00edme do ba\u017ein a pod\u00e9l pot\u016f\u010dku sch\u00e1z\u00edme od prame \u010cern\u00fdho potoka a nach\u00e1z\u00edme kemp Pra\u017eec. Tady se usazujeme. Jdeme na d\u0159\u00edv\u00ed, zapalujeme ohe\u0148, p\u0159ipravujeme span\u00ed, va\u0159\u00edme si ve\u010de\u0159i a \u010daj. Kone\u010dn\u011b nebude nouze o vodu, potok te\u010de pod\u00e9l osady. Sed\u00edme u ohn\u011b, pop\u00edj\u00edme \u010daj a odpo\u010d\u00edv\u00e1me. Smrklo se, je tma jako v pytli, tak jdeme sp\u00e1t.<br \/>\nR\u00e1no se oplachujeme v potoce, kart\u00e1\u010dkem prov\u00e1d\u00edme o\u010distu zub\u016f, abysme si je hnedka potom zapatlali sn\u00eddan\u00ed. Bal\u00edme si saky i paky, vohe\u0148 zalejv\u00e1me vodou. Na ohni\u0161t\u011b d\u00e1v\u00e1me smrkovou v\u011btvi\u010dku, jak je tady zvykem a odch\u00e1z\u00edme pod\u00e9l potoka k nedalek\u00fd lesn\u00ed cest\u011b. Jen se chyst\u00e1me zal\u00edzt do hou\u0161tin, u\u017e se kolem prohnaly ter\u00e9\u0148\u00e1ky s lesoplundrama. Na\u0161t\u011bst\u00ed maj jin\u00fd starosti, tak\u017ee n\u00e1s <a href=\"http:\/\/www.slim2009.cz\/wordpress\/wp-content\/uploads\/2016\/10\/IMG_7990-3.jpg\" target=\"_blank\" rel=\"noopener\"><img loading=\"lazy\" decoding=\"async\" class=\"alignright wp-image-3226\" src=\"http:\/\/www.slim2009.cz\/wordpress\/wp-content\/uploads\/2016\/10\/IMG_7990-3.jpg\" alt=\"IMG_7990\" width=\"288\" height=\"192\" \/><\/a>nech\u00e1vaj napokoji. Navigace n\u00e1s vede cestou necestou ke kemp\u016fm Michilimakinak, Samot\u00e1\u0159 a Zlat\u00fd dno. Zdr\u017euju se focen\u00edm a jdu teda pozadu. Uprost\u0159ed prameni\u0161\u0165 nach\u00e1z\u00edm vojenskej kab\u00e1t, kterej upad N\u011bm\u00fdmu. Ten m\u00e1 ale \u0161t\u011bst\u00ed, jin\u00e1\u010d by ho \u0161el hledat. V kempu Samot\u00e1\u0159 odpo\u010d\u00edv\u00e1me. Po lehk\u00fdm odfrknut\u00ed si, jdeme na Zlat\u00fd dno. Kolem roku 1929 zde trampov\u00e9 (gener\u00e1l) Packard, Svenny Krupi\u010dka, Dawe, Venca Kunc, Johny (n\u011bkdy je uv\u00e1d\u011bn i Fox) z legend\u00e1rn\u00ed Brdsk\u00e9 zimn\u00ed brig\u00e1dy zalo\u017eili Dice camp, pozd\u011bji zvan\u00e9 Zlat\u00e9 dno. Po skon\u010den\u00ed 2. sv. v\u00e1lky zde spont\u00e1nn\u011b vyrostla mohyla na pam\u00e1tku voj\u00e1k\u016f-tramp\u016f zem\u0159el\u00fdch v boji (od ob\u010dansk\u00e9 v\u00e1lky ve \u0160pan\u011blsku 1936 po v\u00e1lku sv\u011btovou) a umu\u010den\u00fdch tramp\u016f b\u011bhem protinacistick\u00e9ho odboje (gener\u00e1l Jerry Packard a Bill Bronches zahynuli v koncentra\u010dn\u00edch t\u00e1borech v roce 1943). Bylo to m\u00edsto ka\u017edoro\u010dn\u00edch pietn\u00edch setk\u00e1n\u00ed, ofici\u00e1ln\u00edch i neofici\u00e1ln\u00edch, kde se lid\u00e9 poklonili, posed\u011bli a podle tradice nep\u0159esp\u00e1vali. Po p\u00e1du komunismu mohylu restaurovala \u010cesk\u00e1 t\u00e1bornick\u00e1 unie. Ode Dna, jdem pod\u00e9l potoka k asfaltce a pak na rozcest\u00ed u Kn\u00ed\u017eec\u00edch stud\u00e1nek. V p\u0159\u00edst\u0159e\u0161ku sva\u010d\u00edme, p\u0159ed jeden a p\u016fl kilometrov\u00fdm stoup\u00e1n\u00edm na Sto\u017eec. Odkud sme m\u011bli j\u00edt po h\u0159eben\u00ed na hradi\u0161t\u011b Hradec. Ned\u0159\u00edv si ale nab\u00edr\u00e1me u Kn\u00ed\u017eec\u00ed stud\u00e1nky vodu. O jeden a p\u016fl kilometru d\u00e1l, stoj\u00edme propocen\u00ed u rozcestn\u00edku pod Sto\u017ecem a podivn\u00e1 te\u010dkov\u00e1 \u010derven\u00e1 zna\u010dka n\u00e1s vede vlevo. A\u017e o kousek d\u00e1l zji\u0161\u0165ujeme, \u017ee to nen\u00ed, n\u00e1ma hledan\u00e1 <a href=\"http:\/\/www.slim2009.cz\/wordpress\/wp-content\/uploads\/2016\/10\/IMG_8020-3.jpg\" target=\"_blank\" rel=\"noopener\"><img loading=\"lazy\" decoding=\"async\" class=\" wp-image-3227 alignleft\" src=\"http:\/\/www.slim2009.cz\/wordpress\/wp-content\/uploads\/2016\/10\/IMG_8020-3.jpg\" alt=\"IMG_8020\" width=\"288\" height=\"192\" \/><\/a>\u010derven\u00e1. Ta vede za h\u0159ebenem na druh\u00fd stran\u011b. D\u00edky tomu ale vid\u00edme lan\u011b pasouc\u00ed se u stezky. Na hradi\u0161t\u011b Hradec se dost\u00e1v\u00e1me i tak. V jeho nejvy\u0161\u0161\u00edch parti\u00edch se rozkl\u00e1d\u00e1 kdysi pe\u010dliv\u011b ohrazen\u00fd prehistorick\u00fd prostor s dodnes na 12m \u0161irok\u00fdmi a 5m vysok\u00fdmi kamenn\u00fdmi valy. Celkov\u00e1 plocha hradi\u0161t\u011b je rozprost\u0159ena na plo\u0161e 200 x 90m, p\u0159i\u010dem\u017e ve vrcholov\u00e9 \u010d\u00e1sti je dal\u0161\u00ed v\u00fdrazn\u00e1 vyv\u00fd\u0161enina o pr\u016fm\u011bru necel\u00fdch 30m. Kdysi sem na vrchol vedla \u017elut\u00e1 zna\u010dka a ur\u010dit\u011b tady byl p\u011bknej rozhled. Dneska je vid\u011bt od k\u0159\u00ed\u017ee, akor\u00e1d tak Dob\u0159\u00ed\u0161 v d\u00e1li. Je zhruba t\u0159et\u00ed hodina odpoledne a zd\u00e1 se, \u017ee nem\u00e1me dostatek \u010dasu na to, doj\u00edt k J\u00ednc\u016fm podle itiner\u00e1\u0159e. Mo\u017en\u00e1 p\u016fjdem k Hostomic\u016fm, rozhodneme to ale a\u017e pod Studen\u00fdm vrchem. Pod Hradcem si nasazujeme pohozen\u00fd b\u00e1gly, podch\u00e1z\u00edme vysok\u00fd nap\u011bt\u00ed, p\u0159ekra\u010dujeme silnici a na druh\u00fd stran\u011b pokra\u010dujeme po h\u0159eben\u00ed ke Studen\u00fdmu vrchu. M\u00edj\u00edme kamenn\u00fd valy, pomalu stoup\u00e1me vy\u0161lapanou cesti\u010dkou. Ta ale kon\u010d\u00ed u kempu THXXXIII. , a pak jdeme tak daleko, dokud n\u00e1m to hou\u0161tiny dovolej. Na\u0161t\u011bst\u00ed se z hou\u0161tin vymot\u00e1v\u00e1me u p\u0159\u00edst\u0159e\u0161ku pod Studen\u00fdm. Sed\u00e1me si a nad mapou mudrujeme, kam se vrtneme. Rozhodn\u011b vynech\u00e1v\u00e1me rozhlednu, stejn\u011b je dneska zav\u0159en\u00e1. Navrhuju neopou\u0161t\u011bt vej\u0161ku a p\u0159es Kuchy\u0148ku doj\u00edt ke Komorsku na Three Boys, kde to zn\u00e1m. Je tam voda, ohni\u0161t\u011b, pila a tak. <a href=\"http:\/\/www.slim2009.cz\/wordpress\/wp-content\/uploads\/2016\/10\/IMG_8162-3.jpg\" target=\"_blank\" rel=\"noopener\"><img loading=\"lazy\" decoding=\"async\" class=\"alignright wp-image-3229\" src=\"http:\/\/www.slim2009.cz\/wordpress\/wp-content\/uploads\/2016\/10\/IMG_8162-3.jpg\" alt=\"IMG_8162\" width=\"288\" height=\"192\" \/><\/a>Nav\u00edc, to bude na vlak, asi ho\u010fka cesty. Zat\u00edm, co u Hostomic, nev\u00edme co bude. Jdeme teda na Three Boys. Jedin\u00fd v\u011bt\u0161\u00ed stoup\u00e1n\u00ed, m\u00e1me ze sedla na Kuchy\u0148ku, ale pak u\u017e se sypeme z kope\u010dka a\u017e na osadu, kam p\u0159ich\u00e1z\u00edme v \u0161est, docela ucaprcan\u00fd. B\u00e1gly d\u00e1v\u00e1me na lavice, jdem na d\u0159\u00edv\u00ed a pro vodu. Tak m\u00e1lo vody, jsem tady je\u0161t\u011b nevid\u011bl. To se r\u00e1no ur\u010dit\u011b nebudu koupat a dom\u016f pojedu jako prase. Na \u010daj, to ale sta\u010d\u00ed. K ve\u010de\u0159i doj\u00edd\u00e1me posledn\u00ed konzervy, ale na r\u00e1no si nech\u00e1v\u00e1me trochu chleba. Proto\u017ee jsme t\u0159i a lavice taky, rozbalujeme si hezky na kul\u00e1nk\u00e1ch. V noci je dost teplo, tak se spac\u00e1kem jenom p\u0159ikrejv\u00e1m i tak se bud\u00edm v noci teplem.<br \/>\nVst\u00e1v\u00e1me kolem sedm\u00fd, sn\u00edd\u00e1me a bal\u00edme si. Proto\u017ee m\u00e1me dost \u010dasu, p\u016fjdeme se pod\u00edvat na trilobity nad \u010denkovskou pilou. Cestou se dost flajz\u00e1me a nav\u00edc si p\u0159esn\u011b nepamatujeme, kde to je, tak\u017ee rad\u0161i jdeme rovnou na n\u00e1dra\u017e\u00ed. Vlak p\u0159ij\u00ed\u017ed\u00ed v\u010das, odv\u00e1\u017e\u00ed n\u00e1s do Zdic, kde p\u0159estupujeme na Prahu. Tady se lou\u010d\u00edme a jedeme dom\u016f.<\/p>\n<p>Fotky i videa jsou <a href=\"http:\/\/www.slim2009.cz\/photo\/#\/shared_space\/folder\/390?_k=43xcbd\" target=\"_blank\" rel=\"noopener\">tady.<\/a><\/p>\n<p>Kilometr\u00e1\u017e a vej\u0161kovej profil <a href=\"http:\/\/www.slim2009.cz\/Prilohy\/Brdy2016\/Brdy2016.pdf\" target=\"_blank\" rel=\"noopener\">tuhle.<\/a><\/p>\n<p>Komentovan\u00fd video v HD kvalit\u011b <a href=\"http:\/\/www.slim2009.cz\/Prilohy\/Videa\/BrdskyKempy2016.mp4\" target=\"_blank\" rel=\"noopener\">je tady<\/a>.<\/p>\n","protected":false},"excerpt":{"rendered":"<p>Z kv\u011btna odlo\u017een\u00fd brdsk\u00fd kempy, se v z\u00e1\u0159\u00ed opravdu uskute\u010dnily. Z\u00e1\u0159\u00ed bylo hodn\u011b bab\u00ed, teplo skoro jako na konci pr\u00e1zdnin. V sobotu 24.z\u00e1\u0159\u00ed r\u00e1no, popad\u00e1m zabalenej b\u00e1gl a jdu na zast\u00e1vku m\u00edstn\u00ed MHD, kter\u00e1 m\u011b p\u0159ibli\u017euje k d\u00e1lk\u00e1\u010di, aby ten &hellip; <a href=\"https:\/\/www.slim2009.cz\/wordpress\/archivalie\/archiv-vandry\/brdsky-kempy-2016\/\">Cel\u00fd p\u0159\u00edsp\u011bvek <span class=\"meta-nav\">&rarr;<\/span><\/a><\/p>\n","protected":false},"author":1,"featured_media":0,"parent":5048,"menu_order":20,"comment_status":"closed","ping_status":"closed","template":"","meta":{"footnotes":""},"class_list":["post-3217","page","type-page","status-publish","hentry"],"_links":{"self":[{"href":"https:\/\/www.slim2009.cz\/wordpress\/wp-json\/wp\/v2\/pages\/3217","targetHints":{"allow":["GET"]}}],"collection":[{"href":"https:\/\/www.slim2009.cz\/wordpress\/wp-json\/wp\/v2\/pages"}],"about":[{"href":"https:\/\/www.slim2009.cz\/wordpress\/wp-json\/wp\/v2\/types\/page"}],"author":[{"embeddable":true,"href":"https:\/\/www.slim2009.cz\/wordpress\/wp-json\/wp\/v2\/users\/1"}],"replies":[{"embeddable":true,"href":"https:\/\/www.slim2009.cz\/wordpress\/wp-json\/wp\/v2\/comments?post=3217"}],"version-history":[{"count":1,"href":"https:\/\/www.slim2009.cz\/wordpress\/wp-json\/wp\/v2\/pages\/3217\/revisions"}],"predecessor-version":[{"id":6348,"href":"https:\/\/www.slim2009.cz\/wordpress\/wp-json\/wp\/v2\/pages\/3217\/revisions\/6348"}],"up":[{"embeddable":true,"href":"https:\/\/www.slim2009.cz\/wordpress\/wp-json\/wp\/v2\/pages\/5048"}],"wp:attachment":[{"href":"https:\/\/www.slim2009.cz\/wordpress\/wp-json\/wp\/v2\/media?parent=3217"}],"curies":[{"name":"wp","href":"https:\/\/api.w.org\/{rel}","templated":true}]}}