{"id":3163,"date":"2016-08-02T13:10:21","date_gmt":"2016-08-02T12:10:21","guid":{"rendered":"http:\/\/188.120.214.195\/?page_id=3163"},"modified":"2016-08-02T13:10:21","modified_gmt":"2016-08-02T12:10:21","slug":"trosky-pod-troskama","status":"publish","type":"page","link":"https:\/\/www.slim2009.cz\/wordpress\/bulvar\/trosky-pod-troskama\/","title":{"rendered":"Trosky pod Troskama"},"content":{"rendered":"<p><a href=\"http:\/\/www.slim2009.cz\/wordpress\/wp-content\/uploads\/2016\/08\/IMG_6428-3.jpg\" target=\"_blank\" rel=\"noopener\"><img loading=\"lazy\" decoding=\"async\" class=\"alignright wp-image-3166\" src=\"http:\/\/www.slim2009.cz\/wordpress\/wp-content\/uploads\/2016\/08\/IMG_6428-3.jpg\" alt=\"IMG_6428\" width=\"288\" height=\"192\" \/><\/a>Druhej vejlet p\u0159i prodlo\u017een\u00fdm \u010dervencov\u00fdm v\u00edkendu, byl Cyklovejlet na Vald\u0161tejn u Turnova a okol\u00ed. P\u00e1t\u00fdho r\u00e1no,\u00a0 po probuzen\u00ed, po sn\u00eddani a nalo\u017een\u00ed kol, jedeme sm\u011br Turnov. Nebejt obj\u00ed\u017e\u010fky u Horek a semaf\u00f3ru v\u00a0Pace, byla by to nuda. Bloud\u00edli jsme jenom p\u0159\u00edmo v\u00a0Pele\u0161anech, proto\u017ee odbo\u010dka k\u00a0parkovi\u0161ti nen\u00ed zna\u010den\u00e1, ale hned na podruh\u00fd stoj\u00edme na parkovi\u0161ti. Ostatn\u011b jin\u00e1 ulice tady u\u017e nen\u00ed. Sund\u00e1v\u00e1m kola a vyr\u00e1\u017e\u00edme na hrad Vald\u0161tejn. U hradu je hem\u017een\u00ed turist\u016f a kolist\u016f. Na hrad\u011b samotn\u00fdm se d\u011bjou, krom prohl\u00eddek i st\u0159edov\u011bk\u00fd bitky, voplechovan\u00fdch bitka\u0159\u016f. Prohl\u00ed\u017e\u00edme si voln\u011b dostupn\u00fd interi\u00e9ry, vyhl\u00ed\u017e\u00edme z\u00a0vyhl\u00eddek. N\u011b\u017e opust\u00edme Vald\u0161tejnburg, ochutn\u00e1v\u00e1me bramborov\u00fd placky s\u00a0povidlama a \u010desnekem, kter\u00fd p\u0159ipravujou \u017een\u0161tiny kejkl\u00ed\u0159\u016f. Hem\u017een\u00ed na, i p\u0159ed hradem dosahuje vrcholu, tak\u017ee nased\u00e1me a jedeme okouknout Kopic\u016fv statek, ale hlavn\u011b skaln\u00ed reli\u00e9fy, kter\u00fd tady Vojt\u011bch Kopic vytesal. Traduje se, \u017ee Vojt\u011bch Kopic t\u011b\u017ece nesl obsazen\u00ed republiky v\u00a0roce 38 a sv\u016fj vzdor ventiloval ve skal\u00e1ch za statkem. Nebyl socha\u0159, nosil s sebou jen to, s \u010d\u00edm <a href=\"http:\/\/www.slim2009.cz\/wordpress\/wp-content\/uploads\/2016\/08\/IMG_6520-3.jpg\" target=\"_blank\" rel=\"noopener\"><img loading=\"lazy\" decoding=\"async\" class=\"alignleft wp-image-3169\" src=\"http:\/\/www.slim2009.cz\/wordpress\/wp-content\/uploads\/2016\/08\/IMG_6520-3.jpg\" alt=\"IMG_6520\" width=\"288\" height=\"192\" \/><\/a>se nau\u010dil zach\u00e1zet p\u0159i oprav\u00e1ch chalupy: krump\u00e1\u010d, \u0161pi\u010d\u00e1k, pali\u010dku. S nimi ale dok\u00e1zal vytvo\u0159it pozoruhodn\u011b jemn\u00e9 reli\u00e9fy, kter\u00e9 v p\u00edskovc\u00edch Hruboskalska vznikaly od 40. let 20. stolet\u00ed a\u017e do jeho smrti v roce 1978. Za\u010dal tradi\u010dn\u011b, svat\u00fdm V\u00e1clavem, postupn\u011b pak p\u0159id\u00e1val dal\u0161\u00ed postavy. P\u0159emysla Or\u00e1\u010de, Cyrila a Metod\u011bje, Husa, Komensk\u00e9ho, \u017di\u017eku, Havl\u00ed\u010dka, \u0160em\u00edka s Horym\u00edrem, kter\u00e9mu v letu vlaj\u00ed vlasy, J\u00e1no\u0161\u00edka, partyz\u00e1na, lidickou matku, jelena, muflona, Bruncv\u00edkova lva\u2026 Ale je tu tak\u00e9 husitsk\u00fd kr\u00e1l Ji\u0159\u00ed z Pod\u011bbrad, k n\u011bmu\u017e vytesal: \u201eKdo chce vyhov\u011bti v\u0161em, nevyhov\u00ed nikomu\u201c, a amorek s p\u0159ipraven\u00fdm \u0161\u00edpem a varov\u00e1n\u00edm: \u201eKa\u017ed\u00e9ho tref\u00edm!\u201c Podobn\u00fdmi pr\u016fpov\u00eddkami Kopic dopl\u0148oval \u0159adu v\u00fdjev\u016f a nad\u011blil je stejn\u011b p\u016fvabnou naivitou, patosem i moudrost\u00ed lidov\u00e9ho um\u011blce. Koncem v\u00e1lky Kopic ukr\u00fdval ve skal\u00e1ch \u010dty\u0159i uprchl\u00edky z pochodu smrti. Pak p\u0159i\u0161lo osvobozen\u00ed, ale se soch\u00e1n\u00edm nep\u0159estal, i kdy\u017e mu po\u00fanorov\u00fd re\u017eim nep\u0159\u00e1l. Ostatn\u011b, t\u011b\u017eko se komunist\u016fm mohl l\u00edbit Masaryk nebo and\u011bl s Je\u017e\u00ed\u0161kem. Co v\u00edc, ochr\u00e1nci p\u0159\u00edrody ho napadali, \u017ee ni\u010d\u00ed p\u00edskovcov\u00e9 sk\u00e1ly. Naopak turist\u00e9 jeho \u201e\u010desk\u00e9 d\u011bjiny a mytologii do kamene tesan\u00e9\u201c za\u0159adili mezi atraktivn\u00ed v\u00fdletn\u00ed c\u00edle. Zem\u0159el v roce 1978. V <a href=\"http:\/\/www.slim2009.cz\/wordpress\/wp-content\/uploads\/2016\/08\/IMG_6539-3.jpg\" target=\"_blank\" rel=\"noopener\"><img loading=\"lazy\" decoding=\"async\" class=\"wp-image-3170 alignright\" src=\"http:\/\/www.slim2009.cz\/wordpress\/wp-content\/uploads\/2016\/08\/IMG_6539-3.jpg\" alt=\"IMG_6539\" width=\"288\" height=\"192\" \/><\/a>severn\u00ed \u010d\u00e1sti \u010cesk\u00e9ho r\u00e1je po sob\u011b ale zanechal unik\u00e1tn\u00ed d\u00edlo: des\u00edtky reli\u00e9f\u016f, te\u010f u\u017e sice om\u0161el\u00fdch mrazem, v\u011btrem a de\u0161t\u011bm, ale st\u00e1le romanticky vystupuj\u00edc\u00edch z kamenn\u00fdch st\u011bn. Prohl\u00eddka s\u00a0kolama je trochu krkolomn\u00e1, ale na konec to dopadlo. Vrac\u00edme se zp\u00e1tky na \u201emagistr\u00e1lu\u201c a jedeme k\u00a0Hrub\u00fd Sk\u00e1le. Vzhlem k\u00a0mizern\u00fdmu zna\u010den\u00ed, se t\u011bsn\u011b p\u0159ed z\u00e1mkem omylem st\u00e1\u010d\u00edme jinam. M\u00edj\u00edme z\u00e1mek a po silnici mi\u0159\u00edme kamsi. Sv\u016fj omyl zji\u0161\u0165ujeme na k\u0159i\u017eovatce silnic. Evidentn\u011b nejsme jedin\u00fd. Vracet se nebudeme, k\u00a0rybn\u00edku V\u011b\u017e\u00e1k se dostaneme i tudy, p\u0159es Kr\u010dkovice. Cestou si trh\u00e1me maliny, rostouc\u00ed pod\u00e9l silnice, jen\u017ee ty hlad neza\u017eenou. Po sjezdu z\u00a0kopce, vj\u00ed\u017ed\u00edme na n\u00e1ves v\u00a0Kr\u010dkovic\u00edch. Pr\u00e1v\u011b v\u010das se n\u00e1m postavila do cesty hospoda. Op\u00edr\u00e1me bajky o \u017eivej plot a used\u00e1me pod slune\u010dn\u00edk na lavici. Objedn\u00e1vka sma\u017e\u00e1ku s\u00a0hranolkama a pol\u00edvka, je nato tata, ale vzhledem k\u00a0obsazenosti se \u010dek\u00e1n\u00ed na jidlo protahuje. Pop\u00edj\u00edme \u017elutou lim\u010du pivovaru Rohozec a \u010dek\u00e1me. Kdo si po\u010dk\u00e1, ten se do\u010dk\u00e1. Po sejrovo-hranolkov\u00fd bitv\u011b plat\u00edme, nased\u00e1me na kola a jedeme. U zna\u010dky konec Kr\u010dkovic, stav\u00edme u poh\u00e1dkov\u00fdho domku, kterej hl\u00edd\u00e1 5t\u00e1B\u00e9. Je\u0161t\u011b n\u011bkolik serpent\u00fdn a jsme dole u V\u011b\u017eick\u00fdho rybn\u00edku. Proj\u00ed\u017ed\u00edme <a href=\"http:\/\/www.slim2009.cz\/wordpress\/wp-content\/uploads\/2016\/08\/IMG_6569-3.jpg\" target=\"_blank\" rel=\"noopener\"><img loading=\"lazy\" decoding=\"async\" class=\"alignleft wp-image-3173\" src=\"http:\/\/www.slim2009.cz\/wordpress\/wp-content\/uploads\/2016\/08\/IMG_6569-3.jpg\" alt=\"IMG_6569\" width=\"288\" height=\"192\" \/><\/a>kolem a jedeme podtroseck\u00fdm \u00fadol\u00edm, kolem Podseminsk\u00fdho mostu a rybn\u00edku, k\u00a0Neb\u00e1kovu. Od rybn\u00edka Neb\u00e1k, tla\u010d\u00edme kola a\u017e nad hranici lesa, kde se otev\u00edr\u00e1 v\u00fdhled na Trosky. Tady d\u011bl\u00e1me sef\u00ed\u010dko s\u00a0n\u00e1zvem: \u201etrosky pod Troskama\u201c. Od v\u00fdchodu se p\u0159ibli\u017euje jak\u00e1si \u010dernota. Zat\u00edm je daleko, ale i tak znova nased\u00e1me a jedeme. Jako trosky jedeme Troskovicema, okolo Trosek, po trosk\u00e1ch silnice. V\u011bt\u0161\u00ed \u010d\u00e1st do Borku je z\u00a0kopce, ale silnice je v\u00a0rekonstrukci, tak\u017ee jedeme pomalu. Dole pod kopcem v\u00a0Rokytnici miz\u00ed silnice, ba i n\u011bkter\u00fd mosty \u00fapln\u011b. Na\u0161t\u011bst\u00ed, se pomoc\u00ed l\u00e1vek a poln\u00edch obj\u00ed\u017ed\u011bk dost\u00e1v\u00e1me do Borku pod Troskama. Dal\u0161\u00ed \u010d\u00e1st cyklostezky, se zd\u00e1 bejt v\u00a0cajku. Ale zd\u00e1n\u00ed klame. U Rokytnick\u00fdho rybn\u00edka, miz\u00ed n\u011bkam cyklozna\u010dka. Evidentn\u011b, zmizela i jin\u00fd part\u011b, p\u0159ibli\u017euj\u00edc\u00ed se z\u00a0prava. Po vz\u00e1jemn\u00e9 komunikaci, se vyd\u00e1v\u00e1me cestou, odkud p\u0159ijeli. Kupodivu p\u0159ij\u00ed\u017ed\u00edme zezadu vod\u00e1rny, kterou jsme m\u00edjeli u rybn\u00edka. Radost z\u00a0nalezen\u00ed cyklostezky trvala jen k\u00a0dal\u0161\u00edmu rozcest\u00ed v\u00a0Doubravici. Sm\u011brn\u00edky sice n\u011bkam ukazujou, ale na\u0161im sm\u011brem, n\u00e9. Po chv\u00edli t\u00e1p\u00e1n\u00ed, kter\u00fdho se z\u00fa\u010dastnil otec a syn na kol\u00e1ch, se pokou\u0161\u00edme naj\u00edt spr\u00e1vnej sm\u011br. Popoj\u00ed\u017ed\u00edme n\u011bkam mezi bar\u00e1ky a znova se setk\u00e1v\u00e1me s\u00a0taky <a href=\"http:\/\/www.slim2009.cz\/wordpress\/wp-content\/uploads\/2016\/08\/IMG_6580-3.jpg\" target=\"_blank\" rel=\"noopener\"><img loading=\"lazy\" decoding=\"async\" class=\" wp-image-3174 alignright\" src=\"http:\/\/www.slim2009.cz\/wordpress\/wp-content\/uploads\/2016\/08\/IMG_6580-3.jpg\" alt=\"IMG_6580\" width=\"288\" height=\"192\" \/><\/a>bezradn\u00fdm otcem se synem. Nad n\u00e1ma se zatahuje. Zkusmo jedeme sm\u011br Hrub\u00e1 Sk\u00e1la, jestli n\u00e1hodou nevede cyklostezka \u010d4010 tudy. Nevede! V\u00a0tom n\u00e1s utvrzuje dvojice ukrajinek, \u0159\u00edkaj\u00edc, \u017ee tam odkud jdou, je Adamovo lo\u017ee. Sem tam, padne kapka. Ot\u00e1\u010d\u00edme kola, svi\u0161t\u00edme z\u00a0kopce k\u00a0hlavn\u00edmu tahu Ji\u010d\u00edn-Turnov. Ned\u00e1 se sv\u00edtit, co nevid\u011bt spadne nebe a nen\u00ed \u010das hledat, kudy z\u00a0nudyJ V\u00a0cukuletu, jsme na hlavn\u00ed. Pad\u00e1n\u00ed kapek p\u0159ibejv\u00e1 a u Nov\u00fd Vsi u\u017e regul\u00e9rn\u011b pr\u0161\u00ed. Chvilku stoj\u00edme pod l\u00edpou, ale hned jak to polev\u00ed, vyr\u00e1\u017e\u00edme d\u00e1l. Ne\u017e ujedeme sto metr\u016f, n\u011bkdo naho\u0159e, vobrac\u00ed konev dnem vzh\u016fru. Pr\u00e1v\u011b v\u010das, se objevuje autobusov\u00e1 zast\u00e1vka, ve kter\u00fd \u010dek\u00e1me, a\u017e p\u0159estane. Za n\u011bj\u00e1k\u00fdch 20 a\u017e 30 minut, je po de\u0161ti. Svi\u0161t\u00edme co mo\u017en\u00e1 nejrychlejc k\u00a0autu. Blb\u00fd je, \u017ee auto stoj\u00ed na kope\u010dku v\u00a0Pele\u0161enach. Holt mus\u00edme \u0161lapat do kopce. K\u00a0parkovi\u0161ti to bereme zkratkou p\u0159es mokrou louku. Kola na st\u0159echu, my rychle do auta a jedeme dom\u016f. Co \u010dert necht\u011bl za Ji\u010d\u00ednem kolona. V\u00a0n\u00ed stoj\u00edme asi 3\/4hodiny. V\u00a0\u00dalibic\u00edch je rozvrtanej kruh\u00e1\u010d a dopravu \u0159\u00edd\u011bj sem tam f\u00f3ry. \u010cas od \u010dasu, blikne zelen\u00e1, ale jinak se stoj\u00ed. P\u0159\u00edmo p\u0159ed n\u00e1ma se uva\u0159il jeden Pa\u017eout. Na\u0161t\u011bst\u00ed, ho s\u00a0pomoc\u00ed jin\u00fdho \u0159idi\u010de odtla\u010dili do \u2026 pangejtu. Kdy\u017e u\u017e se to rozjelo, tak to jelo a\u017e do Paky. Tady, n\u00e1m byl semafor naklon\u011bnej a z\u00a0d\u00e1lky sv\u00edti zelen\u011b. Horky tentokr\u00e1t vzorn\u011b obj\u00ed\u017ed\u00edme, ale na obj\u00ed\u017e\u010fce je obj\u00ed\u017e\u010fka a m\u00edsto p\u0159es Vrchlab\u00ed, n\u00e1s \u017eenou p\u0159es Kun\u010dice. V\u00a0Hostinn\u00fdm kupujeme pe\u010divo a pak, u\u017e dom\u016f. To jsme si zase u\u017eili sv\u011bta. Tak zas n\u011bkdy.<\/p>\n<p>Fotky a videa\u00a0<a href=\"http:\/\/www.slim2009.cz\/photo\/#\/shared_space\/folder\/246?_k=fbr227\" target=\"_blank\" rel=\"noopener\">tady.<\/a><\/p>\n","protected":false},"excerpt":{"rendered":"<p>Druhej vejlet p\u0159i prodlo\u017een\u00fdm \u010dervencov\u00fdm v\u00edkendu, byl Cyklovejlet na Vald\u0161tejn u Turnova a okol\u00ed. P\u00e1t\u00fdho r\u00e1no,\u00a0 po probuzen\u00ed, po sn\u00eddani a nalo\u017een\u00ed kol, jedeme sm\u011br Turnov. Nebejt obj\u00ed\u017e\u010fky u Horek a semaf\u00f3ru v\u00a0Pace, byla by to nuda. Bloud\u00edli jsme jenom &hellip; <a href=\"https:\/\/www.slim2009.cz\/wordpress\/bulvar\/trosky-pod-troskama\/\">Cel\u00fd p\u0159\u00edsp\u011bvek <span class=\"meta-nav\">&rarr;<\/span><\/a><\/p>\n","protected":false},"author":1,"featured_media":0,"parent":2168,"menu_order":10,"comment_status":"closed","ping_status":"closed","template":"","meta":{"footnotes":""},"class_list":["post-3163","page","type-page","status-publish","hentry"],"_links":{"self":[{"href":"https:\/\/www.slim2009.cz\/wordpress\/wp-json\/wp\/v2\/pages\/3163","targetHints":{"allow":["GET"]}}],"collection":[{"href":"https:\/\/www.slim2009.cz\/wordpress\/wp-json\/wp\/v2\/pages"}],"about":[{"href":"https:\/\/www.slim2009.cz\/wordpress\/wp-json\/wp\/v2\/types\/page"}],"author":[{"embeddable":true,"href":"https:\/\/www.slim2009.cz\/wordpress\/wp-json\/wp\/v2\/users\/1"}],"replies":[{"embeddable":true,"href":"https:\/\/www.slim2009.cz\/wordpress\/wp-json\/wp\/v2\/comments?post=3163"}],"version-history":[{"count":0,"href":"https:\/\/www.slim2009.cz\/wordpress\/wp-json\/wp\/v2\/pages\/3163\/revisions"}],"up":[{"embeddable":true,"href":"https:\/\/www.slim2009.cz\/wordpress\/wp-json\/wp\/v2\/pages\/2168"}],"wp:attachment":[{"href":"https:\/\/www.slim2009.cz\/wordpress\/wp-json\/wp\/v2\/media?parent=3163"}],"curies":[{"name":"wp","href":"https:\/\/api.w.org\/{rel}","templated":true}]}}