{"id":3125,"date":"2016-06-16T14:31:57","date_gmt":"2016-06-16T13:31:57","guid":{"rendered":"http:\/\/188.120.214.195\/?page_id=3125"},"modified":"2016-06-16T14:31:57","modified_gmt":"2016-06-16T13:31:57","slug":"rs-2016","status":"publish","type":"page","link":"https:\/\/www.slim2009.cz\/wordpress\/crnci\/rs-2016\/","title":{"rendered":"Rychlepi 2016"},"content":{"rendered":"<p>Ve dnech 20. a\u017e 22.kv\u011btna.2016 byly uskute\u010dn\u011bny Rychlebsk\u00e9 Traily. Na tom by nebylo nic, a\u017e tak zvl\u00e1\u0161tn\u00edho, kdybych se jich <a href=\"http:\/\/www.slim2009.cz\/wordpress\/wp-content\/uploads\/2016\/06\/IMG_20160520_170518-3.jpg\" target=\"_blank\" rel=\"noopener noreferrer\"><img loading=\"lazy\" decoding=\"async\" class=\"alignright wp-image-3127\" src=\"http:\/\/www.slim2009.cz\/wordpress\/wp-content\/uploads\/2016\/06\/IMG_20160520_170518-3.jpg\" alt=\"IMG_20160520_170518\" width=\"216\" height=\"288\" \/><\/a>nez\u00fa\u010dastnil, zcela osobn\u011b. Prvn\u00ed informace o kon\u00e1n\u00ed, ke mn\u011b pros\u00e1kly n\u011bkdy v\u00a0dubnu. Asi tak 10s\u00e1t\u00fdho kv\u011btna se rozjela mejlov\u00e1 propaganda ohledn\u011b odjezdu. Do Rychleb n\u00e1s celkem jelo mnoho. N\u011bkte\u0159\u00ed ze Dvora Kr\u00e1lov\u00e9, jin\u00ed od Jarom\u011b\u0159e a i z\u00a0dal\u0161\u00edch m\u00edst. A hlavn\u011b n\u00e1\u0161 nevelk\u00fd t\u00fdm z Trautenau, ve slo\u017een\u00ed Martin, Milan, Tom\u00e1\u0161. \u00da\u010dastn\u00edky \u201eB\u201c t\u00fdmu a \u201e\u00c1\u201c t\u00fdmu bych klidn\u011b jmenoval taky, jen by mi v\u00a0tom nesm\u011bl br\u00e1nit mistr Alz. Prozat\u00edm se mus\u00edte spokojit s\u00a0t\u00edm, \u017ee udr\u017e\u00edm, alespo\u0148 n\u011bco \ud83d\ude42 . Ale zp\u011bt k\u00a0Rychleb\u016fm. V\u00a0p\u00e1tek \u0161lo v\u0161echno, jak bylo domluveno. V\u00a07:59:00hod. vylejz\u00e1m p\u0159ed bar\u00e1k. Martin u\u017e stoj\u00ed p\u0159ed na\u0161im rodinn\u00fdm panel\u00e1kem. Nakl\u00e1d\u00e1me m\u00e9 zcela nov\u00e9 kolo RockMachine Blizzard 50-29 Electricblue a obrovskou ta\u0161ku. P\u0159ej\u00ed\u017ed\u00edme do Rokytn\u00edku, kde se nalodil Tom\u00e1\u0161 a pak u\u017e svi\u0161t\u00edme nach N\u00e1chod. Polskem uh\u00e1n\u00edme p\u0159es Kladsko do \u010cern\u00fd Vody. N\u011bkdy v\u00a011hodin jsme na m\u00edst\u011b. Ubytov\u00e1n\u00ed prob\u011bhlo hladce. Stavebn\u00ed d\u011bln\u00edci se nenechali vyru\u0161ovat a budovali a budovali. Nejrozumn\u011bj\u0161\u00ed \u0159e\u0161en\u00ed bylo, p\u0159evl\u00edknout se do dr\u00e9zu a vydat se potr\u00e9novat. N\u011bkte\u0159\u00ed d\u0159\u00edve p\u0159ijedv\u0161\u00ed, u\u017e tak ud\u011blali. Abysme vydr\u017eeli tr\u00e9ning , zastavujeme se \u201e U Ka\u0161t\u00e1nku\u201c na ob\u011bd. Pras\u00e1rni\u010dky nebo ku\u0159\u00e1tko n\u00e1m ud\u011blalo dob\u0159e v\u00a0oblasti b\u0159i\u0161n\u00ed. Z\u00e1k\u00e1pnout pivinkem nebo kofolou a \u0161up na trail, pod\u00e9l \u010cern\u00fdho potoka. Nev\u00edm jak ostatn\u00edm, ale moje ku\u0159e se poh\u00e1dalo s\u00a0kofolou a chv\u00edlema m\u011blo nekal\u00fd oumysly. Na chv\u00edli odbo\u010d\u00edm a pop\u00ed\u0161u svoje nov\u00fd kolo. Letos je to 50let, co se vyskytuju na t\u00fdhle polokouli a m\u00e1 man\u017eelka Ren\u010da, mi vydala p\u0159\u00edkaz, abych si vybral nov\u00fd kolo. Po n\u011bkolika vte\u0159inov\u00fdm zdr\u00e1h\u00e1n\u00ed, jsem za\u010dal vyb\u00edrat. Samoz\u0159ejm\u011b m\u011b napadali takov\u00fd zna\u010dky, jako Cannondale, Canyon a i jin\u00fd. Pro sychr, jsem oslovil sv\u00fdho dvorn\u00edho dovatele kol. Rozto\u010dila se spir\u00e1la pro i proti, a aby mi to zkomplikoval, nasadil mi brouka, respektive Rock a Machine do hlavy. Oko\u0159enil to z\u00e1p\u016fj\u010dkou celop\u00e9r 27\u201c a 29\u201c. A te\u010f babo ra\u010f! Provedl jsem srovn\u00e1vac\u00ed j\u00edzdy. Mr\u0161tn\u00e1 sedmadvac\u00edtka se chovala skoro jako st\u00e1vaj\u00edc\u00ed 26tka, jen p\u00e9rovala i v zadu. Rozv\u00e1\u017en\u00e1 dev\u011btadvac\u00edtka, p\u0159ekr\u00e1sn\u011b stoupala a proj\u00ed\u017ed\u011bla p\u0159ek\u00e1\u017eky. V\u00fdslednej \u010das na 8km stejnej, ale pocitov\u011b 29\u201c lep\u0161\u00ed. T\u011b\u017ek\u00fd rozhodov\u00e1n\u00ed. Abych to rozhodl, ud\u011blal jsem si je\u0161t\u011b jednu testovac\u00ed j\u00edzdu na 29tce o dva dny pozd\u011bji. Je rozhodnuto. Na v\u00edc si m\u016f\u017eu vybrat, mezi modelem 2015 za 43tis\u00edc v\u010detn\u011b dopl\u0148k\u016f, nebo model 2016 za 54tis\u00edc bez dopl\u0148k\u016f. Cenovej rozd\u00edl velkej. Materi\u00e1lovej, zanedbatelnej. A tak m\u00e1m kolo RockMachine Blizzard 50-29 Electricblue. Aby to nebylo jen super, nastaly \u010dtrn\u00e1ct dn\u00ed po dod\u00e1n\u00ed komplikace. P\u0159i \u0161lap\u00e1n\u00ed se za\u010dalo oz\u00fdvat: \u201eklap, klap, klap\u201c a postupn\u011b to zesilovalo. Nepomohla v\u00fdm\u011bna \u0161lapek, ani rozebr\u00e1n\u00ed \u010dep\u016f u p\u00e9rov\u00e1n\u00ed. Nakonec jsme se dohodli, \u017ee to vy\u0159e\u0161\u00edme po Trailech. No a te\u010f si to klapu asfaltovou cestou k\u00a0trailu a do toho to ku\u0159e. Ter\u00e9nn\u00ed nerovnost\u011b hrkaj bajkem, bajk hrk\u00e1 mnou, j\u00e1 hrk\u00e1m ku\u0159etem. V\u00a0t\u0159etin\u011b cesty zastavujeme v\u00a0pion\u00fdrsk\u00fdm t\u00e1bo\u0159e. Ku\u0159e, u\u017e sice moc neprotestuje, ale rad\u0161i ho zaplavuju mal\u00fdm p\u00edvem. Ve Vidnav\u011b po tom, co proj\u00ed\u017ed\u00edme 3x Vidnavsk\u00fd okruh, si d\u00e1v\u00e1me dal\u0161\u00ed ionty z\u00a0Plzn\u011b a v\u00a0super-hyper-gigamarketu Hru\u0161ka zakupuju spekulativn\u00ed \u0161pekul\u00e1\u010dky, na ve\u010dern\u00ed grilova\u010dku. Vyd\u00e1v\u00e1me se zp\u00e1tky k\u00a0z\u00e1kladn\u011b. Ihned, jakmile se dost\u00e1v\u00e1me z\u00a0dosahu ko\u010di\u010d\u00edch hlav, rozhostilo se ticho. Klap\u00e1n\u00ed se vytratilo! Hur\u00e1! Z\u0159ejm\u011b se stalo tohle: \u201e Lo\u0148skej model st\u00e1l v\u00a0kout\u011b a \u010dekal na spo\u0159iv\u00fdho majitele. T\u00edm se stalo, \u017ee se na \u010depech p\u00e9rov\u00e1n\u00ed, ud\u011blaly prole\u017eeniny \ud83d\ude42 a ty se op\u00e9rovaly trailov\u00e1n\u00edm do Vidnavy.\u201c Od t\u00fdhle chv\u00edle, se klap\u00e1n\u00ed nevr\u00e1tilo. Po 35ti kilometrech jsme na z\u00e1kladn\u011b. Stavba\u0159i zmizeli, na staveni\u0161ti se objevily postele a dal\u0161\u00ed \u00fa\u010dastn\u00edci, n\u011bkte\u0159\u00ed pat\u0159i\u010dn\u011b nal\u00ed\u010den\u00fd, \u00a0polopr\u00e1zdnou basou v\u00a0ruce \ud83d\ude42 . N\u011bkdy o p\u016fl osm\u00fd n\u00e1s p\u0159iv\u00edtali majitel\u00e9, pop\u0159\u00e1li n\u00e1m \u0161\u0165asn\u00fd pobyt a jako omluvu za nedokon\u010denost\u011b, vyvalily basu plzn\u011b a \u0161ampus. Ti co spali na staveni\u0161ti, dostali je\u0161t\u011b slevu na ubytov\u00e1n\u00ed. Pak se rozproudila z\u00e1bava a n\u011bkte\u0159\u00ed se \u0161li osv\u011b\u017eit do osv\u011b\u017eoven v\u00a0okol\u00ed. My ostatn\u00ed si osmahli klob\u00e1sky, \u0161pekul\u00e1\u010dky a zap\u00edjeli to lahvovou <a href=\"http:\/\/www.slim2009.cz\/wordpress\/wp-content\/uploads\/2016\/06\/IMG_20160522_082515-3.jpg\" target=\"_blank\" rel=\"noopener noreferrer\"><img loading=\"lazy\" decoding=\"async\" class=\"alignleft wp-image-3128\" src=\"http:\/\/www.slim2009.cz\/wordpress\/wp-content\/uploads\/2016\/06\/IMG_20160522_082515-3.jpg\" alt=\"IMG_20160522_082515\" width=\"288\" height=\"216\" \/><\/a>Plzn\u00ed. Pak se n\u011bkde nad Walb\u0159ichem za\u010dal tvo\u0159it mrak, aby se p\u0159\u00edmo nad \u010cernou Vodou s\u00a0rachotem vypustil. To n\u00e1s zahnalo do hajan. R\u00e1no, jako by se nechumelilo, vylezla zoncna a za\u010dala rumplovat. My, co jsme vst\u00e1vali za kurop\u011bn\u00ed, se jedeme projet do lomu Rampa. Po n\u00e1vratu je okolo domu hem\u017een\u00ed. Bajke\u0159i se chystaj\u00ed na stezky. Kolem des\u00e1t\u00fd odj\u00ed\u017ed\u00edme. N\u011bkdo jede potok, ostatn\u00ed nahoru p\u0159es Wiesnera na Superflow. Cestou vzh\u016fru d\u011bl\u00e1m bezpe\u010dnostn\u00ed p\u0159est\u00e1vky. Prvn\u00ed u brodu, druhou uprost\u0159ed Wiesnera, ale vrcholovou \u010d\u00e1st Wiesnera tla\u010d\u00edm. P\u0159eci jenom, m\u00e1m ale zast\u00e1vek m\u00ed\u0148 ne\u017e minule. Naho\u0159e je ru\u0161no. Jak\u00e1si skupina na historick\u00fdch horsk\u00fdch kolech, n\u00e1s pasuje na prof\u00edky a ponouk\u00e1 k\u00a0odjezdu. My, se v\u0161ak koch\u00e1me jejich postupn\u00fdm odjezdem, p\u0159es n\u00e1jezdovou rampu. Ob\u010das jim n\u00e1jezd na rampu nevyjde k\u00a0na\u0161\u00ed pot\u011b\u0161e. D\u00e1v\u00e1me jim n\u00e1skok, p\u0159esto je postupn\u011b doj\u00ed\u017ed\u00edme a na doln\u00edm toku, u\u017e jsou za n\u00e1mi. To se mi to fe\u0161\u00ed na nov\u00fdm bajku. P\u0159ed dv\u011bma lety, jsem na tom byl obdobn\u011b \ud83d\ude42 . Na m\u016fj vkus je Superflow v\u00a0n\u011bkter\u00fdch m\u00edstech dost rozsekanej. Obzvl\u00e1\u0161\u0165 v\u00a0m\u00edstech za horizontem s\u00a0n\u00e1slednou z\u00e1krutou. Po 1\/2hodin\u011b jsme dole na z\u00e1kladn\u011b RS. Je \u010das ob\u011bda, tak jedeme ke \u201eKa\u0161t\u00e1nku\u201c. D\u00e1v\u00e1m si ra\u017eni\u010di s\u00a0bramborem + iont\u016fv P\u0159\u00ed\u0161er\u00e1k. Vedle restaurace je cukr\u00e1rna, tak\u017ee je\u0161t\u011b doplnit cukry. Zmrzlina, je mysl\u00edm vhodn\u00fd zdroj. Po odpo\u010dinku vypln\u011bn\u00fdm j\u00eddlem sed\u00e1me na bajky a jedeme Potok a Vidnavu. Samoz\u0159ejm\u011b zastavujeme v\u00a0pion\u00fdrsk\u00fdm t\u00e1bo\u0159e a p\u0159i pivku pozorujeme v\u00fdb\u011brov\u00fd \u0159\u00edzen\u00ed na leto\u0161n\u00ed vedouc\u00ed. P\u011bknej materi\u00e1l \ud83d\ude42 . Po uspokojen\u00ed se, pokra\u010dujeme v\u00a0trailov\u00e1n\u00ed. Tentokr\u00e1t d\u00e1v\u00e1me vidnavskej okruh jenom jednou a je\u0161t\u011b n\u00e9 v\u0161ichni, po 40ti kil\u00e1k\u00e1ch, u\u017e s\u00edly ubejvaj. Na n\u00e1m\u011bst\u00ed ve Vidnav\u011b, si v\u00a0restauraci \u201eJannis\u201c, d\u00e1v\u00e1me Plze\u0148sk\u00fd. Ti co nejeli vidnavsk\u00fd okruh i n\u011bkolik. Po nabr\u00e1n\u00ed sil, se v\u0161\u00ed silou vrac\u00edme na ubytovnu. Po osprchov\u00e1n\u00ed si sed\u00e1me za bar\u00e1kem, stejn\u011b jako v\u010dera. Odv\u00e1\u017en\u011bj\u0161\u00ed jdou znovu na obhl\u00eddku restaura\u010dn\u00edch za\u0159\u00edzen\u00ed. Kdosi nechal kolovat b\u00edlou h\u016fl, kterou odm\u00edt\u00e1m. Lahv\u00e1\u010d s\u00a0d\u00edky p\u0159ij\u00edm\u00e1m. Kl\u00e1bos\u00edme, poslouch\u00e1me mj\u016fzik. Jakmile se \u010das<a href=\"http:\/\/www.slim2009.cz\/wordpress\/wp-content\/uploads\/2016\/06\/IMG_20160522_100446-3.jpg\" target=\"_blank\" rel=\"noopener noreferrer\"><img loading=\"lazy\" decoding=\"async\" class=\"alignleft wp-image-3129\" src=\"http:\/\/www.slim2009.cz\/wordpress\/wp-content\/uploads\/2016\/06\/IMG_20160522_100446-3.jpg\" alt=\"IMG_20160522_100446\" width=\"288\" height=\"216\" \/><\/a> naplnil a o\u010di se za\u010daly p\u0159iv\u00edrat, jdeme sp\u00e1t.<br \/>\nR\u00e1no se op\u011bt bud\u00edm brzo. V\u00a08 hodin jsem st\u00e1le jedinej vstatej. Na nic ne\u010dek\u00e1m a vyr\u00e1\u017e\u00edm na trail. Jedu znova na Flow. Pod Kalten\u0161tejnem m\u00e1m na dohled dva bajkery. State\u010dn\u011b se mi sna\u017eej ujet, aby mi unikli u brodu. Zastavuju toti\u017e u Mariaquele a polejv\u00e1m se ledovou vodou. Jsem, o pozn\u00e1n\u00ed proti v\u010derej\u0161ku unaven\u011bj\u0161\u00ed. N\u011bkolik dal\u0161\u00edch bajker\u016f m\u00e1 stejnej n\u00e1pad a kloktaj tu vodu. Kdy\u017e u\u017e si mysl\u00edm, \u017ee se mi vrac\u00ed s\u00edla, nased\u00e1m. S\u00edly m\u011b opou\u0161t\u011bj z\u00e1hy pod l\u00e1vkama na Wiesnerovi. Nikam neposp\u00edch\u00e1m, tak tla\u010d\u00edm, fot\u00edm, chvilku jedu a zase tla\u010d\u00edm. Na kolo naskakuju a\u017e na konci Wiesnera. Leje ze m\u011b jako z \u2026. ( nemocn\u00fdho bajkera ). U Superflow si sed\u00e1m na kl\u00e1dy, ukusuju jabko, slun\u00edm se. Je n\u011bj\u00e1k\u00fdch 1\/2des\u00e1t\u00fd, kolem klid a m\u00edr. V\u00a0deset se spou\u0161t\u00edm d\u00f3lu. Za ka\u017edou sekc\u00ed, si d\u00e1v\u00e1m voraz. Prsty sotva udr\u017e\u00edm na brzd\u011b. P\u0159edj\u00ed\u017ed\u00ed m\u011b dvojka polsk\u00fdch bajker\u016f. D\u00e1v\u00e1m dal\u0161\u00ed sekci a zase odpo\u010d\u00edv\u00e1m. Tady m\u011b doj\u00ed\u017ed\u00ed p\u00e1r. Ona na horsk\u00fdm kole, on na treku. D\u00e1v\u00e1me \u0159e\u010d o odvaze a tak. Ona mi \u0159\u00edk\u00e1, \u017ee je prost\u011b out a ned\u00e1 si \u0159\u00edct, \u017ee by pot\u0159eboval jin\u00fd kolo. I j\u00e1, si p\u0159ih\u0159ejv\u00e1m pol\u00edv\u010di\u010dku a vysv\u011btluju, \u017ee na hor\u00e1ku, je to jin\u00fd kafe. Pak se lou\u010d\u00edme. J\u00e1 si d\u011bl\u00e1m sn\u00edme\u010dek u tabulky prvn\u00ed pomoci, oni jedou. D\u016fkladn\u011b odpo\u010dinutej vyr\u00e1\u017e\u00edm do posledn\u00ed sekce. P\u0159edj\u00ed\u017ed\u00edm trekistu a miz\u00edm v\u00a0z\u00e1krut\u00e1ch. Po p\u016fl hodin\u011b, jsem na z\u00e1kladn\u011b RS. P\u0159ij\u00ed\u017ed\u00edm moc brzo, fazolov\u00e1 pol\u00edvka je\u0161t\u011b nen\u00ed. \u017de prej, a\u017e za 1\/2hodiny. To vydr\u017e\u00edm. Pol\u00edvka dorazila. Jdu si ji koupit a s\u00a0n\u00ed je\u0161t\u011b oplatky dom\u016f. Zhruba za hodinu p\u0159ij\u00ed\u017ed\u00ed Martin a Tom\u00e1\u0161. Po odpo\u010dinku, nakoupen\u00ed d\u00e1rk\u016f, se jedeme naob\u011bdovat do ryb\u00e1rny. Cand\u00e1t, nebo pstruh jedna b\u00e1se\u0148. Pak u\u017e vykoupat, zabalit, rozlou\u010dit s\u00a0majitelkou a hybaj, skrze Kladsko dom\u016f. Tak prob\u011bhnuly kv\u011btnov\u00fd Rychlepi.<\/p>\n<p>&nbsp;<\/p>\n<p>N\u011bkolik fotek z\u00a0mobilu a video\u00a0v\u00a0supern\u00edzk\u00fdm rozli\u0161en\u00ed, bylo z\u00edsk\u00e1no za pomoci supertajn\u00fdho kop\u00edrov\u00e1n\u00ed.\u00a0<a href=\"http:\/\/www.slim2009.cz\/photo\/#\/shared_space\/folder\/219?_k=fdaa07\" target=\"_blank\" rel=\"noopener noreferrer\">zde.<\/a><\/p>\n","protected":false},"excerpt":{"rendered":"<p>Ve dnech 20. a\u017e 22.kv\u011btna.2016 byly uskute\u010dn\u011bny Rychlebsk\u00e9 Traily. Na tom by nebylo nic, a\u017e tak zvl\u00e1\u0161tn\u00edho, kdybych se jich nez\u00fa\u010dastnil, zcela osobn\u011b. Prvn\u00ed informace o kon\u00e1n\u00ed, ke mn\u011b pros\u00e1kly n\u011bkdy v\u00a0dubnu. Asi tak 10s\u00e1t\u00fdho kv\u011btna se rozjela mejlov\u00e1 propaganda &hellip; <a href=\"https:\/\/www.slim2009.cz\/wordpress\/crnci\/rs-2016\/\">Cel\u00fd p\u0159\u00edsp\u011bvek <span class=\"meta-nav\">&rarr;<\/span><\/a><\/p>\n","protected":false},"author":1,"featured_media":0,"parent":4493,"menu_order":2,"comment_status":"closed","ping_status":"closed","template":"","meta":{"footnotes":""},"class_list":["post-3125","page","type-page","status-publish","hentry"],"_links":{"self":[{"href":"https:\/\/www.slim2009.cz\/wordpress\/wp-json\/wp\/v2\/pages\/3125","targetHints":{"allow":["GET"]}}],"collection":[{"href":"https:\/\/www.slim2009.cz\/wordpress\/wp-json\/wp\/v2\/pages"}],"about":[{"href":"https:\/\/www.slim2009.cz\/wordpress\/wp-json\/wp\/v2\/types\/page"}],"author":[{"embeddable":true,"href":"https:\/\/www.slim2009.cz\/wordpress\/wp-json\/wp\/v2\/users\/1"}],"replies":[{"embeddable":true,"href":"https:\/\/www.slim2009.cz\/wordpress\/wp-json\/wp\/v2\/comments?post=3125"}],"version-history":[{"count":0,"href":"https:\/\/www.slim2009.cz\/wordpress\/wp-json\/wp\/v2\/pages\/3125\/revisions"}],"up":[{"embeddable":true,"href":"https:\/\/www.slim2009.cz\/wordpress\/wp-json\/wp\/v2\/pages\/4493"}],"wp:attachment":[{"href":"https:\/\/www.slim2009.cz\/wordpress\/wp-json\/wp\/v2\/media?parent=3125"}],"curies":[{"name":"wp","href":"https:\/\/api.w.org\/{rel}","templated":true}]}}