{"id":3089,"date":"2016-05-24T12:53:25","date_gmt":"2016-05-24T11:53:25","guid":{"rendered":"http:\/\/188.120.214.195\/?page_id=3089"},"modified":"2016-05-24T12:53:25","modified_gmt":"2016-05-24T11:53:25","slug":"vasek-50","status":"publish","type":"page","link":"https:\/\/www.slim2009.cz\/wordpress\/bulvar\/vasek-50\/","title":{"rendered":"Va\u0161ek 50"},"content":{"rendered":"<p><a href=\"http:\/\/www.slim2009.cz\/wordpress\/wp-content\/uploads\/2016\/05\/IMG_5411-3.jpg\" target=\"_blank\" rel=\"noopener\"><img loading=\"lazy\" decoding=\"async\" class=\" wp-image-3092 alignright\" src=\"http:\/\/www.slim2009.cz\/wordpress\/wp-content\/uploads\/2016\/05\/IMG_5411-3.jpg\" alt=\"IMG_5411\" width=\"288\" height=\"192\" \/><\/a>Va\u0161kovi bylo 50. A kone\u010dn\u011b se do\u010dkal vytou\u017een\u00fdho d\u00e1rku. Po ob\u011bd\u011b, kterej uspo\u0159\u00e1dal na svou po\u010dest, pro n\u00e1s. N\u00e1s p\u0159esunul dom\u016f, kde byly r\u016fzn\u00fd chleb\u00ed\u010dky, dort\u00ed\u010dky, kaf\u00ed\u010dka a \u010daj\u00ed\u010dky. Vedly se rozmluvy, kdo jak, s k\u00fdm a pr\u00f3\u010d. Do\u0161lo i na ty d\u00e1rky. \u00a0Jak douf\u00e1me p\u0159estanou dne\u0161n\u00edm dnem stesky a d\u00e1vn\u00fd uk\u0159ivd\u011bn\u00ed je za\u017eehnan\u00fd. Autodr\u00e1ha, pot\u011b\u0161\u00ed mal\u00fd i velk\u00fd, chlap\u00e1ky i ko\u010di\u010d\u00e1ky. No v\u0161echny radost\u011b jednou kon\u010d\u00ed a hned, jak sme vyjedli z\u00e1soby, pustil n\u00e1s dom\u016f \ud83d\ude42<\/p>\n<p><span style=\"line-height: 1.5em;\">Fotky z trachtace, jsou <\/span><a style=\"line-height: 1.5em;\" href=\"http:\/\/www.slim2009.cz\/photo\/#\/shared_space\/folder\/558?_k=ij8htu\" target=\"_blank\" rel=\"noopener\">tady<\/a><span style=\"line-height: 1.5em;\">.\u00a0<\/span><\/p>\n<p>&nbsp;<\/p>\n<p><a href=\"http:\/\/www.slim2009.cz\/wordpress\/wp-content\/uploads\/2016\/05\/IMG_5387-3.jpg\" target=\"_blank\" rel=\"noopener\"><img loading=\"lazy\" decoding=\"async\" class=\"alignleft wp-image-3091\" src=\"http:\/\/www.slim2009.cz\/wordpress\/wp-content\/uploads\/2016\/05\/IMG_5387-3.jpg\" alt=\"IMG_5387\" width=\"288\" height=\"192\" \/><\/a><\/p>\n<p><span style=\"line-height: 1.5em;\"><a href=\"http:\/\/www.slim2009.cz\/wordpress\/wp-content\/uploads\/2016\/05\/IMG_5424-3.jpg\" target=\"_blank\" rel=\"noopener\"><img loading=\"lazy\" decoding=\"async\" class=\" wp-image-3090 alignright\" src=\"http:\/\/www.slim2009.cz\/wordpress\/wp-content\/uploads\/2016\/05\/IMG_5424-3.jpg\" alt=\"IMG_5424\" width=\"288\" height=\"192\" \/><\/a><\/span><\/p>\n","protected":false},"excerpt":{"rendered":"<p>Va\u0161kovi bylo 50. A kone\u010dn\u011b se do\u010dkal vytou\u017een\u00fdho d\u00e1rku. Po ob\u011bd\u011b, kterej uspo\u0159\u00e1dal na svou po\u010dest, pro n\u00e1s. N\u00e1s p\u0159esunul dom\u016f, kde byly r\u016fzn\u00fd chleb\u00ed\u010dky, dort\u00ed\u010dky, kaf\u00ed\u010dka a \u010daj\u00ed\u010dky. Vedly se rozmluvy, kdo jak, s k\u00fdm a pr\u00f3\u010d. Do\u0161lo i &hellip; <a href=\"https:\/\/www.slim2009.cz\/wordpress\/bulvar\/vasek-50\/\">Cel\u00fd p\u0159\u00edsp\u011bvek <span class=\"meta-nav\">&rarr;<\/span><\/a><\/p>\n","protected":false},"author":1,"featured_media":0,"parent":2168,"menu_order":8,"comment_status":"closed","ping_status":"open","template":"","meta":{"footnotes":""},"class_list":["post-3089","page","type-page","status-publish","hentry"],"_links":{"self":[{"href":"https:\/\/www.slim2009.cz\/wordpress\/wp-json\/wp\/v2\/pages\/3089","targetHints":{"allow":["GET"]}}],"collection":[{"href":"https:\/\/www.slim2009.cz\/wordpress\/wp-json\/wp\/v2\/pages"}],"about":[{"href":"https:\/\/www.slim2009.cz\/wordpress\/wp-json\/wp\/v2\/types\/page"}],"author":[{"embeddable":true,"href":"https:\/\/www.slim2009.cz\/wordpress\/wp-json\/wp\/v2\/users\/1"}],"replies":[{"embeddable":true,"href":"https:\/\/www.slim2009.cz\/wordpress\/wp-json\/wp\/v2\/comments?post=3089"}],"version-history":[{"count":0,"href":"https:\/\/www.slim2009.cz\/wordpress\/wp-json\/wp\/v2\/pages\/3089\/revisions"}],"up":[{"embeddable":true,"href":"https:\/\/www.slim2009.cz\/wordpress\/wp-json\/wp\/v2\/pages\/2168"}],"wp:attachment":[{"href":"https:\/\/www.slim2009.cz\/wordpress\/wp-json\/wp\/v2\/media?parent=3089"}],"curies":[{"name":"wp","href":"https:\/\/api.w.org\/{rel}","templated":true}]}}