{"id":301,"date":"2009-04-07T06:43:09","date_gmt":"2009-04-07T05:43:09","guid":{"rendered":"http:\/\/www.skip.cz\/milan\/?page_id=301"},"modified":"2009-04-07T06:43:09","modified_gmt":"2009-04-07T05:43:09","slug":"pro-mlsne-jazycky","status":"publish","type":"page","link":"https:\/\/www.slim2009.cz\/wordpress\/pro-mlsne-jazycky\/","title":{"rendered":"Pro mlsn\u00e9 jaz\u00fd\u010dky"},"content":{"rendered":"<p><a href=\"http:\/\/www.slim2009.cz\/Prilohy\/Kucharka.pdf\" target=\"_blank\" rel=\"noopener\"><img loading=\"lazy\" decoding=\"async\" class=\"alignright wp-image-303\" title=\"recepty\" src=\"http:\/\/www.slim2009.cz\/wordpress\/wp-content\/uploads\/2009\/04\/recepty-215x300.jpg\" alt=\"recepty\" width=\"351\" height=\"490\" \/><\/a><\/p>\n<p>&nbsp;<\/p>\n<h2>Hladov\u00e9 nasyt\u00ed,\u00a0 syt\u00e9 osv\u011b\u017e\u00ed.<\/h2>\n<p><span style=\"color: #3366ff;\">A blb\u00fdm zp\u016fsob\u00ed za\u017e\u00edvac\u00ed pot\u00ed\u017ee, jestli\u017ee se narvou k prasknut\u00ed.<\/span><\/p>\n<p><strong>Pro kompletn\u00ed soubor recept\u016f sta\u010d\u00ed kliknout na obr\u00e1zek.<\/strong><\/p>\n<p>&nbsp;<\/p>\n<p>A p\u0159ehled jednotliv\u00fdch recept\u016f s odkazem na n\u011b:<\/p>\n<p>01 &#8211; <a href=\"http:\/\/www.slim2009.cz\/Prilohy\/Kucharka\/01_Buchty.pdf\" target=\"_blank\" rel=\"noopener\">\u010cesk\u00fd buchty, Sudetsk\u00fd \u0161tr\u016fdl nebo b\u00e1bovka<\/a><br \/>\n02 &#8211; <a href=\"http:\/\/www.slim2009.cz\/Prilohy\/Kucharka\/02_Vanocka.pdf\" target=\"_blank\" rel=\"noopener\">V\u00e1no\u010dka nebo mazanec<\/a><br \/>\n03 &#8211; <a href=\"http:\/\/www.slim2009.cz\/Prilohy\/Kucharka\/03_Amolety.pdf\" target=\"_blank\" rel=\"noopener\">Amolety, Bublanina, L\u00edvance<\/a><br \/>\n04 &#8211; <a href=\"http:\/\/www.slim2009.cz\/Prilohy\/Kucharka\/04_Nadivka.pdf\" target=\"_blank\" rel=\"noopener\">N\u00e1divka, J\u00e1trov\u00fd knedl\u00ed\u010dky<\/a><br \/>\n05 &#8211; <a href=\"http:\/\/www.slim2009.cz\/Prilohy\/Kucharka\/05_Sojovymaso.pdf\" target=\"_blank\" rel=\"noopener\">Sojov\u00fd maso &#8222;Pi\u0161tora&#8220;<\/a><br \/>\n06 &#8211; <a href=\"http:\/\/www.slim2009.cz\/Prilohy\/Kucharka\/06_Vlockovykarbose.pdf\" target=\"_blank\" rel=\"noopener\">Vlo\u010dkov\u00fd karban\u00e1tky &#8222;Slim&#8220;<\/a><br \/>\n07 &#8211; <a href=\"http:\/\/www.slim2009.cz\/Prilohy\/Kucharka\/07_Hrachovka.pdf\" target=\"_blank\" rel=\"noopener\">Hrachov\u00e1 pol\u00edvka &#8222;Johan&#8220;, Le\u010do do sklenic<\/a><br \/>\n08 &#8211; <a href=\"http:\/\/www.slim2009.cz\/Prilohy\/Kucharka\/08_Stava.pdf\" target=\"_blank\" rel=\"noopener\">\u0160\u0165\u00e1va, Zava\u0159ov\u00e1n\u00ed \u0161vestek, Zava\u0159ov\u00e1n\u00ed strouhan\u00fdch jablek<\/a><br \/>\n09 &#8211; Dom\u00e1c\u00ed chleba <span style=\"color: #00ff00;\">(recept projde \u00fapravou takhle to nen\u00ed ono!)<\/span><br \/>\n10 &#8211; <a href=\"http:\/\/www.slim2009.cz\/Prilohy\/Kucharka\/10_Vlasak.pdf\" target=\"_blank\" rel=\"noopener\">Svatojansko proud\u00fd &#8222;Pangejt&#8220; podle Pavla, Vla\u0161sk\u00fd sal\u00e1t podle normy \u010cSN 1976<\/a><br \/>\n11 &#8211; <a href=\"http:\/\/www.slim2009.cz\/Prilohy\/Kucharka\/11_Alsaskykolac.pdf\" target=\"_blank\" rel=\"noopener\">Alsask\u00fd cibulov\u00fd kol\u00e1\u010d (variace Slim)<\/a><br \/>\n12 &#8211; <a href=\"http:\/\/www.slim2009.cz\/Prilohy\/Kucharka\/12_Zeli.pdf\" target=\"_blank\" rel=\"noopener\">Kysan\u00fd z\u00e9l\u00ed ze Sudet<\/a><br \/>\n13 &#8211; <a href=\"http:\/\/www.slim2009.cz\/Prilohy\/Kucharka\/13_Bramboryprelitymasem.pdf\" target=\"_blank\" rel=\"noopener\">Brambory p\u0159elit\u00fd mlet\u00fdm masem!<\/a><br \/>\n14 &#8211; <a href=\"http:\/\/www.slim2009.cz\/Prilohy\/Kucharka\/14_Fazole.pdf\" target=\"_blank\" rel=\"noopener\">Fazole &#8211; \u010dili kon karne<\/a><br \/>\n15 &#8211; <a href=\"http:\/\/www.slim2009.cz\/Prilohy\/Kucharka\/15_Burtynapivu.pdf\" target=\"_blank\" rel=\"noopener\">Bu\u0159ty na \u010dern\u00fdm p\u00edvu<\/a><\/p>\n<p>&nbsp;<\/p>\n<p>&nbsp;<\/p>\n<p>&nbsp;<\/p>\n<p>&nbsp;<\/p>\n<p>&nbsp;<\/p>\n<p>&nbsp;<\/p>\n<p>&nbsp;<\/p>\n<p>&nbsp;<\/p>\n<p>&nbsp;<\/p>\n<p>&nbsp;<\/p>\n<p>&nbsp;<\/p>\n<p>&nbsp;<\/p>\n<p>&nbsp;<\/p>\n<p>&nbsp;<\/p>\n<p>&nbsp;<\/p>\n<p>&nbsp;<\/p>\n<p>&nbsp;<\/p>\n<p>&nbsp;<\/p>\n<p>&nbsp;<\/p>\n<p>&nbsp;<\/p>\n<p>.<\/p>\n","protected":false},"excerpt":{"rendered":"<p>&nbsp; Hladov\u00e9 nasyt\u00ed,\u00a0 syt\u00e9 osv\u011b\u017e\u00ed. A blb\u00fdm zp\u016fsob\u00ed za\u017e\u00edvac\u00ed pot\u00ed\u017ee, jestli\u017ee se narvou k prasknut\u00ed. Pro kompletn\u00ed soubor recept\u016f sta\u010d\u00ed kliknout na obr\u00e1zek. &nbsp; A p\u0159ehled jednotliv\u00fdch recept\u016f s odkazem na n\u011b: 01 &#8211; \u010cesk\u00fd buchty, Sudetsk\u00fd \u0161tr\u016fdl nebo b\u00e1bovka &hellip; <a href=\"https:\/\/www.slim2009.cz\/wordpress\/pro-mlsne-jazycky\/\">Cel\u00fd p\u0159\u00edsp\u011bvek <span class=\"meta-nav\">&rarr;<\/span><\/a><\/p>\n","protected":false},"author":1,"featured_media":0,"parent":0,"menu_order":6,"comment_status":"closed","ping_status":"closed","template":"","meta":{"footnotes":""},"class_list":["post-301","page","type-page","status-publish","hentry"],"_links":{"self":[{"href":"https:\/\/www.slim2009.cz\/wordpress\/wp-json\/wp\/v2\/pages\/301","targetHints":{"allow":["GET"]}}],"collection":[{"href":"https:\/\/www.slim2009.cz\/wordpress\/wp-json\/wp\/v2\/pages"}],"about":[{"href":"https:\/\/www.slim2009.cz\/wordpress\/wp-json\/wp\/v2\/types\/page"}],"author":[{"embeddable":true,"href":"https:\/\/www.slim2009.cz\/wordpress\/wp-json\/wp\/v2\/users\/1"}],"replies":[{"embeddable":true,"href":"https:\/\/www.slim2009.cz\/wordpress\/wp-json\/wp\/v2\/comments?post=301"}],"version-history":[{"count":0,"href":"https:\/\/www.slim2009.cz\/wordpress\/wp-json\/wp\/v2\/pages\/301\/revisions"}],"wp:attachment":[{"href":"https:\/\/www.slim2009.cz\/wordpress\/wp-json\/wp\/v2\/media?parent=301"}],"curies":[{"name":"wp","href":"https:\/\/api.w.org\/{rel}","templated":true}]}}