{"id":2990,"date":"2015-11-27T12:54:55","date_gmt":"2015-11-27T11:54:55","guid":{"rendered":"http:\/\/194.12.34.10\/?page_id=2990"},"modified":"2015-11-27T12:54:55","modified_gmt":"2015-11-27T11:54:55","slug":"krkonose-2015","status":"publish","type":"page","link":"https:\/\/www.slim2009.cz\/wordpress\/archivalie\/archiv-vandry\/krkonose-2015\/","title":{"rendered":"Krkono\u0161e 2015"},"content":{"rendered":"<p><a href=\"http:\/\/www.slim2009.cz\/wordpress\/wp-content\/uploads\/2015\/11\/IMG_4523-3.jpg\" target=\"_blank\" rel=\"noopener\"><img loading=\"lazy\" decoding=\"async\" class=\"alignleft wp-image-2999\" src=\"http:\/\/www.slim2009.cz\/wordpress\/wp-content\/uploads\/2015\/11\/IMG_4523-3.jpg\" alt=\"IMG_4523\" width=\"261\" height=\"179\" \/><\/a>Vandr po Krkono\u0161\u00edch, obvykle skon\u010d\u00ed mokrejma botama. Po\u010das\u00ed na Ob\u0159\u00edch hor\u00e1ch je obvykle nevyzpytateln\u00fd. P\u0159i na\u0161em vandru, nejen \u017ee boty z\u016fstaly such\u00fd, ale je\u0161t\u011b k\u00a0tomu, bylo t\u0159i dny extrovn\u00ed po\u010das\u00ed. Krakono\u0161, nebo jak se u n\u00e1s \u0159\u00edk\u00e1 R\u00fcbezahl, si nechal podzimn\u00ed pl\u00edkanice na jindy. \u0160estn\u00e1ct\u00fdho z\u00e1\u0159\u00ed, jsme se s\u00a0Jurou se\u0161li na kone\u010dn\u00fd autobusu v\u00a0Rokytnici nad Jizerou a proto\u017ee se letos urodilo hodn\u011b oprav na kolej\u00edch i silnic\u00edch, byl div, \u017ee nedo\u0161lo k \u0148\u00e1k\u00fdmu spo\u017ed\u011bn\u00ed. Ve stanovenou dobu, p\u0159esn\u011b podle \u0159\u00e1du, stoj\u00edm v\u00a0m\u00edst\u011b srazu. O hodinu pozd\u011bjc, stoj\u00ed na stejn\u00fdm m\u00edst\u011b i Jura. Vyd\u00e1v\u00e1me se vzh\u016fru, kolem Hu\u0165sk\u00fdho potoka, vzt\u0159\u00edct nezn\u00e1mu. Nezn\u00e1mo pro\u010d, se hned za silnicej, ztratila modr\u00e1 zna\u010dka, aby se objevila po 100metrech u motok\u00e1rcentra. Civilizace \u0159\u00eddne, stoup\u00e1n\u00ed stoup\u00e1. Na konci pastvin pod hranic\u00ed lesa u pr\u00e1zdn\u00fdho hot\u00fdlku, poprv\u00e9 zahazujeme b\u00e1gly a odpo\u010d\u00edv\u00e1me. Sl\u00e1va, prvn\u00edch sto metr\u016f vej\u0161kovejch, je za n\u00e1ma. Je\u0161t\u011b 620 a jsme naho\u0159e. Dal\u0161\u00ed odpo\u010dinek si d\u00e1v\u00e1me u Hu\u0165sk\u00fdho vodop\u00e1du, kterej si fot\u00edme. Dal\u0161\u00ed a del\u0161\u00ed pauzu, si d\u00e1v\u00e1me na rozcest\u00ed p\u0159ed Hu\u0165skou boudou. Oplachujeme se v\u00a0potoce a nad mapou se rozhodujeme, jestli p\u016fjdeme oklikou a snadn\u011bj\u0161\u00ed cestou, po \u017elut\u00fd na Dvora\u010dky, nebo drsn\u011bj\u0161\u00ed \u010dervenou, p\u0159es sedlo pod Dvora\u010dkou. Klidn\u011b jsme mohli j\u00edt krat\u0161\u00ed cestou, <a href=\"http:\/\/www.slim2009.cz\/wordpress\/wp-content\/uploads\/2015\/11\/IMG_4545-3.jpg\" target=\"_blank\" rel=\"noopener\"><img loading=\"lazy\" decoding=\"async\" class=\"alignright wp-image-3001\" src=\"http:\/\/www.slim2009.cz\/wordpress\/wp-content\/uploads\/2015\/11\/IMG_4545-3.jpg\" alt=\"IMG_4545\" width=\"288\" height=\"192\" \/><\/a>nemohla bejt prud\u0161\u00ed. Kdybych dal ruce p\u0159ed sebe, mo\u017en\u00e1 bych m\u011bl p\u0159edn\u00ed n\u00e1hon. T\u011bsn\u011b pod Dvora\u010dkama, v\u00a0letov\u00fd hladin\u011b \u010darod\u011bjnic, znova odpo\u010d\u00edv\u00e1me a popad\u00e1me dech. Na Dvora\u010dk\u00e1ch se letmo zastavujeme u lavi\u010dky t\u0159\u00ed sester a prakticky ihned stoup\u00e1me k\u00a0vrcholu dne, na\u00a0Kotelsk\u00fd sedlo 1320metr\u016f vysoko. Slunce je v\u00a0posledn\u00edm ta\u017een\u00ed, neh\u0159eje, neust\u00e1le fun\u00ed studenej sever\u00e1k od jihu. Je ale kr\u00e1snej z\u00e1pad. Z\u00e1pad, nez\u00e1pad, sna\u017e\u00edme se naj\u00edt plac na span\u00ed. Span\u00ed v\u00a0\u0159op\u00edku vzd\u00e1v\u00e1me, kv\u016fli \u0161pinav\u00fd podlaze. Tak si rozbalujeme spac\u00e1ky v\u00a0kle\u010di, va\u0159\u00edme si j\u00eddlo a \u010daj. Posledn\u00ed paprsky osv\u011btlujou boudu Reiftr\u00e4ger, \u010desky J\u00ednono\u0161, polsky Szrenica a Vysok\u00e9 kolo. Rychle se \u0161e\u0159\u00ed, tak si zalejz\u00e1me do spac\u00e1ku, poslouch\u00e1me huhl\u00e1n\u00ed jelen\u016f a pozorujeme vych\u00e1zej\u00edc\u00ed hv\u011bzdy. Oba sp\u00edme nevaln\u011b. N\u00e1m zd\u00e1 se, z\u00a0hv\u011bzd \u017ee vane hlas. Nu\u017e, poj\u010fte, jeleni, bl\u00ed\u017ee, jen trochu bl\u00ed\u017ee, paroh\u00e1\u010di. My p\u0159\u00edjdem, my p\u0159\u00edjdem, p\u0159e\u0159v\u00e1vaj se jeleni. Jeden je n\u011bkde za n\u00e1ma u Kotle a druhej u mumlavsk\u00fd louky. Zase propad\u00e1me sp\u00e1nku.<br \/>\nR\u00e1no je jako malovan\u00fd, sudokopytn\u00edci se vytratili, hv\u011bzdy zhasly lampi\u010dky a po sn\u00eddani se vytr\u00e1c\u00edme z\u00a0kle\u010de i my. Slunce zase \u0159\u00e1d\u00ed. <a href=\"http:\/\/www.slim2009.cz\/wordpress\/wp-content\/uploads\/2015\/11\/IMG_4616-3.jpg\" target=\"_blank\" rel=\"noopener\"><img loading=\"lazy\" decoding=\"async\" class=\"alignleft wp-image-3004\" src=\"http:\/\/www.slim2009.cz\/wordpress\/wp-content\/uploads\/2015\/11\/IMG_4616-3.jpg\" alt=\"IMG_4616\" width=\"288\" height=\"192\" \/><\/a>Cesta vede kolem Kotle a R\u016f\u017een\u010diny zahr\u00e1dky. B\u00e1gly nech\u00e1v\u00e1me na rozcest\u00ed a jdeme se pod\u00edvat na v\u00fdkop pro protitankovej p\u0159\u00edkop, mezi nezbudovan\u00fdma bunkrama Krk-K-S 1 &#8211; Krk-K-S 2. D\u00e1l pokra\u010dujeme na Zlat\u00fd n\u00e1vr\u0161\u00ed, kde u Vrbatovy boudy stoj\u00ed bufet a v\u00a0n\u011bm, jak douf\u00e1me, si d\u00e1me zel\u0148a\u010dku. Doba se m\u011bn\u00ed a s\u00a0n\u00ed i stavby. D\u0159ev\u011bnej bufet zmizel. Novej ve Vrbatovy boud\u011b, kter\u00e1 vypad\u00e1 jako betonovej sarkof\u00e1g, n\u00e1s rozhodn\u011b nenal\u00e1kal. Odpadkovej ko\u0161 nikde, tak jim d\u00e1v\u00e1me odpadky na z\u00e1pra\u017e\u00ed a odch\u00e1z\u00edme pry\u010d. Ani fotku toho betonov\u00fdho hnusu ned\u011bl\u00e1m. Odch\u00e1z\u00edme k\u00a0Pan\u010davsk\u00fdmu vodop\u00e1du. Vodopad\u00e1n\u00ed je obehnan\u00fd \u0159et\u011bzem, aby nedo\u0161lo lidopad\u00e1n\u00ed. Oplachujeme se ledovou vodou. To, \u017ee tady, je vody dost, neznamen\u00e1, \u017ee u pramene Labe, bude co nabrat do \u010dutor. To zjist\u00edme, ale pozd\u011bjc, te\u010f se rozhl\u00ed\u017e\u00edme do Labsk\u00fdho dolu, od vodop\u00e1du i z\u00a0Ambro\u017eovy vyhl\u00eddky. M\u00edj\u00edme Labskou boudu a jdem k\u00a0prameni. Letos je takov\u00fd sucho, \u017ee voda ve skru\u017ei je o metr n\u00ed\u017e a \u0161pinav\u00e1. To nen\u00ed dobr\u00fd. Posledn\u00ed zbytky pitn\u00fd vody, si nech\u00e1v\u00e1me na hor\u0161\u00ed \u010dasy. Snad bude pod Vysok\u00fdm kolem pramen. D\u00e1v\u00e1me si su\u0161enku, jabko a malej odpo\u010dinek. Potom stoup\u00e1me kolem Viol\u00edku na Sn\u011b\u017en\u00e9 j\u00e1my. Na hran\u011b Sn\u011b\u017en\u00fdch<a href=\"http:\/\/www.slim2009.cz\/wordpress\/wp-content\/uploads\/2015\/11\/IMG_4671_panorama-3.jpg\" target=\"_blank\" rel=\"noopener\"><img loading=\"lazy\" decoding=\"async\" class=\"alignright wp-image-3006\" src=\"http:\/\/www.slim2009.cz\/wordpress\/wp-content\/uploads\/2015\/11\/IMG_4671_panorama-3.jpg\" alt=\"IMG_4671_panorama\" width=\"288\" height=\"187\" \/><\/a> jam siln\u011b fouk\u00e1 v\u00edtr a nen\u00ed si kam sednout. V\u0161ude sam\u00fd kamen\u00ed a t\u016fristi. Podle mapy by se m\u011bla nach\u00e1zet kousek pod vrcholem jam, Kamenn\u00e1 stud\u00e1nka. Jdeme k\u00a0n\u00ed, i kdy\u017e, nen\u00ed jasn\u00fd, jestli v\u00a0n\u00ed bude voda. Sch\u00e1z\u00edme o p\u00e1r metr\u016f n\u00ed\u017e a tady snad ani sucho nebylo. Z\u00a0trubky trysk\u00e1 voda pln\u00fdm proudem. Hur\u00e1\u00e1\u00e1 neuschnem! Schazujeme b\u00e1gly, bereme \u010dutory a pln\u00edme. Po napln\u011bn\u00ed si d\u00e1v\u00e1me ob\u011bd. Chleba, sejra, sal\u00e1m a spoustu pit\u00ed. Lejeme si vodu do hrb\u016f, abysme vydr\u017eeli do ve\u010dera. Po vydatn\u00fdm odpo\u010dinku se vrac\u00edme na stezku u Sn\u011b\u017en\u00fdch jam. Bohu\u017eel, nebo sp\u00ed\u0161, d\u00edky bohu, je cesta na Vysok\u00fd kolo uzav\u0159en\u00e1. Stezka obch\u00e1z\u00ed vrchol a kles\u00e1 po vyskl\u00e1dan\u00fdch rovn\u00fdch balvanech pod Velk\u00fd \u0160i\u0161\u00e1k. Vz\u00e1p\u011bt\u00ed se \u0161kr\u00e1beme na Mu\u017esk\u00fd kameny. Dalek\u00fd rozhedy si u\u017e\u00edv\u00e1me jenom chv\u00edli a po lehk\u00fdm odpo\u010dinku kles\u00e1me kolem D\u00edv\u010d\u00edch kamen\u016f k\u00a0bejval\u00fd Petrovce. Na p\u016fl cesty mezi Petrovkou a \u0160pindlerovkou si d\u00e1v\u00e1me velkou pauzu. Kles\u00e1n\u00ed si vyb\u00edr\u00e1 da\u0148 a nohy melou z\u00a0posledn\u00edho. Kouk\u00e1me do mapy, kde to jako dneska zalom\u00edme. M\u00e1me asi hodinu a p\u016fl, ne\u017e dojde sv\u011btlo. Dojdeme ke \u0160pindlerovce a uvid\u00edme. P\u016fvodn\u00ed pl\u00e1n byl, \u017ee p\u016fjdeme za Malej \u0160i\u0161\u00e1k a n\u011bkde u Poledn\u00edch kamen\u016f, zalezeme do lesa a p\u0159esp\u00edme. U \u0160pindlerovky byl trochu sign\u00e1l, tak ob\u00e1 <a href=\"http:\/\/www.slim2009.cz\/wordpress\/wp-content\/uploads\/2015\/11\/IMG_4789-3.jpg\" target=\"_blank\" rel=\"noopener\"><img loading=\"lazy\" decoding=\"async\" class=\"alignleft wp-image-3012\" src=\"http:\/\/www.slim2009.cz\/wordpress\/wp-content\/uploads\/2015\/11\/IMG_4789-3.jpg\" alt=\"IMG_4789\" width=\"288\" height=\"192\" \/><\/a>dva vol\u00e1me dom\u016f. Dozv\u00edd\u00e1me se, \u017ee p\u0159ech\u00e1z\u00ed fronta a m\u011blo by pr\u0161et. Pravda, od jiho jihu se cosi bl\u00ed\u017e\u00ed, ale zat\u00edm se jen lehce zatahuje. Na z\u00e1klad\u011b t\u011bhle informac\u00ed a taky mo\u017enosti evakuace k\u00a0nejbli\u017e\u0161\u00edmu os\u00eddlen\u00ed, se rozhodujeme, jestli by nebylo lep\u0161\u00ed, p\u0159espat rad\u0161i v\u00a0\u00fadol\u00ed B\u00edl\u00fdho Labe. Ot\u00e1\u010d\u00edme t\u011bla o 90\u00b0 a sestupujeme do \u00fadol\u00ed, \u017elutou zna\u010dkou. Na v\u00fdv\u011bsk\u00e1ch hot\u00fdlk\u016f \u010dteme, \u017ee pokoje od 350ti ka\u010dek. Evidentn\u011b jsme je\u0161t\u011b nedozr\u00e1li. \u0160lapeme \u00fadol\u00edm a mudrujeme, \u017ee kdyby v\u00a0Boud\u011b u B\u00edl\u00fdho Labe nab\u00edzeli nocleh za dv\u011bst\u011b, \u017ee by sme asi podlehli vol\u00e1n\u00ed civilizace. \u010c\u00edm v\u00edc se p\u0159ibli\u017eujeme, t\u00edm v\u00edc by to \u0161lo. U odbo\u010dky do \u010certovy strouhy, stoj\u00ed informa\u010dn\u00ed budka KRNAPu. V\u00e1h\u00e1me, jestli si na \u00fazk\u00fd verand\u011b neusteleme. No jestli nebude zbyt\u00ed, ud\u011bl\u00e1me to. Vyzkou\u0161\u00edme, co bude opod\u00e1l u B\u00edl\u00fdho Labe. Ejhle, restaurace zav\u00edr\u00e1 v\u00a018hodin a je skoro \u010dvrt na sedum. Ubytov\u00e1n\u00ed od 300K\u010d. Jo, jdem do toho. Zvon\u00edme a p\u0159ich\u00e1zej\u00ed n\u00e1m otev\u0159\u00edt. M\u00e1te rezervaci? Pov\u00edd\u00e1 osoba z\u00a0bar\u00e1ku. Co pak jsme indij\u00e1ni!? No dob\u0159e p\u016fjdu se zeptat.odpov\u011bd\u011bla ta osoba \u017eensk\u00e9ho pohlav\u00ed. Za chv\u00edli, n\u00e1m sd\u011bluje, \u017ee ubytov\u00e1n\u00ed, je jen za 350. Nu co, tak ted\u00e1 j\u00f3. A u\u017e jsme uvnit\u0159. Dostali jsme kl\u00ed\u010de od pokoje, kam odkl\u00e1d\u00e1me b\u00e1gly. Vrac\u00edme se do lok\u00e1lu. S\u00a0n\u00e1mi, tady je asi vosum \u010dlov\u011bk\u016f. K\u00a0j\u00eddlu si d\u00e1v\u00e1me uzen\u00fd, krkovi\u010dku s\u00a0ho\u0159tic\u00ed a chleba. Ostatn\u011b, nic jin\u00fdho u\u017e nen\u00ed. Po uzen\u00fdm si d\u00e1v\u00e1me pivko nebo t\u0159i a jdem bydlet. Hork\u00e1 sprcha, vyzubit a sp\u00e1t. Venku pr\u0161\u00ed a kapky tlu\u010dou do plechov\u00fd st\u0159echy.<br \/>\nR\u00e1no, po probuzen\u00ed, si bal\u00edme, mejeme se, pln\u00edme fla\u0161ky vodou. Jdeme na sn\u00eddani, hnedle, co se obl\u00edkneme do vo\u0148avou\u010dk\u00fdho <a href=\"http:\/\/www.slim2009.cz\/wordpress\/wp-content\/uploads\/2015\/11\/IMG_4842-3.jpg\" target=\"_blank\" rel=\"noopener\"><img loading=\"lazy\" decoding=\"async\" class=\" wp-image-3014 alignright\" src=\"http:\/\/www.slim2009.cz\/wordpress\/wp-content\/uploads\/2015\/11\/IMG_4842-3.jpg\" alt=\"IMG_4842\" width=\"288\" height=\"192\" \/><\/a>pr\u00e1d\u00fdlka. Sn\u00eddan\u011b je v\u00a0cen\u011b z\u00e1jezdu. Rohl\u00ed\u010dky, jsou obvzvl\u00e1\u0161t\u011b vype\u010den\u00fd. Po sn\u00eddan\u00ed plat\u00edme a miz\u00edme v\u00a0d\u00e1li, abychom se je\u0161t\u011b jednou dostali do bl\u00edzkosti. Proto\u017ee v\u010dera po ve\u010de\u0159i, neprob\u011bhla p\u0159\u00edprava na r\u00e1no, ale byl kl\u00eddek, p\u00edvo, pohoda, d\u017eez, muselo se z\u00e1konit\u011b doj\u00edt a\u017e na konec. D\u00edky halabala p\u0159\u00edprav\u011b, vyr\u00e1\u017e\u00edme sice do kopce, ale m\u00edsto pod\u00e9l B\u00edl\u00fdho Labe, se dr\u00e1peme pod\u00e9l \u010certovy strouhy, co\u017e zji\u0161\u0165ujeme, a\u017e kdy\u017e cesta kon\u010d\u00ed. Zmateni, \u010dum\u00edme do map a navigace. Po zji\u0161t\u011bn\u00ed, \u010deho sme se dopustili, dokon\u010dujeme nau\u010dnou stezku a lesn\u00ed cestou se vrac\u00edme tam, odkud, jsme r\u00e1no vy\u0161li, teda od Boudy u B\u00edl\u00fdho Labe. Tady u\u017e je rojen\u00ed Polsk\u00fdch skaut\u016f. Proch\u00e1z\u00edme kolem nich a tentokr\u00e1t se trefujeme, hned na podruh\u00fd. Stoup\u00e1me \u00fadol\u00edm B\u00edl\u00fdho Labe k\u00a0Lu\u010dn\u00ed boud\u011b. N\u011bkolikr\u00e1t odpo\u010d\u00edv\u00e1me a popad\u00e1me dech. Proch\u00e1z\u00edme lavinov\u00fdm ter\u00e9nem, je ale pozdn\u00ed l\u00e9to, tak\u017ee \u017e\u00e1dnej sn\u00edh. Postupn\u011b mizej stromy a nahrazuje je kle\u010d. Na rozcest\u00ed pod Koz\u00edma h\u0159betama, nadohled od Lu\u010dn\u00ed boudy, sed\u00e1me do tr\u00e1vy a ob\u011bdujeme. Dobrou hodinu relaxujeme, ne\u017e se znova vyd\u00e1v\u00e1me d\u00e1l ke Sn\u011b\u017ece. Povalov\u00fd chodn\u00edky p\u0159es \u00dapskou ra\u0161elinu, tr\u010dej d\u00edky suchu ve vzduchu. Okoln\u00ed kle\u010d je vysok\u00e1 a ob\u010das br\u00e1n\u00ed rozhledu. U pramene \u00dapy se kone\u010dn\u011b St\u0159\u00edbrn\u00fd n\u00e1vr\u0161\u00ed skl\u00e1n\u00ed k\u00a0\u00dapsk\u00fd hran\u011b do Ob\u0159\u00edho sedla. Pod Sn\u011b\u017ekou op\u011bt odpo\u010d\u00edv\u00e1me. Pozorujeme, jak se vrcholek schov\u00e1v\u00e1 do mrak\u016f, aby za chv\u00edli, byly mraky odfouknut\u00fd zp\u00e1tky na Polskou stranu. Nasazujeme b\u00e1gly a jdeme na samej vrchol <a href=\"http:\/\/www.slim2009.cz\/wordpress\/wp-content\/uploads\/2015\/11\/IMG_4849-3.jpg\" target=\"_blank\" rel=\"noopener\"><img loading=\"lazy\" decoding=\"async\" class=\"alignleft wp-image-3015\" src=\"http:\/\/www.slim2009.cz\/wordpress\/wp-content\/uploads\/2015\/11\/IMG_4849-3.jpg\" alt=\"IMG_4849\" width=\"288\" height=\"192\" \/><\/a>Krkono\u0161. P\u0159ed n\u00e1mi je posledn\u00edch 203metr\u016f vej\u0161kovejch. Pekeln\u00fd stoup\u00e1n\u00ed, je pro n\u011bkter\u00fd Pol\u00e1ky nadlidskej \u00fakol. T\u00e1hne z\u00a0nich vodka vyborova, p\u0159\u00edpadn\u011b se tlustoko\u017eci jenom p\u0159ecenili. I my se s\u00a0vyp\u011bt\u00edm v\u0161ech sil, dost\u00e1v\u00e1me ke kapli Svat\u00fdho Vav\u0159ince. Rozhl\u00ed\u017e\u00edme se po vrcholu, obch\u00e1z\u00edme pam\u011btihodnosti. Polsk\u00fd UFO tal\u00ed\u0159e, nech\u00e1v\u00e1me pokojn\u011b st\u00e1t. Je\u0161t\u011b nav\u0161t\u011bvujeme po\u0161tovnu, kv\u016fli raz\u00edtk\u016fm a pak pad\u00e1me dolu zp\u00e1tky do Ob\u0159\u00edho sedla. Slunce u\u017e se zase lou\u010d\u00ed a hodl\u00e1 zapadnout n\u011bkam za Studni\u010dn\u00ed horou. Sch\u00e1z\u00edme do Ob\u0159\u00edho dolu. U vod\u00e1rny se zastavujeme a prohl\u00ed\u017e\u00edme si jej\u00ed vybaven\u00ed. U\u017e nad vod\u00e1rnou jsou sly\u0161et jeleni, jak na sebe hul\u00e1kaj, skrze \u00fadol\u00ed. Jeden je n\u011bkde v\u00a0Ob\u0159\u00e1ku a druhej na svahu R\u016f\u017eov\u00fd hory. Tak, a jdou zase po n\u00e1s. U kov\u00e1rny si mus\u00edme znova odpo\u010dinout, proto\u017ee nohy za\u010d\u00ednaj d\u0159ev\u011bn\u011bt z\u00a0toho prudk\u00fdho kles\u00e1n\u00ed. Sna\u017e\u00edm se zahl\u00eddnout paroh\u00e1\u010de na prot\u011bj\u0161\u00ed stran\u011b Ob\u0159\u00edho dolu, ale marn\u011b. Jsou sly\u0161et jen jeho hrdeln\u00ed v\u00fdk\u0159iky. U paty Ob\u0159\u00e1ku, vedle kapli\u010dky, d\u011bl\u00e1me z\u00e1sadn\u00ed rozhodnut\u00ed, nebo\u0165, jako obvykle nam\u00edt\u00e1m, \u017ee tohle u\u017e je civilizace a p\u0159esp\u00e1n\u00ed pod \u0161ir\u00e1kem, by bylo problematick\u00fd a neromantick\u00fd. Navrhuju p\u0159esun k\u00a0n\u00e1m dom\u016f, kde je ve\u0161kerej komfort. Po kr\u00e1tk\u00fdm v\u00e1h\u00e1n\u00ed Jura souhlas\u00ed. M\u00e1me p\u0159ed sebou zhruba \u010dty\u0159i kilometry na autobus\u00e1k. \u0160e\u0159\u00ed se, i lanovk\u00e1\u0159i stahujou kabinky a budou kon\u010dit. Na <a href=\"http:\/\/www.slim2009.cz\/wordpress\/wp-content\/uploads\/2015\/11\/IMG_4949-3.jpg\" target=\"_blank\" rel=\"noopener\"><img loading=\"lazy\" decoding=\"async\" class=\"alignright wp-image-3018\" src=\"http:\/\/www.slim2009.cz\/wordpress\/wp-content\/uploads\/2015\/11\/IMG_4949-3.jpg\" alt=\"IMG_4949\" width=\"288\" height=\"192\" \/><\/a>autobus\u00e1ku jsme pr\u00e1v\u011b v\u010das. Odku\u010fsi z\u00a0Pr\u00e1glu, p\u0159ijel bus a vylejzaj z\u00a0n\u011bj \u010dlov\u011bci. Jakoby nic, se jdu zeptat, jestli n\u00e1hodou nejede t\u0159eba do Trutnova. \u0158idi\u010d chv\u00edli kouk\u00e1 a pak taky, jako by nic \u0159\u00edk\u00e1, \u017ee u\u017e tady vlastn\u011b nem\u011bl bejt a m\u00e1 hodinu sekeru. A jestli n\u00e1m to nevad\u00ed, \u017ee jede do Svobody, a kdy\u017e mu d\u00e1me na p\u00edvo, vezme n\u00e1s. Tak n\u00e1s jelo celkem \u0161est. T\u00edm p\u00e1dem z\u00edskal na p\u011bknou vopici. Ve Svobod\u011b \u010dek\u00e1me asi p\u016fl ho\u010fky na vlak. Nased\u00e1me do\u0148, a tmou tmouc\u00ed jedeme do Hor\u0148\u00e1ku. Kolem bejval\u00fd fabriky, sou\u010dasn\u00fd hasi\u010d\u00e1rny, p\u0159ich\u00e1z\u00edme od zast\u00e1vky k\u00a0n\u00e1m dom\u016f. Ren\u010da n\u00e1s v\u00edt\u00e1 a ihned sm\u011bruje do koupelny k\u00a0o\u010dist\u011b. Pak ve\u010de\u0159e, drobn\u00e1 konverzace a hajdy do pelechu, r\u00e1no se vst\u00e1v\u00e1 brzy, kv\u016fliv\u00e1 autobusu do Brna. Tak se skon\u010dil krkono\u0161skej vandr.<\/p>\n<p>&nbsp;<\/p>\n<p>&nbsp;<\/p>\n<p>Fotky a videa: <a href=\"http:\/\/www.slim2009.cz\/photo\/#\/shared_space\/folder\/391?_k=m0i8hj\" target=\"_blank\" rel=\"noopener\">zde<\/a>\u00a0\u00a0\u00a0\u00a0\u00a0\u00a0\u00a0\u00a0\u00a0\u00a0\u00a0\u00a0\u00a0\u00a0\u00a0 V\u00fdsledky a grafy:\u00a0 <a href=\"http:\/\/www.slim2009.cz\/Prilohy\/Krkonose2015\/Krkonose2015_Den01.pdf\" target=\"_blank\" rel=\"noopener\">Den 01<\/a>\u00a0\u00a0\u00a0\u00a0 <a href=\"http:\/\/www.slim2009.cz\/Prilohy\/Krkonose2015\/Krkonose2015_Den02.pdf\" target=\"_blank\" rel=\"noopener\">Den 02<\/a>\u00a0\u00a0\u00a0\u00a0 <a href=\"http:\/\/www.slim2009.cz\/Prilohy\/Krkonose2015\/Krkonose2015_Den03.pdf\" target=\"_blank\" rel=\"noopener\">Den 03<\/a>\u00a0\u00a0\u00a0\u00a0\u00a0\u00a0 Celkov\u00e1 trasa: <a href=\"http:\/\/www.slim2009.cz\/Prilohy\/Krkonose2015\/Krkonose2015_all.pdf\" target=\"_blank\" rel=\"noopener\">zde<\/a><\/p>\n<p>Video v HD rozli\u0161en\u00ed, ke sta\u017een\u00ed <a href=\"http:\/\/www.slim2009.cz\/Prilohy\/Krkonose2015\/Krkonose2015.zip\" target=\"_blank\" rel=\"noopener\">tady.<\/a><\/p>\n","protected":false},"excerpt":{"rendered":"<p>Vandr po Krkono\u0161\u00edch, obvykle skon\u010d\u00ed mokrejma botama. Po\u010das\u00ed na Ob\u0159\u00edch hor\u00e1ch je obvykle nevyzpytateln\u00fd. P\u0159i na\u0161em vandru, nejen \u017ee boty z\u016fstaly such\u00fd, ale je\u0161t\u011b k\u00a0tomu, bylo t\u0159i dny extrovn\u00ed po\u010das\u00ed. Krakono\u0161, nebo jak se u n\u00e1s \u0159\u00edk\u00e1 R\u00fcbezahl, si nechal &hellip; <a href=\"https:\/\/www.slim2009.cz\/wordpress\/archivalie\/archiv-vandry\/krkonose-2015\/\">Cel\u00fd p\u0159\u00edsp\u011bvek <span class=\"meta-nav\">&rarr;<\/span><\/a><\/p>\n","protected":false},"author":1,"featured_media":0,"parent":5048,"menu_order":18,"comment_status":"closed","ping_status":"closed","template":"","meta":{"footnotes":""},"class_list":["post-2990","page","type-page","status-publish","hentry"],"_links":{"self":[{"href":"https:\/\/www.slim2009.cz\/wordpress\/wp-json\/wp\/v2\/pages\/2990","targetHints":{"allow":["GET"]}}],"collection":[{"href":"https:\/\/www.slim2009.cz\/wordpress\/wp-json\/wp\/v2\/pages"}],"about":[{"href":"https:\/\/www.slim2009.cz\/wordpress\/wp-json\/wp\/v2\/types\/page"}],"author":[{"embeddable":true,"href":"https:\/\/www.slim2009.cz\/wordpress\/wp-json\/wp\/v2\/users\/1"}],"replies":[{"embeddable":true,"href":"https:\/\/www.slim2009.cz\/wordpress\/wp-json\/wp\/v2\/comments?post=2990"}],"version-history":[{"count":0,"href":"https:\/\/www.slim2009.cz\/wordpress\/wp-json\/wp\/v2\/pages\/2990\/revisions"}],"up":[{"embeddable":true,"href":"https:\/\/www.slim2009.cz\/wordpress\/wp-json\/wp\/v2\/pages\/5048"}],"wp:attachment":[{"href":"https:\/\/www.slim2009.cz\/wordpress\/wp-json\/wp\/v2\/media?parent=2990"}],"curies":[{"name":"wp","href":"https:\/\/api.w.org\/{rel}","templated":true}]}}