{"id":2891,"date":"2015-04-22T08:50:41","date_gmt":"2015-04-22T07:50:41","guid":{"rendered":"http:\/\/194.12.34.10\/?page_id=2891"},"modified":"2015-04-22T08:50:41","modified_gmt":"2015-04-22T07:50:41","slug":"podkerkonosskem2015","status":"publish","type":"page","link":"https:\/\/www.slim2009.cz\/wordpress\/archivalie\/archiv-vandry\/podkerkonosskem2015\/","title":{"rendered":"Podk\u00e9rkono\u0161skem2015"},"content":{"rendered":"<p style=\"text-align: left;\">P\u016fvodn\u00ed, velikono\u010dn\u00ed term\u00edn vandru, byl vzhledem k po\u010das\u00ed, posunutej o \u010dtrn\u00e1ct dn\u00ed bl\u00ed\u017e k l\u00e9tu. Nejeli jsme t\u0159et\u00edho ale a\u017e 17t\u00fdho dubence. Tentokr\u00e1t \u0161amani a vz\u00fdva\u010di po\u010das\u00ed rozhodli, \u017ee nebude pr\u0161et, \u010di pl\u00edskat, ale \u017ee bude norm\u00e1ln\u00ed teplem neru\u0161en\u00e1, regul\u00e9rn\u00ed kosa s mo\u017enost\u00ed chumelen\u00ed ve v\u0161ech v\u00fd\u0161kach nad mo\u0159em i pod m\u00edm. \u0160t\u011bst\u00edm pro n\u00e1s bylo, \u017ee jako obvykle kou\u0159ili Honska s Rybn\u00edkovou \u0161patnou tr\u00e1vu. V p\u00e1tek 17t\u00fdho bylo nad Semilama slune\u010dno a vcelku i teplo.<br \/>\n<a href=\"http:\/\/www.slim2009.cz\/wordpress\/wp-content\/uploads\/2015\/04\/IMG_2037-3.jpg\" target=\"_blank\" rel=\"noopener\"><img loading=\"lazy\" decoding=\"async\" class=\"alignleft wp-image-2922\" src=\"http:\/\/www.slim2009.cz\/wordpress\/wp-content\/uploads\/2015\/04\/IMG_2037-3.jpg\" alt=\"IMG_2037\" width=\"230\" height=\"154\" \/><\/a>V\u00fdchoz\u00edm bodem se teda staly Semily. Synchronizace p\u0159\u00edpoj\u016f vlak\u016f se nezda\u0159ila a tak jsem zhruba hodinu bloumal semilsk\u00fdma ulicema. Ve stanoven\u00fdm \u010dase se ozval Jura, \u017ee jsou tu. Navrhuju, \u017ee se sraz\u00edme u l\u00e1vky p\u0159es Jizeru, kdy\u017e necht\u011bj\u00ed do m\u011bsta. To se stane \u0160us\u0165ovi osudn\u00fd. Nebude m\u00edt bu\u0159ty na ohe\u0148. K l\u00e1vce p\u0159ich\u00e1z\u00edm prvn\u00ed, a\u010d by to m\u011blo bejt op\u00e1\u010dn\u011b. Vysv\u011btlen\u00ed je jednoduch\u00fd. Kluci se zastavili na jedno u n\u00e1dra\u017e\u00ed. Zanedlouho se setk\u00e1v\u00e1me. \u0160us\u0165a, Jura se syn\u00e1torem a J\u00e1. Celkem \u010dty\u0159i exempl\u00e1\u0159i vym\u00edraj\u00edc\u00edho druhu Homo vandr\u00e1kus. Jur\u016fv syn je na vandru poprv\u00fd a prozat\u00edm \u017e\u00e1dnou p\u0159ezd\u00edvku nem\u00e1. Po uv\u00edtac\u00edm ceremoni\u00e1lu, se \u0160us\u0165a odeb\u00edr\u00e1 k m\u011bstu, aby sehnal bu\u0159ty. My, se jdeme kouknout na bitouchovskou kapli\u010dku a pak po\u010dk\u00e1me na rozcest\u00ed u kurtu. Netrvalo dlouho a \u0160us\u0165a se vrac\u00ed. Nem\u00e1 bu\u0159ty, ale buchty. Cestou narazil na prodejnu pe\u010diva, tak <a href=\"http:\/\/www.slim2009.cz\/wordpress\/wp-content\/uploads\/2015\/04\/IMG_2047-3.jpg\" target=\"_blank\" rel=\"noopener\"><img loading=\"lazy\" decoding=\"async\" class=\"alignright wp-image-2924\" src=\"http:\/\/www.slim2009.cz\/wordpress\/wp-content\/uploads\/2015\/04\/IMG_2047-3.jpg\" alt=\"IMG_2047\" width=\"230\" height=\"154\" \/><\/a>koupil co se nab\u00edzelo. Vyr\u00e1\u017e\u00edme tedy na cestu. Jdeme po proudu Jizery, Riegerovou stezkou ke Sp\u00e1lovu. Stezka za\u010d\u00edn\u00e1 poch\u016fznou l\u00e1vkou nad hladinou \u0159eky. Na prot\u011bj\u0161\u00edm b\u0159ehu na sk\u00e1le je nata\u017een\u00e1 Via ferata, pro vyznava\u010de p\u0159ipoutan\u00fdho lezen\u00ed. \u00a0Romantika a industri\u00e1ln\u00ed architektura, zd\u00e1nliv\u011b nejde skloubit. Tady se to povedlo v\u00edc ne\u017e dob\u0159e. kousek za l\u00e1vkou stoj\u00ed <a href=\"http:\/\/www.slim2009.cz\/Prilohy\/Kerkonoskem2015\/Spalov.JPG\" target=\"_blank\" rel=\"noopener\">budova, ze kter\u00fd jsou obsluhovan\u00fd stavidla jezu a vpust\u011b vodn\u00ed elektr\u00e1rny Sp\u00e1lov.<\/a> Samotn\u00e1 elektr\u00e1rna je zhruba o dva kil\u00e1ky d\u00e1l na konci stezky. Za budovou se nach\u00e1z\u00ed \u00fast\u00ed 1323m dlouh\u00fdho tunelu. Pokra\u010dujeme pod\u00e9l \u0159eky a stoup\u00e1me na B\u00f6hmovu vyhl\u00eddku. D\u011bl\u00e1me spole\u010dn\u00fd foto, kr\u00e1tce odpo\u010d\u00edv\u00e1me. Na prot\u011bj\u0161\u00ed stran\u011b vysoko nad n\u00e1ma je vyhl\u00eddka Krkav\u010d\u00ed sk\u00e1la a pod n\u00e1mi hu\u010d\u00ed Jizera ochuzen\u00e1 o vodu m\u00ed\u0159\u00edc\u00ed do turb\u00edny. Vyhl\u00eddka je nejvy\u0161\u0161\u00edm m\u00edstem riegerovky. Do Sp\u00e1lova sestoup\u00edme skoro o 30metr\u016f. P\u0159edt\u00edm ne\u017e se projdeme tunelem, m\u00edj\u00edme m\u00edsto, kde se v zim\u011b tvo\u0159\u00ed mohutnej ledop\u00e1d. Te\u010f v dubnu, odkap\u00e1v\u00e1 a <a href=\"http:\/\/www.slim2009.cz\/wordpress\/wp-content\/uploads\/2015\/04\/IMG_2085-3.jpg\" target=\"_blank\" rel=\"noopener\"><img loading=\"lazy\" decoding=\"async\" class=\"alignleft wp-image-2926\" src=\"http:\/\/www.slim2009.cz\/wordpress\/wp-content\/uploads\/2015\/04\/IMG_2085-3.jpg\" alt=\"IMG_2085\" width=\"230\" height=\"154\" \/><\/a>stejk\u00e1 po sk\u00e1le voda. Po ledu ni zbla. Je\u0161t\u011b p\u0159ed tunelem jsem m\u011bl obavu, jestli se skrz v\u016fbec dostanu. Tunel se asi zv\u011bt\u0161il, v pohod\u011b jsem pro\u0161el i s almarou. \u00dadol\u00ed mezi Semilama a Sp\u00e1lovem je v\u016fbec pln\u00fd tunel\u016f. Na na\u0161\u00ed stran\u011b je jeden pro p\u011b\u0161\u00ed a na druh\u00fdm b\u0159ehu jsou \u010dty\u0159i a n\u011bkter\u00fd jsou prodlou\u017een\u00fd krytou galerii, proti padaj\u00edc\u00edmu kamen\u00ed. Sev\u0159en\u00fd \u00fadol\u00ed se p\u0159ed Sp\u00e1lovem otev\u00edr\u00e1. Tady po 1323metrech kon\u010d\u00ed \u0161tola a za\u010d\u00edn\u00e1 zd\u011bnej 437metr\u016f dlouhej krytej n\u00e1hon. Zastavujeme se u pramene A.Sta\u0161ka. M\u011bly by tady tryskat 2Litry za vte\u0159inu nepitn\u00fd vody. Ale co j\u00e1 pamatuju, tak to sotva kapalo. U \u00fast\u00ed Kamenice stoj\u00ed n\u011bkolik budov. <a href=\"http:\/\/www.slim2009.cz\/Prilohy\/Kerkonoskem2015\/Spalov.JPG\" target=\"_blank\" rel=\"noopener\">Nejv\u011bt\u0161\u00ed jsou budovy vodn\u00ed elektr\u00e1rny z roku 1921.<\/a> Men\u0161\u00ed budova Hotelu pod Sp\u00e1lovem, kde jsme se posilnili na dal\u0161\u00ed cestu. Vlezli jsme dovnit\u0159 a serv\u00edrka vida n\u011bco podivn\u00fdho na m\u00fdch z\u00e1dech, v \u00fa\u017ease hlesla: &#8220; Co to j\u00e9\u00e9.&#8220; Jura ji okam\u017eit\u011b informoval, \u017ee jsem v\u00e1\u0161nivej v\u010dela\u0159 a beru si \u00faly v\u017edycky s sebou, \u010demu\u017e nemohla neuv\u011b\u0159it. Rad\u0161i provedla objedn\u00e1vku a \u0161la si po svejch. Nejmen\u0161\u00ed budovou je zast\u00e1vka vlaku. P\u016fvodn\u00ed pl\u00e1n po\u010d\u00edtal s t\u00edm, \u017ee se nach\u00e1me odv\u00edzt do N\u00e1varova. Jen\u017ee v loni se ou\u0159ady rozhodly nahradit po 60letech provizorn\u00ed vojenskej UNRA most. N\u00e1varovsk\u00fd proviz\u00f3rium \u0161lo k zemi a serv\u00edrka netu\u0161ila, <a href=\"http:\/\/www.slim2009.cz\/wordpress\/wp-content\/uploads\/2015\/04\/IMG_2162-3.jpg\" target=\"_blank\" rel=\"noopener\"><img loading=\"lazy\" decoding=\"async\" class=\"alignright wp-image-2927\" src=\"http:\/\/www.slim2009.cz\/wordpress\/wp-content\/uploads\/2015\/04\/IMG_2162-3.jpg\" alt=\"IMG_2162\" width=\"230\" height=\"154\" \/><\/a>jestli se d\u00e1 Kamenice p\u0159ej\u00edt suchou nohou. Pro sychr, se \u0161la zeptat kucha\u0159e, ale vr\u00e1tila se s t\u00edm, \u017ee most je pry\u010d. Nezbylo ne\u017e p\u0159ehodnotit cestu. Jura navrhuje jet do Plav\u016f a p\u0159ij\u00edt k N\u00e1varovu z druh\u00fd strany. Jako obvykle, m\u00e1m spoustu n\u00e1mitek a jednou z nich je, \u017ee v p\u0159\u00edpad\u011b nemo\u017enosti span\u00ed na hrad\u011b budeme muset hledat m\u00edsto v rozm\u00e1\u010den\u00fdm lese okolo &#8222;Boh\u0148ouska&#8220; a z\u0159ejm\u011b ve svahu. Navrhuju j\u00edt p\u011b\u0161ky a okouknou &#8222;modrou z\u00e1toku&#8220;, kde jsme d\u0159\u00edv\u00e1v\u011bjc v\u017edycky sp\u00e1vali cestou do Vlastibo\u0159e. A kdyby se dalo p\u0159es Kamenici p\u0159eci jen p\u0159ej\u00edt, vr\u00e1tili by sme se p\u0159espat sem. Ve Sp\u00e1lov\u011b jsme p\u0159e\u0161li most, zahnuli doprava a po druh\u00fdm b\u0159ehu se vydali k \u00a0&#8222;z\u00e1toce&#8220;. \u00a0Zprvu byla cesti\u010dka jako d\u0159\u00edv. A\u017e najednou se trnit\u00e9 cesty osudu za\u010daly napl\u0148ovat a ostru\u017ein\u00ed a jinej trnitej ne\u0159\u00e1d tarasit a klikatit na\u0161i cestu. Vyhl\u00ed\u017eel jsem vzrostlej les, kterej nep\u0159ich\u00e1zel. Naopak, stromy zmizely zcela. Z\u016fstalo ostru\u017ein\u00ed a oplocen\u00e1 paseka. Ani jsem nepoznal m\u00edsto kde jsme sp\u00e1vali. Jdeme d\u00e1l k \u017eelezni\u010dn\u00edmu mostu. Posledn\u00ed des\u00edtky metr\u016f p\u0159ed mostem, jsou nah\u00e1zen\u00fd v\u011btve ve vrstv\u00e1ch, tak\u017ee se jde stejn\u011b \u0161patn\u011b jako v ostru\u017ein\u00ed. Sypu si popel na hlavu, kudy jsem je to prot\u00e1hnul. Holt \u010dasy se m\u011bn\u00ed.\u00a0Ale po p\u0159ekon\u00e1n\u00ed lesn\u00edch p\u0159ek\u00e1\u017eek , jsme u m\u00edsta <a href=\"http:\/\/www.slim2009.cz\/Prilohy\/Kerkonoskem2015\/Sp\u00e1lov 25.pdf\" target=\"_blank\" rel=\"noopener\">\u017eelezni\u010dn\u00edho ne\u0161t\u011bst\u00ed z roku 1990.<\/a> Odpo\u010d\u00edv\u00e1me po t\u00fd \u0161trap\u00e1ci a pak pokra\u010dujeme po \u010derven\u00fd na boh\u0148ouska. V lese jsem \u010dekal rozm\u00e1\u010denej ter\u00e9m, obvyklej v t\u011bhle m\u00edstech. P\u0159ekvapiv\u011b bylo v\u0161ude sucho, \u017e\u00e1dnej \u0161edivej lep\u00edc\u00ed j\u00edl. Pomalinku jsme vystoupali nad stanici Jesenn\u00fd a na pasece s rozhledem si opo\u010dinuli, p\u0159ed sestupem do Bohu\u0148ovska, m\u00edstn\u00edma \u0159e\u010den\u00fd: &#8222;Boh\u0148ouska&#8220;. Prohl\u00ed\u017e\u00edme si pomalu se rozpadaj\u00edc\u00ed bar\u00e1k u nov\u00e9ho mostu a odch\u00e1z\u00edme d\u00e1l k N\u00e1varovu. \u010cerven\u00e1 zna\u010dka se z podivn\u00fdch d\u016fvod\u016f odkl\u00e1n\u00ed od Kamenice. V map\u011b ale vid\u00edme, kudy cesta pokra\u010duje a tak se d\u00e1v\u00e1me po n\u00ed. Z\u00e1hy je jasn\u00fd pro\u010d ta zm\u011bna. Jakej si majetn\u00edk, koupil fabriku i s cestou a nep\u0159eje si nikoho vid\u011bt. Jestli\u017ee nikoho nevid\u00edme my, nem\u016f\u017ee nikdo vid\u011bt n\u00e1s. Pro\u0161li jsme bez \u00fahony. Pod\u00e9l vody se kone\u010dn\u011b dost\u00e1v\u00e1me k N\u00e1varovsk\u00fdmu mostu\u00a0<span style=\"line-height: 1.5em;\">a vid\u00edme, \u017ee novej most u\u017e skoro stoj\u00ed. V\u011bd\u011bt to, mohli jsme p\u0159ijet vlakem a nepozorovan\u011b p\u0159ekro\u010dit stavbu. Penzion Rusalka t\u011bsn\u011b u mostu je bohu\u017eel na prodej a zav\u0159en\u00e1. Naproti u bar\u00e1ku pr\u00e1v\u011b majitelka zah\u00e1n\u011bla kachny. Poprosily jsme ji o vodu a radu kde p\u0159espat. \u0158ekla n\u00e1m, \u017ee zejtra budou vod\u00e1ci sj\u00ed\u017ed\u011bt velkou vodu a \u017ee m\u00e1 p\u0159ipraven\u00fd p\u00edvo, miner\u00e1lku a ba\u010dajskou klob\u00e1sku na prodej. Kupujeme si balenou vodu, n\u011bkolik pivson\u016f Svijany, \u0160us\u0165a klob\u00e1sku, nech\u00e1v\u00e1me naplnit \u010dutory a jdeme na pl\u00e1\u017e u vody, kam n\u00e1s kachnopaska poslala. Zakl\u00e1d\u00e1me ohe\u0148, op\u00e9k\u00e1me \u0161pek\u00e1\u010dky, zap\u00edj\u00edme Svijansk\u00fdm. Po ve\u010de\u0159i nastal \u010das, nov\u00fdmu vandrovn\u00edmu, navrhnout p\u0159ezd\u00edvku. Indi\u00e1ni d\u00e1vaj p\u0159\u00edhodn\u00fd p\u0159\u00edzvysko podle toho jak se kdo proslav\u00ed , jak vypad\u00e1, p\u0159\u00edpadn\u011b co vyvedl. Sokol\u00ed p\u00e9ro, Bystr\u00fd voko, In\u010du\u010d\u016fna nebo jinak p\u0159\u00edhodn\u011b. \u00a0Mladej, byl celej den \u00fapln\u011b potichu ( norm\u00e1ln\u011b prej, nezastav\u00ed ku\u0161nu ), tak mi p\u0159i\u0161lo, \u0159\u00edkat mu &#8222;N\u011bmej&#8220;. Aplaus nebyl dlouhej, ale mo\u017en\u00e1 se to ujme. \u00a0Po setm\u011bn\u00ed za svitu hv\u011bzd, si teda N\u011bmej, Sam, \u0160us\u0165a a Slim\u00e1k rozbaluje le\u017een\u00ed a uleh\u00e1me. Po p\u016fl noci padne prvn\u00edch p\u00e1r kapek z \u010dist\u00fdho nebe, o ho\u010fku d\u00fdl ze zata\u017een\u00fdho a n\u011bkdy po t\u0159et\u00ed se spustilo jemn\u00fd pr\u0161en\u00ed. P\u0159etahuju p\u0159es sebe plachtu, sly\u0161\u00edm jak Jura p\u0159ikl\u00e1d\u00e1 na ohe\u0148, upravuje le\u017een\u00ed a pak se propad\u00e1m do sn\u016f.<\/span><\/p>\n<p>Za sv\u00edt\u00e1n\u00ed vystrkuju hlavu ze spac\u00e1ku dost\u00e1v\u00e1m kapkou do \u010dela, tak zase zalejz\u00e1m a hn\u00edpu. N\u011bkdy okolo sedm\u00fd vst\u00e1v\u00e1m, p\u0159i\u017eivuju ohe\u0144, stroj\u00edm se, va\u0159\u00edm vodu na \u010daj, d\u011bl\u00e1m si sn\u00eddani, zat\u00edm co ostatn\u00ed je\u0161t\u011b sp\u00ed. \u0160us\u0165a se v noci p\u0159em\u00edstil pod stromy, kde je po\u0159\u00e1d sucho a Jura p\u0159ehodil p\u0159es kl\u00e1du plachtu a vytvo\u0159il improvizovanej p\u0159\u00edst\u0159e\u0161ek a ob\u00e1 t\u0159i vysp\u00e1vaj no\u010dn\u00ed sm\u011bnu. Nad n\u00e1ma p\u0159ist\u00e1lo auto s karavanem, vystoupili jac\u00edsi vod\u00e1ci, sestoupili k n\u00e1m k vod\u011b a za\u010dali montovat u vody n\u011bj\u00e1ky montov\u00e1tka podobn\u00fd sv\u011bteln\u00fd z\u00e1vo\u0159e. Kdy\u017e to se\u0161telovali, ud\u011blalo to hlasit\u00fd p\u00ed\u00ed\u00ed\u00ed\u00ed\u00ed\u00ed\u00ed\u00edp. To u\u017e i kluci balej, sn\u00eddaj a jako prvn\u00ed odch\u00e1z\u00edm sm\u011br hrad. Jdu pomalu, <a href=\"http:\/\/www.slim2009.cz\/wordpress\/wp-content\/uploads\/2015\/04\/IMG_2179_panorama-3.jpg\" target=\"_blank\" rel=\"noopener\"><img loading=\"lazy\" decoding=\"async\" class=\"alignleft wp-image-2928\" src=\"http:\/\/www.slim2009.cz\/wordpress\/wp-content\/uploads\/2015\/04\/IMG_2179_panorama-3.jpg\" alt=\"IMG_2179_panorama\" width=\"384\" height=\"147\" \/><\/a>\u017e\u00e1dnej sp\u011bch. Kluci m\u011b skoro doh\u00e1n\u011bj, ale pak jdou silnicej, zat\u00edm co j\u00e1 po modr\u00fd zna\u010dce a\u017e k hradu. Spole\u010dn\u011b se nech\u00e1v\u00e1me vyfotit na n\u00e1dvo\u0159\u00ed od dal\u0161\u00edch turist\u016f. Fun\u00ed ledovej v\u00edtr, tak jdeme k z\u00e1mku. Z\u00e1mek se po dlouh\u00fdch l\u00e9tech celej opravuje. Jen \u0161pejchar naproti je tak jak byl. Kluci prolezli sklepy bejval\u00fdho pivovaru a pak jdeme k Jesenn\u00fdmu. Kolem n\u00e1s jezd\u00ed auta nalo\u017eeny kajakama, od hor fun\u00ed ledovej v\u00edtr. Kdy\u017e se dost\u00e1v\u00e1me za les, odbo\u010dujeme a loukama, kolem bejval\u00fdho lomu, jdeme skrz Jesenn\u00fd do <a href=\"http:\/\/www.slim2009.cz\/Prilohy\/Kerkonoskem2015\/Bozkovsk\u00e9 dolomitov\u00e9 jeskyn\u011b.pdf\" target=\"_blank\" rel=\"noopener\">Bozkovsk\u00fdch jeskyn\u00ed.<\/a> Ikdy\u017e je chladno, v\u00fdprava st\u00edh\u00e1 v\u00fdpravu. P\u0159ed n\u00e1mi jsou Pol\u00e1ci a hromadn\u00e1 v\u00fdprava s alespo\u0148 10seti plo\u0161ticema ( mr\u0148av\u00fd d\u011bti ). B\u00e1gly si schov\u00e1v\u00e1me do m\u00edstnosti pr\u016fvodc\u016f. Ve 12.40 doch\u00e1z\u00ed na n\u00e1s. J\u00e9, j\u016f a jin\u00fd \u00fadivy, krom v\u00fdkladu pr\u016fvodce a bre\u010den\u00ed mal\u00fd nud\u00edc\u00ed se plo\u0161tice, nen\u00ed sly\u0161et. Za 3\/4t\u011b hodiny, je po v\u0161em. Bereme ruksaky a m\u00ed\u0159\u00edme do centra Bozkova naj\u00edt otev\u0159enou restauraci. Nen\u00ed sez\u00f3na, tak jsou v\u0161echny dv\u011b zav\u0159en\u00fd. Nu co, odch\u00e1z\u00edme ke kapli\u010dce a pijeme z\u00e1zra\u010dnou vodu ze stud\u00e1nky &#8222;U Mati\u010dky&#8220;. Pln\u00edme i \u010dutory. Bozkov je na kopci, na\u0161e kroky m\u00ed\u0159ej\u00ed k potoku <a href=\"http:\/\/www.slim2009.cz\/wordpress\/wp-content\/uploads\/2015\/04\/IMG_2216_panorama-3.jpg\" target=\"_blank\" rel=\"noopener\"><img loading=\"lazy\" decoding=\"async\" class=\" wp-image-2929 alignright\" src=\"http:\/\/www.slim2009.cz\/wordpress\/wp-content\/uploads\/2015\/04\/IMG_2216_panorama-3.jpg\" alt=\"IMG_2216_panorama\" width=\"384\" height=\"142\" \/><\/a>Vo\u0161menda. Za osadou Hamry si d\u00e1v\u00e1me dlouho o\u010dek\u00e1vanej ob\u011bd. Rozd\u011bl\u00e1v\u00e1me ohe\u0144, va\u0159\u00edme konzervy a \u010daj. Po &#8222;O&#8220; chvilku relaxujeme. \u010casu nem\u00e1me na zbyt, tak se pakujeme a jdeme d\u00e1l proti proudu Vo\u0161mendy. P\u016fvodn\u00ed pl\u00e1n byl poupraven, tak\u017ee nejdeme na Roztoky u Semil, ale po zelen\u00fd rovnou do Helkovic. Cestou fot\u00edme bledule a dev\u011btsil. P\u0159ed Helkovicema trochu odpo\u010d\u00edv\u00e1me, \u010dek\u00e1 n\u00e1s v\u00fdstup ze 450 do 690 metr\u016f\/m. Do z\u00e1padu slunce zbejvaj zhruba dv\u011b hodiny, proto se znovu vyd\u00e1v\u00e1me vp\u0159ed. Loukama, lesem a polema vytrvale stoup\u00e1me a\u017e k rozhledn\u011b &#8220; U Borovice &#8222;. Tady na n\u00e1s v &#8222;z\u00e1v\u011bt\u0159\u00ed &#8220; \u010dek\u00e1 \u0160us\u0165a. Rozhledy jsou tady n\u00e1ramn\u00fd. Z jedn\u00fd strany zasn\u011b\u017een\u00fd Krkono\u0161e, z druh\u00fd \u010ceskej R\u00e1j bez sn\u011bhu, vzadu na z\u00e1pad\u011b, vykukuje Je\u0161t\u011b D. Rozhledna je zav\u0159en\u00e1 a fouk\u00e1 tak silnej sever\u00e1k, \u017ee to ani trochu nezdr\u017eujem a odch\u00e1z\u00edme urychlen\u011b k Roprachtic\u00edm na v\u00fdchod\u011b. Roprachtice jsou jako po vym\u0159en\u00ed. P\u0159ech\u00e1z\u00edme hlavn\u00ed silnici a polema, kolem Chlumu m\u00ed\u0159\u00edme k nejbli\u017e\u0161\u00edmu lesejku, abysme se rozbalili je\u0161t\u011b za sv\u011btla. Co \u010dert necht\u011bl, naproti n\u00e1m se objevil ter\u00e9\u0148\u00e1k s odpr\u00e1sk\u00e1va\u010dem. To by tak hr\u00e1lo, aby si n\u00e1s n\u011bkde v\u011b\u010d\u00edr vychutnal. Objel n\u00e1s a v\u00edc u\u017e jsme ho nevid\u011bli. U nejbli\u017e\u0161\u00edho lesejka, miz\u00edme z dohledu. Kdesi uprost\u0159ed zahazujeme b\u00e1gly, nos\u00edme kamen\u00ed a d\u0159\u00edv\u00ed. Kamen\u00ed na vystl\u00e1n\u00ed a obehn\u00e1n\u00ed ohni\u0161t\u011b, aby nedo\u0161lo k ho\u0159en\u00ed hrabanky. Rozd\u011bl\u00e1v\u00e1me <a href=\"http:\/\/www.slim2009.cz\/wordpress\/wp-content\/uploads\/2015\/04\/IMG_2281_panorama-3.jpg\" target=\"_blank\" rel=\"noopener\"><img loading=\"lazy\" decoding=\"async\" class=\"alignleft wp-image-2934\" src=\"http:\/\/www.slim2009.cz\/wordpress\/wp-content\/uploads\/2015\/04\/IMG_2281_panorama-3.jpg\" alt=\"IMG_2281_panorama\" width=\"384\" height=\"190\" \/><\/a>malej oh\u00fdnek, va\u0159\u00edme si ve\u010de\u0159i a \u010daj. Ne\u017e se naj\u00edme a rozbal\u00edme je \u00fapln\u00e1 tma. Pad\u00e1me \u00fanavou a r\u00e1no m\u00e1me na sp\u011bch, tak\u017ee jdeme sp\u00e1t. V noci se oz\u00fdvaj r\u00e1ny. To asi odpr\u00e1sk\u00e1va\u010d na n\u011bco st\u0159\u00edl\u00ed. Je to n\u011bkde d\u00e1l, tak znova us\u00edn\u00e1me.<\/p>\n<p>Bud\u00edme se pozd\u011b. Slunce \u0159\u00e1d\u00ed po obloze, havrani kr\u00e1kaj na v\u011btv\u00edch a my zji\u0161\u0165ujeme, jak mus\u00edme sp\u011bchat. Rozhodn\u011b si mus\u00edme posp\u00ed\u0161it, jestli chceme stihnout vlak v 10:20. N\u011bkdy kolem osm\u00fd do\u0161lo k politov\u00e1n\u00ed hodn\u00fd nehod\u011b. \u0160patn\u011b zvolen\u00fd slova, nebo snad chvilkov\u00e1 mal\u00e1 mal\u00e1rie, \u010di \u0161kobrtnut\u00ed a u\u017e voda let\u00ed, nar\u00e1\u017e\u00ed do druh\u00fdho e\u0161\u00e1lku, v\u00fdst\u0159ik a u\u017e se to vsakuje. Mal\u00e9r je na sv\u011bt\u011b. Slejv\u00e1me posledn\u00ed zbytky vody a va\u0159\u00edme n\u00e1hradn\u00ed \u010daj. \u0160us\u0165a si zabalil a vydal se na z\u0159\u00edceninu hradu N\u00edst\u011bjka dole v \u00fadol\u00ed. Po sn\u00eddan\u00ed dobal\u00edme a jdem se kouknout co z N\u00edst\u011bjky zbylo. Proch\u00e1z\u00edme osadou Jilem, kde maj pra\u017e\u00e1ci je\u0161t\u011b p\u016flnoc: &#8222;Po\u0161\u0165\u00e1ka, toho vy nem\u016f\u017eete zn\u00e1t. Ten chod\u00ed v osum.&#8220; Nevid\u011bli by ho ani v dev\u011bt. Nepozorov\u00e1n\u00ed <a href=\"http:\/\/www.slim2009.cz\/wordpress\/wp-content\/uploads\/2015\/04\/IMG_2438-3.jpg\" target=\"_blank\" rel=\"noopener\"><img loading=\"lazy\" decoding=\"async\" class=\"alignright wp-image-2937\" src=\"http:\/\/www.slim2009.cz\/wordpress\/wp-content\/uploads\/2015\/04\/IMG_2438-3.jpg\" alt=\"IMG_2438\" width=\"230\" height=\"154\" \/><\/a>proch\u00e1z\u00edme Jilemem. Sestupujeme skoro k \u0159ece. V potoce nab\u00edr\u00e1 Jura vodu, aby bylo co p\u00edt. Na ostrohu nad mostem stoj\u00ed hrad. B\u00e1gly nech\u00e1v\u00e1me ve str\u00e1ni pod hradem a \u0161kr\u00e1beme se do vrchu. Zadejchn\u00fd, propocen\u00fd, stoj\u00edme v are\u00e1lu. \u0160us\u0165a tady nen\u00ed, asi u\u017e ode\u0161el na n\u00e1dra\u017e\u00ed. Na prohl\u00eddku m\u00e1me n\u011bkolik minut, tak sp\u011b\u0161n\u011b proch\u00e1z\u00edme z\u0159\u00edceniny. Mezi stromy se dole na cest\u011b mihnula postava. Je to \u0160us\u0165a, kr\u00e1\u010dej\u00edc\u00ed sm\u011brem k n\u00e1dra\u017e\u00ed. I my se ot\u00e1\u010d\u00edme, sch\u00e1z\u00edme k b\u00e1gl\u016fm a posp\u00edch\u00e1me na n\u00e1dra\u017e\u00ed v Hradsku, kam se dost\u00e1v\u00e1me n\u011bkolik minut p\u0159ed odjezdem. Nalejz\u00e1me do vlaku, kupujeme l\u00edstky u pr\u016fvod\u010d\u00edho a nech\u00e1v\u00e1me se odv\u00e9zt do Martinic. Tady se na\u0161e cesty d\u011bl\u00ed. Kluci jedou p\u0159es Paku na Brno, j\u00e1 do Trutnova.<\/p>\n<p>&nbsp;<\/p>\n<p>Fotky: <a href=\"http:\/\/www.slim2009.cz\/photo\/#\/shared_space\/folder\/393?_k=9das67\" target=\"_blank\" rel=\"noopener\">zde<\/a>\u00a0 \u00a0 \u00a0 \u00a0 \u00a0 \u00a0 \u00a0 \u00a0 \u00a0 \u00a0 \u00a0 \u00a0 \u00a0V\u00fdsledky a grafy tuhle: \u00a0 <a href=\"http:\/\/www.slim2009.cz\/Prilohy\/Kerkonoskem2015\/Kerkonoskem2015_den01.pdf\" target=\"_blank\" rel=\"noopener\">Den_01<\/a> \u00a0 \u00a0 \u00a0<a href=\"http:\/\/www.slim2009.cz\/Prilohy\/Kerkonoskem2015\/Kerkonoskem2015_den02.pdf\" target=\"_blank\" rel=\"noopener\">Den_02<\/a> \u00a0 \u00a0 \u00a0<a href=\"http:\/\/www.slim2009.cz\/Prilohy\/Kerkonoskem2015\/Kerkonoskem2015_den03.pdf\" target=\"_blank\" rel=\"noopener\">Den_03<\/a> \u00a0 \u00a0 \u00a0V\u0161e v jednom: \u00a0 <a href=\"http:\/\/www.slim2009.cz\/Prilohy\/Kerkonoskem2015\/Kerkonoskem2015_All.pdf\" target=\"_blank\" rel=\"noopener\">Den_01-03<\/a><\/p>\n<p>Video ve vysok\u00fdm rozli\u0161en\u00ed ke sta\u017een\u00ed\u00a0<a href=\"http:\/\/www.slim2009.cz\/Prilohy\/Kerkonoskem2015\/Podkerkonosskem2015.zip\">tady.<\/a><\/p>\n","protected":false},"excerpt":{"rendered":"<p>P\u016fvodn\u00ed, velikono\u010dn\u00ed term\u00edn vandru, byl vzhledem k po\u010das\u00ed, posunutej o \u010dtrn\u00e1ct dn\u00ed bl\u00ed\u017e k l\u00e9tu. Nejeli jsme t\u0159et\u00edho ale a\u017e 17t\u00fdho dubence. Tentokr\u00e1t \u0161amani a vz\u00fdva\u010di po\u010das\u00ed rozhodli, \u017ee nebude pr\u0161et, \u010di pl\u00edskat, ale \u017ee bude norm\u00e1ln\u00ed teplem neru\u0161en\u00e1, regul\u00e9rn\u00ed &hellip; <a href=\"https:\/\/www.slim2009.cz\/wordpress\/archivalie\/archiv-vandry\/podkerkonosskem2015\/\">Cel\u00fd p\u0159\u00edsp\u011bvek <span class=\"meta-nav\">&rarr;<\/span><\/a><\/p>\n","protected":false},"author":1,"featured_media":0,"parent":5048,"menu_order":16,"comment_status":"closed","ping_status":"closed","template":"","meta":{"footnotes":""},"class_list":["post-2891","page","type-page","status-publish","hentry"],"_links":{"self":[{"href":"https:\/\/www.slim2009.cz\/wordpress\/wp-json\/wp\/v2\/pages\/2891","targetHints":{"allow":["GET"]}}],"collection":[{"href":"https:\/\/www.slim2009.cz\/wordpress\/wp-json\/wp\/v2\/pages"}],"about":[{"href":"https:\/\/www.slim2009.cz\/wordpress\/wp-json\/wp\/v2\/types\/page"}],"author":[{"embeddable":true,"href":"https:\/\/www.slim2009.cz\/wordpress\/wp-json\/wp\/v2\/users\/1"}],"replies":[{"embeddable":true,"href":"https:\/\/www.slim2009.cz\/wordpress\/wp-json\/wp\/v2\/comments?post=2891"}],"version-history":[{"count":0,"href":"https:\/\/www.slim2009.cz\/wordpress\/wp-json\/wp\/v2\/pages\/2891\/revisions"}],"up":[{"embeddable":true,"href":"https:\/\/www.slim2009.cz\/wordpress\/wp-json\/wp\/v2\/pages\/5048"}],"wp:attachment":[{"href":"https:\/\/www.slim2009.cz\/wordpress\/wp-json\/wp\/v2\/media?parent=2891"}],"curies":[{"name":"wp","href":"https:\/\/api.w.org\/{rel}","templated":true}]}}