{"id":2569,"date":"2013-10-08T11:11:05","date_gmt":"2013-10-08T10:11:05","guid":{"rendered":"http:\/\/194.12.34.10\/?page_id=2569"},"modified":"2013-10-08T11:11:05","modified_gmt":"2013-10-08T10:11:05","slug":"na-priserak-2013","status":"publish","type":"page","link":"https:\/\/www.slim2009.cz\/wordpress\/archivalie\/archiv-vandry\/na-priserak-2013\/","title":{"rendered":"Na P\u0159\u00ed\u0161er\u00e1k 2013"},"content":{"rendered":"<p>Aneb s transvestitou p\u0159es Vozku. O tom, ale a\u017e ke konci, nejd\u0159\u00edv jsme museli vyrazit do v\u00fdchoz\u00edho bodu vandru v Horn\u00ed Lipov\u00fd. Stalo se to mezi 25t\u00fdm a 28.9.2013 a u\u017e po\u00a0druh\u00fd jsme se vydali do oblasti Rychleb, aby jsme se p\u0159esunuli na Hrub\u00fd Jesen\u00edk.<br \/>\n<img loading=\"lazy\" decoding=\"async\" class=\"alignleft wp-image-2593\" title=\"DSC01089\" src=\"http:\/\/www.slim2009.cz\/wordpress\/wp-content\/uploads\/2013\/10\/DSC01089-3.jpg\" alt=\"\" width=\"256\" height=\"192\" \/>Ve st\u0159edu p\u011btadvac\u00e1t\u00fdho, n\u00e1s povozily dr\u00e1hy, aby sme se sjeli v Z\u00e1b\u0159ehu a spole\u010dn\u011b se dostali do stanice Horn\u00ed Lipov\u00e1. Muzeum Slezsk\u00fdho &#8222;Gufera&#8220;, u\u017e zn\u00e1me, tak se vyd\u00e1v\u00e1me rovnou k hlavn\u00edmu l\u00e1kadlu dne. Zase svi\u0161t\u00edme do LESN\u00cdHO B\u00c1RU na bu\u0159ty a klob\u00e1sky. Kdo to neza\u017eil nev\u00ed o \u010dem to pl\u00e1c\u00e1m. U b\u00e1ru bylo zase \u017eivo. \u0160koln\u00ed v\u00fdprava obsadila m\u00e1lem v\u0161echny m\u00edsta a pr\u00e1v\u011b rozd\u011blanej ohe\u0148 v krbu si taky p\u0159ivlastnila. Na\u0161t\u011bst\u00ed se zdr\u017eeli jen na jednoho bu\u0159ta a vymajzli pry\u010d. Chladni\u010dka ale byla dost vybran\u00e1 a oproti minule chyb\u011bly i kremrole. Kdy\u017e u\u017e zbejvaly posledn\u00ed dva kousky \u0161pekul\u00e1\u010dk\u016f, p\u0159ijel zelenej pan\u00e1\u010dek s novou v\u00e1rkou. Kdy\u017e vylo\u017eil co m\u011bl, dal se s n\u00e1ma do \u0159e\u010di. Za odm\u011bnu n\u00e1m mohl ud\u011blat spole\u010dn\u00fd foto. Pak nasedl a odjel. Kdy\u017e u\u017e n\u00e1m lezly \u0161pek\u00e1\u010dky i u\u0161ima, nah\u00e1zeli jsme pen\u00edze plechov\u00fdmu vrchn\u00edmu do ch\u0159t\u00e1nu a vydali se do kopce k horn\u00edmu baru. Po vydechnut\u00ed zase stoup\u00e1me. Stoup\u00e1n\u00ed u\u017e nen\u00ed tak prudk\u00fd, jako na horn\u00ed bar, ale vytrvale stoup\u00e1me, a\u017e\u00a0na \u00datulnu<img loading=\"lazy\" decoding=\"async\" class=\"alignright wp-image-2596\" title=\"IMG_0141\" src=\"http:\/\/www.slim2009.cz\/wordpress\/wp-content\/uploads\/2013\/10\/IMG_0141-3.jpg\" alt=\"\" width=\"202\" height=\"288\" \/> Mates. Z Horn\u00ed Lipov\u00fd na Mates je to n\u011bj\u00e1k\u00fdch 470metr\u016f vej\u0161kov\u00fdch na p\u011bti kilometrech. P\u0159esn\u011bji ze 6-ti set do 1070-ti metr\u016f nad rybn\u00edkem. Od Metesa na \u00fatulnu pod Sokol\u00edma sk\u00e1lama vede cesta p\u0159ev\u00e1\u017en\u011b z kopce a tak je zbyte\u010dn\u00fd popisovat sestup. Ikdy\u017e :-), cestou pod Matesem se dal chytit posledn\u00ed sign\u00e1l a toho vyu\u017eil Marcel. Jak tak hul\u00e1kal do sluch\u00e1tka, z\u016fstal n\u011bkde vzadu, zrovna kdy\u017e bylo nutn\u00fd odbo\u010dit za Je\u0159\u00e1b\u010d\u00ed chatou dol\u016f a pod\u00e9l potoka j\u00edt na \u00fatulnu pod Sokol\u00edma sk\u00e1lama. Nekone\u010dn\u011b dlouho jsme \u010dekalali za odbo\u010dkou, jestli se Marcel objev\u00ed. Proto\u017ee n\u00e1s to p\u0159estalo bavit, \u0161li jsme d\u00e1l sami. P\u0159esto n\u00e1s na\u0161el a do\u0161el. Za sv\u011btla p\u0159ich\u00e1z\u00edme na \u00fatulnu Pod Sokol\u00edma sk\u00e1lama. Dokud je sv\u011btlo rozbalujeme a p\u0159ipravujeme span\u00ed. Aby n\u00e1m bylo teplo a mohli si uva\u0159it \u010daj, vytahuju tajnou zbra\u0148, proto\u017ee posledn\u011b, n\u00e1s brn\u011bly ruce, od t\u011bch ran do \u0161palk\u016f. Prost\u011b, ma\u010deta dobr\u00fd, ale na cukrovou t\u0159tinu nebo difenbachii. Na velk\u00fd \u0161palky je lep\u0161\u00ed sekera. A kdy\u017e sekera, tak Fiskars s du\u0161\u00ed. Za p\u00e1r m\u017eik\u016f, byly bukov\u00fd \u0161palky na padr\u0165. Vlastn\u011b na <img loading=\"lazy\" decoding=\"async\" class=\"alignleft wp-image-2598\" title=\"DSC01151\" src=\"http:\/\/www.slim2009.cz\/wordpress\/wp-content\/uploads\/2013\/10\/DSC01151-3.jpg\" alt=\"\" width=\"256\" height=\"192\" \/>d\u0159\u00ednky. Sta\u010dilo u\u017e jen p\u0159ikl\u00e1dat, va\u0159it ten \u010daj, \u0161kv\u00ed\u0159it \u0161pek\u00e1\u010dky a kl\u00e1bosit. Aby na n\u00e1s nefoukalo, postahovali jsme rolety. Za\u010dalo se n\u00e1m z\u00fdvat, a tak hups do hajan. Tentokr\u00e1t se neobjevil \u017e\u00e1dnej ratatoul a neochutnal ze z\u00e1sob. R\u00e1no sta\u010dilo do krbu p\u0159idat pol\u00ednka a u\u017e za malou chv\u00edly, ho\u0159\u00edtko ohn\u00ed a sn\u00eddan\u011b von\u00ed. N\u011bkolik z n\u00e1s dokonce vykonalo v nedalek\u00fdm potoce rann\u00ed hygi\u00e9nu. Po tom v\u0161em jsme zabalili\u00a0b\u00e1gly a vydali se stoupat k\u00a0hranici. Podel cest se objevovali r\u016fzn\u00fd houby. V\u0161echny byly jedl\u00fd, akor\u00e1t n\u011bkter\u00fd jenom jednou. Po\u010das\u00ed se za\u010dalo trochu mra\u010dit,\u00a0tro\u0161inku sem tam mrholilo. U jednoho rozcest\u00ed, za\u010dalo slu\u0161n\u011b cedit. Jak si tak nasazujeme de\u0161tn\u00edk, pl\u00e1\u0161t\u011bnku a \u010depici, odn\u011bkud se p\u0159i\u0159\u00edtil ter\u00e9\u0148\u00e1k s k\u016frovcema (\u010dti les\u00e1ci). Chvilku m\u00e1vali st\u011bra\u010dema na m\u00edst\u011b, najednou velitel vozu uk\u00e1zal n\u011bkam do prudk\u00fdho kopce, na\u010de\u017e\u00a0ter\u00e9\u0148\u00e1k\u00a0zavyl a vyrazil mezi stromy vzh\u016fru a zmizel. Efektn\u00ed zmizen\u00ed ter\u00e9\u0148\u00e1ku, pomysleli jsme si. Pozb\u00edrali jsme si brady ze zem\u011b a vykro\u010dili d\u00e1l. Zhruba po kilometru odbo\u010dujeme po vzoru &#8222;k\u016frovc\u016f&#8220; do kopce. T\u00e1hl\u00fdm traverzem stoup\u00e1me k hranici, kudy vede turistick\u00e1 zna\u010dka na Smrk. U\u017e nepr\u0161\u00ed, ale vlhko vys\u00ed ve vzduchu, na stromech, v tr\u00e1v\u011b i v mechu. Z mechu a jehli\u010d\u00ed znova vykukujou houby. J\u00edt na houby, byl by to super \u00falovek.\u00a0 Sta\u010dilo jen plnit n\u016f\u0161e. Proto\u017ee nem\u00e1me vaj\u00ed\u010dka, pep\u0159, cibuli, p\u00e1nvi\u010dku s volejem, ani n\u016f\u0161i, \u00a0ka\u0161lem na houby a vytrvale stoup\u00e1me. N\u011bkde uprost\u0159ed lesa se zjevuj\u00ed zni\u010deho nic dva k\u016frovci se psem. Nejsp\u00ed\u0161 jsou to ti z ter\u00e9\u0148\u00e1ku. Pokecali jsme o navigaci, jestli by se<img loading=\"lazy\" decoding=\"async\" class=\" wp-image-2601 alignright\" title=\"DSC01221\" src=\"http:\/\/www.slim2009.cz\/wordpress\/wp-content\/uploads\/2013\/10\/DSC01221-3.jpg\" alt=\"\" width=\"216\" height=\"288\" \/> hodila ke kontrole hranic pozemku. Rozptyl \u00b18metr\u016f je prej mnoho na rozhrani\u010dov\u00e1n\u00ed. Bodej\u0165, turistick\u00e1 navigace je nep\u0159esn\u00e1. Pro geodety se pou\u017e\u00edv\u00e1 n\u011bco speci\u00e1ln\u00edho za f\u016fru pen\u011bz.\u00a0Rozlou\u010dili jsme se a pokra\u010dovali na Smrk. Je\u0161t\u011b n\u011bj\u00e1kou dobu n\u00e1s doprov\u00e1zel &#8222;k\u016frovc\u016fv&#8220; pes. Na slova &#8222;hu\u0161 a k\u0161\u00e1&#8220; se nic nestalo. A\u017e na ot\u00e1zku, kde m\u00e1\u0161 p\u00e1n\u00ed\u010dka, se ho poda\u0159ilo odehnat. \u010c\u00edm v\u00edc stoup\u00e1me, t\u00edm\u00a0v\u00edc fouk\u00e1 v\u00edtr a mrhol\u00ed. Jak se dost\u00e1v\u00e1me na h\u0159eben, mrholen\u00ed se zm\u011bnilo na drobn\u00fd d\u00e9\u0161\u0165. Naho\u0159e na Smrku u\u017e slu\u0161n\u011b leje. Schov\u00e1v\u00e1me se do p\u0159\u00edst\u0159e\u0161ku a vy\u010dk\u00e1v\u00e1me, jestli nep\u0159estane pr\u0161et. Marcel zapnul telefon a za chvilku u\u017e m\u00e1 eSeMeSku, aby Jura volal dom\u016f. Hovor nebyl ani tak dlouhej, jako smutnej.\u00a0Na v\u011b\u010dnost ode\u0161el tch\u00e1n. To znamen\u00e1, \u017ee Jura jede dom\u016f. V chytr\u00fdm telefonu, jsme na\u0161li spojen\u00ed na Ti\u0161nov a museli se rozlou\u010dit. Co te\u010f bude s n\u00e1ma, za\u010dali b\u011bdovat davy malov\u011brn\u00fdch. P\u0159estalo\u00a0pr\u0161et, tak nezbylo ne\u017e se dr\u017eet pl\u00e1nu a \u0161lapat d\u00e1l. Smrk u\u017e sice nen\u00ed nejvy\u0161\u0161\u00edm kopcem Rychleb, \u00a0ale vej\u0161 se dr\u00e1pat nebudem. P\u0159es Brousek jdeme na nejvy\u0161\u0161\u00ed horu. Travnou horu, ale z lehka m\u00edj\u00edme a pak, \u0161up dol\u016f k C\u00edsa\u0159sk\u00fd chat\u011b. U C\u00edsa\u0159sk\u00fd zase za\u010d\u00edn\u00e1 fi\u010det v\u00edtr. Odpo\u010d\u00edv\u00e1me pod p\u0159\u00edst\u0159e\u0161kem, jen\u017ee se p\u0159id\u00e1v\u00e1 mrholen\u00ed. Rad\u0161i jdeme d\u00e1l a\u00a0proto\u017ee se <img loading=\"lazy\" decoding=\"async\" class=\"alignleft wp-image-2603\" title=\"DSC01306\" src=\"http:\/\/www.slim2009.cz\/wordpress\/wp-content\/uploads\/2013\/10\/DSC01306-3.jpg\" alt=\"\" width=\"256\" height=\"192\" \/>pot\u0159ebujeme\u00a0dostat na Kronfelzof, odbo\u010dujeme na Ostru\u017en\u00edku, ze zelen\u00fd na modrou zna\u010dku. Po\u010das\u00ed je jako na Apr\u00edla. Slunce sv\u00edt\u00ed, po modr\u00fdm nebi\u00a0let\u00ed mraky, ale furt leje, nebo mrhol\u00ed. Z odbo\u010dky u Ostru\u017en\u00edku pad\u00e1me ost\u0159e dol\u016f, necelej kil\u00e1k k rozcest\u00ed lesn\u00ed cesty. M\u00e1me hlad, jen\u017ee je\u00a0tak mokro, \u017ee rozd\u011bl\u00e1vat ohe\u0148 nem\u00e1 smysl. Bylo by to jenom zdr\u017een\u00ed. Na z\u00e1p\u00e1len\u00ed d\u0159eva, by byl pot\u0159eba plamenomet. D\u00e1v\u00e1me pa\u0161tiku, p\u0159\u00edpadn\u011b lan\u0161m\u00edt, sk\u00fdvu chleba ,vodu z \u010dutory. Sed\u00edme na b\u00e1glech, p\u0159e\u017evykujeme. Ani trochu to neprotahujeme. Po j\u00eddle zase na \u0161treku.\u00a0Lesn\u00ed cestou se dost\u00e1v\u00e1me na louky U l\u00edp. \u010cerven\u00e1 zna\u010dka n\u00e1s vede nad Kronfelzof. Marcel n\u00e1m u\u017e po n\u011bkolik\u00e1t\u00fd vypr\u00e1v\u00ed, jak tady jeho d\u011bda vlastnil jednu z chalup a dodnes maj\u00ed na st\u011bn\u011b obraz od akademick\u00fdho mal\u00ed\u0159e, jeho\u017e jm\u00e9no mi vypadlo z RAMky (m\u00e1m obstojnou<img loading=\"lazy\" decoding=\"async\" class=\"alignright wp-image-2605\" title=\"IMG_0304\" src=\"http:\/\/www.slim2009.cz\/wordpress\/wp-content\/uploads\/2013\/10\/IMG_0304-3.jpg\" alt=\"\" width=\"288\" height=\"192\" \/> v\u00fdkladn\u00ed v\u00fdlohu). Podle ITner\u00e1\u0159e m\u00e1me naj\u00edt z\u00e1kladov\u00e9 desky srub\u016f pohrani\u010dn\u00edho opevn\u011bn\u00ed. Zat\u00edm co se Marcel vyd\u00e1v\u00e1 dol\u016f k bar\u00e1k\u016fm, tak J\u00e1 se \u0160us\u0165ou prozkoum\u00e1v\u00e1me v\u00fdkop pro StM-S-40. Spole\u010dn\u011b jdeme k v\u00fdkopu \u010dty\u0159icetjedni\u010dky. \u0160us\u0165a objevuje lebku prehistorick\u00fdho kozoro\u017ece, zat\u00edm co j\u00e1,\u00a0bedliv\u011b pozoruju Bedlu. N\u011bkolik sn\u00edme\u010dk\u016f s bedlou jedlou a p\u00e1d\u00edme k dal\u0161\u00edmu v\u00fdkopu.\u00a0Na pastvin\u011b u\u00a0v\u00fdkopu 43trojky se objevuje zatoulan\u00e1 shaun. Je stejn\u011b p\u0159ekvapen\u00e1 jako my. Na rozlou\u010denou pustila p\u00e1r bobk\u016f a zmizela za horizontem sm\u011brem k Brann\u00fd. Od Hol\u00fdho vrchu je p\u011bkn\u00fd v\u00fdhled na Brannou. Jenom to nesm\u00ed kazit po\u010das\u00ed. \u00dadol\u00edm od Ostru\u017en\u00fd se val\u00ed mlha . Zat\u00edm je mlha pod n\u00e1ma, n\u011bkde v 6stech50ti metrech, jen\u017ee\u00a0my tam sejdeme a nech\u00e1me se t\u00edm vlhk\u00fdm mrakem pohltit. Dole u silnice je StM-S-50 a z na\u0161eho sm\u011bru k tomuhle bunkru nevede p\u0159\u00edm\u00e1 cesta. Jdeme teda pastvinou. Sestupujeme teprve chvilku a u\u017e n\u00e1s mraky pohlcujou. Tr\u00e1va je najednou docela mokr\u00e1 a sem tam p\u0159est\u00e1v\u00e1 bejt vid\u011bt nebe. Navigace n\u00e1s \u0161\u0165astn\u011b dovedla ke srubu, jenom sme se museli vyhnout p\u00e1du do lomu bejval\u00fd v\u00e1penky. Po kr\u00e1tk\u00fd prohl\u00eddce 50tky se rozhodujeme co budeme d\u011blat. Podle pl\u00e1nu jsme\u00a0m\u011bli p\u0159espat n\u011bkde\u00a0za potokem na druh\u00fd stran\u011b \u00fadol\u00ed. Jenom\u017ee je hodn\u011b mokro a na hrdinstv\u00ed nen\u00ed \u010das. Marcel navrhuje, aby sme \u0161li do Ostru\u017en\u00fd a tam uvid\u00edme. Je\u0161t\u011b <img loading=\"lazy\" decoding=\"async\" class=\"alignleft wp-image-2606\" title=\"IMG_0329\" src=\"http:\/\/www.slim2009.cz\/wordpress\/wp-content\/uploads\/2013\/10\/IMG_0329-3.jpg\" alt=\"\" width=\"288\" height=\"192\" \/>ne\u017e jsme tam do\u0161li, vid\u011bli sme, \u017ee venku to dneska nep\u016fjde. Znova se zat\u00e1hlo a viditelnost klesla na p\u00e1r mer\u016f. V\u011btrn\u00edky nad Ostru\u017enou byly jenom sly\u0161et a to stoj\u00ed hned u silnice. V Ostru\u017en\u00fd jdeme pro sichr kolem vlakov\u00fdho n\u00e1dra\u017e\u00ed, kdyby se tady dalo p\u0159espat. V\u0161echna zdej\u0161\u00ed n\u00e1dra\u017e\u00ed,\u00a0nemaj\u00ed zast\u0159e\u0161en\u00fd per\u00f3ny. Rad\u0161i teda jdeme do Skilandu na j\u00eddlo a pivko. Rozhodujeme se, \u017ee zm\u011bn\u00edme z\u00edt\u0159ej\u0161\u00ed pl\u00e1n. P\u016fjdeme na Ramzovou a lanovkou vyjedeme do p\u016fl kopce. Pt\u00e1me se vrchn\u00edho na ubytov\u00e1n\u00ed, jen\u017ee odpov\u011b\u010f je neur\u010dit\u00e1,\u00a0cena\u00a0noclehu\u00a0vysok\u00e1. Pomoc\u00ed internetu nach\u00e1z\u00edme levn\u011bj\u0161\u00ed\u00a0ubytov\u00e1n\u00ed v Penzionu Ane\u017eka. Venku se rozpr\u0161elo,\u00a0tak\u017ee \u00a0je dob\u0159e, \u017ee budeme sp\u00e1t v suchu. Na v\u00edc provedem speci\u00e1ln\u00ed o\u010distu. Pr\u00e1v\u011b po speci\u00e1ln\u00ed o\u010dist\u011b se za\u010dal odv\u00edjet p\u0159\u00edb\u011bh transvestyty. Po koupeli jsem si vzal \u010dist\u00fd sl\u00edpky, ale n\u011bj\u00e1k mi nesed\u011bly. Asi moc piv.<br \/>\nR\u00e1no plat\u00edme za ubytov\u00e1n\u00ed a odch\u00e1z\u00edme k lanovce. Sn\u00eddani odkl\u00e1d\u00e1me na pozd\u011bji. Po\u010das\u00ed je jako vym\u011bn\u011bn\u00fd. Je sice chladno, ale mlha zmizela i s de\u0161t\u011bm. K lanovce p\u0159ich\u00e1z\u00edme pr\u00e1v\u011b v\u010das. Chlapi nakl\u00e1daj n\u011bj\u00e1kej materi\u00e1l na seda\u010dky a kola se rozt\u00e1\u010dej\u00ed. U kasy n\u00e1s zastavuje kasa\u0159ka. Pro j\u00edzdu nahoru n\u00e1s mus\u00ed bejt minim\u00e1ln\u011b \u010cTY\u0158I a n\u00e1s je t\u0159i! <img loading=\"lazy\" decoding=\"async\" class=\"alignright wp-image-2607\" title=\"IMG_0345\" src=\"http:\/\/www.slim2009.cz\/wordpress\/wp-content\/uploads\/2013\/10\/IMG_0345-3.jpg\" alt=\"\" width=\"288\" height=\"192\" \/>Telefon\u00e1t vedouc\u00edmu a m\u016f\u017eeme p\u0159eci jenom jet. Po\u010das\u00ed je jedna b\u00e1se\u0148. Panor\u00e1mata jedna b\u00e1se\u0148. Lano svi\u0161t\u00ed p\u0159es kladky, sloupy se m\u00edhaj\u00ed. T\u011bch jeden a p\u016fl kil\u00e1ku ub\u011bhlo jako nic. No nevad\u00ed. Konec b\u00e1sn\u00ed a vzh\u016fru na p\u0159\u00ed\u0160er\u00e1k. Trasa z \u010cernavy (N\u011bkde se uv\u00e1d\u00ed \u010cer\u0148ava) 1050metr\u016f\/n m.\u00a0na p\u0159\u00ed\u0160er\u00e1k 1350metr\u016f\/n m. je dlouh\u00e1 2,5kil\u00e1ku. Ani se nechce v\u011b\u0159it, \u017ee d\u0159\u00edv jezdily touhle trasou povozy s n\u00e1kladem proviantu na chatu Ji\u0159\u00edho. P\u0159esto se v n\u011bkter\u00fdch m\u00edstech dochovala \u0161t\u011btovan\u00e1 cesta. U\u017e n\u011bkde pod &#8222;Ko\u0148skou vyhl\u00eddkou&#8220; fun\u00edm a z\u016fst\u00e1v\u00e1m n\u011bkde vzadu. Ostatn\u011b jako v\u017edycky. Z vyhl\u00eddky je vid\u011bt\u00a0les, \u00fadol\u00ed a v d\u00e1li stoupat d\u00fdm. Na sn\u00eddani je tady m\u00e1lo m\u00edsta, ale na mal\u00fd odpo\u010dinek dost. Vyhl\u00eddka je ve dvou t\u0159etin\u00e1ch v\u00fdstupu, tak to je ke sn\u00eddani jen kousek. <img loading=\"lazy\" decoding=\"async\" class=\"alignleft wp-image-2609\" title=\"IMG_0366\" src=\"http:\/\/www.slim2009.cz\/wordpress\/wp-content\/uploads\/2013\/10\/IMG_0366-3.jpg\" alt=\"\" width=\"288\" height=\"192\" \/>Horn\u00ed \u010d\u00e1st stezky je \u0161irok\u00e1, jen \u0161t\u011btovan\u00e1 cesta je dost zni\u010den\u00e1. Cht\u011blo by to dost velkou opravu, aby se l\u00edp chodilo. Na rozcest\u00ed pod Chatou Ji\u0159\u00edho si kone\u010dn\u011b d\u00e1v\u00e1me sn\u00eddani. \u010caj, chleba s pa\u0161tikou, m\u00fcsli z francouzsk\u00fdho KD\u010dka. A\u017e do chv\u00edle, ne\u017e jsme po sn\u00eddani zabalili, to vypadalo, \u017ee na cel\u00fdm \u0160er\u00e1ku\u00a0nen\u00ed krom n\u00e1s nikdo. Jako m\u00e1vnut\u00edm proutku se kolem za\u010daly rojit turisti. Nejd\u0159\u00edv p\u00e1rek &#8222;ly\u017ea\u0159\u016f&#8220; bez ly\u017e\u00ed, pak \u0161koln\u00ed v\u00fdprava.\u00a0U chaty Ji\u0159\u00edho, u\u017e to bylo \u00fapln\u00fd rojen\u00ed. V\u00fdhled na Jesen\u00edk je od chaty \u00fa\u017easnej. Obvzl\u00e1\u0161\u0165, kdy\u017e jsou mraky ve stejn\u00fd vej\u0161ce jako my. Na tu par\u00e1du se p\u0159i\u0161el mrknout i m\u00edstn\u00ed ko\u010di\u010d\u00e1k. Chvilku mrkal s n\u00e1ma, ale pak \u0161el vymrzovat zp\u00e1tky ke stol\u016fm, jestli n\u011bkdo n\u011bco neupust\u00ed. Ze \u0160er\u00e1ku se vyd\u00e1v\u00e1me na nejvy\u0161\u0161\u00ed bod vandru, Keprn\u00edk 1423m\/n m. Cestou potk\u00e1v\u00e1me d\u016fchodce, jak lehce poskakujou z\u00a0balvanu na\u00a0balvan. K\u00e9\u017e by m\u011b, bylo taky tak lehce. Na Keprn\u00edku je dost t\u011bsno. V\u0161ichni se cht\u011bj rozhl\u00eddnout. P\u0159ich\u00e1zej sem r\u016fzn\u00fd existence, ale tane\u010dn\u00edk-zp\u011bv\u00e1k sem zav\u00edt\u00e1 m\u00e1lo kdy. Protan\u010dil se na vyhl\u00eddku, no vlastn\u011b sebou trhal a vyd\u00e1val hubou zvuky. Pak sesko\u010dil z kamene a zmizel sm\u011brem k chat\u011b Ji\u0159\u00edho. My se vyd\u00e1v\u00e1me d\u00e1l, av\u0161ak pod Keprn\u00edkem odbo\u010dujeme na Vozku. \u00dazk\u00e1 vlhk\u00e1 cesti\u010dka se klikatila n\u00edzk\u00fdm \u0159\u00eddk\u00fdm lesem. U Vozky byla celkem dost ba\u017eina. Na rozcest\u00ed nech\u00e1v\u00e1me b\u00e1gly a vylejz\u00e1me vozkovi za krk. \u00da\u017easn\u00fd rozhledy,\u00a0jen studenej fu\u010d\u00e1k n\u00e1s brzo sn\u00e1\u0161\u00ed dolu. U b\u00e1gl\u016f bylo hem\u017een\u00ed. \u0160koln\u00ed vejlet zabral cel\u00fd rozcest\u00ed. \u0160t\u011bst\u00ed, \u017ee nechali pr\u016fchod ba\u017einou, jinak by sme tam z\u016fstali do te\u010f. Od Vozky kles\u00e1me a\u017e do Zadn\u00edho Alojzova. Nejprve si ale d\u00e1v\u00e1me ob\u011bd u H\u00e1\u0161ovy chaty. Taky<img loading=\"lazy\" decoding=\"async\" class=\"alignright wp-image-2611\" title=\"IMG_0420\" src=\"http:\/\/www.slim2009.cz\/wordpress\/wp-content\/uploads\/2013\/10\/IMG_04201-3.jpg\" alt=\"\" width=\"288\" height=\"192\" \/> tady nab\u00edr\u00e1me vodu ze stud\u00e1nky. Po j\u00eddle a odpo\u010dinku jdeme zase z kopce do Josefov\u00fd pod\u00e9l potoka Hu\u010dava. Na chvilinku se n\u00e1m zna\u010dka ztratila, ale jen na malinkou chvilinku.\u00a0A u\u017e je tady Josefov\u00e1. Moc z n\u00ed nezbylo, jen h\u00e1jovna a to bylo do roku 1960 v Josefov\u00fd 17 dom\u016f.\u00a0Jdeme se pod\u00edvat proti proudu Hu\u010davy na zdej\u0161\u00ed vodop\u00e1dy. Josou mal\u00fd a celkem nezn\u00e1m\u00fd. V Josefov\u00fd byla i \u00fazkorozchodn\u00e1 dr\u00e1\u017eka na svoz vyt\u011b\u017een\u00e9ho d\u0159eva. Dr\u00e1\u017eka byla gravita\u010dn\u00ed a provoz ukon\u010dila v roce 1936. Poz\u016fstatkem dr\u00e1\u017eky je mostek sv\u00e1\u017enice uprost\u0159ed lesa. V\u00edc se nezachovalo. Byly ale doby, kdy se d\u0159evo sv\u00e1\u017eelo gravitac\u00ed do Franti\u0161kova k \u017eeleznici. Proto\u017ee v\u00edc nic u\u017e nebylo k vid\u011bn\u00ed, jdeme na Zadn\u00ed Alojzov. I tady z\u016fstal jeden posledn\u00ed bar\u00e1k. Stoup\u00e1me <img loading=\"lazy\" decoding=\"async\" class=\"alignleft wp-image-2612\" title=\"IMG_0470\" src=\"http:\/\/www.slim2009.cz\/wordpress\/wp-content\/uploads\/2013\/10\/IMG_0470-3.jpg\" alt=\"\" width=\"192\" height=\"288\" \/>na mal\u00fd h\u0159eben s vyhl\u00eddkou na Brannou\u00a0&#8211; Kol\u0161tejn. Prudk\u00fdm kles\u00e1n\u00edm se bl\u00ed\u017e\u00edme k c\u00edli vandru. Pastvinou sch\u00e1z\u00edme do P\u0159edn\u00edho Alojzova. Slunce u\u017e je n\u00edzko a \u00fadol\u00ed Brann\u00fd je tak hlubok\u00fd, \u017ee jakmile projdeme Alojzovem, zapad\u00e1 za prot\u011bj\u0161\u00edm kopcem. Od vyhl\u00eddky kles\u00e1me z osmiset\u010dty\u0159iceti\u00a0 do \u0161estiset metr\u016f na necel\u00fdm kilometru. N\u00e1dra\u017e\u00ed je pod M\u011bstem Brann\u00e1, to znamen\u00e1, \u017ee n\u00e1m\u011bst\u00ed je\u00a0na kopci. Od n\u00e1dra\u017e\u00ed mus\u00edme j\u00edt asi 300metr\u016f po silnici, abysme odbo\u010dili do schod\u016f mezi bar\u00e1kama a vystoupali kolem kostela na n\u00e1m\u011bst\u00ed. Na malou chv\u00edli se znova objevilo zapadaj\u00edc\u00ed slunce. \u0160us\u0165a a Marcel \u0161li zjistit, jestli by se nadalo u z\u0159\u00edceniny Kol\u0161tejna p\u0159espat. Bylo by to trochu problematick\u00fd a tak se pozd\u011bji rozhodneme\u00a0j\u00edt sp\u00e1t nad n\u00e1dra\u017e\u00ed, kde \u0160us\u0165a vid\u011bl p\u0159\u00edhodn\u00fd m\u00edsto. Prozat\u00edm m\u00ed\u0159\u00edme do &#8222;Restaurace Kol\u0161tejn&#8220; na j\u00eddlo a m\u00edstn\u00ed pivko. Restaurace je z\u00e1rove\u0148 minipivovarem a taky je sou\u010d\u00e1st\u00ed wellness hotelu. Objedn\u00e1v\u00e1me si j\u00eddlo a n\u011bj\u00e1k\u00fd to pit\u00ed. Pivo Bran je sv\u011btl\u00e1 dvan\u00e1ctka, po kter\u00fd hlava nebol\u00ed. To zji\u0161\u0165ujeme samoz\u0159ejm\u011b r\u00e1no. Wellness hosti se neust\u00e1le st\u0159\u00eddaj\u00ed, jenom my z\u016fst\u00e1v\u00e1me. Je p\u00e1tek a tak se zni\u010deho nic rozezn\u011bla zcela \u017eiv\u00e1 muzika a nep\u0159estala a\u017e do zav\u00edra\u010dky. A\u010d byla kapela nevelk\u00e1, tak to<img loading=\"lazy\" decoding=\"async\" class=\"alignright wp-image-2613\" title=\"IMG_0493\" src=\"http:\/\/www.slim2009.cz\/wordpress\/wp-content\/uploads\/2013\/10\/IMG_0493-3.jpg\" alt=\"\" width=\"288\" height=\"192\" \/> byla jednozna\u010dn\u00e1 p\u0159esilovka samohrajk\u00e1\u0159e, proti pr\u00e1zdn\u00fdmu parketu. Muzikan to zabalil kolem jedn\u00fd a t\u00edm byl konec i pro n\u00e1s. Po zaplacen\u00ed jdeme opravdu nad n\u00e1dra\u017e\u00ed. Podle p\u0159edpov\u011bdi by m\u011blo bejt v noci pod nulou.\u00a0Skute\u010dn\u011b je venku docela chladno. Leh\u00e1me si nedaleko n\u00e1dra\u017e\u00ed na nejm\u00ed\u0148 naklon\u011bn\u00fd rovin\u011b. \u017d\u00e1dn\u00fd mrazy n\u00e1s nepostihly a spalo se n\u00e1m na list\u00ed dob\u0159e. R\u00e1no nemus\u00edme posp\u00edchat, proto\u017ee odjezd je a\u017e o p\u016fl des\u00e1t\u00fd. V klidu sn\u00edd\u00e1me a bal\u00edme. P\u0159ekvapen\u00ed n\u00e1s \u010dek\u00e1 a\u017e kdy\u017e p\u0159ich\u00e1z\u00edme na n\u00e1dra\u017e\u00ed. Zde stoj\u00edc\u00ed &#8220; jednodu\u0161e chytr\u00fd&#8220; auto bylo docela vomrzl\u00fd. Jin\u00fd p\u0159ekv\u00e1pko se u\u017e\u00a0nestalo. Kupujeme j\u00edzdenky, teda krom \u0160usti, kterej jezd\u00ed re\u017e\u00edjn\u011b a vyd\u00e1v\u00e1me se dom\u016f. V Z\u00e1b\u0159ehu se na\u0161e cesty d\u011bl\u00ed, kluc\u00ed pokra\u010dujou na Brno, j\u00e1 na Pardubice. V 15hodin jsem doma ve van\u011b. A to je zase v\u0161echno.<br \/>\nZapomn\u011bl jse do\u0159\u00edct jak to bylo s t\u00edm transves\u0165\u00e1kem. No jak?! Norm\u00e1ln\u011b! Celej den mi ty divn\u00fd sl\u00edpy padaly ke kolen\u016fm. Ve\u010d\u00edr jsem si vzal jin\u00fd a a\u017e doma se to vysv\u011btlilo. Vlastn\u011b zkomplikovalo. Jak tak h\u00e1z\u00edm to \u0161pinav\u00fd pr\u00e1dlo do pra\u010dky, tak mi najednou Ren\u010da \u0159\u00edk\u00e1: &#8220; Co to tam h\u00e1z\u00ed\u0161 za pr\u00e1dlo? Kde ste proboha byli? U jak\u00fd coury s to byl?! Kdes vzal ty kalhotky?&#8220; A proto mi furt padali. Ale jak se objevily v m\u00fdm pr\u00e1dle, to opravdu, ale opravdu nev\u00edm \ud83d\ude42 .<\/p>\n<p>Fotky a videa:<a href=\"http:\/\/www.slim2009.cz\/photo\/#\/shared_space\/folder\/394?_k=o2uaft\" target=\"_blank\" rel=\"noopener\"> tady<\/a><\/p>\n<p>Video ve vysok\u00fdm rozli\u0161en\u00ed: <a href=\"http:\/\/www.slim2009.cz\/Prilohy\/NaPriserak2013\/NaPriserak2013.zip\" target=\"_blank\" rel=\"noopener\">Na P\u0159\u00ed\u0161er\u00e1k 2013<\/a><\/p>\n<p>&nbsp;<\/p>\n","protected":false},"excerpt":{"rendered":"<p>Aneb s transvestitou p\u0159es Vozku. O tom, ale a\u017e ke konci, nejd\u0159\u00edv jsme museli vyrazit do v\u00fdchoz\u00edho bodu vandru v Horn\u00ed Lipov\u00fd. Stalo se to mezi 25t\u00fdm a 28.9.2013 a u\u017e po\u00a0druh\u00fd jsme se vydali do oblasti Rychleb, aby jsme &hellip; <a href=\"https:\/\/www.slim2009.cz\/wordpress\/archivalie\/archiv-vandry\/na-priserak-2013\/\">Cel\u00fd p\u0159\u00edsp\u011bvek <span class=\"meta-nav\">&rarr;<\/span><\/a><\/p>\n","protected":false},"author":1,"featured_media":0,"parent":5048,"menu_order":14,"comment_status":"closed","ping_status":"closed","template":"","meta":{"footnotes":""},"class_list":["post-2569","page","type-page","status-publish","hentry"],"_links":{"self":[{"href":"https:\/\/www.slim2009.cz\/wordpress\/wp-json\/wp\/v2\/pages\/2569","targetHints":{"allow":["GET"]}}],"collection":[{"href":"https:\/\/www.slim2009.cz\/wordpress\/wp-json\/wp\/v2\/pages"}],"about":[{"href":"https:\/\/www.slim2009.cz\/wordpress\/wp-json\/wp\/v2\/types\/page"}],"author":[{"embeddable":true,"href":"https:\/\/www.slim2009.cz\/wordpress\/wp-json\/wp\/v2\/users\/1"}],"replies":[{"embeddable":true,"href":"https:\/\/www.slim2009.cz\/wordpress\/wp-json\/wp\/v2\/comments?post=2569"}],"version-history":[{"count":0,"href":"https:\/\/www.slim2009.cz\/wordpress\/wp-json\/wp\/v2\/pages\/2569\/revisions"}],"up":[{"embeddable":true,"href":"https:\/\/www.slim2009.cz\/wordpress\/wp-json\/wp\/v2\/pages\/5048"}],"wp:attachment":[{"href":"https:\/\/www.slim2009.cz\/wordpress\/wp-json\/wp\/v2\/media?parent=2569"}],"curies":[{"name":"wp","href":"https:\/\/api.w.org\/{rel}","templated":true}]}}