{"id":2552,"date":"2013-06-18T08:31:37","date_gmt":"2013-06-18T07:31:37","guid":{"rendered":"http:\/\/194.12.34.10\/?page_id=2552"},"modified":"2013-06-18T08:31:37","modified_gmt":"2013-06-18T07:31:37","slug":"narozeninovy-dort-2013","status":"publish","type":"page","link":"https:\/\/www.slim2009.cz\/wordpress\/bulvar\/narozeninovy-dort-2013\/","title":{"rendered":"Narozeninov\u00fd dort 2013"},"content":{"rendered":"<p>K narozk\u00e1m se obvykle d\u00e1v\u00e1 narozeninovej dort. Ka\u017ed\u00fd d\u011bcko, chce, aby\u00a0dort byl velkej jako prase. Dosp\u011blec a chovatel prasat u\u017e v\u00ed, \u017ee takovej dort by byl dra\u017e\u0161\u00ed ne\u017eli to prase a tak mu sta\u010d\u00ed zmen\u0161enina. V\u010dela\u0159 je zase rad\u0161i, kdy\u017e kdy\u017e dostane dort se v\u010delama, aby byly v\u011bt\u0161\u00ed ne\u017e origin\u00e1l. V\u010del nemus\u00ed bejt cel\u00fd st\u00e1do, sta\u010d\u00ed M\u00e1ja a Vilda\u00a0, fl\u00e1kaj\u00edc se p\u0159ed \u00falama. Proto\u017ee se nerad d\u011bl\u00edm, m\u016f\u017eete se apo\u0148 mrknout, jak vypadal. P\u0159ipom\u00edn\u00e1m, \u017ee u\u017e je leto\u0161n\u00ed med\u00a0 a na vy\u017e\u00e1d\u00e1n\u00ed p\u0159inesu.\u00a0\u00a0Cena 120K za sklenici. Sleva pro studenty a seniory, nebo n\u00e1dra\u017e\u00e1ck\u00fd re\u017eijky se neuzn\u00e1vaj\u00ed.<img loading=\"lazy\" decoding=\"async\" class=\"alignleft size-full wp-image-2553\" title=\"IMG_8291\" src=\"http:\/\/www.slim2009.cz\/wordpress\/wp-content\/uploads\/2013\/06\/IMG_8291-3.jpg\" alt=\"\" width=\"640\" height=\"427\" \/>\u00a0\ud83d\ude42<\/p>\n<p>&nbsp;<\/p>\n<p>&nbsp;<\/p>\n<p><img loading=\"lazy\" decoding=\"async\" class=\"alignleft size-full wp-image-2554\" title=\"IMG_8293\" src=\"http:\/\/www.slim2009.cz\/wordpress\/wp-content\/uploads\/2013\/06\/IMG_8293-3.jpg\" alt=\"\" width=\"640\" height=\"427\" \/><\/p>\n<p><img loading=\"lazy\" decoding=\"async\" class=\"alignleft size-full wp-image-2555\" title=\"IMG_8294\" src=\"http:\/\/www.slim2009.cz\/wordpress\/wp-content\/uploads\/2013\/06\/IMG_8294-3.jpg\" alt=\"\" width=\"640\" height=\"427\" \/><\/p>\n","protected":false},"excerpt":{"rendered":"<p>K narozk\u00e1m se obvykle d\u00e1v\u00e1 narozeninovej dort. Ka\u017ed\u00fd d\u011bcko, chce, aby\u00a0dort byl velkej jako prase. Dosp\u011blec a chovatel prasat u\u017e v\u00ed, \u017ee takovej dort by byl dra\u017e\u0161\u00ed ne\u017eli to prase a tak mu sta\u010d\u00ed zmen\u0161enina. V\u010dela\u0159 je zase rad\u0161i, kdy\u017e &hellip; <a href=\"https:\/\/www.slim2009.cz\/wordpress\/bulvar\/narozeninovy-dort-2013\/\">Cel\u00fd p\u0159\u00edsp\u011bvek <span class=\"meta-nav\">&rarr;<\/span><\/a><\/p>\n","protected":false},"author":1,"featured_media":0,"parent":2168,"menu_order":5,"comment_status":"closed","ping_status":"open","template":"","meta":{"footnotes":""},"class_list":["post-2552","page","type-page","status-publish","hentry"],"_links":{"self":[{"href":"https:\/\/www.slim2009.cz\/wordpress\/wp-json\/wp\/v2\/pages\/2552","targetHints":{"allow":["GET"]}}],"collection":[{"href":"https:\/\/www.slim2009.cz\/wordpress\/wp-json\/wp\/v2\/pages"}],"about":[{"href":"https:\/\/www.slim2009.cz\/wordpress\/wp-json\/wp\/v2\/types\/page"}],"author":[{"embeddable":true,"href":"https:\/\/www.slim2009.cz\/wordpress\/wp-json\/wp\/v2\/users\/1"}],"replies":[{"embeddable":true,"href":"https:\/\/www.slim2009.cz\/wordpress\/wp-json\/wp\/v2\/comments?post=2552"}],"version-history":[{"count":0,"href":"https:\/\/www.slim2009.cz\/wordpress\/wp-json\/wp\/v2\/pages\/2552\/revisions"}],"up":[{"embeddable":true,"href":"https:\/\/www.slim2009.cz\/wordpress\/wp-json\/wp\/v2\/pages\/2168"}],"wp:attachment":[{"href":"https:\/\/www.slim2009.cz\/wordpress\/wp-json\/wp\/v2\/media?parent=2552"}],"curies":[{"name":"wp","href":"https:\/\/api.w.org\/{rel}","templated":true}]}}