{"id":2376,"date":"2013-04-17T19:22:41","date_gmt":"2013-04-17T18:22:41","guid":{"rendered":"http:\/\/194.12.34.10\/?page_id=2376"},"modified":"2013-04-17T19:22:41","modified_gmt":"2013-04-17T18:22:41","slug":"vystup-na-bor-2013","status":"publish","type":"page","link":"https:\/\/www.slim2009.cz\/wordpress\/archivalie\/archiv-vandry\/vystup-na-bor-2013\/","title":{"rendered":"V\u00fdstup na Bor 2013"},"content":{"rendered":"<p>Prvn\u00ed jarn\u00ed vandr, by se mohl p\u0159ejmenovat na zimn\u00ed. Letos se n\u00e1m zima roznemohla a prodlou\u017eila si sez\u00f3nu o m\u011bs\u00edc. \u010c\u00edm jsme star\u0161\u00ed, <img loading=\"lazy\" decoding=\"async\" class=\"alignleft wp-image-2401\" title=\"IMG_7666\" src=\"http:\/\/www.slim2009.cz\/wordpress\/wp-content\/uploads\/2013\/04\/IMG_7666-3.jpg\" alt=\"\" width=\"288\" height=\"192\" \/>t\u00edm\u00a0 se\u00a0term\u00edn v\u00fdstupu posunuje d\u00e1l do jara. Byly doby, kdy se chodilo v \u00fanoru nebo v b\u0159eznu. Kv\u016fliv\u00e1 starob\u011b a\u00a0pot\u0159eb\u011b tepla na star\u00fd kosti, se stejn\u011b jako p\u0159edloni stanovil m\u011bs\u00edc v\u00fdstupu na duben. Ejhle, duben dodr\u017eel pranostiku a te\u010f do toho my\u00a0s v\u00fdstupem. Sraz byl jako poka\u017ed\u00fd, v p\u00e1tek na Mejt\u011b, zhruba mezi p\u00e1tou a osmou ve\u010d\u00edr. Prvn\u00ed jsem byl na Mejt\u011b J\u00e1, tak hodn\u011b jsem se t\u011b\u0161il! V prvn\u00ed chv\u00edli by se ve m\u011b krve nedo\u0159ezal. Skoro to vypadalo na uzav\u0159enou spole\u010dnost, ale na\u0161t\u011bst\u00ed se uk\u00e1zalo, \u017ee jde o se\u0161lost n\u011bj\u00e1k\u00fdch odborov\u00fdch zad\u00e1k\u016f nebo partiz\u00e1nsk\u00fdch odbor\u016f, \u010di co a urlaub jim u\u017e kon\u010d\u00ed. Ne\u017e doraz\u00ed ostatn\u00ed, lehce ve\u010de\u0159\u00edm. Zhruba\u00a0za t\u0159i\u010dtvrt\u011b hodiny se objevuj\u00ed prvn\u00ed vla\u0161tovky. Vlastn\u011b vandrovn\u00ed.\u00a0D\u011bdek, Sam, \u017dab\u00e1k. Dal\u0161\u00ed \u00fadajn\u011b doraz\u00ed pozd\u011bj\u0161\u00edm vlakem. Prozat\u00edm se teda vesel\u00edme ve \u010dty\u0159ech. N\u011bkdy po setm\u011bn\u00ed\u00a0dorazili Em\u010da, Blekota, Bo\u010fa, Pavel ale\u00a0pouze na jedno, maxim\u00e1ln\u011b dv\u011b piva\u00a0a\u00a0pak \u017ee p\u016fjdou do<img loading=\"lazy\" decoding=\"async\" class=\"alignright wp-image-2405\" title=\"IMG_7682\" src=\"http:\/\/www.slim2009.cz\/wordpress\/wp-content\/uploads\/2013\/04\/IMG_7682-3.jpg\" alt=\"\" width=\"288\" height=\"192\" \/> Bezd\u011bkova, aby se jak se \u0159\u00edka, dorazili. Ani nemuseli chodit, proto\u017ee se\u00a0 dovalil motorovej \u010dundr\u00e1k Tajnej ( Lubo\u0161 ) a skvadru az\u00faru odvezl fuhrwerkem do t\u00fd knajpy na kopci. Osi\u0159elci J\u00e1, Sam a D\u011bdek, jsme v klidu dop\u00edjeli \u0161l\u00e1ftru\u0144k. Kde se vzal, tu se vzal, se u na\u0161eho stolu objevil v mask\u00e1\u010d\u00edch oble\u010denej \u010dlov\u00ed\u010dek. Bu\u010f to byl \u00fapln\u011b na\u0161rot, nebo IQ tykve. To se nedalo jednozna\u010dne ur\u010dit, proto\u017ee i j\u00e1 byl lehce upraven n\u011bkolik\u00e1t\u00fdm Urguellem. Nejprve si zam\u00e1\u010dkl popeln\u00edky bl\u00ed\u017ee o\u010d\u00edm a pak celkem plynn\u011b p\u0159ednesl \u017e\u00e1dost o \u017ev\u00e1ro v mongol\u0161tin\u011b, nebo ugrofin\u0161tin\u011b. Celou dobu byl ote\u010denej ke m\u011b, a\u010dkoli jedin\u00fdm ku\u0159\u00e1kem,\u00a0vytv\u00e1\u0159ej\u00edc\u00edm d\u00fdm, byl D\u011bdek. Neznaje jeho jazyk, uk\u00e1zal jsem posunkem k D\u011bdkovi. Pochopil m\u016fj v\u00fdklad a u\u010dinil nalevop\u0159\u00ed\u010d, p\u0159i\u010dem\u017e ud\u011blal pukrle s p\u0159edklonem, aby mu D\u011bdek l\u00e9pe mohl nerozum\u011bt. Opakoval svoji \u017e\u00e1dost amharsko-svahilsky s N\u00e1chodsk\u00fdm dialektem, co\u017e zn\u011blo asi takhle: &#8220; s\u00edmt\u011bprosit o <img loading=\"lazy\" decoding=\"async\" class=\"alignleft wp-image-2407\" title=\"IMG_7715\" src=\"http:\/\/www.slim2009.cz\/wordpress\/wp-content\/uploads\/2013\/04\/IMG_7715-3.jpg\" alt=\"\" width=\"288\" height=\"192\" \/>jedenosg\u00e1ro. P\u0159\u00ed\u017ed\u00ed tej den Ti vr\u00e1d\u00edm jednou e\u0161t\u011b v\u00edc.&#8220; Dostal o\u010d prosil a odvl\u00e1l ke sv\u00fdmu p\u016fl litru, aby se je\u0161t\u011b n\u011bkolikr\u00e1t vr\u00e1til\u00a0 a jin\u00fdmi jazyky potvrdil slib vr\u00e1cen\u00ed cig\u00e1ra i s \u00faroky. Je\u0161t\u011b nikdy, jsem nesly\u0161el nikoho, tak kr\u00e1sn\u011b mluvit kl\u00ednov\u00fdm p\u00edsmem. A\u017e tady. Pak jsme zaplatili a vydali se na obvykl\u00e9 nocovi\u0161t\u011b u chaty, vedle\u00a0 &#8222;Pion\u00fdrsk\u00fdho t\u00e1bora&#8220;. \u017de zima je\u0161t\u011b ne\u0159ekla poslen\u00ed slovo, jsme poznali ined, jak jsem vy\u0161li silnicej na Srbskou. Asfalt se m\u00edsty ztr\u00e1cel pod vrsvou uje\u017ed\u011bn\u00fdho sn\u011bhu. Vzhledem ke sn\u011bhov\u00fd pokr\u00fdvce jdeme a\u017e k mostku\u00a0vedouc\u00edmu\u00a0p\u0159es potok, s t\u00edm, \u017ee se vyhoupneme do str\u00e1n\u011b a lesn\u00ed p\u011b\u0161inou dojdeme k chat\u011b. Ehle! Podkladov\u00e1 vrstva lesn\u00ed hrabanky, je jedna sklenice. Sta\u010d\u00ed blb\u011b \u0161l\u00e1pnou a naklon\u011bn\u00e1 rovina vykon\u00e1 sv\u00fd. Sam je jako veverka a tak je hnedle na ho\u0159e. D\u011bdkovi prokluzujou podr\u00e1\u017eky. Rad\u00edm\u00a0mu, aby \u0161el traverzem ale ne\u017e to do\u0159eknu, u\u017e jede i s b\u00e1glem zp\u00e1tky na silnici. Chvilku se t\u0159epot\u00e1 v trn\u00ed \u0161\u00edpku a pokou\u0161\u00ed se dostat n\u011bkam. V t\u00fd tm\u011b to vypad\u00e1 docela legra\u010dn\u011b. Sam sestupuje z vrcholu a pod\u00e1v\u00e1 mi D\u011bdk\u016fv b\u00e1gl a D\u011bdkovi pomocnou ruku aby se\u00a0 mohl vy\u0161kr\u00e1bat po tom ledovat\u00fdm k n\u00e1m na pe\u0161u\u0148k.<img loading=\"lazy\" decoding=\"async\" class=\"alignright wp-image-2409\" title=\"IMG_7730\" src=\"http:\/\/www.slim2009.cz\/wordpress\/wp-content\/uploads\/2013\/04\/IMG_7730-3.jpg\" alt=\"\" width=\"288\" height=\"192\" \/> V\u0161ude kolem je sn\u00edh. Vych\u00e1z\u00edm na palouk, ale sn\u011bhu je nad boty, tak se vrac\u00edm pod stromy a obchvatem se dost\u00e1v\u00e1me na verandu loveck\u00fd chaty. Je vlasn\u011b dob\u0159e, \u017ee\u00a0nejsme v\u0161ichni, proto\u017ee by n\u011bkte\u0159\u00ed museli sp\u00e1t na sn\u011bhu. N\u011bkdy kolem t\u0159iadvac\u00e1t\u00fd us\u00edn\u00e1me, zat\u00edm co v Bezd\u011bkov\u011b, se to teprve rozj\u00ed\u017ed\u00ed.<br \/>\nR\u00e1no bylo chladn\u00fd a o vlo\u010dky nebyla nouze. Takovej duben asi nepamatuju. Palou\u010dek p\u0159ed chatou byl kompletn\u011b pod sn\u011bhem, tak\u017ee rozd\u011bl\u00e1vat ohe\u0148 by znamenalo \u0161matlat sn\u011bhem pro d\u0159\u00edv\u00ed a to se n\u00e1m necht\u011blo. Sn\u00eddani si d\u00e1v\u00e1me studenou. Po zabalen\u00ed se vyd\u00e1v\u00e1me skrz t\u00e1bor k Machovu. Zhruba v p\u016fli cesty k N\u00edzk\u00fd Srbsk\u00fd n\u00e1s doj\u00ed\u017ed\u00ed auto a v na\u0161\u00ed \u00farovni zastavuje. J\u00e9je v\u017edy\u0165 je to Bo\u017eka a Blu\u010fa, dal\u0161\u00ed motorov\u00fd \u010dundr\u00e1c\u00ed. D\u011bdek a Sam si hodily b\u00e1gly do kufru aby se jim \u0161lo lehce. Bo\u017eka a Blu\u010fa jedou nap\u0159ed do Machova ke kr\u00e1mu. Kr\u00e1\u010d\u00edme d\u00e1l po silnici za nima. M\u00edj\u00edme hospodu &#8222;u dvou kom\u00edn\u016f&#8220;, <img loading=\"lazy\" decoding=\"async\" class=\"alignleft wp-image-2411\" title=\"IMG_7735\" src=\"http:\/\/www.slim2009.cz\/wordpress\/wp-content\/uploads\/2013\/04\/IMG_7735-3.jpg\" alt=\"\" width=\"288\" height=\"192\" \/>bejvalej kr\u00e1mek v Srbsk\u00fd, bejvalej hotel Bor a na m\u00edst\u011b srazu u kr\u00e1mu v Machov\u011b se znova potk\u00e1v\u00e1me s Blu\u010fou a Bo\u017ekou. Spole\u010dn\u011b pak \u010dek\u00e1me na zbytek v\u00fdpravy, kterej se postupn\u011b sb\u00edral ze zem\u011b u stodoly za Bezd\u011bkovem. N\u011bkdy kolem des\u00e1t\u00fd se v\u0161ichni shled\u00e1v\u00e1me a vyd\u00e1v\u00e1me se ke stud\u00e1nce, kde se posiln\u00edme p\u0159ed vrcholn\u00fdm podnikem dne. Sn\u011bhu pov\u00e1\u017eliv\u011b p\u0159ibejv\u00e1 a ke stud\u00e1nce nebyla cesti\u010dka p\u0159\u00edli\u0161 pro\u0161lapan\u00e1. Lavi\u010dky zasypan\u00fd pod sn\u011bhem a ohni\u0161t\u011b taky. Sta\u010dila chvilinka a u\u017e pl\u00e1polal ohe\u0148, na kter\u00fdm se va\u0159ilo a sma\u017eily \u0161pek\u00e1\u010dky. Dorazily posledn\u00ed \u00fa\u010dastn\u00edci v\u00fdstupu na Bor. Byl to Meddy s d\u011btima Eli\u0161kou a Ani\u010dkou. Tak n\u00e1s teda bylo celkem \u010dtrn\u00e1ct. Kdy\u017e se n\u00e1m poda\u0159ilo dostate\u010dn\u011b nabrat s\u00edly, vyd\u00e1v\u00e1me se k vrcholu. Ti\u00a0s p\u0159ebytkem sil, stav\u00ed cestou sn\u011bhul\u00e1ka. Ostatn\u00ed \u0161et\u0159\u00ed s\u00edly. P\u0159ed z\u00e1v\u011bre\u010dn\u00fdm stoup\u00e1n\u00edm se potvrzuje \u0161u\u0161kanda, \u017ee z vrcholu budou jezdit ly\u017en\u00edci. Na\u0161e zna\u010dn\u011b roztrhan\u00fd \u0159ady, z\u016fstaly d\u00edky z\u00e1vodu uv\u011bzn\u011bn\u00fd \u010d\u00e1ste\u010dn\u011b na vrcholu a \u010d\u00e1ste\u010dn\u011b na rozcest\u00ed pod vrcholem. Nekone\u010dn\u011b dlouhou dobu \u010dek\u00e1me na pr\u016fjezd\u00a0dvaadvaceti<img loading=\"lazy\" decoding=\"async\" class=\"alignright wp-image-2412\" title=\"IMG_7757\" src=\"http:\/\/www.slim2009.cz\/wordpress\/wp-content\/uploads\/2013\/04\/IMG_7757-3.jpg\" alt=\"\" width=\"288\" height=\"192\" \/> z\u00e1vodn\u00edk\u016f. Nemoha se do\u010dkat, vyd\u00e1vame se jim naproti. A u\u017e to jede. Poz\u00f3r! Uskakujeme vpravo nebo vlevo. Kolem se \u017eenou \u0161\u00edlenci na &#8222;Tajfunech&#8220;. Ob\u010das se n\u011bkterej rozmajznul, ale okam\u017eit\u011b zase vstal a svi\u0161t\u00ed dol\u016f, o zlom vaz. Kdy\u017e se kone\u010dn\u011b dost\u00e1v\u00e1me v\u0161ichni na vrchol, sotva se tam vejdeme. Vid\u011bt je jenom mlha, voj\u00edn\u011bl\u00fd stromy a my. Po spole\u010dn\u00fdm focen\u00ed se postupn\u011b spou\u0161t\u00edme dolu k rozcest\u00ed. Zkou\u0161\u00edme se klouzat jako ti l\u00fd\u017ea\u0159i p\u0159ed n\u00e1ma, ale po botech to tak dob\u0159e nejde. Na rozcest\u00ed se d\u011bl\u00edme na dv\u011b skupiny. Jedna jde dolu k aut\u016fm a druh\u00e1 jde p\u011b\u0161ky, b\u011b\u017eka\u0159skou stopou sm\u011brem na Vysokou Srbskou. Dokud byla stopa projet\u00e1, tak se \u0161lo vcelku dob\u0159e. P\u0159i\u0161lo ale m\u00edsto bezestop. Ty jsme si museli pro\u0161l\u00e1pnout sami. Od Bukoviny, p\u0159ez Traverz, Kon\u010diny a\u017e ke pstruhov\u00fd farm\u011b jsme\u00a0ob\u010das zapadli i nad boty do sn\u011bhu. Od farmy u\u017e to byla brnka\u010dka. Jakmile se cesta dostala do otev\u0159en\u00fdho prostoru, zmizel z n\u00ed led a sn\u00edh. To u\u017e bylo do Vysok\u00fd Srbsk\u00fd kous\u00ed\u010dek. V m\u00edstn\u00ed Hospod\u011b Na kopci, u\u017e\u00a0dr\u017eeli motorov\u00ed \u010dundr\u00e1ci m\u00edsto. Ch\u016fze sn\u011bhem unav\u00ed a tak osv\u011b\u017een\u00ed <img loading=\"lazy\" decoding=\"async\" class=\"alignleft wp-image-2426\" title=\"Bor2013\" src=\"http:\/\/www.slim2009.cz\/wordpress\/wp-content\/uploads\/2013\/04\/Bor2013-3.jpg\" alt=\"\" width=\"288\" height=\"169\" \/>j\u00eddlem p\u0159i\u0161lo vhod. No a pak p\u0159i\u0161la sprcha v podob\u011b rozhodnut\u00ed, \u017ee kon\u010d\u00edme a jedeme dom\u016f. Proto\u017ee se rozhodli v\u0161ichni, tak jsem musel\u00a0taky. Jako nejlep\u0161\u00ed \u0159e\u0161en\u00ed se jevilo vyu\u017e\u00edt nab\u00eddky Tajn\u00fdho a\u00a0chytit vlak ve dvacethodin\u00a0v Hodkovic\u00edch. Na p\u0159estup z auta do vlaku bylo n\u011bj\u00e1k\u00fdch p\u011bta\u010dty\u0159icet minut a tak kl\u00e1bos\u00edme. Tajnej n\u00e1t\u00e1hl sta\u0159i\u010dk\u00e9 hodiny a od t\u00fd chv\u00edle se zacal odpo\u010d\u00edt\u00e1vat p\u011bknej pr\u016f..r. Na\u0161t\u011bst\u00ed se v hodin\u011b dvan\u00e1ct\u00fd, teda devaten\u00e1ct\u00fd pades\u00e1t\u00fd dev\u00e1t\u00fd, pod\u00edval na telefon. Sakra u\u017e to m\u00e1 jet! Na zast\u00e1vku je to asi 150metr\u016f. Beru b\u00e1gl a nohy na ramena. Spole\u010dn\u011b ut\u00edk\u00e1me k zast\u00e1vce. Tajnej m\u011b informuje o skute\u010dnosti, \u017ee jakmile vlak zaho&#8230;. \u00a0H\u00da\u00da\u00daT\u00da\u00da\u00da, m\u00e1m minutu na to dob\u011bhnout k zast\u00e1vce na znamen\u00ed. \u00dapln\u011b uklidn\u011bnej nab\u00edr\u00e1m kosmickou rychlost, p\u0159i\u010dem\u017e m\u011b Tajnej p\u0159edb\u00edh\u00e1 a sign\u00e1lem &#8220; Zastavte v\u0161emi prost\u0159edky&#8220; upout\u00e1v\u00e1 pozornost strojvedouc\u00edho, m\u011b mezit\u00edm doch\u00e1z\u00ed kysl\u00edk a s\u00edly. Z posledn\u00edch sil otev\u00edr\u00e1m dve\u0159e, m\u00e1v\u00e1m na znamen\u00ed d\u00edk\u016f na Tajn\u00fdho a vch\u00e1z\u00edm do pr\u00e1zdn\u00fdho vlaku. Ten m\u011b\u00a0po p\u016fl hodin\u011b p\u0159iv\u00e1\u017e\u00ed\u00a0se zpo\u017ed\u011bn\u00edm do Trutnova, abych mohl od vlaku b\u011b\u017eet na MHD. Je\u0161t\u011b, \u017ee v\u0161ecko klaplo. Pak u\u017e jen vana, miluj\u00edc\u00ed n\u00e1ru\u010d man\u017eelky, snachy, dcery a\u00a0v budoucnu babi\u010dky a tch\u00fdn\u011b. A to je v\u0161ecko.<\/p>\n<p>Fotky a videa<a href=\"http:\/\/www.slim2009.cz\/photo\/#\/shared_space\/folder\/400?_k=oxvvui\" target=\"_blank\" rel=\"noopener\">\u00a0zde<\/a><a href=\"http:\/\/www.slim2009.cz\/wordpress\/Galerka\/Vandry 2013\/album\/index.html\" target=\"_blank\" rel=\"noopener\">.<\/a>\u00a0\u00a0\u00a0\u00a0\u00a0\u00a0\u00a0\u00a0\u00a0\u00a0\u00a0\u00a0\u00a0\u00a0\u00a0\u00a0\u00a0\u00a0 Fotky ke sta\u017een\u00ed <a href=\"http:\/\/www.slim2009.cz\/Prilohy\/Bor2013\/Bor2013foto.zip\">tady.<\/a><\/p>\n<p>Video ve vysok\u00fdm rozli\u0161en\u00ed: <a href=\"http:\/\/www.slim2009.cz\/Prilohy\/Bor2013\/Bor2013video.zip\" target=\"_blank\" rel=\"noopener\">V\u00fdstup na Bor 2013<\/a><\/p>\n","protected":false},"excerpt":{"rendered":"<p>Prvn\u00ed jarn\u00ed vandr, by se mohl p\u0159ejmenovat na zimn\u00ed. Letos se n\u00e1m zima roznemohla a prodlou\u017eila si sez\u00f3nu o m\u011bs\u00edc. \u010c\u00edm jsme star\u0161\u00ed, t\u00edm\u00a0 se\u00a0term\u00edn v\u00fdstupu posunuje d\u00e1l do jara. Byly doby, kdy se chodilo v \u00fanoru nebo v b\u0159eznu. &hellip; <a href=\"https:\/\/www.slim2009.cz\/wordpress\/archivalie\/archiv-vandry\/vystup-na-bor-2013\/\">Cel\u00fd p\u0159\u00edsp\u011bvek <span class=\"meta-nav\">&rarr;<\/span><\/a><\/p>\n","protected":false},"author":1,"featured_media":0,"parent":5048,"menu_order":12,"comment_status":"closed","ping_status":"closed","template":"","meta":{"footnotes":""},"class_list":["post-2376","page","type-page","status-publish","hentry"],"_links":{"self":[{"href":"https:\/\/www.slim2009.cz\/wordpress\/wp-json\/wp\/v2\/pages\/2376","targetHints":{"allow":["GET"]}}],"collection":[{"href":"https:\/\/www.slim2009.cz\/wordpress\/wp-json\/wp\/v2\/pages"}],"about":[{"href":"https:\/\/www.slim2009.cz\/wordpress\/wp-json\/wp\/v2\/types\/page"}],"author":[{"embeddable":true,"href":"https:\/\/www.slim2009.cz\/wordpress\/wp-json\/wp\/v2\/users\/1"}],"replies":[{"embeddable":true,"href":"https:\/\/www.slim2009.cz\/wordpress\/wp-json\/wp\/v2\/comments?post=2376"}],"version-history":[{"count":0,"href":"https:\/\/www.slim2009.cz\/wordpress\/wp-json\/wp\/v2\/pages\/2376\/revisions"}],"up":[{"embeddable":true,"href":"https:\/\/www.slim2009.cz\/wordpress\/wp-json\/wp\/v2\/pages\/5048"}],"wp:attachment":[{"href":"https:\/\/www.slim2009.cz\/wordpress\/wp-json\/wp\/v2\/media?parent=2376"}],"curies":[{"name":"wp","href":"https:\/\/api.w.org\/{rel}","templated":true}]}}