{"id":2343,"date":"2012-12-30T20:44:18","date_gmt":"2012-12-30T19:44:18","guid":{"rendered":"http:\/\/194.12.34.10\/?page_id=2343"},"modified":"2012-12-30T20:44:18","modified_gmt":"2012-12-30T19:44:18","slug":"vanoce-2012","status":"publish","type":"page","link":"https:\/\/www.slim2009.cz\/wordpress\/bulvar\/vanoce-2012\/","title":{"rendered":"V\u00e1noce 2012"},"content":{"rendered":"<p><img loading=\"lazy\" decoding=\"async\" class=\"alignright wp-image-2347\" title=\"IMG_7477\" src=\"http:\/\/www.slim2009.cz\/wordpress\/wp-content\/uploads\/2012\/12\/IMG_7477-3.jpg\" alt=\"\" width=\"230\" height=\"154\" \/><br \/>\nU\u017e to tady jednou padlo. V\u00e1noce jsou pro ko\u010dku! Vlastn\u011b ko\u010dk\u00e1m je to ukraden\u00fd, ale pes, pes ten z toho chyt\u00e1 ka\u017edoro\u010dn\u011b psotn\u00edk. A to z toho nem\u00e1 po\u0159\u00e1dnej rozum. Jak to m\u00e1m potom p\u0159e\u017e\u00edt j\u00e1. U\u017e tejden p\u0159ed t\u00edm dnem, se m\u016fj slovn\u00edk m\u011bn\u00ed. Nev\u00edm jak bych to nejslu\u0161n\u011bjc napsal, av\u0161ak: &#8220; Ty zas&#8230;\u00fd, zku&#8230;.\u00fd v\u00e1noce mi byly, \u010dert dlu\u017en\u00fd. J\u00e1 se na n\u011b vy&#8230;u a bude to! Von je snad vymyslel \u0148\u00e1kej klerik\u00e1ln\u00ed kapitalistickej \u00a0\u017eidobol\u0161evik, abych utratil v\u0161echny prachy a nad\u011blal jim radost! Hov.o! &#8220; A je\u0161t\u011b hor\u0161\u00ed slova. P\u0159epad\u00e1 m\u011b takov\u00e1 trudomyslnost, a\u017e skoro skl\u00e1d\u00e1m protiv\u00e1no\u010dn\u00ed songy.<\/p>\n<p>Nap\u0159\u00edklad jsem rozcupoval rolni\u010dky.<\/p>\n<p><img loading=\"lazy\" decoding=\"async\" class=\"alignright wp-image-2357\" title=\"IMG_7501\" src=\"http:\/\/www.slim2009.cz\/wordpress\/wp-content\/uploads\/2012\/12\/IMG_7501-3.jpg\" alt=\"\" width=\"230\" height=\"154\" \/><\/p>\n<p style=\"text-align: left;\">U\u017e je tady zas, ten v\u00e1no\u010dn\u00ed \u010das.<br \/>\nF\u016fra lid\u00ed pobledl\u00fdch, \u010dum\u00ed do oblak.<br \/>\nLezou do auta, jedou do Kaufla.<br \/>\nCo to sly\u0161\u00edm v r\u00e1diu? N\u011bkde boura\u010dka.<\/p>\n<p style=\"text-align: left;\">V\u00e1noce, v\u00e1noce,<br \/>\nu\u017e jsou, tady zas. V\u0161ichni maj\u00ed hore\u010dku, nebo aspo\u0148 t\u0159as.<br \/>\nV\u00e1noce, v\u00e1noce,<br \/>\nJedem do L\u00eddlu. Nakoup\u00edme d\u00e1re\u010dky a taky rybinu.<\/p>\n<p style=\"text-align: left;\">Stres ze v\u0161edn\u00edch dn\u016f, u\u017e nebude tu.<br \/>\nBudem ba\u0161tit, radovat se, dokud neprasknu.<br \/>\nZba\u0161ti kap\u0159\u00edka, d\u0159\u00edv ne\u017e to zacink\u00e1.<img loading=\"lazy\" decoding=\"async\" class=\"alignright wp-image-2361\" title=\"IMG_7507\" src=\"http:\/\/www.slim2009.cz\/wordpress\/wp-content\/uploads\/2012\/12\/IMG_7507-3.jpg\" alt=\"\" width=\"192\" height=\"288\" \/><br \/>\nZapr\u00e1skan\u00fd V\u00e1noce a v p\u0159\u00ed\u0161t\u00edm roce zas!<\/p>\n<p>&nbsp;<\/p>\n<p>Fotky z v\u00e1noc i videi \u0161\u00edlen\u00fdho Berta:\u00a0\u00a0<a href=\"http:\/\/www.slim2009.cz\/photo\/#\/shared_space\/folder\/535?_k=5vtjkv\" target=\"_blank\" rel=\"noopener\">Zde.<\/a><\/p>\n","protected":false},"excerpt":{"rendered":"<p>U\u017e to tady jednou padlo. V\u00e1noce jsou pro ko\u010dku! Vlastn\u011b ko\u010dk\u00e1m je to ukraden\u00fd, ale pes, pes ten z toho chyt\u00e1 ka\u017edoro\u010dn\u011b psotn\u00edk. A to z toho nem\u00e1 po\u0159\u00e1dnej rozum. Jak to m\u00e1m potom p\u0159e\u017e\u00edt j\u00e1. U\u017e tejden p\u0159ed t\u00edm &hellip; <a href=\"https:\/\/www.slim2009.cz\/wordpress\/bulvar\/vanoce-2012\/\">Cel\u00fd p\u0159\u00edsp\u011bvek <span class=\"meta-nav\">&rarr;<\/span><\/a><\/p>\n","protected":false},"author":1,"featured_media":0,"parent":2168,"menu_order":2,"comment_status":"closed","ping_status":"closed","template":"","meta":{"footnotes":""},"class_list":["post-2343","page","type-page","status-publish","hentry"],"_links":{"self":[{"href":"https:\/\/www.slim2009.cz\/wordpress\/wp-json\/wp\/v2\/pages\/2343","targetHints":{"allow":["GET"]}}],"collection":[{"href":"https:\/\/www.slim2009.cz\/wordpress\/wp-json\/wp\/v2\/pages"}],"about":[{"href":"https:\/\/www.slim2009.cz\/wordpress\/wp-json\/wp\/v2\/types\/page"}],"author":[{"embeddable":true,"href":"https:\/\/www.slim2009.cz\/wordpress\/wp-json\/wp\/v2\/users\/1"}],"replies":[{"embeddable":true,"href":"https:\/\/www.slim2009.cz\/wordpress\/wp-json\/wp\/v2\/comments?post=2343"}],"version-history":[{"count":0,"href":"https:\/\/www.slim2009.cz\/wordpress\/wp-json\/wp\/v2\/pages\/2343\/revisions"}],"up":[{"embeddable":true,"href":"https:\/\/www.slim2009.cz\/wordpress\/wp-json\/wp\/v2\/pages\/2168"}],"wp:attachment":[{"href":"https:\/\/www.slim2009.cz\/wordpress\/wp-json\/wp\/v2\/media?parent=2343"}],"curies":[{"name":"wp","href":"https:\/\/api.w.org\/{rel}","templated":true}]}}