{"id":2225,"date":"2012-10-03T13:29:11","date_gmt":"2012-10-03T12:29:11","guid":{"rendered":"http:\/\/194.12.34.10\/?page_id=2225"},"modified":"2012-10-03T13:29:11","modified_gmt":"2012-10-03T12:29:11","slug":"rychleby-2012-podzim","status":"publish","type":"page","link":"https:\/\/www.slim2009.cz\/wordpress\/archivalie\/archiv-vandry\/rychleby-2012-podzim\/","title":{"rendered":"Rychleby 2012 podzim"},"content":{"rendered":"<p><a href=\"http:\/\/www.slim2009.cz\/wordpress\/wp-content\/uploads\/2012\/10\/IMG_6858-3.jpg\" target=\"_blank\" rel=\"noopener\"><img loading=\"lazy\" decoding=\"async\" class=\"alignright wp-image-2248\" title=\"IMG_6858\" src=\"http:\/\/www.slim2009.cz\/wordpress\/wp-content\/uploads\/2012\/10\/IMG_6858-3.jpg\" alt=\"\" width=\"288\" height=\"192\" \/><\/a>Na jarn\u00edm vandru, n\u00e1s\u00a0Rychleby nadchnuly\u00a0 tak, \u017ee podzimn\u00ed, nevyhnuteln\u011b musel bejt sem. Marcel sice v kv\u011btnu avizoval vandr do cizozem\u00ed, ale asi to n\u011bj\u00e1k usnulo, nebo\u00a0po moj\u00ed jednozna\u010dn\u011b vyhejbav\u00fd odpov\u011bdi, zm\u011bnil pl\u00e1n. Ka\u017edop\u00e1dn\u011b, Jura p\u0159edlo\u017eil pl\u00e1n, vyt\u00fd\u010dil \u0161treku a akceptoval m\u016fj term\u00edn dovolen\u00fd, druhej tejden z\u00e1\u0159\u00ed. Ve stanoven\u00fdm term\u00ednu 12.\u00a0&#8211; 15.9.2012 se tentokr\u00e1t dostavil pouze Jura a J\u00e1. \u00da\u010dast teda nevelk\u00e1. Jak se pozd\u011bji uk\u00e1zalo, kdyby n\u00e1s jelo, jako n\u00e1s jezd\u00edvalo, mok\u0159e by se n\u00e1m vedlo. V Z\u00e1b\u0159ehu nased\u00e1me do rychl\u00edku jedouc\u00edm &#8222;Slezsk\u00fdm Semmeringem&#8220;.\u00a0\u017deleznice Hanu\u0161ovice-Jesen\u00edk byla\u00a0dokon\u010dena roku 1888 a v \u00faseku Brann\u00e1 &#8211; Lipov\u00e1, jde vylo\u017een\u011b o horskou dr\u00e1hu, srovnatelnou\u00a0s v\u011bt\u0161\u00ed jmenovkyn\u00ed v\u00a0rakousk\u00fdm Semmeringu. Spolu s n\u00ed, m\u00e1 spole\u010dn\u00fd zna\u010dn\u00fd stoup\u00e1n\u00ed a nespo\u010det zat\u00e1\u010dek. Ve stanici Horn\u00ed Lipov\u00e1 je i mal\u00fd muzeum, v\u011bnovan\u00fd zdej\u0161\u00edmu provozu. Pr\u00e1v\u011b tady na\u0161e cesta za\u010d\u00edn\u00e1. Jen co odsup\u011bl rychl\u00edk k Jesen\u00edku, kupujeme si v <a href=\"http:\/\/www.slim2009.cz\/wordpress\/wp-content\/uploads\/2012\/10\/IMG_6866c-3.jpg\" target=\"_blank\" rel=\"noopener\"><img loading=\"lazy\" decoding=\"async\" class=\"alignright wp-image-2256\" title=\"IMG_6866c\" src=\"http:\/\/www.slim2009.cz\/wordpress\/wp-content\/uploads\/2012\/10\/IMG_6866c-3.jpg\" alt=\"\" width=\"288\" height=\"162\" \/><\/a>pokladn\u011b lepenkovou j\u00edzdenku pro vstup do muzea. Na opl\u00e1tku dost\u00e1v\u00e1me kl\u00ed\u010de\u00a0a jdeme si prohl\u00eddnout m\u016fzeum. U\u017e od vystoupen\u00ed z vlaku pozorujeme jakej si pohyb na Hanu\u0161ovick\u00fdm zhlav\u00ed. N\u011bj\u00e1kej kudrnatej chlap\u00edk tam evidentn\u011b na n\u011bco \u010dek\u00e1. Po prohl\u00eddce muzea, vid\u00edme prosvi\u0161t\u011bt kolem n\u00e1dra\u017en\u00ed budovy dod\u00e1vku s logem \u010cT. Copak to tady budou kluci televizn\u00ed d\u011blat? Z auta vyn\u00e1\u0161ej kameru na stativu\u00a0a jeden z vystoupiv\u0161\u00edch m\u00e1 na hlav\u011b sluch\u00e1tka. Pan\u00ed v\u00fdprav\u010d\u00ed n\u00e1m sd\u011bluje, \u017ee tady dneska n\u011bco to\u010dej o muzeu a ten kudrn\u00e1\u010d, \u017ee je prej Dejdar. A j\u00f3, vopravdu je to von! Slu\u0161n\u011b zdrav\u00edme GutnT\u00e1k.\u00a0Dost\u00e1v\u00e1me odpov\u011b\u010f, trochu sice kyselou, ale odpov\u011b\u010f.\u00a0Jura se pt\u00e1 re\u017ei\u017e\u00e9ra, jestli m\u00e1me vypadnout a ten d\u011bkuje, \u017ee n\u00e1s to napadlo. Stejn\u011b sme u\u017e cht\u011bli j\u00edt. Muzeum jsme vid\u011bli a v t\u00fd televizi je D stejn\u011b vy\u0161\u0161\u00ed. Takhle na \u017eivo je to prcek a nem\u00edt afro je je\u0161t\u011b vo p\u016fl hlavy <a href=\"http:\/\/www.slim2009.cz\/wordpress\/wp-content\/uploads\/2012\/10\/IMG_6872-3.jpg\" target=\"_blank\" rel=\"noopener\"><img loading=\"lazy\" decoding=\"async\" class=\"alignright wp-image-2259\" title=\"IMG_6872\" src=\"http:\/\/www.slim2009.cz\/wordpress\/wp-content\/uploads\/2012\/10\/IMG_6872-3.jpg\" alt=\"\" width=\"288\" height=\"192\" \/><\/a>men\u0161\u00ed. Od n\u00e1dra\u017e\u00ed se vyd\u00e1v\u00e1me k velik\u00fd zaj\u00edmavosti Rychlebek. Tou je Lesn\u00ed bar. Nach\u00e1z\u00ed se zhruba 2,5kilometru od Horn\u00ed Lipov\u00fd. Kolem vede cyklo i turistick\u00e1 stezka. Byla st\u0159eda, z\u00e1\u0159\u00ed a p\u0159edpov\u011b\u010f po\u010das\u00ed hl\u00e1sila d\u00e9\u0161\u0165. Bude bar v provozu? Moc jsme si toho nep\u0159edstavovali ale po p\u0159\u00edchodu k d\u0159ev\u011bn\u00fdmu p\u0159\u00edst\u0159e\u0161ku, n\u00e1m spadla brada! V krbu ho\u0159el ohe\u0148, v potoce se chladily pivka, limo\u0161ky, vody. V chla\u010f\u00e1ku \u0161pek\u00e1\u010dky a klob\u00e1sky. Nakr\u00e1jenej chleba, ho\u0159tice, p\u0159ipraven\u00fd pap\u00edrov\u00fd t\u00e1cky. Chce\u0161-li kafe, m\u016f\u017ee\u0161 ho m\u00edt. Turka nebo rozpustn\u00fd? K dipozici je plynovej va\u0159i\u010d. Pro sladkomily jsou k dispozici kremrole. Pot\u0159ebuje\u0161 n\u011bkomu poslat pohled? Ani to nen\u00ed probl\u00e9m, pohledy jsou tady taky!. D\u00e1v\u00e1me si op\u00edct klob\u00e1sky na ohe\u0148, k tomu\u00a0ho\u0159tici, chleba a pivko. To je posledn\u00ed pivko po\u00a0zbytek vandru. V baru nejsme sami, p\u0159ed n\u00e1ma jsou tady dva lidi a v pr\u016fb\u011bhu hodov\u00e1n\u00ed p\u0159ich\u00e1zej dal\u0161\u00ed, tak\u017ee ve chv\u00edli, kdy za\u010d\u00edn\u00e1 mrholit, je n\u00e1s asi tak patn\u00e1ct.\u00a0P\u0159i placen\u00ed, za po\u017eit\u00ed toho co jsme sn\u011bdli, se sta\u010d\u00ed pod\u00edvat na st\u011bnu do cen\u00edku, se\u010d\u00edst, <a href=\"http:\/\/www.slim2009.cz\/wordpress\/wp-content\/uploads\/2012\/10\/IMG_6897-3.jpg\" target=\"_blank\" rel=\"noopener\"><img loading=\"lazy\" decoding=\"async\" class=\"alignright wp-image-2263\" title=\"IMG_6897\" src=\"http:\/\/www.slim2009.cz\/wordpress\/wp-content\/uploads\/2012\/10\/IMG_6897-3.jpg\" alt=\"\" width=\"288\" height=\"192\" \/><\/a>podtrhnout a vypo\u010d\u00edtanou sumu vlo\u017eit plechov\u00fdmu vrchn\u00edmu do huby. Opravdu je to tak! Nikde obsluha ani vrchn\u00ed s kas\u00edrkou. Co sn\u00edte a vypijete, zaplat\u00edte podle sv\u00fdho nejlep\u0161\u00edho v\u011bdom\u00ed a sv\u011bdom\u00ed do plechov\u00fd kasi\u010dky. Proto\u017ee p\u0159estalo mrholit a za\u010dalo lejt, z\u016fst\u00e1v\u00e1me je\u0161t\u011b dal\u0161\u00ed kremroli. To n\u00e1m to p\u011bkn\u011b za\u010d\u00edn\u00e1. Do na\u0161eho nocle\u017ei\u0161t\u011b pod Sokol\u00edma sk\u00e1lama to m\u00e1me zhruba \u0161est kil\u00e1k\u016f p\u0159es kopec a tak, jakmile slejv\u00e1k p\u0159est\u00e1v\u00e1, vyd\u00e1v\u00e1me se do strm\u00fdho kopce k horn\u00edmu baru. D\u011b\u0161\u0165 ust\u00e1v\u00e1, ale d\u00e1l ne\u017e k horn\u00edmu baru, to nevydr\u017e\u00ed. Pak u\u017e leje bez p\u0159est\u00e1n\u00ed 24hodin. U horn\u00edho baru vydejch\u00e1v\u00e1me strmej kopec, av\u0161ak dal\u0161\u00ed de\u0161\u0165 n\u00e1s poh\u00e1n\u00ed d\u00e1l. Pr\u0161\u00ed \u010d\u00edm d\u00e1l v\u00edc a mokr\u00fd jsme a\u017e po kolena. Na p\u016fl cesty od bar\u016f je \u00fatulna Mates, kde se na chv\u00edli zastavujeme. \u0160t\u011bst\u00ed, \u017ee tady nemus\u00edme nocovat. Bylo by to mokr\u00fd nocov\u00e1n\u00ed. St\u0159echou zatejk\u00e1 a voda sem te\u010de i z cesty. P\u0159e\u010dkali jseme vodn\u00ed n\u00e1por a hned jak slejv\u00e1k polevil, vyd\u00e1v\u00e1me se z kopce do velk\u00fd \u00fatulny pod Sokol\u00edma sk\u00e1lama. Tam dor\u00e1\u017e\u00edme s mokr\u00fdma kalhotama i botama, <a href=\"http:\/\/www.slim2009.cz\/wordpress\/wp-content\/uploads\/2012\/10\/IMG_6922-3.jpg\" target=\"_blank\" rel=\"noopener\"><img loading=\"lazy\" decoding=\"async\" class=\"alignright wp-image-2265\" title=\"IMG_6922\" src=\"http:\/\/www.slim2009.cz\/wordpress\/wp-content\/uploads\/2012\/10\/IMG_6922-3.jpg\" alt=\"\" width=\"288\" height=\"192\" \/><\/a>rozd\u011bl\u00e1v\u00e1me ohe\u0148 v krbu, stahujeme ochrann\u00fd rolety. Teplo sice vypad\u00e1 jinak, ale zah\u0159ejv\u00e1me se sek\u00e1n\u00edm d\u0159\u00edv\u00ed.\u00a0Sek\u00e1n\u00ed velk\u00fdch \u0161palk\u016f ma\u010detou sice moc nejde, zato je u toho v\u011bt\u0161\u00ed teplo, ne\u017e od ohn\u011b. Proto\u017ee venku po\u0159\u00e1d leje, p\u0159ich\u00e1z\u00ed tma n\u011bj\u00e1k brzo. Va\u0159\u00edme si \u010daj, d\u00e1v\u00e1me n\u011bco k ve\u010de\u0159i. Chvilku kl\u00e1bos\u00edme, ale tma n\u00e1s zah\u00e1n\u00ed do hajan. Ne naposled p\u0159ikl\u00e1d\u00e1me do krbu a jdeme sp\u00e1t. V noci se probouz\u00edme, proto\u017ee d\u00e9\u0161t ml\u00e1t\u00ed do pechov\u00fd st\u0159echy. V t\u00fd tm\u011b to vypad\u00e1, \u017ee se bl\u00edzkej potok mus\u00ed co nevid\u011bt vyvalit z b\u0159eh\u016f. Najednou sly\u0161\u00edm n\u011bj\u00e1k\u00fd \u0161ust\u011bn\u00ed. Beru baterku, rozsv\u011bc\u00edm a sna\u017e\u00edm se ur\u010dit odkud to jde. \u0160ups! N\u011bco se mihlo na stole. Vst\u00e1v\u00e1m, k\u00f3k\u00e1m. Nic nevid\u00edm. P\u0159ikl\u00e1d\u00e1m do krbu, zase \u0161usty\u0161ust. Jdu po zvuku. Sv\u00edt\u00edm do k\u00fdble s odpadky a hele, tady je mr\u0161ka! Ratatoul se prob\u00edr\u00e1 obalama od marmel\u00e1dy. Kouk\u00e1me po sob\u011b, ratatoul vyskakuje, pob\u00edh\u00e1 sem a tam, zase kouk\u00e1, \u0161ups je zp\u00e1tky v k\u00fdblu a v\u011bnuje se vylizov\u00e1n\u00ed zbytk\u016f. Je\u0161t\u011b znova trochu p\u0159ikl\u00e1d\u00e1m a zalejz\u00e1m zp\u00e1tky do spac\u00e1ku. A\u0165 si ratatoul d\u00e1 do nosu.<br \/>\n<a href=\"http:\/\/www.slim2009.cz\/wordpress\/wp-content\/uploads\/2012\/10\/IMG_6930-3.jpg\" target=\"_blank\" rel=\"noopener\"><img loading=\"lazy\" decoding=\"async\" class=\"alignright wp-image-2267\" title=\"IMG_6930\" src=\"http:\/\/www.slim2009.cz\/wordpress\/wp-content\/uploads\/2012\/10\/IMG_6930-3.jpg\" alt=\"\" width=\"288\" height=\"192\" \/><\/a>R\u00e1no kouk\u00e1m a furt se leje. Zav\u00edr\u00e1m o\u010di a je\u0161t\u011b chvilku d\u0159\u00edmu. Na plac\u00e1k\u00e1ch se n\u00e1m spalo nevaln\u011b, av\u0161ak v suchu. Rozpalujeme ohe\u0148 v krbu, va\u0159\u00edme\u00a0\u010daj z de\u0161\u0165ov\u00fd vody nachytan\u00fd z okapu. Jinou vodu toti\u017e nem\u00e1me, proto\u017ee v potoce je d\u00edky de\u0161ti voda kaln\u00e1. Navzdory celono\u010dn\u00edmu siln\u00fdmu de\u0161ti, se potok nezvedl ani o milimetr. \u010caj u\u017e je uva\u0159enej, te\u010f si k n\u011bmu n\u011bco d\u00e1t. Jura zji\u0161\u0165uje, co mu v noci ratatoul spo\u0159\u00e1dal. Tak p\u0159eci byl na stole! Odsk\u00e1kal to kus such\u00fdho sal\u00e1mu. Co si okousal, to\u00a0dostal\u00a0ke k\u00fdblu, ale\u00a0my\u0161\u00e1k m\u00e1 po no\u010dn\u00edm dobrodru\u017estv\u00ed asi p\u016flnoc a sal\u00e1mu se nikdo ani nedotknul. Sn\u00eddan\u011b je sn\u011bden\u00e1, ale venku po\u0159\u00e1d leje. P\u0159emej\u0161l\u00edme co budeme d\u011blat, jestli lejt nep\u0159estane a pijeme dal\u0161\u00ed \u010daj. N\u011bkdy kolem des\u00e1t\u00fd se d\u00e9\u0161t m\u011bn\u00ed na mrholen\u00ed. Rozhodujeme se, \u017ee by sme dneska do\u0161li na Hrani\u010dky, kde by se m\u011bla nach\u00e1zet dal\u0161\u00ed z mal\u00fdch \u00fatulen a kde by se p\u0159\u00edpadn\u011b dalo schovat. Nakonec vyr\u00e1\u017e\u00edme ve dvan\u00e1ct, a\u0165 je po\u010das\u00ed jak\u00fd je. A ono se trochu vylep\u0161uje, u\u017e nepr\u0161\u00ed, jen ob\u010das mrhol\u00ed,\u00a0nebo je <a href=\"http:\/\/www.slim2009.cz\/wordpress\/wp-content\/uploads\/2012\/10\/IMG_6943-3.jpg\" target=\"_blank\" rel=\"noopener\"><img loading=\"lazy\" decoding=\"async\" class=\"alignright wp-image-2269\" title=\"IMG_6943\" src=\"http:\/\/www.slim2009.cz\/wordpress\/wp-content\/uploads\/2012\/10\/IMG_6943-3.jpg\" alt=\"\" width=\"288\" height=\"192\" \/><\/a>ml\u017enej opar. Jdeme sm\u011brem na Kl\u00ednov\u00fd vrch, kde je st\u00e1tn\u00ed hranice a po n\u00ed vede \u017elut\u00e1 zna\u010dka. Po n\u00ed se vyd\u00e1me na Kovadlinu. Na Kovadlin\u011b se dlouho nezdr\u017eujeme, proto\u017ee v\u00fdhledy bezpe\u010dn\u011b kreje mlha. Sch\u00e1z\u00edme do Sedla a p\u0159es B\u0159idli\u010dn\u00fd a Pomezn\u00fd, m\u00ed\u0159\u00edme ke \u0160pi\u010d\u00e1ku. Vrchol \u0160pi\u010d\u00e1ku vynech\u00e1v\u00e1me, proto\u017ee se mlha\u00a0v\u00e1l\u00ed v\u0161ude. U pramene pod \u0161pi\u010d\u00e1kem nab\u00edr\u00e1me kone\u010dn\u011b pln\u00fd fla\u0161ky pitn\u00fd vody. Do Hrani\u010dek n\u00e1m zbejvaj zhruba dva kilometry. Na Hrani\u010dk\u00e1ch \u017e\u00e1dn\u00e1 mlha nen\u00ed a ob\u010das lehce vysvitne pozdn\u00ed slunce. Nach\u00e1z\u00edme &#8222;\u00fatulnu&#8220; a jsme r\u00e1di, \u017ee n\u00e1s nen\u00ed v\u00edc. V\u0161ude je mokro a jedin\u00fd such\u00fd m\u00edsto, je pr\u00e1v\u011b v p\u0159\u00edst\u0159e\u0161ku, kam se vejdou dva lidi. N\u011bkdo, kdo tady spal p\u0159ed n\u00e1mi, tu nechal\u00a0seno, jako podest\u00fdlku. Kolem projeli v ter\u00e9\u0148\u00e1ku dva lesoplund\u0159i s flintama. Na zadn\u00ed sajtn\u011b auta, p\u0159iv\u00e1zanej pytel s jabkama. To asi jedou nakrmit zv\u00ed\u0159\u00e1tka \ud83d\ude42 .\u00a0Shazujeme b\u00e1gly a jdeme naj\u00edt d\u0159\u00edv\u00ed. Je to trochu probl\u00e9m. V\u0161echno je mokr\u00fd. Jura na\u0161el b\u0159\u00edzy a n\u011bkolik sou\u0161ek smr\u010dk\u016f. Ut\u00edn\u00e1me je a pomoc\u00ed b\u0159ezov\u00fd <a href=\"http:\/\/www.slim2009.cz\/wordpress\/wp-content\/uploads\/2012\/10\/IMG_6961_panorama-3.jpg\" target=\"_blank\" rel=\"noopener\"><img loading=\"lazy\" decoding=\"async\" class=\"alignright wp-image-2271\" title=\"IMG_6961_panorama\" src=\"http:\/\/www.slim2009.cz\/wordpress\/wp-content\/uploads\/2012\/10\/IMG_6961_panorama-3.jpg\" alt=\"\" width=\"288\" height=\"107\" \/><\/a>k\u016fry, zapalujeme ohe\u0148. Po del\u0161\u00ed dob\u011b se poda\u0159ilo m\u00edsto kou\u0159e, vyrobit kou\u0159\u00edc\u00ed ohe\u0148. Uva\u0159ili jsme si \u010daj a pove\u010de\u0159eli. Hrani\u010dky (Grenzdorf) je b\u00fdval\u00e1 vesnice, ze kter\u00fd zbyl po roce 1960, jedinej bar\u00e1k. V\u0161echny ostatn\u00ed byly zbo\u0159eny. Te\u010f jsou kolem jen louky. \u00a0Zat\u00edm se setm\u011blo a z nedostatku such\u00fdho d\u0159\u00edv\u00ed, jdeme zase na kut\u011b hodn\u011b brzo. Span\u00ed je dneska o pozn\u00e1n\u00ed m\u011bk\u010d\u00ed a del\u0161\u00ed.\u00a0Probuzen\u00ed bez kocoviny je prost\u011b \u00fa\u017easn\u00fd. Probouz\u00edme se do modr\u00fdho, ale chladn\u00fdho r\u00e1na. Kupodivu sta\u010d\u00ed p\u0159idat nasekan\u00fd t\u0159\u00edsky do \u0159e\u0159av\u00fdch uhl\u00edk\u016f a ohe\u0148 se znova rozho\u0159el. To se hod\u00ed k uva\u0159en\u00ed sn\u00eddan\u011b. Jura znova zji\u0161\u0165uje, \u017ee mu v noci nav\u0161t\u00edvil z\u00e1soby ratatoul. <a href=\"http:\/\/www.slim2009.cz\/wordpress\/wp-content\/uploads\/2012\/10\/IMG_6978-3.jpg\" target=\"_blank\" rel=\"noopener\"><img loading=\"lazy\" decoding=\"async\" class=\"alignright wp-image-2273\" title=\"IMG_6978\" src=\"http:\/\/www.slim2009.cz\/wordpress\/wp-content\/uploads\/2012\/10\/IMG_6978-3.jpg\" alt=\"\" width=\"288\" height=\"192\" \/><\/a>K hodov\u00e1n\u00ed si vybral zad\u011blanej bal\u00ed\u010dek vojensk\u00fdch suchar\u016f, kter\u00fd vyplenil dokonale. Ne\u017e se spakujeme, prosvi\u0161t\u00ed kolem Lakato\u0161 a m\u00ed\u0159\u00ed pro kl\u00e1dy do lesa. Je \u010das odrazit, zachv\u00edli\u00a0tady bude prob\u00edhat t\u011b\u017eba. Dneska by sme m\u011bli nat\u00e1hnout krok, proto\u017ee n\u00e1s \u010dek\u00e1 docela \u0161treka. Zastavujeme se v Nov\u00fdch Vil\u00e9movic\u00edch u pam\u00e1tn\u00edku Stanislava Majzl\u00edka respicienta finan\u010dn\u00ed str\u00e1\u017ee, kterej byl zast\u0159elenej 21.9.1938 freikorpsem. Pak se zastavujeme na zdej\u0161\u00edm h\u0159bitov\u011b. B\u011bhem prohl\u00eddky p\u0159i\u0161el zdej\u0161\u00ed rod\u00e1k a spr\u00e1vce h\u0159bitova v jedn\u00fd osob\u011b, pan Hauke na kontrolu. Pokl\u00e1bosili jsme o zdej\u0161\u00edm \u017eivot\u011b, o tom, co bylo a jak to chod\u00ed dneska. D\u00e1l se vyd\u00e1v\u00e1me k osad\u011b \u010cerven\u00fd D\u016fl. Prvn\u00edm objektem je kaple Sv. Rocha. Svat\u00fd Roch je patronem Ben\u00e1tek, Montpellier, l\u00e9ka\u0159\u016f, chirurg\u016f, nemocn\u00fdch a zdravotn\u011b posti\u017een\u00fdch, zajatc\u016f, sedl\u00e1k\u016f, zahradn\u00edk\u016f, truhl\u00e1\u0159\u016f, dla\u017edi\u010d\u016f, automobilist\u016f; nemocnic; b\u00fdv\u00e1 vz\u00fdv\u00e1n jako z\u00e1\u0161tita proti moru i jin\u00e9mu ne\u0161t\u011bst\u00ed. Douf\u00e1me, \u017ee nebudeme nic vz\u00fdvat a jdeme d\u00e1l do \u00fadol\u00ed <a href=\"http:\/\/www.slim2009.cz\/wordpress\/wp-content\/uploads\/2012\/10\/IMG_7009-3.jpg\" target=\"_blank\" rel=\"noopener\"><img loading=\"lazy\" decoding=\"async\" class=\"alignright wp-image-2276\" title=\"IMG_7009\" src=\"http:\/\/www.slim2009.cz\/wordpress\/wp-content\/uploads\/2012\/10\/IMG_7009-3.jpg\" alt=\"\" width=\"288\" height=\"192\" \/><\/a>Ra\u010d\u00edho potoka, nad kter\u00fdm se ty\u010d\u00ed, nebo dnes rozvalujou trosky hradu Reichen\u0161tejn (Rychleby). Slunce ukazuje poledne a podle hudby v \u017ealudku, usuzujeme, \u017ee na n\u00e1dvo\u0159\u00ed n\u011bco poj\u00edme. Na lih\u00e1\u010di va\u0159\u00edme konzervy a po j\u00eddle chv\u00edli odpo\u010d\u00edv\u00e1me. Odpo\u010d\u00edvat nem\u016f\u017eem dlouho, proto se vyd\u00e1v\u00e1me na \u010certovy kazatelny. D\u0159\u00edv byl odsud ur\u010dit\u011b p\u011bknej v\u00fdhled na hrad. Te\u010f, je jen v\u00fdhled na Ra\u010d\u00ed \u00fadol\u00ed. Z kazatelny to m\u00e1me p\u011bkn\u011b do kope\u010dka kolem vrcholu \u0160t\u00edt, pak fofrem d\u00f3lu pod Z\u00e1les\u00ed. A zase p\u011bkn\u011b do kope\u010dka a\u017e k Rozhran\u00ed. Tady zji\u0161\u0165ujeme, \u017ee dneska se na Bor\u016fvkovou horu u\u017e nepod\u00edv\u00e1me. Vlastn\u011b se na ni nepod\u00edv\u00e1me ani zejtra, proto\u017ee pojedeme dom\u016f. Vyd\u00e1v\u00e1me se do Travn\u00fd\u00a0kolem drti\u010de a m\u00ed\u0159\u00edme do restaurace U Oravc\u016f. Na konci t\u0159et\u00edho dne, teda putyka. A\u010dkoli je celkem dost pozdn\u00ed odpoledne, uvnit\u0159 je jen jeden host. Jak se pozd\u011bjc uk\u00e1\u017ee, tak pr\u00e1v\u011b u tohoto \u010dlov\u011bka budeme sp\u00e1t. Prozat\u00edm si d\u00e1v\u00e1me kofolu a objedn\u00e1v\u00e1me \u0159\u00edzek s bramborem. Do\u0161lo samoz\u0159ejm\u011b i\u00a0na pivo zna\u010dky G 10. J\u00eddlo jsme si objednali stejn\u00fd, av\u0161ak Jura ho nedojedl, <a href=\"http:\/\/www.slim2009.cz\/wordpress\/wp-content\/uploads\/2012\/10\/IMG_7054-3.jpg\" target=\"_blank\" rel=\"noopener\"><img loading=\"lazy\" decoding=\"async\" class=\"alignright wp-image-2280\" title=\"IMG_7054\" src=\"http:\/\/www.slim2009.cz\/wordpress\/wp-content\/uploads\/2012\/10\/IMG_7054-3.jpg\" alt=\"\" width=\"288\" height=\"192\" \/><\/a>proto\u017ee schnitzel byl prej kyselej. No j\u00e1 nev\u00edm, j\u00e1 jsem si ho pokapal citr\u00f3nem a narval do hlavy. Proto\u017ee te\u010fka \u010dtete tohle, tak asi zka\u017eenej nebyl. Jura svoji porci \u00fasp\u011b\u0161n\u011b reklamoval a m\u00edsto schnitzelu si dal top\u00ednku. A pak u\u017e pop\u00edj\u00edme a relaxujeme. Okolo sedm\u00fd se restaurace zaplnila. Seznamujeme se s m\u00edstn\u00edma a kl\u00e1bos\u00edme o v\u0161em, co se d\u011bje ve sv\u011bt\u011b i u n\u00e1s. Samoz\u0159ejm\u011b nenech\u00e1v\u00e1me na ni\u010dem nit suchou. Petr Medv\u011bd Denk, tak se jmenuje m\u00edstn\u00ed\u00a0&#8222;penzion\u00e9r&#8220;, n\u00e1s po zav\u00edra\u010dce zve do sv\u00fdho penzi\u00f3nu &#8222;<a href=\"http:\/\/www.chatatravna.cz\/\" target=\"_blank\" rel=\"noopener\">Chata Travn\u00e1<\/a>&#8220; a nech\u00e1 p\u0159espat v jednom z pokoj\u016f. Kdy\u017e otev\u0159el dve\u0159e do bar\u00e1ku, p\u0159iv\u00edtala n\u00e1s \u0161t\u011bkotem fena ridgebacka. Ne\u017e jdeme sp\u00e1t je\u0161t\u011b chvilku n\u011bco \u0159e\u0161\u00edme, p\u0159i uzen\u00fdch rybi\u010dk\u00e1ch a pivu. Na z\u00e1v\u011bre\u010dnou d\u00e1v\u00e1me \u0161laftru\u0148k slivovice a \u0161up do hajan. R\u00e1no vst\u00e1v\u00e1me v sedm hodin. Na rozlou\u010denou dost\u00e1v\u00e1me od Medv\u011bda\u00a0sn\u00eddani, ale pak u\u017e se lou\u010d\u00edme a ma\u017eeme na autobus jedouuc\u00edm do Javorn\u00edku. Tady se p\u0159esouv\u00e1me na vlakov\u00fd n\u00e1dra\u017e\u00ed a \u010dek\u00e1me, a\u017e p\u0159ijede cour\u00e1k sm\u011br Lipov\u00e1 L\u00e1zn\u011b. \u010cas do p\u0159\u00edjezdu si kr\u00e1t\u00edme pozorov\u00e1n\u00edm posunu \u010cD Cargo. Najednou<a href=\"http:\/\/www.slim2009.cz\/wordpress\/wp-content\/uploads\/2012\/10\/IMG_7070-3.jpg\" target=\"_blank\" rel=\"noopener\"><img loading=\"lazy\" decoding=\"async\" class=\"alignright wp-image-2283\" title=\"IMG_7070\" src=\"http:\/\/www.slim2009.cz\/wordpress\/wp-content\/uploads\/2012\/10\/IMG_7070-3.jpg\" alt=\"\" width=\"288\" height=\"192\" \/><\/a> p\u0159ich\u00e1zej\u00ed na n\u00e1dra\u017e\u00ed dva co vypadaj jako Bolek a Lolek po pades\u00e1ti letech. Okukujou n\u00e1kladn\u00ed vag\u00f3ny, jako by byly pro n\u011b. Bohu\u017eel se nedozv\u00edme, jak to dopadlo, p\u00e1\u010d p\u0159isvi\u0161t\u011bl n\u00e1\u0161 \u0161iskanzen. Vyplivnul ty co p\u0159ijeli a my se nakvart\u00fdrovali. Pak p\u0159i\u0161la ta chv\u00edle, jak o tom p\u00ed\u0161e pan Dr\u00e1ha ve sv\u00fdm J\u00edzdn\u00edm \u0159\u00e1du. Odj\u00e9zd! D\u00e1l je to jako na dr\u00e1htk\u00e1ch. P\u0159estupujeme ve stanici Lipov\u00e1 L\u00e1zn\u011b a P\u0159erov. V \u010cesk\u00fd T\u0159ebov\u00fd Jura p\u0159estupuje na Brno a Ti\u0161nov. M\u011b \u010dek\u00e1 p\u0159estup v Pardubic\u00edch a Jarom\u011b\u0159i. No a to je konec podzimn\u00edho vandru.<\/p>\n<p>Fotky a videa jsou<a href=\"http:\/\/www.slim2009.cz\/photo\/#\/shared_space\/folder\/401?_k=1xr32z\" target=\"_blank\" rel=\"noopener\"> tady.<\/a><\/p>\n<p>Profil trasy:\u00a0\u00a0\u00a0\u00a0\u00a0\u00a0 <a href=\"http:\/\/www.slim2009.cz\/Prilohy\/Rychleby2012\/Rychleby_zari01.pdf\" target=\"_blank\" rel=\"noopener\">Den_01<\/a>\u00a0\u00a0\u00a0\u00a0\u00a0\u00a0 <a href=\"http:\/\/www.slim2009.cz\/Prilohy\/Rychleby2012\/Rychleby_zari02.pdf\" target=\"_blank\" rel=\"noopener\">Den_02<\/a>\u00a0\u00a0\u00a0\u00a0\u00a0\u00a0 <a href=\"http:\/\/www.slim2009.cz\/Prilohy\/Rychleby2012\/Rychleby_zari03.pdf\" target=\"_blank\" rel=\"noopener\">Den_03<\/a>\u00a0\u00a0\u00a0\u00a0\u00a0\u00a0<a href=\"http:\/\/www.slim2009.cz\/Prilohy\/Rychleby2012\/Rychleby_zari.pdf\" target=\"_blank\" rel=\"noopener\"> Celej vandr<\/a><\/p>\n<p>Video ve vysok\u00fdm rozli\u0161en\u00ed: <a href=\"http:\/\/www.slim2009.cz\/Prilohy\/Rychleby2012\/Rychleby_zari2012.zip\" target=\"_blank\" rel=\"noopener\">Rychleby_zari2012<\/a><\/p>\n<p>&nbsp;<\/p>\n<p>&nbsp;<\/p>\n<p>&nbsp;<\/p>\n<p>&nbsp;<\/p>\n<p>&nbsp;<\/p>\n","protected":false},"excerpt":{"rendered":"<p>Na jarn\u00edm vandru, n\u00e1s\u00a0Rychleby nadchnuly\u00a0 tak, \u017ee podzimn\u00ed, nevyhnuteln\u011b musel bejt sem. Marcel sice v kv\u011btnu avizoval vandr do cizozem\u00ed, ale asi to n\u011bj\u00e1k usnulo, nebo\u00a0po moj\u00ed jednozna\u010dn\u011b vyhejbav\u00fd odpov\u011bdi, zm\u011bnil pl\u00e1n. Ka\u017edop\u00e1dn\u011b, Jura p\u0159edlo\u017eil pl\u00e1n, vyt\u00fd\u010dil \u0161treku a akceptoval &hellip; <a href=\"https:\/\/www.slim2009.cz\/wordpress\/archivalie\/archiv-vandry\/rychleby-2012-podzim\/\">Cel\u00fd p\u0159\u00edsp\u011bvek <span class=\"meta-nav\">&rarr;<\/span><\/a><\/p>\n","protected":false},"author":1,"featured_media":0,"parent":5048,"menu_order":11,"comment_status":"closed","ping_status":"closed","template":"","meta":{"footnotes":""},"class_list":["post-2225","page","type-page","status-publish","hentry"],"_links":{"self":[{"href":"https:\/\/www.slim2009.cz\/wordpress\/wp-json\/wp\/v2\/pages\/2225","targetHints":{"allow":["GET"]}}],"collection":[{"href":"https:\/\/www.slim2009.cz\/wordpress\/wp-json\/wp\/v2\/pages"}],"about":[{"href":"https:\/\/www.slim2009.cz\/wordpress\/wp-json\/wp\/v2\/types\/page"}],"author":[{"embeddable":true,"href":"https:\/\/www.slim2009.cz\/wordpress\/wp-json\/wp\/v2\/users\/1"}],"replies":[{"embeddable":true,"href":"https:\/\/www.slim2009.cz\/wordpress\/wp-json\/wp\/v2\/comments?post=2225"}],"version-history":[{"count":0,"href":"https:\/\/www.slim2009.cz\/wordpress\/wp-json\/wp\/v2\/pages\/2225\/revisions"}],"up":[{"embeddable":true,"href":"https:\/\/www.slim2009.cz\/wordpress\/wp-json\/wp\/v2\/pages\/5048"}],"wp:attachment":[{"href":"https:\/\/www.slim2009.cz\/wordpress\/wp-json\/wp\/v2\/media?parent=2225"}],"curies":[{"name":"wp","href":"https:\/\/api.w.org\/{rel}","templated":true}]}}