{"id":2159,"date":"2012-09-28T15:21:48","date_gmt":"2012-09-28T14:21:48","guid":{"rendered":"http:\/\/194.12.34.10\/?page_id=2159"},"modified":"2012-09-28T15:21:48","modified_gmt":"2012-09-28T14:21:48","slug":"fotogalerie-4-2","status":"publish","type":"page","link":"https:\/\/www.slim2009.cz\/wordpress\/bulvar\/fotogalerie-4-2\/","title":{"rendered":"Dovolen\u00e1 2012"},"content":{"rendered":"<p><img loading=\"lazy\" decoding=\"async\" class=\" wp-image-2180 alignright\" title=\"IMG_6205\" src=\"http:\/\/www.slim2009.cz\/wordpress\/wp-content\/uploads\/2012\/09\/IMG_6205-300x200.jpg\" alt=\"\" width=\"175\" height=\"116\" \/><img loading=\"lazy\" decoding=\"async\" class=\"wp-image-2179 alignright\" title=\"IMG_6099\" src=\"http:\/\/www.slim2009.cz\/wordpress\/wp-content\/uploads\/2012\/09\/IMG_6099-3.jpg\" alt=\"\" width=\"173\" height=\"115\" \/>Leto\u0161n\u00ed dovolen\u00e1 vy\u0161la. To nen\u00ed jen konstatov\u00e1n\u00ed ale i pravda. O proti t\u00fd lo\u0148sk\u00fd, kter\u00e1 skon\u010dila hned prvn\u00ed den. Viz. <a href=\"http:\/\/www.slim2009.cz\/?page_id=1336\" target=\"_blank\" rel=\"noopener\">IT Challenge 2011<\/a>. Zvolili jsme stejn\u00fd m\u00edsto ubytov\u00e1n\u00ed a zejm\u00e9na j\u00e1 odolal vol\u00e1n\u00ed IT, kter\u00fd se letos odehr\u00e1valo\u00a0v pivovaru Dale\u0161ice. D\u00edky\u00a0m\u00e9 siln\u00e9 v\u016fli, nem\u011bla rychl\u00e1 z\u00e1chranka co d\u011blat a my dorazili na m\u00edsto urlaubu v celku. Rozko\u0161n\u00e9 m\u00edsto v Mezilu\u017e\u00ed n\u00e1s p\u0159iv\u00edtalo umolousan\u00fdm po\u010das\u00edm a opu\u0161t\u011bn\u011b. P\u0159iv\u00edtal n\u00e1s\u00a0hl\u00eddac\u00ed pes, dva ko\u010di\u010d\u00e1ci a v klidu stoj\u00edc\u00ed\u00a0seka\u010dky na tr\u00e1vu zna\u010dky Shaun.\u00a0Seka\u010dky se nenechaly vyru\u0161ovat, co\u017e se nedalo \u0159\u00edct o zbytku osazenstva, kter\u00fd se krve\u017e\u00edzniv\u011b do\u017eadovalo drb\u00e1n\u00ed. Hl\u00edda\u010d n\u00e1m p\u0159i tom lehce o\u017eu\u017el\u00e1val ruce. Vysvobozen\u00ed p\u0159i\u0161lo s nalezen\u00edm mechanick\u00fdho zvonku na brance. Posledn\u00ed rukou jsme ho uvedly do chodu a vzburcovali majitele usedlosti. Ten vy\u0161el ven a roztomil\u00fdm Bud\u011bjck\u00fdm &#8222;hantecem&#8220; n\u00e1s uv\u00edtal a poslal do na\u0161eho aprt\u00e1mu s t\u00edm, \u017ee ubytov\u00e1n\u00ed\u00a0si \u0159e\u0161\u00ed cera. Tu jsme nevid\u011bli a\u017e do odjezdu, dokonce i zaplacen\u00ed ubytov\u00e1n\u00ed jsme\u00a0museli urgovat. Jak u\u017e bylo \u0159e\u010den\u00fd, po\u010das\u00ed se navzdory p\u0159edpov\u011bd\u00edm, chovalo trochu jinak. Zat\u00edm co TV hl\u00e1sila roztrh\u00e1n\u00ed obla\u010dnosti, tak nad n\u00e1mi bylo neust\u00e1le zata\u017eeno. Proto\u017ee nebylo jasn\u00fd jestli nebude pr\u0161et, vydali jsme se prvn\u00ed den pozn\u00e1vat okoln\u00ed pam\u00e1tky autem. Bu\u0161kuv hamr le\u017e\u00ed p\u00e1r kilometr\u016f od Trhov\u00fdch Svin a ukazuje po\u010d\u00e1tky mechanick\u00e9ho zpracov\u00e1n\u00ed ocel\u00ed. Sou\u010d\u00e1st\u00ed prohl\u00eddky je prom\u00edt\u00e1n\u00ed filmu o hamernictv\u00ed i prohl\u00eddka funk\u010dn\u00ed d\u00edlny. Prohl\u00eddka nen\u00ed nijak \u010dasov\u011b n\u00e1ro\u010dn\u00e1 a tak hrav\u011b st\u00edh\u00e1me p\u0159ejet do \u010cesk\u00fdho Krumlova. Zbytek dne tr\u00e1v\u00edme prohl\u00eddkou z\u00e1mku a <img loading=\"lazy\" decoding=\"async\" class=\"alignright wp-image-2182\" title=\"IMG_6314\" src=\"http:\/\/www.slim2009.cz\/wordpress\/wp-content\/uploads\/2012\/09\/IMG_6314-3.jpg\" alt=\"\" width=\"173\" height=\"115\" \/><img loading=\"lazy\" decoding=\"async\" class=\"wp-image-2181 alignright\" title=\"IMG_6254\" src=\"http:\/\/www.slim2009.cz\/wordpress\/wp-content\/uploads\/2012\/09\/IMG_6254-3.jpg\" alt=\"\" width=\"173\" height=\"115\" \/>m\u011bsta. Zd\u00e1 se \u017ee v\u0161echno bylo vybudovan\u00fd jen a jen pro turisty. Sez\u00f3na sice kon\u010d\u00ed, ale v k\u0159ivolak\u00fdch uli\u010dk\u00e1ch to vypad\u00e1, \u017ee se \u010c\u00edna pomalu st\u011bhuje. Dokonce jedna Wechselstube m\u00e1 kurz v rozsypan\u00fdm \u010daji. Co se d\u011bje v pln\u00fd sez\u00f3n\u011b ani nedomej\u0161l\u00edm. Krumlov nen\u00ed jenom z\u00e1mek, podz\u00e1m\u010d\u00ed a klikat\u00e1 \u00fapa. Ka\u017ed\u00fd fotografick\u00fd srdce zaples\u00e1 p\u0159i prohl\u00eddce Seidelova ateli\u00e9ru, kter\u00fd se dochoval s kompletn\u00edm vybaven\u00edm a je perfektn\u011b zrekonstruovanej. Po n\u00e1vratu na z\u00e1kladnu d\u00e1me ve\u010de\u0159i a relaxujeme. Apartm\u00e1n je vybavenej v\u0161\u00edm pot\u0159ebn\u00fdm, jako je kuchy\u0148, koupelna, lo\u017enice, j\u00eddeln\u00ed kout a ob\u00fdv\u00e1k s debiliz\u00e1torem (TV). Pokud by tohle n\u011bkomu nesta\u010dilo, m\u016f\u017ee sledovat z okna pasouc\u00ed se kr\u00e1vy, srnky, seka\u010dky Shaun, nebo si pustit WWW na sv\u00fdm p\u0159\u00edstroji. Pokud ov\u0161em nebude m\u00edt pech. Ze t\u0159\u00ed p\u0159\u00edstroj\u016f zobrazoval www pouze jeden. Ostatn\u00ed dva sice fungovaly, ale nesely. No a kdyby byla zima, sta\u010d\u00ed nasekat d\u0159\u00edv\u00ed a podp\u00e1lit v krbovk\u00e1ch. Tam je obraz i zvuk vcajku. Ale hybaj na kut\u011b, zejtra budou dal\u0161\u00ed z\u00e1\u017eitky.<img loading=\"lazy\" decoding=\"async\" class=\"wp-image-2183 alignright\" title=\"IMG_6347\" src=\"http:\/\/www.slim2009.cz\/wordpress\/wp-content\/uploads\/2012\/09\/IMG_6347-3.jpg\" alt=\"\" width=\"173\" height=\"115\" \/> Dal\u0161\u00ed den, je r\u00e1no zase takov\u00fd po\u0161mourn\u00fd ale i tak vyr\u00e1\u017e\u00edme tentokr\u00e1t na kolech, za pam\u00e1tkama. Na tvrzi \u017dumberk ct\u011bj tradice a maj v pond\u011bl\u00ed zav\u0159eno, t\u00edm p\u00e1dem se tady zastav\u00edme jindy. Pokra\u010dujeme d\u00e1l\u00a0na Trhov\u00fd Sviny k poutn\u00edmu kostelu Nejsv\u011bt\u011bj\u0161\u00ed Trojice. Ned\u0159\u00edv ale kufrujeme, d\u00edky\u00a0neschopnosti poslouchat vlastn\u00ed \u017eenu, \u017eenu sebe i ji opa\u010dn\u00fdm sm\u011brem asi dva kilometry. Nakonec ale p\u0159ij\u00ed\u017ed\u00edme k poutn\u00edmu m\u00edstu. Kostel byl postaven podle n\u00e1vrhu K. Diezenhofera a pat\u0159\u00ed ke skvost\u016fm baroka. Are\u00e1l je samoz\u0159ejm\u011b zam\u010denej a vid\u011bt m\u016f\u017eeme jen to co vykukuje nad ochrann\u00e9 zdi. Tak se alespo\u0148 osv\u011b\u017eujeme ve stud\u00e1nce u kapli\u010dky. \u00dadajn\u011b je ta voda z\u00e1zra\u010dn\u00e1, p\u00e1\u010d ani v zim\u011b nezamrz\u00e1. Kdyby mi ji n\u011bkdo nalil za krk, ur\u010dit\u011b ob\u017eivnu, jak je ledov\u00e1. D\u00e1l svi\u0161t\u00edme sm\u011brem<img loading=\"lazy\" decoding=\"async\" class=\"alignright wp-image-2185\" title=\"IMG_6658\" src=\"http:\/\/www.slim2009.cz\/wordpress\/wp-content\/uploads\/2012\/09\/IMG_6658-3.jpg\" alt=\"\" width=\"173\" height=\"115\" \/> ke Svin\u016fm. Zkou\u0161\u00edme jak chutnaj\u00ed jabka v \u00e1leji pod kostelem a hned je jasn\u00fd, pro\u010d je je\u0161t\u011b nikdo nesklidil. Jsou to zimn\u00ed odr\u016fdy.\u00a0Na ob\u011bd se stavujeme v Trhov\u00fdch Svinech a po n\u011bm jdeme je\u0161t\u011b okouknout ke\u0161ku schovanou v are\u00e1lu kostela Nanebevzet\u00ed Pany Marie z poloviny 13.stolet\u00ed. Hlavn\u00ed c\u00edl cyklov\u00fdletu ale m\u00e1me p\u0159ed sebou. Chyst\u00e1me se do ZOO Dvorce. Nen\u00ed to sice velk\u00e1 ZOO ale po l\u00e9tech zase cejt\u00edme tu opravdovou p\u0159\u00edrodu. Ve v\u0161ech p\u0159ed\u011blan\u00fdch ZOO je n\u00e1v\u0161t\u011bvn\u00edk odd\u011blenej od zv\u00ed\u0159at sklem a t\u00edm nem\u00e1 mo\u017enost nas\u00e1t tu atmosf\u00e9ru. Nap\u0159\u00edklad u Makak\u016f je atmosf\u00e9ra opravdu siln\u00e1. Zrovna tak u sudokopytn\u00edk\u016f. Prohl\u00eddka byla dlouh\u00e1 a pojal jsem obavu, abysme dojeli za sv\u011btla. Obava byla zbyte\u010dn\u00e1. Dokonce zbyl \u010das na hled\u00e1n\u00ed ke\u0161ky v Ole\u0161nici a focen\u00ed z\u00e1padu slunce nad \u017d\u00e1rsk\u00fdm rybn\u00edkem. T\u0159et\u00ed den d\u00e1v\u00e1me op\u011bt <img loading=\"lazy\" decoding=\"async\" class=\"wp-image-2186 alignright\" title=\"IMG_6711\" src=\"http:\/\/www.slim2009.cz\/wordpress\/wp-content\/uploads\/2012\/09\/IMG_6711-3.jpg\" alt=\"\" width=\"173\" height=\"115\" \/>kolov\u00fdlet a op\u011bt m\u00ed\u0159\u00edme na \u017dumberk. Na tvrzi je st\u00e1l\u00e1 expozice lidov\u00e9ho malovan\u00e9ho n\u00e1bytku ji\u017en\u00edch \u010dech a Rybn\u00edk\u00e1\u0159stv\u00ed. Prohl\u00eddkou tvrze a okol\u00ed tr\u00e1v\u00edme podstatnou \u010d\u00e1st dne. D\u00e1v\u00e1me si tady i ob\u011bd. Ren\u010da ochutn\u00e1v\u00e1 i m\u00edstn\u00ed \u017dumbersk\u00fd bor\u016fvkov\u00fd pivo. Okruh uzav\u00edr\u00e1me p\u0159es Rychnov u Nov\u00fdch Hrad\u016f, kde nakupujeme chleba, rohl\u00edky a drobnosti k debiliz\u00e1toru.\u00a0Jesli si n\u011bkdo mysl\u00ed, \u017ee se na dovolen\u00fd ned\u00e1 za\u017e\u00edt vzr\u016f\u0161o hnedle po r\u00e1nu a dovolen\u00e1 je\u00a0furt kl\u00eddek, kde pohoda st\u00edh\u00e1 odpo\u010dinek, pak by m\u011bl jet s n\u00e1mi. Nap\u0159\u00edklad hned prvn\u00ed cyklov\u00fdlet! Neujeli jsme ani 300metr\u016f a R \u0159\u00edk\u00e1: &#8220; Kde m\u00e1m m\u011b\u0159\u00e1\u010dek? &#8222;. A u\u017e se plaz\u00edme, centimetr po centimetru,\u00a0zp\u00e1tky k z\u00e1kladn\u011b. A kde le\u017eel!? Samoz\u0159ejm\u011b na cest\u011b, 20metr\u016f od budovy \ud83d\ude42 . Hlavn\u011b, \u017ee se nikomu nic nestalo. \u010ctvrtej den m\u00ed\u0159\u00edme na dal\u0161\u00ed perlu ji\u017en\u00edch \u010dech, z\u00e1mek<img loading=\"lazy\" decoding=\"async\" class=\"wp-image-2163 alignright\" title=\"IMG_6472\" src=\"http:\/\/www.slim2009.cz\/wordpress\/wp-content\/uploads\/2012\/09\/IMG_6472-3.jpg\" alt=\"\" width=\"173\" height=\"118\" \/> Hlubok\u00e1. A nebyli by sme to ani my, aby se n\u011bco nep\u0159ihodilo. Cesta na Hlubokou vede p\u0159es Bud\u011bjce a kdybych cht\u011bl parafr\u00e1zovat Cimrmany, \u0159ekl bych: &#8220; P\u0159es Bud\u011bjovice, by cht\u011bl jet ka\u017ed\u00fd. Co\u017e\u00e9? Tady je \u0161patn\u011b sly\u0161et! &#8220; P\u0159i p\u0159edstav\u011b, \u017ee pojedu kolem n\u00e1dra\u017e\u00ed v Bud\u011bjic\u00edch, jsem to vzal trochu vlevo na obchvat. V\u0161echno je v rychtyku i navigace vypadala, \u017ee to pochopila. Jenom\u017ee zhruba v polovin\u011b bud\u011bjovick\u00fdho m\u011bstsk\u00fdho okruhu, se ozvalo: &#8220; Po sto metrech odbo\u010dte v pravo!&#8220; J\u00e1 v\u016fl poslech a odbo\u010dil. Za dal\u0161\u00edch sto metr\u016f znova: &#8220; Odbo\u010dte v pravo!&#8220; A u\u017e jsme skoro mezi panel\u00e1kama. &#8222;Proje\u010fte kruhov\u00fdm objezdem a \u010dtvrt\u00fdm v\u00fdjezdem&#8230;.blabla.&#8220; V\u017edy\u0165 jedeme zp\u00e1tky?????!\u00a0\u00a0A taky j\u00f3. Po zhruba dvoukilometrov\u00fd zaj\u00ed\u017e\u010fce, n\u00e1s to nalodilo zp\u00e1tky na okruh a dovedlo \u0161\u0165astn\u011b do Hlubok\u00fd. Tady u\u017e prohl\u00eddka z\u00e1mku, parku, n\u011bco k\u00a0ob\u011bdu a v podve\u010der zp\u00e1tky. Bud\u011bjovice prosichr m\u00edj\u00edme \u00fapln\u011b. Cestou se zastavujeme u \u017di\u017eky. <img loading=\"lazy\" decoding=\"async\" class=\"wp-image-2187 alignright\" title=\"IMG_6732\" src=\"http:\/\/www.slim2009.cz\/wordpress\/wp-content\/uploads\/2012\/09\/IMG_6732-3.jpg\" alt=\"\" width=\"173\" height=\"115\" \/>A to v\u00edte, \u017ee \u017di\u017eka v\u016fbec nen\u00ed z Trocnova? Projeli jsem Trocnov celej a nakonec pomn\u00edk nalezly u Radostic. Po okouknut\u00ed pomn\u00edku jedeme bydlet. Ve\u010der si zat\u00e1p\u00edme v kamnech, proto\u017ee se citeln\u011b ochladilo. R\u00e1no je po\u0159\u00e1d p\u011bkn\u011b chladno a zase to vypad\u00e1 na d\u00e9\u0161\u0165. Jedeme teda do T\u0159ebon\u011b na rybu. T\u0159ebo\u0148 m\u00e1 p\u011bkn\u00fd n\u00e1m\u011bst\u00ed, kde se d\u00e1 vyj\u00edt na v\u011b\u017e a rozhl\u00eddnout se. Taky m\u00e1 z\u00e1mek s prohl\u00eddkovou trasou a parkem. To v\u0161echno jsme vid\u011bli. Kdy\u017e u\u017e jsme v t\u011bch ji\u017en\u00edch \u010dech\u00e1ch, mohli by sme si d\u00e1t rybu. Proch\u00e1z\u00edme jednu restauraci za druhou a nesta\u010d\u00edme se divit. Cena za deset deka za\u010d\u00edn\u00e1 na 150ti vo\u010d\u00edch! A\u0165 si to str\u010dej! To asi prod\u00e1vaj zlatou rybku?! Jdeme do buf\u00e1\u010de typu Kotva a d\u00e1v\u00e1me si j\u00eddlo za 75K. Po ob\u011bd\u011b raz\u00edme objet sv\u011bt. Teda rybn\u00edk Sv\u011bt. Hodinov\u00e1 plavba s v\u00fdkladem a mo\u017enost\u00ed \u0159\u00eddit n\u00e1mo\u0159n\u00ed kolos<img loading=\"lazy\" decoding=\"async\" class=\"wp-image-2188 alignright\" title=\"IMG_6801\" src=\"http:\/\/www.slim2009.cz\/wordpress\/wp-content\/uploads\/2012\/09\/IMG_6801-3.jpg\" alt=\"\" width=\"173\" height=\"115\" \/> byla p\u011bkn\u00e1, a\u017e na studenej luft.\u00a0Ve\u010der u krbovek op\u011bt neurazil. Posledn\u00ed vejlet, jsme jeli zase na kol\u00e1ch. Neprve do Dobr\u00fd Vody k barokn\u00edmu kostelu Panny Marie Ut\u011b\u0161itelky. Po lehk\u00e9m odpo\u010dinku a osv\u011b\u017een\u00ed z\u00e1zra\u010dnou vodou, jedeme k Pasek\u00e1m na kon\u00ed\u010dky. Je\u017ei\u0161, jak ti byli r\u00e1di, \u017ee je m\u016f\u017eeme popl\u00e1cat a krmit tr\u00e1vou \ud83d\ude42 . Po zakoupen\u00ed pohled\u016f v automatu se vyd\u00e1v\u00e1me k Nov\u00fdm Hrad\u016fm. N\u011bkolikr\u00e1t zastavujeme a rozhl\u00ed\u017e\u00edme se po krajin\u011b. P\u0159i jedn\u00fd zast\u00e1vce nach\u00e1z\u00edm na stromku vyset h\u016fl. Ejhle je pobita plechov\u00fdmi turistick\u00fdmi zn\u00e1mkami z Krkono\u0161. Asi ji tady zapom\u011bl Krakono\u0161, dky\u017e byl na dovolen\u00fd. Zav\u011b\u0161ujeme ji zp\u00e1tky a jedeme ob\u011bdovat do Hrad\u016f.\u00a0N\u00e1sleduje prohl\u00eddka hradu a odjezd do Ter\u010dina \u00fadol\u00ed k um\u011bl\u00fdmu vodop\u00e1du. Aby byla kocha\u010dka \u00fapln\u00e1 zastavujeme je\u0161t\u011b u tvrze Cukn\u0161tejn a pak u\u017e zp\u00e1tky na z\u00e1kladnu. T\u00edm jme ukon\u010dili dovolenou a n\u00e1sleduj\u00edc\u00ed den se zbalili, vnutili pen\u00edze za pobyt n\u011bkomu v bar\u00e1ku a odjeli dom\u016f.<\/p>\n<p>Fotky a videa, jsou <a href=\"http:\/\/www.slim2009.cz\/photo\/#\/shared_space\/folder\/333?_k=f2ggxy\" target=\"_blank\" rel=\"noopener\">tady.<\/a><\/p>\n<p>&nbsp;<\/p>\n","protected":false},"excerpt":{"rendered":"<p>Leto\u0161n\u00ed dovolen\u00e1 vy\u0161la. To nen\u00ed jen konstatov\u00e1n\u00ed ale i pravda. O proti t\u00fd lo\u0148sk\u00fd, kter\u00e1 skon\u010dila hned prvn\u00ed den. Viz. IT Challenge 2011. Zvolili jsme stejn\u00fd m\u00edsto ubytov\u00e1n\u00ed a zejm\u00e9na j\u00e1 odolal vol\u00e1n\u00ed IT, kter\u00fd se letos odehr\u00e1valo\u00a0v pivovaru Dale\u0161ice. &hellip; <a href=\"https:\/\/www.slim2009.cz\/wordpress\/bulvar\/fotogalerie-4-2\/\">Cel\u00fd p\u0159\u00edsp\u011bvek <span class=\"meta-nav\">&rarr;<\/span><\/a><\/p>\n","protected":false},"author":1,"featured_media":0,"parent":2168,"menu_order":0,"comment_status":"closed","ping_status":"closed","template":"","meta":{"footnotes":""},"class_list":["post-2159","page","type-page","status-publish","hentry"],"_links":{"self":[{"href":"https:\/\/www.slim2009.cz\/wordpress\/wp-json\/wp\/v2\/pages\/2159","targetHints":{"allow":["GET"]}}],"collection":[{"href":"https:\/\/www.slim2009.cz\/wordpress\/wp-json\/wp\/v2\/pages"}],"about":[{"href":"https:\/\/www.slim2009.cz\/wordpress\/wp-json\/wp\/v2\/types\/page"}],"author":[{"embeddable":true,"href":"https:\/\/www.slim2009.cz\/wordpress\/wp-json\/wp\/v2\/users\/1"}],"replies":[{"embeddable":true,"href":"https:\/\/www.slim2009.cz\/wordpress\/wp-json\/wp\/v2\/comments?post=2159"}],"version-history":[{"count":0,"href":"https:\/\/www.slim2009.cz\/wordpress\/wp-json\/wp\/v2\/pages\/2159\/revisions"}],"up":[{"embeddable":true,"href":"https:\/\/www.slim2009.cz\/wordpress\/wp-json\/wp\/v2\/pages\/2168"}],"wp:attachment":[{"href":"https:\/\/www.slim2009.cz\/wordpress\/wp-json\/wp\/v2\/media?parent=2159"}],"curies":[{"name":"wp","href":"https:\/\/api.w.org\/{rel}","templated":true}]}}