{"id":1672,"date":"2012-06-26T15:26:12","date_gmt":"2012-06-26T14:26:12","guid":{"rendered":"http:\/\/www.skip.cz\/milan\/?page_id=1672"},"modified":"2012-06-26T15:26:12","modified_gmt":"2012-06-26T14:26:12","slug":"zteceni-cerny-a-pizza","status":"publish","type":"page","link":"https:\/\/www.slim2009.cz\/wordpress\/vandry\/zteceni-cerny-a-pizza\/","title":{"rendered":"Zte\u010den\u00ed \u010cern\u00fd a Pizza"},"content":{"rendered":"<p><a href=\"http:\/\/www.slim2009.cz\/wordpress\/wp-content\/uploads\/2012\/06\/IMG_4999.jpg\" target=\"_blank\" rel=\"noopener\"><img loading=\"lazy\" decoding=\"async\" class=\"alignright wp-image-1687\" title=\"IMG_4999\" src=\"http:\/\/www.slim2009.cz\/wordpress\/wp-content\/uploads\/2012\/06\/IMG_4999.jpg\" alt=\"\" width=\"192\" height=\"128\" \/><\/a><a href=\"http:\/\/www.slim2009.cz\/wordpress\/wp-content\/uploads\/2012\/06\/IMG_4987.jpg\" target=\"_blank\" rel=\"noopener\"><img loading=\"lazy\" decoding=\"async\" class=\"alignleft wp-image-1685\" title=\"IMG_4987\" src=\"http:\/\/www.slim2009.cz\/wordpress\/wp-content\/uploads\/2012\/06\/IMG_4987.jpg\" alt=\"\" width=\"192\" height=\"128\" \/><\/a>V\u010dely daly co m\u011bly, tak nezbejv\u00e1 ne\u017e rekreace a nabr\u00e1n\u00ed sil do dal\u0161\u00edch \u017eihadel. Jednoho sobotn\u00edho r\u00e1na, hned jak se pes Bert vyspal do r\u016f\u017eova a p\u00e1n\u00ed\u010dek s pani\u010dkou nasn\u00eddali, za\u010daly p\u0159\u00edpravy na odjezd. Minulej tejden jsem nasadil na sv\u00fdho \u0161em\u00edka nov\u00fd du\u0161e Rubena, \u00a0pl\u00e1\u0161t\u011b Mi\u0161el\u00edn a provedl \u00fad\u017ebu i u druh\u00e9ho \u0161lapohybu. Dc\u00e9ra si\u00a0nechala ve\u010der p\u0159ed odjezdem p\u0159ehodit sjet\u00fd pneu za nov\u00fd s ter\u00e9n\u00edm dez\u00e9nem. A tak jme mohli vyrazit, \u00a0jsa dokonale p\u0159ipraveni. Z domova vyr\u00e1\u017e\u00edme t\u0159i a \u010dtvrtej do party je dcera, p\u0159espav\u0161\u00ed v B\u016f\u010dkach v pneuservisu Kuba alias Pa\u017eout. Vyr\u00e1\u017e\u00edme sm\u011br Jansk\u00e9 L\u00e1zn\u011b ale u\u017e po p\u011btistech metrech stoj\u00edme a nedost\u00e1v\u00e1 se mi n\u011bkter\u00fdch slov, zvl\u00e1\u0161t\u011b t\u011bch slu\u0161n\u00fdch. P\u0159edn\u00ed pneu\u0161ka je pr\u00e1zdn\u00e1. Co,co,co je to? V\u017edy\u0165 je to nov\u00fd! U\u017e i Mi\u0161el\u00edny jsou hned skrz? Rozeb\u00edr\u00e1m pneu a hled\u00e1m d\u00edru. Nikde nic, to snad n\u00e9?! Nafukuju du\u0161i a ejhle vzuch se dere z vnit\u0159n\u00ed strany????! U\u017e to vid\u00edm, mistr <a href=\"http:\/\/www.slim2009.cz\/wordpress\/wp-content\/uploads\/2012\/06\/IMG_5005.jpg\" target=\"_blank\" rel=\"noopener\"><img loading=\"lazy\" decoding=\"async\" class=\"alignleft wp-image-1689\" title=\"IMG_5005\" src=\"http:\/\/www.slim2009.cz\/wordpress\/wp-content\/uploads\/2012\/06\/IMG_5005.jpg\" alt=\"\" width=\"192\" height=\"128\" \/><\/a>RUBENA <a href=\"http:\/\/www.slim2009.cz\/wordpress\/wp-content\/uploads\/2012\/06\/IMG_5036.jpg\" target=\"_blank\" rel=\"noopener\"><img loading=\"lazy\" decoding=\"async\" class=\"alignright wp-image-1691\" title=\"IMG_5036\" src=\"http:\/\/www.slim2009.cz\/wordpress\/wp-content\/uploads\/2012\/06\/IMG_5036.jpg\" alt=\"\" width=\"192\" height=\"128\" \/><\/a>a.s. ud\u011blal zmetek z dobr\u00fd du\u0161e!? D\u0159\u00edv v\u00fdrobn\u00ed \u0161ar\u017ee zna\u010dil barvou ale n\u011bkej zlep\u0161ovatel nedoveda vymyslel \u0161ar\u017ee vypalovat do du\u0161e a t\u00edm ji zeslabit. P\u0159esn\u011b v m\u00edst\u011b \u010d\u00edsla 8 je d\u00edrka. Osmi\u010dka je tak hlubok\u00e1, \u017ee se nen\u00ed co divit. Zalepuju to rychloflekem, nafukuju co mi s\u00edly sta\u010dej a jedeme k pump\u011b ve Svobod\u011b pro vzduch zdarma. A u\u017e to svi\u0161ti u\u017e to jede. Proj\u00ed\u017ed\u00edme skrz Svobodu a po star\u00fd silnici polehounku stoup\u00e1me do Jansk\u00fdch L\u00e1zn\u00ed. P\u0159ij\u00ed\u017ed\u00edme na parkovi\u0161t\u011b u lanovky, najednou sssssssss. P\u0159edn\u00ed pneu\u0161ka je zase pr\u00e1zdn\u00e1. Ka\u0161lu na hled\u00e1n\u00ed odkud to fi\u010d\u00ed a vytahuju n\u00e1hradn\u00ed du\u0161i. \u0160up s n\u00ed na r\u00e1fek nasadit pl\u00e1\u0161\u0165 a nahustit pidipumpi\u010dkou. Po n\u011bkolika stla\u010den\u00edch je vzduch zase venku. N\u011bkde je chybka. Ejhle cyklo ventilek m\u00e1 prasklou gumi\u010dku. Na jeden den je t\u011bch prasklejch gumi\u010dek celkem dost. U\u017e u\u017e chci znova zalepit vyndanou du\u0161i s osmi\u010dkou ale z bra\u0161ny m\u00edsto flek\u016f vypad\u00e1v\u00e1 nov\u00fd nepou\u017eit\u00fd ventilek. Hur\u00e1 !\u00a0P\u016fj\u010denou pumpou nanafukujeme spole\u010dn\u011b pneu\u0161ku. Kone\u010dn\u011b se rozd\u011blujeme. J\u00e1 jedu na \u010cernou kolmo, zat\u00edm co holky a Bert se povezou lanovkou \u0161ikmo.\u00a0Vyr\u00e1\u017e\u00edm do vrchu k Hofmank\u00e1m. Copak to tady na t\u00fd silnici tvo\u0159ej? Jejda d\u011blaj novou cestu a z gruntu. Zat\u00edm co p\u0159edt\u00edm byla asfaltka rozfl\u00e1kan\u00e1, tak te\u010f je m\u00edsto n\u00ed tankodrom. Kousek pod Hofmankama je tankodrom oko\u0159en\u011bnej bah\u00fdnkem. No to teda tomu p\u00e1novi na tom\u00a0 favotitu nez\u00e1vid\u00edm, a\u017e bude muset to bah\u00fdnko projet. Z asfaltky vedouc\u00ed k <a href=\"http:\/\/www.slim2009.cz\/wordpress\/wp-content\/uploads\/2012\/06\/IMG_5054.jpg\" target=\"_blank\" rel=\"noopener\"><img loading=\"lazy\" decoding=\"async\" class=\"alignleft wp-image-1693\" title=\"IMG_5054\" src=\"http:\/\/www.slim2009.cz\/wordpress\/wp-content\/uploads\/2012\/06\/IMG_5054.jpg\" alt=\"\" width=\"192\" height=\"128\" \/><\/a>vrcholu, na kterou jsem mezit\u00edm najel, pozoruju jak se bo\u0159\u00ed, propad\u00e1 a seskakuje rovnou do t\u011bch sr&#8230;k. Nem\u00e1m \u010das sledovat jak to dopadne a m\u00ed\u0159\u00edm vzh\u016fru. Kupodivu to nen\u00ed takovej krp\u00e1l jak, jsem ho \u010dekal. Slu\u0161nou rychlost\u00ed 12km\/h, jedu k vrcholu. Ob\u010das kolem projedou kolob\u011b\u017eka\u0159i ale jinak je klid. Bu\u010f se kopec za\u010d\u00edn\u00e1 nakl\u00e1n\u011bt nebo mi ubejvaj s\u00edly, proto zastavuju u Zinneckerbaude. To nebyl \u0161\u0165astnej n\u00e1pad. Za boudama je druh\u00e1 vrace\u010dka a hned za n\u00ed nast\u00e1v\u00e1 peklo. Kopec se nakl\u00e1p\u00ed sm\u011brek k mojemu obli\u010deji. \u0160lapu jako o z\u00e1vod ale netr\u00e9novan\u00fd nohy to pod vlekem vzd\u00e1vaj. Tla\u010d\u00edm a\u00a0tla\u010d\u00edm, a\u017e asi 100metr\u016f za lanovku. Tady nased\u00e1m a nakonec se dost\u00e1v\u00e1m na vrchol, kde na m\u011b u\u017e p\u0159es hodinu \u010dekaj. Z nejvy\u0161\u0161\u00edho vrcholu trasy se po zbytek dne, budeme sn\u00e1\u0161et do \u00fadol\u00ed. Ke Kol\u00ednsk\u00fd boud\u011b doslova a odtud do Pece u\u017e pojedeme po asfaltce jako p\u00e1ni. Sice kolem boudy na Muld\u011b trochu hodn\u011b naklon\u011bn\u00fd, ale pohodln\u011b. V Peci u Pizzerie m\u00e1me prsty trochu v k\u0159e\u010di, av\u0161ak ne\u017e donesou vynikaj\u00edc\u00ed pici\u010dku, tak prst\u00edky povol\u00ed. Po naprosto devastuj\u00edc\u00edm pozdn\u00edm ob\u011bd\u011b, nakl\u00e1d\u00e1me utahan\u00fdho \u010dty\u0159no\u017ece do ko\u0161\u00edku, svoje t\u011bla naposled vy\u0161vih\u00e1v\u00e1me do sedel a hur\u00e1 d\u00f3lu dom\u016f. To se to svi\u0161t\u00ed kdy\u017e je to furt z kopce. Ne\u017e jsme se n\u00e1d\u00e1li asi tak za t\u0159i\u010dtvrt\u011b hodiny, jsme doma. N\u011bkte\u0159\u00ed okam\u017eit\u011b upadaj\u00ed do sp\u00e1nkov\u00e9 polohy (j\u00e1 a Bert). Zbytek v\u00fdpravy, Ren\u010da a Ver\u010da cosi \u0161ol\u00edchaj\u00ed v kuchyni, asi dorrr&#8230;.t&#8230;..\u00a0\u00a0 \u00a0Chrrrrrrrrrrr.<\/p>\n<p>Video\u00a0a fotky <a href=\"http:\/\/www.slim2009.cz\/photo\/#\/shared_space\/folder\/266?_k=aba8at\" target=\"_blank\" rel=\"noopener\">jsou\u00a0tady.<\/a><\/p>\n","protected":false},"excerpt":{"rendered":"<p>V\u010dely daly co m\u011bly, tak nezbejv\u00e1 ne\u017e rekreace a nabr\u00e1n\u00ed sil do dal\u0161\u00edch \u017eihadel. Jednoho sobotn\u00edho r\u00e1na, hned jak se pes Bert vyspal do r\u016f\u017eova a p\u00e1n\u00ed\u010dek s pani\u010dkou nasn\u00eddali, za\u010daly p\u0159\u00edpravy na odjezd. Minulej tejden jsem nasadil na sv\u00fdho &hellip; <a href=\"https:\/\/www.slim2009.cz\/wordpress\/vandry\/zteceni-cerny-a-pizza\/\">Cel\u00fd p\u0159\u00edsp\u011bvek <span class=\"meta-nav\">&rarr;<\/span><\/a><\/p>\n","protected":false},"author":1,"featured_media":0,"parent":715,"menu_order":10,"comment_status":"closed","ping_status":"closed","template":"","meta":{"footnotes":""},"class_list":["post-1672","page","type-page","status-publish","hentry"],"_links":{"self":[{"href":"https:\/\/www.slim2009.cz\/wordpress\/wp-json\/wp\/v2\/pages\/1672","targetHints":{"allow":["GET"]}}],"collection":[{"href":"https:\/\/www.slim2009.cz\/wordpress\/wp-json\/wp\/v2\/pages"}],"about":[{"href":"https:\/\/www.slim2009.cz\/wordpress\/wp-json\/wp\/v2\/types\/page"}],"author":[{"embeddable":true,"href":"https:\/\/www.slim2009.cz\/wordpress\/wp-json\/wp\/v2\/users\/1"}],"replies":[{"embeddable":true,"href":"https:\/\/www.slim2009.cz\/wordpress\/wp-json\/wp\/v2\/comments?post=1672"}],"version-history":[{"count":0,"href":"https:\/\/www.slim2009.cz\/wordpress\/wp-json\/wp\/v2\/pages\/1672\/revisions"}],"up":[{"embeddable":true,"href":"https:\/\/www.slim2009.cz\/wordpress\/wp-json\/wp\/v2\/pages\/715"}],"wp:attachment":[{"href":"https:\/\/www.slim2009.cz\/wordpress\/wp-json\/wp\/v2\/media?parent=1672"}],"curies":[{"name":"wp","href":"https:\/\/api.w.org\/{rel}","templated":true}]}}