{"id":1637,"date":"2012-06-26T09:59:29","date_gmt":"2012-06-26T08:59:29","guid":{"rendered":"http:\/\/www.skip.cz\/milan\/?page_id=1637"},"modified":"2012-06-26T09:59:29","modified_gmt":"2012-06-26T08:59:29","slug":"jak-jsme-brali-vcelam-med","status":"publish","type":"page","link":"https:\/\/www.slim2009.cz\/wordpress\/povidky-a-jine-blaboly\/jak-jsme-brali-vcelam-med\/","title":{"rendered":"Jak jsme brali v\u010del\u00e1m med"},"content":{"rendered":"<p><a href=\"http:\/\/www.slim2009.cz\/wordpress\/wp-content\/uploads\/2012\/06\/26_IMAG0169.jpg\" target=\"_blank\" rel=\"noopener\"><img loading=\"lazy\" decoding=\"async\" class=\"alignleft wp-image-1650\" title=\"26_IMAG0169\" src=\"http:\/\/www.slim2009.cz\/wordpress\/wp-content\/uploads\/2012\/06\/26_IMAG0169.jpg\" alt=\"\" width=\"138\" height=\"83\" \/><\/a><\/p>\n<p><a href=\"http:\/\/www.slim2009.cz\/wordpress\/wp-content\/uploads\/2012\/06\/28_IMAG0189.jpg\" target=\"_blank\" rel=\"noopener\"><img loading=\"lazy\" decoding=\"async\" class=\" wp-image-1654 alignright\" title=\"28_IMAG0189\" src=\"http:\/\/www.slim2009.cz\/wordpress\/wp-content\/uploads\/2012\/06\/28_IMAG0189.jpg\" alt=\"\" width=\"138\" height=\"83\" \/><\/a>Tak a je to tady. Rok se se\u0161el s rokem, v\u010dely dosp\u011bly do velk\u00fdho st\u00e1da a nemaje nic jin\u00fdho na pr\u00e1ci, donesly med. Tak jednoduch\u00fd to ale nen\u00ed. V p\u0159edchoz\u00edm pojedn\u00e1n\u00ed jste se do\u010detli o zrozen\u00ed v\u010dela\u0159e, jeho posl\u00e1n\u00ed a sn\u016f\u0161ce MEDu. Te\u010fka se dozv\u00edte, \u00a0jak to vypad\u00e1 kdy\u017e ho vyto\u010d\u00ed. Vra\u0165me se je\u0161t\u011b do minul\u00fdho roku. V\u010dely se do zimy pochlapily a zaplnily celkem t\u0159i n\u00e1stavky, postavily si bejv\u00e1k a vysosaly 20kg cukru. V t\u00fd dob\u011b bylo jasn\u00fd, \u017ee se na ja\u0159e budou st\u011bhovat. U\u010dednick\u00fd roky skon\u010dily, nezbejv\u00e1 ne\u017e se postavit na vlasn\u00ed v\u010dela\u0159sk\u00fd nohy a ruce. Ne\u017e se p\u0159est\u011bhujou \u00faly, je pot\u0159eba p\u0159ipravit stanovi\u0161t\u011b. Stanovi\u0161t\u011b to mus\u00ed bejt takov\u00fd, aby kolem furt n\u011bco kvetlo a bylo z \u010deho ten med uklohnit. Tak\u017ee se d\u00e1 celkem snadno vylou\u010dit parkovi\u0161t\u011b u\u00a0Kauflu a n\u00e1m\u011bst\u00ed v Trutnov\u011b. Dobr\u00e1 by byla louka se sadem\u00a0vedle a lesem\u00a0za humny.\u00a0A takov\u00fd stanovi\u0161t\u011b teda maj. Pravda nen\u00ed\u00a0zrovna moc na rovin\u011b, ani cesta sem nevede, zato\u00a0 je <a href=\"http:\/\/www.slim2009.cz\/wordpress\/wp-content\/uploads\/2012\/06\/2012-03-25-08.43.04.jpg\" target=\"_blank\" rel=\"noopener\"><img loading=\"lazy\" decoding=\"async\" class=\"alignleft wp-image-1656\" title=\"2012-03-25 08.43.04\" src=\"http:\/\/www.slim2009.cz\/wordpress\/wp-content\/uploads\/2012\/06\/2012-03-25-08.43.04.jpg\" alt=\"\" width=\"138\" height=\"104\" \/><\/a><a href=\"http:\/\/www.slim2009.cz\/wordpress\/wp-content\/uploads\/2012\/06\/2012-03-25-09.30.31.jpg\" target=\"_blank\" rel=\"noopener\"><img loading=\"lazy\" decoding=\"async\" class=\"alignright wp-image-1657\" title=\"2012-03-25 09.30.31\" src=\"http:\/\/www.slim2009.cz\/wordpress\/wp-content\/uploads\/2012\/06\/2012-03-25-09.30.31.jpg\" alt=\"\" width=\"138\" height=\"104\" \/><\/a>kolem v\u0161echno podle po\u017eadavk\u016f a nav\u00edc jsou kolem hl\u00eddac\u00ed kr\u00e1vy. Nejd\u0159\u00edv ze v\u0161eho bylo nutn\u00fd trochu srovnat tu naklon\u011bnou rovinu, pak vytahat do kopce n\u011bkolik betonov\u00fdch podkladk\u016f, p\u00e1r p\u0159itesan\u00fdch a nat\u0159en\u00fdch tr\u00e1mk\u016f. Tady to v\u0161echno\u00a0se\u0161roubovat a\u00a0pak teprve\u00a0vynosit \u00faly. Jednoho kr\u00e1sn\u00fdho b\u0159ezna ve\u010der, jsem zav\u0159el v\u010delky do \u00falu aby r\u00e1no nemohly ven, vyp\u016fj\u010dil st\u011bhovac\u00ed fuhrwerk a\u00a0po\u017e\u00e1dal\u00a0p\u0159\u00edtele v\u010dela\u0159e o u ruku.\u00a0Pokud to je\u0161t\u011b n\u011bkdo nev\u00ed, my v\u010dela\u0159i si \u0159\u00edk\u00e1me p\u0159\u00edteli,\u00a0 tak\u017ee\u00a0ZO \u010cSV nen\u00ed gay klub, ale Z\u00e1kladn\u00ed Organizace \u010cesk\u00e9ho Svazu V\u010dela\u0159\u016f.\u00a0R\u00e1no nakl\u00e1d\u00e1me \u00faly a odj\u00ed\u017ed\u00edme na nov\u00fd stanovi\u0161t\u011b. Vytahat \u00faly nahoru byla fu\u0161ka, odm\u011bnou ale budou\u00a0pln\u00fd sklenice medu.\u00a0Na to je je\u0161t\u011b dva m\u011bs\u00edce \u010das. Do t\u00fd doby se musej nau\u010dit chodit na skleni\u010dku. Do kv\u011btna se v\u010delky dostaly do pln\u00fd s\u00edly a nastala ta spr\u00e1vn\u00e1 doba na u\u010den\u00ed. Jednoho dne jsem jim p\u0159inesl sklenici a polo\u017eil ji na \u00fal. Okam\u017eit\u011b bylo vid\u011bt, \u017ee je ta v\u011bci\u010dka zaj\u00edm\u00e1, proto\u017ee ji obletovaly ze v\u0161ech stran. Nejsp\u00ed\u0161 pochopily vo co mi jako de a tak jsem je p\u0159estal vyru\u0161ovat a odejel na \u010dtrn\u00e1ct dn\u00ed pry\u010d. Jak\u00fd bylo moje p\u0159ekvapen\u00ed po n\u00e1vratu. Sklenice pr\u00e1zdn\u00e1, z\u00e1jem o ni \u017e\u00e1dnej. A pak mi to doklaplo, j\u00e1 zapom\u011bl na v\u00ed\u010dko! Holky jedny chytr\u00fd! Voni nejsou tak blb\u00fd jak se \u0159\u00edk\u00e1.\u00a0Do sklenice nic nenosily, proto\u017ee by se na med pr\u00e1\u0161ilo a tak ho nanosily <a href=\"http:\/\/www.slim2009.cz\/wordpress\/wp-content\/uploads\/2012\/06\/IMG_4968.jpg\" target=\"_blank\" rel=\"noopener\"><img loading=\"lazy\" decoding=\"async\" class=\"alignleft wp-image-1658\" title=\"IMG_4968\" src=\"http:\/\/www.slim2009.cz\/wordpress\/wp-content\/uploads\/2012\/06\/IMG_4968.jpg\" alt=\"\" width=\"138\" height=\"92\" \/><\/a><a href=\"http:\/\/www.slim2009.cz\/wordpress\/wp-content\/uploads\/2012\/06\/IMG_4975.jpg\" target=\"_blank\" rel=\"noopener\"><img loading=\"lazy\" decoding=\"async\" class=\"alignright wp-image-1660\" title=\"IMG_4975\" src=\"http:\/\/www.slim2009.cz\/wordpress\/wp-content\/uploads\/2012\/06\/IMG_4975.jpg\" alt=\"\" width=\"138\" height=\"92\" \/><\/a>postaru do \u00falu. No nic p\u0159\u00ed\u0161t\u011b budu chyt\u0159ej\u0161\u00ed a p\u0159id\u00e1m v\u00ed\u010dko. Pro leto\u0161ek to nech\u00e1m jak to je, ale hned p\u0159\u00ed\u0161t\u00ed rok za\u010dnu nanovo a spr\u00e1vn\u011b. Za\u010d\u00e1tkem \u010dervna se zd\u00e1l bejt medn\u00edk plnej, je\u0161t\u011b p\u00e1r slune\u010dn\u00fdch dn\u00ed a dojde na vyt\u00e1\u010den\u00ed. P\u0159i\u0161lo ale n\u011bkolik studenejch dn\u00ed, nezbylo ne\u017e je\u0161t\u011b po\u010dkat a\u017e bude teplo. Jednoho 16.6.2012 medobran\u00ed vypuklo. Vyzbrojen vyzbroj\u00ed a vystrojen v\u00fdstroj\u00ed, vrh\u00e1m se do v\u010del a beru jim co donesly. Nakl\u00e1d\u00e1m pl\u00e1sty na k\u00e1rku, svi\u0161t\u00edm z kopce kolem hl\u00eddac\u00edch krav k autu a odv\u00e1\u017e\u00edm si lup do tajn\u00fd laborato\u0159e ke zpracov\u00e1n\u00ed. Jednotliv\u00fd \u010d\u00e1sti dob\u00fdv\u00e1n\u00ed medu, \u00a0jsou zachycen\u00fd filmov\u011b i fotograficky. Pouze st\u011b\u017eejn\u00ed \u010d\u00e1st nen\u00ed zachycena v\u016fbec, p\u00e1\u010d se jedn\u00e1 o tak p\u0159\u00edsn\u011b utajovanou v\u00fdrobu metodu, \u017ee u n\u00ed kamery ba i fotoapar\u00e1ty selh\u00e1vaj\u00ed. Tahle metoda m\u016f\u017ee bejt odtajn\u011bn\u00e1 a\u017e v p\u0159\u00edpad\u011b, \u017ee se mi poda\u0159\u00ed nau\u010dit chodit v\u010dely na skleni\u010dku. Pak bude mo\u017en\u00fd nato\u010dit tyhle \u00fachvatn\u00fd z\u00e1b\u011bry. Do t\u00fd doby snad aby ste ani nespali. Jinak aby ste v\u011bd\u011bli: &#8222;Poda\u0159ilo se mi vy\u017ed\u00edmat ( a u\u017e jsem se prokec) 27kg medu, to je slovy t\u0159icet sklenic.&#8220;<br \/>\n<a href=\"http:\/\/www.slim2009.cz\/wordpress\/wp-content\/uploads\/2012\/06\/IMAG0247.jpg\" target=\"_blank\" rel=\"noopener\"><img loading=\"lazy\" decoding=\"async\" class=\"alignright wp-image-1664\" title=\"IMAG0247\" src=\"http:\/\/www.slim2009.cz\/wordpress\/wp-content\/uploads\/2012\/06\/IMAG0247.jpg\" alt=\"\" width=\"138\" height=\"83\" \/><\/a><a href=\"http:\/\/www.slim2009.cz\/wordpress\/wp-content\/uploads\/2012\/06\/IMG_4981.jpg\" target=\"_blank\" rel=\"noopener\"><img loading=\"lazy\" decoding=\"async\" class=\"alignleft wp-image-1662\" title=\"IMG_4981\" src=\"http:\/\/www.slim2009.cz\/wordpress\/wp-content\/uploads\/2012\/06\/IMG_4981.jpg\" alt=\"\" width=\"138\" height=\"92\" \/><\/a>Objedn\u00e1vky samoz\u0159ejm\u011b p\u0159ij\u00edm\u00e1m d\u00e1l a budou vy\u0159izov\u00e1ny tak jak p\u0159ich\u00e1zej\u00ed. To znamen\u00e1, \u017ee kdy\u017e si objen\u00e1te hned budete m\u00edt med hned p\u0159\u00ed\u0161t\u00ed rok. Kdo si objedn\u00e1 hned po n\u011bm, tak bude m\u00edt med hned rok po n\u011bm. A tak d\u00e1le a d\u00e1le a\u017e \u00fapln\u011b nejd\u00e1le. Dobrou zpr\u00e1vou pro konzumenty medu je, \u017ee\u00a0ke konci kv\u011btna se v\u010delnice rozrostla o dal\u0161\u00ed t\u0159i v\u010delstva a d\u00edky tomu se s nejv\u011bt\u0161\u00ed pravd\u011bpodobnost\u00ed zkr\u00e1t\u00ed \u010dekac\u00ed doba na med. Ale a\u017e od p\u0159\u00ed\u0161t\u00edho roku.<\/p>\n<p>Fotky:<a href=\"http:\/\/www.slim2009.cz\/photo\/#\/shared_space\/folder\/185?_k=aq0qm1\" target=\"_blank\" rel=\"noopener\"> zde.<\/a><\/p>\n","protected":false},"excerpt":{"rendered":"<p>Tak a je to tady. Rok se se\u0161el s rokem, v\u010dely dosp\u011bly do velk\u00fdho st\u00e1da a nemaje nic jin\u00fdho na pr\u00e1ci, donesly med. Tak jednoduch\u00fd to ale nen\u00ed. V p\u0159edchoz\u00edm pojedn\u00e1n\u00ed jste se do\u010detli o zrozen\u00ed v\u010dela\u0159e, jeho posl\u00e1n\u00ed a &hellip; <a href=\"https:\/\/www.slim2009.cz\/wordpress\/povidky-a-jine-blaboly\/jak-jsme-brali-vcelam-med\/\">Cel\u00fd p\u0159\u00edsp\u011bvek <span class=\"meta-nav\">&rarr;<\/span><\/a><\/p>\n","protected":false},"author":1,"featured_media":0,"parent":1033,"menu_order":4,"comment_status":"closed","ping_status":"closed","template":"","meta":{"footnotes":""},"class_list":["post-1637","page","type-page","status-publish","hentry"],"_links":{"self":[{"href":"https:\/\/www.slim2009.cz\/wordpress\/wp-json\/wp\/v2\/pages\/1637","targetHints":{"allow":["GET"]}}],"collection":[{"href":"https:\/\/www.slim2009.cz\/wordpress\/wp-json\/wp\/v2\/pages"}],"about":[{"href":"https:\/\/www.slim2009.cz\/wordpress\/wp-json\/wp\/v2\/types\/page"}],"author":[{"embeddable":true,"href":"https:\/\/www.slim2009.cz\/wordpress\/wp-json\/wp\/v2\/users\/1"}],"replies":[{"embeddable":true,"href":"https:\/\/www.slim2009.cz\/wordpress\/wp-json\/wp\/v2\/comments?post=1637"}],"version-history":[{"count":0,"href":"https:\/\/www.slim2009.cz\/wordpress\/wp-json\/wp\/v2\/pages\/1637\/revisions"}],"up":[{"embeddable":true,"href":"https:\/\/www.slim2009.cz\/wordpress\/wp-json\/wp\/v2\/pages\/1033"}],"wp:attachment":[{"href":"https:\/\/www.slim2009.cz\/wordpress\/wp-json\/wp\/v2\/media?parent=1637"}],"curies":[{"name":"wp","href":"https:\/\/api.w.org\/{rel}","templated":true}]}}