{"id":1336,"date":"2011-09-06T21:51:12","date_gmt":"2011-09-06T20:51:12","guid":{"rendered":"http:\/\/www.skip.cz\/milan\/?page_id=1336"},"modified":"2011-09-06T21:51:12","modified_gmt":"2011-09-06T20:51:12","slug":"it-challenge-2011","status":"publish","type":"page","link":"https:\/\/www.slim2009.cz\/wordpress\/vandry\/it-challenge-2011\/","title":{"rendered":"IT Challenge 2011"},"content":{"rendered":"<p>Jakej by to byl za\u010d\u00e1tek dovolen\u00fd, kdyby sme nevyhr\u00e1li v z\u00e1vod\u011b kol,\u00a0na t\u0159icet kilometr\u016f. Je to z\u00e1vod expert\u016f v\u00fdpo\u010detn\u00ed techniky a p\u0159\u00e1tel po\u010d\u00edta\u010d\u016f. IT Challenge 2011 se konal v Kamenici u Prahy, jako v\u010dlen\u011bn\u00fd z\u00e1vod\u00a0&#8222;Vangillern Cup 2011&#8220; a to v sobotu 3.9.2011.\u00a0 <a href=\"http:\/\/www.slim2009.cz\/wordpress\/wp-content\/uploads\/2011\/09\/aITChallenge.jpg\" target=\"_blank\" rel=\"noopener\"><img decoding=\"async\" class=\"alignleft wp-image-1346\" title=\"aITChallenge\" src=\"http:\/\/www.slim2009.cz\/wordpress\/wp-content\/uploads\/2011\/09\/aITChallenge.jpg\" alt=\"\" \/><\/a>To, \u017ee prvn\u00ed den dovolen\u00fd, bude z\u00e1rove\u0148 dnem posledn\u00edm, nemohl nikdo tu\u0161it a\u00a0stalo se to takhle. Honza p\u0159ihl\u00e1sil sebe a svou man\u017eelku Petru do z\u00e1vodu a tak jsem taky podlehl a p\u0159ihl\u00e1sil n\u00e1s s Ren\u010dou, netu\u0161\u00edc co se stane. A tak jsme jeli slavn\u011b reprezentovat. Abysme dorazili spole\u010dn\u011b do Kamenice, dali jsme si sraz na prvn\u00edm odpo\u010d\u00edvadle D11 v nechvaln\u011b zn\u00e1m\u00fd hranolk\u00e1rn\u011b a housk\u00e1rn\u011b McDonalds. Po kaf\u00ed\u010dk\u00e1ch a cig\u00e1rku ( pouze n\u011bkte\u0159\u00ed ), vyr\u00e1\u017e\u00edme spole\u010dn\u011b rychlotankodromem ku Praze a kouskem D1 do c\u00edle, respektive startu z\u00e1vodu v Kamenici. Proto\u017ee m\u00e1me n\u011bkolikahodinov\u00fd n\u00e1skok, tak m\u00e1me po registraci \u010das na sn\u00eddani a n\u011bkte\u0159\u00ed daj i dv\u011b ke\u0161ky. Jedna je za rybn\u00edkem a druh\u00e1 na kope\u010dku za lomem. Ob\u011b jsou Found IT.<br \/>\nJako ka\u017edej z\u00e1vod, tak i tenhle m\u011bl vlo\u017een\u00fd mini z\u00e1vody d\u011bt\u00ed na odstrkovadlech. Po nich startoval zcela bezv\u00fdznamnej z\u00e1vod na pades\u00e1t kilometr\u016f. Nechali jsme jim n\u00e1skok patn\u00e1ct minut a za sebe nechali nastoupit d\u011bcka na sedm kilometr\u016f. Ke startu p\u0159ipravit, poz\u00f3\u00f3\u00f3\u00f3\u00f3r, te\u010f! Svaly se napnuly k prasknut\u00ed ale nepraskly, jenom se daly do pohybu des\u00edtky kol a cyklist\u016f, jak se dneska \u0159\u00edk\u00e1 bajker\u016f. Pades\u00e1tk\u00e1\u0159\u016fm v tu chv\u00edli nastaly kru\u0161n\u00fd chv\u00edle. D\u00e1v\u00e1me do toho v\u0161echno ale to nesta\u010d\u00ed. V\u0161ecka d\u011bcka do toho dala v\u0161ecko a jedno po druh\u00fdm n\u00e1s p\u0159edj\u00ed\u017ed\u00ed. Nevad\u00ed, nevad\u00ed je\u0161t\u011b nen\u00ed v\u0161emu konec. Po sedmi kilometrech v\u0161ecka d\u011bcka jedou do sv\u00fdho c\u00edle a my se m\u016f\u017eeme soust\u0159edit na p\u0159edjet\u00ed pades\u00e1tk\u00e1\u0159\u016f. P\u0159ich\u00e1z\u00ed des\u00e1tej kilometr a tu, kde se vzaly, tu se vzaly, bajke\u0159i. Frnk, frnk a jsou v &#8230; . Tak to je asi nedojedem. Tou dobou u\u017e byl Honza s Petrou n\u011bkde vep\u0159edu. A zase frnk, frnk,frnk. Bl\u00e1zni asi se cht\u011bj zab\u00edt. Voni asi neznaj Pierra Coubertina. To chce hezky pomalu a fortel. Pozd\u011b. Najednou b\u00e1c, nebo fl\u00e1k a bylo to. Ren\u010da le\u017e\u00ed, kolo taky a je po z\u00e1vod\u011b. Hodn\u00ed lid\u00e9 ji odhazuj\u00ed z cesty do pangejtu, aby nep\u0159ek\u00e1\u017eela\u00a0bajker\u016fm a volaj\u00ed pom\u00f3\u00f3\u00f3\u00f3\u00f3c. Sanitka prij\u00ed\u017ed\u00ed v cuku letu a za nima hasi\u010di. Prov\u00e1d\u011bj\u00ed \u017eivot zachra\u0148uj\u00edc\u00ed \u00fakony, pak nakl\u00e1daj\u00ed Ren\u010du na nanos\u00edtka do sanitky, m\u011b s kolama do hasi\u010dsk\u00fdho auta a odv\u00e1\u017eej\u00ed n\u00e1s do prostoru startu v Kamenici. Tam p\u0159ekl\u00e1d\u00e1me Ren\u010du do Ford\u00edku, kola na st\u0159echu.\u00a0\u00a0Podle rady zdravotn\u00ed sestry, jedeme na \u0161it\u00ed do Fakultn\u00ed Thomayerovy Nemocnice v Praze. Hodinu po n\u00e1s p\u0159iv\u00e1\u017e\u00ed z Kamenick\u00e9ho z\u00e1vodu doml\u00e1cen\u00fdho bajkera. Je na kapa\u010dk\u00e1ch ale jev\u00ed zn\u00e1mky \u017eivota, co\u017e je dob\u0159e, nebo\u0165 \u010dekac\u00ed doba na p\u0159ijet\u00ed je tak dlouh\u00e1, \u017ee v\u011bt\u0161ina z \u010dekaj\u00edc\u00edch se z\u00e1zra\u010dn\u011b uzdrav\u00ed do n\u011bkolika hodin. Bajker vstal z vozejku po dvou hodin\u00e1ch. Ren\u010da po t\u0159ech a nebyl to z\u00e1zrak. Sjela dozor, sprdla vrchn\u00ed a\u017e se v n\u00ed n\u011bco hnulo. Pak se otev\u0159ely dve\u0159e vy\u0161et\u0159ovny, od kud se ozvalo Valentov\u00e1\u00e1\u00e1\u00e1. Pak u\u017e byl sly\u0161et jenom zvuk \u0161ic\u00edho stroje. No a je to. Nasednout do auta, zaplatit poplatky doktor\u016fm a parkovn\u00fd, pak se vymotat z Prahy a hur\u00e1 dom\u016f. A co K\u00e1brtovi, jak dojeli? Jo, tak ti dojeli. A t\u00edm skon\u010dila dovolen\u00e1.<\/p>\n<p><a href=\"http:\/\/www.slim2009.cz\/photo\/#\/shared_space\/folder\/28?_k=kfizuv\" target=\"_blank\" rel=\"noopener\">Fotky a videa jsou zde.<\/a><\/p>\n","protected":false},"excerpt":{"rendered":"<p>Jakej by to byl za\u010d\u00e1tek dovolen\u00fd, kdyby sme nevyhr\u00e1li v z\u00e1vod\u011b kol,\u00a0na t\u0159icet kilometr\u016f. Je to z\u00e1vod expert\u016f v\u00fdpo\u010detn\u00ed techniky a p\u0159\u00e1tel po\u010d\u00edta\u010d\u016f. IT Challenge 2011 se konal v Kamenici u Prahy, jako v\u010dlen\u011bn\u00fd z\u00e1vod\u00a0&#8222;Vangillern Cup 2011&#8220; a to v &hellip; <a href=\"https:\/\/www.slim2009.cz\/wordpress\/vandry\/it-challenge-2011\/\">Cel\u00fd p\u0159\u00edsp\u011bvek <span class=\"meta-nav\">&rarr;<\/span><\/a><\/p>\n","protected":false},"author":1,"featured_media":0,"parent":715,"menu_order":9,"comment_status":"closed","ping_status":"closed","template":"","meta":{"footnotes":""},"class_list":["post-1336","page","type-page","status-publish","hentry"],"_links":{"self":[{"href":"https:\/\/www.slim2009.cz\/wordpress\/wp-json\/wp\/v2\/pages\/1336","targetHints":{"allow":["GET"]}}],"collection":[{"href":"https:\/\/www.slim2009.cz\/wordpress\/wp-json\/wp\/v2\/pages"}],"about":[{"href":"https:\/\/www.slim2009.cz\/wordpress\/wp-json\/wp\/v2\/types\/page"}],"author":[{"embeddable":true,"href":"https:\/\/www.slim2009.cz\/wordpress\/wp-json\/wp\/v2\/users\/1"}],"replies":[{"embeddable":true,"href":"https:\/\/www.slim2009.cz\/wordpress\/wp-json\/wp\/v2\/comments?post=1336"}],"version-history":[{"count":0,"href":"https:\/\/www.slim2009.cz\/wordpress\/wp-json\/wp\/v2\/pages\/1336\/revisions"}],"up":[{"embeddable":true,"href":"https:\/\/www.slim2009.cz\/wordpress\/wp-json\/wp\/v2\/pages\/715"}],"wp:attachment":[{"href":"https:\/\/www.slim2009.cz\/wordpress\/wp-json\/wp\/v2\/media?parent=1336"}],"curies":[{"name":"wp","href":"https:\/\/api.w.org\/{rel}","templated":true}]}}