{"id":1160,"date":"2011-04-22T21:57:23","date_gmt":"2011-04-22T20:57:23","guid":{"rendered":"http:\/\/www.skip.cz\/milan\/?page_id=1160"},"modified":"2011-04-22T21:57:23","modified_gmt":"2011-04-22T20:57:23","slug":"vystup-na-bor-2011","status":"publish","type":"page","link":"https:\/\/www.slim2009.cz\/wordpress\/archivalie\/archiv-vandry\/vystup-na-bor-2011\/","title":{"rendered":"V\u00fdstup na Bor 2011"},"content":{"rendered":"<p>V\u00fdstup na Bor je ka\u017edoro\u010dn\u00ed z\u00e1le\u017eitost party Josefovsk\u00fdch tramp\u016f n\u011bkdy od roku 1968-70. O tom kolik\u00e1tej je to ro\u010dn\u00edk se<a href=\"http:\/\/www.slim2009.cz\/wordpress\/wp-content\/uploads\/2011\/04\/IMG_0406.jpg\" target=\"_blank\" rel=\"noopener\"><img loading=\"lazy\" decoding=\"async\" class=\"alignright wp-image-1174\" title=\"IMG_0406\" src=\"http:\/\/www.slim2009.cz\/wordpress\/wp-content\/uploads\/2011\/04\/IMG_0406.jpg\" alt=\"\" width=\"230\" height=\"154\" \/><\/a> vedou\u00a0ka\u017edoro\u010dn\u00ed debaty, ale na\u0161t\u011bst\u00ed m\u011b, se to net\u00fdk\u00e1. Poprv\u00e9 jsem v\u00fdstup u\u010dinil n\u011bkdy mezi l\u00e9ty 1992-94 a pak se sem tam objev\u00edm, tak jako letos. Mus\u00edm \u0159\u00edct, \u017ee jin\u00fd roky byla i siln\u011bj\u0161\u00ed \u00fa\u010dast a jsou roky, kdy jedou dv\u011b party, ka\u017ed\u00e1 jinej term\u00edn. Z\u00e1le\u017eitost je to stejn\u00e1, jako kdy\u017e se B\u00e9m chyst\u00e1 na Everest. Nejd\u0159\u00edve kdosi ur\u010d\u00ed term\u00edn, pak se sjedeme do Police nad Metuj\u00ed, repektive na Mejto u Hronova a a\u017e je n\u00e1s dost a m\u00e1me dost, jdeme p\u0159espat do z\u00e1kladn\u00edho t\u00e1bora. Druhej den pak za\u010dne samotnej v\u00fdstup. Cesta k vrcholu na vyhl\u00eddkovou plo\u0161inu, je mo\u017en\u00e1 z n\u011bkolika sm\u011br\u016f. Nej\u010dast\u011bjc pou\u017e\u00edvan\u00e1, je severn\u00ed z Machova kolem stud\u00e1nky. Druh\u00e1 vede z Machovsk\u00fd Lhoty od Lindman\u016f, p\u0159es Vladivostok\u00a0a je teda severov\u00fdchodn\u00ed. \u00a0Byly i doby, kdy se chod\u00edvalo v p\u00e1tek ve\u010der do Bezd\u011bkovsk\u00fd hospody a sp\u00e1t do sen\u00edku na p\u016fl cesty do N\u00edzk\u00fd Srbsk\u00fd, kde r\u00e1no byl otev\u0159enej kr\u00e1mek a v n\u011bm ochotn\u00e1 pan\u00ed majitelov\u00e1 uva\u0159ila kafe a kde jsme si koupili rohl\u00edky a v\u016fbec <a href=\"http:\/\/www.slim2009.cz\/wordpress\/wp-content\/uploads\/2011\/04\/IMG_0446.jpg\" target=\"_blank\" rel=\"noopener\"><img loading=\"lazy\" decoding=\"async\" class=\"alignleft wp-image-1176\" title=\"IMG_0446\" src=\"http:\/\/www.slim2009.cz\/wordpress\/wp-content\/uploads\/2011\/04\/IMG_0446.jpg\" alt=\"\" width=\"230\" height=\"154\" \/><\/a>n\u011bco pro p\u0159e\u017eit\u00ed. To ale bejvalo, proto\u017ee kr\u00e1mek u\u017e nefunguje.\u00a0\u00a0M\u00e1lo pou\u017e\u00edvan\u00e1 z\u00e1padn\u00ed cesta byla vybran\u00e1 pro leto\u0161ek a rozhodnut\u00ed padlo r\u00e1no po sn\u00eddani. Cesta za\u010d\u00edn\u00e1 u b\u00fdval\u00fdho skautsk\u00fdho t\u00e1bora, dneska rekrea\u010dn\u00edho st\u0159ediska Vysok\u00e1 Srbsk\u00e1. Zvl\u00e1\u0161tnost\u00ed tohohle v\u00fdstupu je, \u017ee za\u010d\u00edn\u00e1 jeden kil\u00e1k t\u00e1hl\u00fdm stoup\u00e1kem, asi tak 45stup\u0148\u016f. Je to silnice pr\u00e1v\u011b do Vysok\u00fd Srbsk\u00fd (V zim\u011b to mus\u00ed bejt celkem pr\u010da jet po t\u00fdhle silnici). Na vrcholku je ru\u010dn\u00ed hasi\u010dsk\u00e1 st\u0159\u00edka\u010dka, hospoda otev\u00edraj\u00edc\u00ed na dvan\u00e1ctou\u00a0a n\u00e1ves. Na dvan\u00e1ctou to bylo daleko, zak\u017ee pokra\u010dujem d\u00e1l.\u00a0Pak u\u017e je cesta celkem snadn\u00e1 a\u017e na Kon\u010diny, kde se mus\u00ed zase do kopce pod Bludn\u00fd sk\u00e1ly. Z\u00e1padn\u00ed travez dovede v\u0161echny a\u017e pod Bor, kde za\u010dne po\u0159\u00e1dn\u00fd stoup\u00e1k a\u017e k vyhl\u00eddkov\u00fd plo\u0161in\u011b s \u00fa\u017easn\u00fdm rozhledem na Krkono\u0161e, Osta\u0161 a Broumovsk\u00fd st\u011bny. Kdy\u017e se dost pokoch\u00e1me a chytneme druhej a\u017e t\u0159et\u00ed dech, p\u00e1\u010d je tady \u0159\u00eddko, vrac\u00edme se dol\u016f na rozcest\u00ed, bereme b\u00e1gly z \u00fakryt\u016f a m\u00ed\u0159\u00edme ke stud\u00e1nce. U stud\u00e1nky je ohni\u0161t\u011b na kter\u00fdm si ka\u017edej ud\u011bl\u00e1 n\u011bco k j\u00eddlu a pak hur\u00e1 ke &#8222;Kleopat\u0159e&#8220; nebo-li ke &#8222;Dvoum kom\u00edn\u016fm&#8220;.<a href=\"http:\/\/www.slim2009.cz\/wordpress\/wp-content\/uploads\/2011\/04\/IMG_0493.jpg\" target=\"_blank\" rel=\"noopener\"><img loading=\"lazy\" decoding=\"async\" class=\"alignright wp-image-1177\" title=\"IMG_0493\" src=\"http:\/\/www.slim2009.cz\/wordpress\/wp-content\/uploads\/2011\/04\/IMG_0493.jpg\" alt=\"\" width=\"230\" height=\"154\" \/><\/a> Kleopatra je v\u00fd\u010depn\u00ed v N\u00edzk\u00fd Srbsk\u00fd a jej\u00ed &#8222;ochota&#8220; nezn\u00e1 mez\u00ed. M\u00e1 tak votr\u00e1venej ksicht, \u017ee je s podivem, jak dlouho u\u017e tady \u010depuje. Kdysi tady bejvala s mutr a \u0159\u00edkali jsme jim &#8222;Mlad\u00e1 a star\u00e1 patra&#8220;. Ob\u011b bejvaly zmalovan\u00fd a\u017e vo\u010di p\u0159ech\u00e1zely, no zrovna jako Liz v t\u00fd slavn\u00fd filmov\u00fd roli. Dneska ji zbyl jen ten votr\u00e1venej ksicht. No a pak u\u017e jen zaplatit a do hajan v z\u00e1kladn\u00edm t\u00e1bo\u0159e. R\u00e1no doj\u00edt na vlak\u00e1\u010d v Polici a dom\u016f. Tak tohle se ud\u00e1lo toho 15t\u00fdho a\u017e 17t\u00fdho dubna 2011.<\/p>\n<p>Fotky ke sta\u017een\u00ed <a href=\"http:\/\/www.slim2009.cz\/Prilohy\/SvatojanskeProudy2011\/Bor2011_fotky.zip\" target=\"_blank\" rel=\"noopener\">tady<\/a>.\u00a0\u00a0\u00a0\u00a0\u00a0\u00a0\u00a0\u00a0\u00a0\u00a0\u00a0\u00a0\u00a0\u00a0\u00a0\u00a0\u00a0\u00a0\u00a0\u00a0\u00a0\u00a0\u00a0\u00a0\u00a0\u00a0\u00a0\u00a0\u00a0\u00a0\u00a0\u00a0\u00a0\u00a0\u00a0\u00a0\u00a0\u00a0\u00a0 Fotky k prohl\u00eddnut\u00ed <a href=\"http:\/\/www.slim2009.cz\/photo\/#\/shared_space\/folder\/410?_k=b4z1ly\" target=\"_blank\" rel=\"noopener\">zde<\/a>.<\/p>\n","protected":false},"excerpt":{"rendered":"<p>V\u00fdstup na Bor je ka\u017edoro\u010dn\u00ed z\u00e1le\u017eitost party Josefovsk\u00fdch tramp\u016f n\u011bkdy od roku 1968-70. O tom kolik\u00e1tej je to ro\u010dn\u00edk se vedou\u00a0ka\u017edoro\u010dn\u00ed debaty, ale na\u0161t\u011bst\u00ed m\u011b, se to net\u00fdk\u00e1. Poprv\u00e9 jsem v\u00fdstup u\u010dinil n\u011bkdy mezi l\u00e9ty 1992-94 a pak se sem &hellip; <a href=\"https:\/\/www.slim2009.cz\/wordpress\/archivalie\/archiv-vandry\/vystup-na-bor-2011\/\">Cel\u00fd p\u0159\u00edsp\u011bvek <span class=\"meta-nav\">&rarr;<\/span><\/a><\/p>\n","protected":false},"author":1,"featured_media":0,"parent":5048,"menu_order":7,"comment_status":"closed","ping_status":"closed","template":"","meta":{"footnotes":""},"class_list":["post-1160","page","type-page","status-publish","hentry"],"_links":{"self":[{"href":"https:\/\/www.slim2009.cz\/wordpress\/wp-json\/wp\/v2\/pages\/1160","targetHints":{"allow":["GET"]}}],"collection":[{"href":"https:\/\/www.slim2009.cz\/wordpress\/wp-json\/wp\/v2\/pages"}],"about":[{"href":"https:\/\/www.slim2009.cz\/wordpress\/wp-json\/wp\/v2\/types\/page"}],"author":[{"embeddable":true,"href":"https:\/\/www.slim2009.cz\/wordpress\/wp-json\/wp\/v2\/users\/1"}],"replies":[{"embeddable":true,"href":"https:\/\/www.slim2009.cz\/wordpress\/wp-json\/wp\/v2\/comments?post=1160"}],"version-history":[{"count":0,"href":"https:\/\/www.slim2009.cz\/wordpress\/wp-json\/wp\/v2\/pages\/1160\/revisions"}],"up":[{"embeddable":true,"href":"https:\/\/www.slim2009.cz\/wordpress\/wp-json\/wp\/v2\/pages\/5048"}],"wp:attachment":[{"href":"https:\/\/www.slim2009.cz\/wordpress\/wp-json\/wp\/v2\/media?parent=1160"}],"curies":[{"name":"wp","href":"https:\/\/api.w.org\/{rel}","templated":true}]}}