{"id":1058,"date":"2010-11-07T20:18:41","date_gmt":"2010-11-07T19:18:41","guid":{"rendered":"http:\/\/www.skip.cz\/milan\/?page_id=1058"},"modified":"2010-11-07T20:18:41","modified_gmt":"2010-11-07T19:18:41","slug":"v-patek-do-utery","status":"publish","type":"page","link":"https:\/\/www.slim2009.cz\/wordpress\/archivalie\/archiv-vandry\/v-patek-do-utery\/","title":{"rendered":"V P\u00e1tek za \u00dater\u00fdm"},"content":{"rendered":"<p><a href=\"http:\/\/www.slim2009.cz\/wordpress\/wp-content\/uploads\/2010\/11\/IMG_9357.jpg\" target=\"_blank\" rel=\"noopener\"><img loading=\"lazy\" decoding=\"async\" class=\"alignleft wp-image-1083\" title=\"IMG_9357\" src=\"http:\/\/www.slim2009.cz\/wordpress\/wp-content\/uploads\/2010\/11\/IMG_9357.jpg\" alt=\"\" width=\"221\" height=\"147\" \/><\/a>P\u016fvodn\u011b to m\u011blo b\u00fdt ve st\u0159edu do \u00dater\u00fd, av\u0161ak datum a den bylo nutn\u00e9 n\u011bkolikr\u00e1t zm\u011bnit, tak se stalo, \u017ee nikoliv ve st\u0159edu ale v p\u00e1tek\u00a0jsme vid\u011bli\u00a0\u00dater\u00fd. \u00dater\u00fd bylo tedy v\u00fdchoz\u00edm bodem p\u00e1te\u010dn\u00edho za\u010d\u00e1tku vandru, jen\u017e trval do pond\u011bl\u00ed. Ve skute\u010dnosti se tedy vandr do \u00dater\u00fd, konal od p\u00e1tku do pond\u011bl\u00ed. P\u0159esn\u011bji od 15.10. do 18.10.2010<br \/>\nAle hezky popo\u0159\u00e1dku. Kdy\u017e se tedy sladil datum a \u010das setk\u00e1n\u00ed, byla d\u00e1na d\u016fv\u011bra proslul\u00e9 \u010cD, aby m\u011b p\u0159enesla v \u00fatrob\u00e1ch \u017eelezn\u00e9ho o\u0159e do Berouna. \u00a0A tady\u00a0\u010dekali ostatn\u00ed s plechov\u00fdm mil\u00e1\u010dkem od &#8222;t\u0159\u00ed sester&#8220;, kter\u00fd n\u00e1s p\u0159epravil do St\u0159\u00edbra, tam jsme se usadili do autobusu a ten n\u00e1s vyplivl t\u00e9ho\u017e dne v\u00a0\u00dater\u00fd. Malebn\u00e9 m\u011bste\u010dko n\u00e1s p\u0159iv\u00edtalo pr\u00e1zdn\u00fdm a zamra\u010den\u00fdm n\u00e1m\u011bst\u00edm. Proto\u017ee bylo po t\u0159in\u00e1ct\u00e9 hodin\u011b a v m\u00edst\u011b nebylo po otev\u0159en\u00e9 putyce ni stopy, dali jsme si n\u011bco z vlastn\u00edch z\u00e1sob, okoukli n\u00e1m\u011bst\u00ed a pak se vydali \u00fadol\u00edm \u00datersk\u00e9ho potoka. Netrvalo dlouho a po p\u00e1r kilometrech za\u010dalo lejt jako z konve. De\u0161tn\u00edk auf a\u00a0schovat se pod hust\u00fd okraj lesa. Hned jak d\u00e9\u0161\u0165\u00a0p\u0159estal, tak jsme\u00a0pokra\u010dovali d\u00e1l\u00a0\u00fadol\u00edm,<a href=\"http:\/\/www.slim2009.cz\/wordpress\/wp-content\/uploads\/2010\/11\/IMG_9411.jpg\" target=\"_blank\" rel=\"noopener\"><img loading=\"lazy\" decoding=\"async\" class=\" wp-image-1087 alignright\" title=\"IMG_9411\" src=\"http:\/\/www.slim2009.cz\/wordpress\/wp-content\/uploads\/2010\/11\/IMG_9411.jpg\" alt=\"\" width=\"221\" height=\"147\" \/><\/a> kde\u00a0li\u0161ky d\u00e1vaj dobr\u00e9 odpoledne. Jedna z nich se v d\u00e1lce objevila, ale jen n\u00e1s uvid\u011bla, tak vzala do zaje\u010d\u00edch. V \u00fadol\u00ed se kdysi nach\u00e1zelo n\u011bkolik ml\u00fdn\u016f, ze kter\u00fdch dnes zbyly jen ruiny a n\u011bkdy ani to ne. Jedn\u00edm z takov\u00fdch ml\u00fdn\u016f byl ml\u00fdn &#8222;Barv\u00edrna&#8220;. Ten nap\u0159\u00edklad nen\u00ed v\u016fbec zachycen\u00fd na fotk\u00e1ch, proto\u017ee jsem se v\u011bnoval v\u00fdpo\u010dtu sou\u0159adnic pro nalezen\u00ed ke\u0161ky. Tak dlouho jsem po\u010d\u00edtal, a\u017e mi vy\u0161la \u00fapln\u00e1 hovadina. Je\u0161t\u011b \u0161t\u011bst\u00ed, \u017ee aspo\u0148 navigace m\u011bla rozum a ty blbosti nedovolila zadat. Ale i\u00a0kdy\u017e mi to ostatn\u00ed vypo\u010detli, stejn\u011b jsem tu ke\u0161ku neobjevil. No a tak tedy d\u00e1l, vst\u0159\u00edct hradu Falken\u0161tejn. To byl pro prvn\u00ed den c\u00edl. A taky tam byla ke\u0161ka, narozd\u00edl od toho hradu, kter\u00fd je u\u017e p\u00e1r let pry\u010d. Proto\u017ee se za\u010dalo smr\u00e1kat, rozhodli jsme se\u00a0 j\u00edt do Nov\u00e9 Vsi na j\u00eddlo a pivko. Se sp\u00e1nkem m\u00e1me jasno, p\u016fjdeme zp\u00e1tky na hrad. J\u00eddlo, piv\u00ednko, piv\u00ednko, pokec, piv\u00ednko\u00a0a pohoda. Jen co si n\u011bkte\u0159\u00ed bucli u stolu, mohli jsme j\u00edt sp\u00e1t. Cestou zp\u00e1tky na hrad houstla pomalinku mlha. V noci se mlha za\u010dala spou\u0161t\u011bt k zemi a tak r\u00e1no bylo uplakan\u00fd. Po probuzen\u00ed zap\u00e1lit oh\u00fdnek, sn\u00eddan\u011b, <a href=\"http:\/\/www.slim2009.cz\/wordpress\/wp-content\/uploads\/2010\/11\/IMG_9460.jpg\" target=\"_blank\" rel=\"noopener\"><img loading=\"lazy\" decoding=\"async\" class=\"alignleft wp-image-1089\" title=\"IMG_9460\" src=\"http:\/\/www.slim2009.cz\/wordpress\/wp-content\/uploads\/2010\/11\/IMG_9460.jpg\" alt=\"\" width=\"221\" height=\"147\" \/><\/a>usu\u0161it mokr\u00fd v\u011bci a pak na \u0161treku. Pokud jsem to je\u0161t\u011b ne\u0159ekl, tenhle vandr nebyl moc o kopc\u00edch, ale d\u00e1 se \u0159\u00edct, \u017ee zcela naopak. V\u011bt\u0161ina vodn\u00edch ml\u00fdn\u016f je kupodivu u vody a to i t\u011bch zlikvidovan\u00fdch. Na\u0161e cesta vedla \u00fadol\u00edm pod\u00e9l potok\u016f a ob\u010das na hrad nebo vyhl\u00eddku nad n\u00edm. Celou sobotu bylo bu\u010f zata\u017eeno, nebo mrholilo. Na\u0161t\u011bst\u00ed hrad\u016fm i opevn\u011bn\u00ed je to jedno a nikam se kv\u016fli mrholen\u00ed neschov\u00e1vaj. Jo a do hospody taky nepr\u0161\u00ed, tak\u017ee po p\u0159ekro\u010den\u00ed n\u011bkolika kluzk\u00fdch kl\u00e1dov\u00fdch mostk\u016f, prohl\u00eddce objektu Lehk\u00e9ho Opevn\u011bn\u00ed D1, D2, Hradu Gut\u0161tejna, speci\u00e1ln\u00edho nap\u00e1je\u010de parn\u00edch lokomotiv zvan\u00e9ho injektor a napit\u00ed se ze stud\u00e1nky l\u00e1sky,\u00a0se n\u00e1m poda\u0159ilo dorazit do obce Koka\u0161ice. Tady se v m\u00edstn\u00ed hosp\u016fdce pr\u00e1v\u011b konala Helloweensk\u00e1 pobava s hudbou, maskami a hlavn\u011b bohatou tombolou. V tombole jsme dobr\u00fd. V pit\u00ed piva taky. Jo v\u0161ude kolem se \u010depuje Chodovar a je to sakra dobr\u00fd p\u00edvo. J\u00edt sp\u00e1t se n\u00e1m poda\u0159ilo a\u017e po druh\u00fd hodin\u011b a zast\u0159e\u0161en\u00e9 kabiny se \u0161ikly. Chodovar je sakra dobr\u00fd pit\u00ed a bez n\u00e1sledk\u016f. U\u017e po des\u00e1t\u00fd hodin\u011b r\u00e1no\u00a0vyr\u00e1\u017e\u00edme na hrad Kras\u00edkov, kde<a href=\"http:\/\/www.slim2009.cz\/wordpress\/wp-content\/uploads\/2010\/11\/IMG_9528.jpg\" target=\"_blank\" rel=\"noopener\"><img loading=\"lazy\" decoding=\"async\" class=\"alignright wp-image-1090\" title=\"IMG_9528\" src=\"http:\/\/www.slim2009.cz\/wordpress\/wp-content\/uploads\/2010\/11\/IMG_9528.jpg\" alt=\"\" width=\"221\" height=\"147\" \/><\/a> lehce ob\u011bdv\u00e1me. Po prohl\u00eddce\u00a0a ob\u011bd\u011b jdeme nejkrat\u0161\u00ed cestou byval\u00fdm sadem do obce Domaslav. Odtud jdeme po modr\u00fd zna\u010dce do Doln\u00ed V\u00edsky, bohu\u017eel zna\u010dka se ztratila kamsi a tak jsme byli\u00a0ztraceni. Ani v map\u011b, ani v GPS nen\u00ed zna\u010dka zakreslen\u00e1. M\u00edstn\u00ed lidi o modr\u00fd zna\u010dce nic nev\u011bd\u00ed a tak se do V\u00edsky dost\u00e1v\u00e1me jen podle mapy a GPS. Pak se poda\u0159ilo stejn\u00fdm zp\u016fsobem doj\u00edt do obce Ko\u0159en. Tady jsem hledal ke\u0161ku tak d\u016fsledn\u011b, a\u017e mi kluci ode\u0161li. Oni hledali h\u0159bitov, j\u00e1 ke\u0161ku. Oni\u00a0h\u0159bitov na\u0161li, j\u00e1 ke\u0161ku ne. To nejhez\u010d\u00ed z cel\u00e9ho dne n\u00e1s ale \u010dekalo. Byla to b\u00fdval\u00e1 pap\u00edrna, pozd\u011bji pila, dnes pomalu rozpadaj\u00edc\u00ed se chalupa, kde se povaluj\u00ed artefakty po\u010d\u00ednaj\u00edc katrem a kon\u010de n\u00e1kla\u010f\u00e1kem Praga RN v polorozpadl\u00e9 stodole. Kudy se tam ty v\u011bci dostaly je n\u00e1m z\u00e1hadou. Na dal\u0161\u00ed \u00favahy nebyl \u010das, proto\u017ee co nevid\u011bt by se\u00a0mohlo vyplnit, to nevid\u011bt. Slunce u\u017e nem\u00e1 ty s\u00edly, jako v l\u00e9t\u011b,\u00a0aby se udr\u017eelo na obloze do dvaadvaceti hodin a zalejz\u00e1 za obzor u\u017e kolem \u0161est\u00fd ve\u010der. Je\u0161t\u011b mus\u00edme stihnout vyj\u00edt na T\u0159ebel. Tady byl kdysi hrad, p\u0159ed 50lety pivovar ale te\u010f tu nen\u00ed lautr nic, ne\u017e p\u00e1r <a href=\"http:\/\/www.slim2009.cz\/wordpress\/wp-content\/uploads\/2010\/11\/IMG_9779.jpg\" target=\"_blank\" rel=\"noopener\"><img loading=\"lazy\" decoding=\"async\" class=\"alignleft wp-image-1092\" title=\"IMG_9779\" src=\"http:\/\/www.slim2009.cz\/wordpress\/wp-content\/uploads\/2010\/11\/IMG_9779.jpg\" alt=\"\" width=\"221\" height=\"147\" \/><\/a>bar\u00e1k\u016f a rozpadaj\u00edci se pivovar. Smr\u00e1kat se za\u010dalo pr\u00e1v\u011b tady a kde nen\u00ed hospody, tam nejsme ani my. Pokra\u010dovali jsme po silnici do \u010cerno\u0161\u00edna. Z d\u00e1lky to vypadalo bled\u011b ale \u010d\u00edm jsme byli bl\u00ed\u017e, t\u00edm bylo jasn\u011bj\u0161\u00ed, \u017ee tady n\u011bco bude. A bylo. M\u00e1lem zav\u0159en\u00e1 hospoda. Hospodskej u\u017e m\u011bl m\u00edt zav\u0159eno ale jak n\u00e1s spat\u0159il, nechal v\u0161eho a to\u010dil p\u00edvo, kr\u00e1jel tla\u010denku s cibulej, sma\u017eil klob\u00e1sky a zase nosil p\u00edvo. Nakonec m\u00edsto v devaten\u00e1ct, zav\u0159el ve dvaadvacet hodin. N\u00e1m nezbylo, ne\u017e se vydat p\u0159espat na hrad Volf\u0161tejn. To nebylo daleko jen n\u011bj\u00e1k\u00fdch patn\u00e1ctset metr\u016f. Ulehli jsme na hlavn\u00edm n\u00e1dvo\u0159\u00ed ale span\u00ed to bylo podivn\u00fd. Na tom hr\u00e1du stra\u0161\u00e1, nebo co. Ducha nikdo z n\u00e1s nevid\u011bl, jenom sly\u0161el a taky\u00a0jeho chr\u00e1p\u00e1n\u00ed, ale\u00a0r\u00e1no nebyl nikdo uhranutej, ani jinak po\u0161kozenej, taka\u017ee nezbylo, ne\u017e naposledy zabalit, uva\u0159it si sn\u00eddani, taky pohledat posledn\u00ed vandrovou ke\u0161ku, prohl\u00eddnout hrad v jeho\u017e v\u011b\u017ei se us\u00eddlil roj v\u010del a pak hybaj na autobus. V jedn\u00fd p\u00edsni\u010dce od Wabiho se zp\u00edv\u00e1: &#8220; A v\u0161echno, jako v obr\u00e1cen\u00fdm filmu.&#8220; M\u00e1lem to bylo jako v p\u00edsni\u010dce ale dr\u00e1hy op\u011bt bodovali. Zpo\u017ed\u011bn\u00ed 11minut znamenalo, \u017ee v Praze hlavn\u00edm ne\u010dekal p\u0159\u00edpoj slovy jednu minutu a t\u00edm se stalo, \u017ee bylo nutn\u00fd \u010dum\u00e1kovat po hale dv\u011b hodiny na dal\u0161\u00ed vlak. A to je konec.<\/p>\n<p>Fotky jsou <a href=\"http:\/\/www.slim2009.cz\/photo\/#\/shared_space\/folder\/412?_k=u45xuc\" target=\"_blank\" rel=\"noopener\">tady<\/a>.\u00a0\u00a0\u00a0\u00a0\u00a0\u00a0\u00a0\u00a0\u00a0\u00a0\u00a0\u00a0\u00a0\u00a0\u00a0\u00a0\u00a0\u00a0\u00a0\u00a0\u00a0\u00a0\u00a0\u00a0\u00a0\u00a0\u00a0\u00a0\u00a0\u00a0\u00a0 Informace o trase <a href=\"http:\/\/www.slim2009.cz\/Prilohy\/VpatekUtery.pdf\" target=\"_blank\" rel=\"noopener\">zde<\/a>.<\/p>\n","protected":false},"excerpt":{"rendered":"<p>P\u016fvodn\u011b to m\u011blo b\u00fdt ve st\u0159edu do \u00dater\u00fd, av\u0161ak datum a den bylo nutn\u00e9 n\u011bkolikr\u00e1t zm\u011bnit, tak se stalo, \u017ee nikoliv ve st\u0159edu ale v p\u00e1tek\u00a0jsme vid\u011bli\u00a0\u00dater\u00fd. \u00dater\u00fd bylo tedy v\u00fdchoz\u00edm bodem p\u00e1te\u010dn\u00edho za\u010d\u00e1tku vandru, jen\u017e trval do pond\u011bl\u00ed. Ve &hellip; <a href=\"https:\/\/www.slim2009.cz\/wordpress\/archivalie\/archiv-vandry\/v-patek-do-utery\/\">Cel\u00fd p\u0159\u00edsp\u011bvek <span class=\"meta-nav\">&rarr;<\/span><\/a><\/p>\n","protected":false},"author":1,"featured_media":0,"parent":5048,"menu_order":5,"comment_status":"closed","ping_status":"closed","template":"","meta":{"footnotes":""},"class_list":["post-1058","page","type-page","status-publish","hentry"],"_links":{"self":[{"href":"https:\/\/www.slim2009.cz\/wordpress\/wp-json\/wp\/v2\/pages\/1058","targetHints":{"allow":["GET"]}}],"collection":[{"href":"https:\/\/www.slim2009.cz\/wordpress\/wp-json\/wp\/v2\/pages"}],"about":[{"href":"https:\/\/www.slim2009.cz\/wordpress\/wp-json\/wp\/v2\/types\/page"}],"author":[{"embeddable":true,"href":"https:\/\/www.slim2009.cz\/wordpress\/wp-json\/wp\/v2\/users\/1"}],"replies":[{"embeddable":true,"href":"https:\/\/www.slim2009.cz\/wordpress\/wp-json\/wp\/v2\/comments?post=1058"}],"version-history":[{"count":0,"href":"https:\/\/www.slim2009.cz\/wordpress\/wp-json\/wp\/v2\/pages\/1058\/revisions"}],"up":[{"embeddable":true,"href":"https:\/\/www.slim2009.cz\/wordpress\/wp-json\/wp\/v2\/pages\/5048"}],"wp:attachment":[{"href":"https:\/\/www.slim2009.cz\/wordpress\/wp-json\/wp\/v2\/media?parent=1058"}],"curies":[{"name":"wp","href":"https:\/\/api.w.org\/{rel}","templated":true}]}}